{"id":117544,"date":"2020-10-20T10:35:31","date_gmt":"2020-10-20T10:35:31","guid":{"rendered":"https:\/\/www.erresse-shop.it\/shop\/sin%20categor\u00eda\/zwilling-enfinigy-balanza\/"},"modified":"2021-12-22T15:53:36","modified_gmt":"2021-12-22T15:53:36","slug":"zwilling-enfinigy-balanza","status":"publish","type":"product","link":"https:\/\/www.erresse-shop.it\/es\/shop\/pequenos-electrodomesticos\/escalas\/zwilling-enfinigy-balanza\/","title":{"rendered":"ZWILLING Enfinigy Balanza"},"content":{"rendered":"<p>El dise\u00f1o es purista: la bater\u00eda recargable integrada. La nueva balanza ZWILLING impresiona por su superficie de cristal de alta calidad. Es incre\u00edblemente f\u00e1cil de limpiar y la gran superficie de pesaje garantiza que la pantalla LCD integrada permanezca siempre visible. Descubra la nueva b\u00e1scula digital ZWILLING ENFINIGY.<\/p>\n<p><span style=\"text-decoration: underline;\"><strong>No se vende fuera de Europa<\/strong><\/span><\/p>\n","protected":false},"excerpt":{"rendered":"<p>El dise\u00f1o es purista: la bater\u00eda recargable integrada. La nueva balanza ZWILLING impresiona por su superficie de cristal de alta<\/p>\n","protected":false},"featured_media":117545,"template":"","meta":{"_acf_changed":false,"inline_featured_image":false},"product_cat":[25979,16073],"product_tag":[25039,16259,16178,16553,21823,25023,17812],"acf":[],"yoast_head":"<!-- This site is optimized with the Yoast SEO Premium plugin v18.6 (Yoast SEO v19.13) - https:\/\/yoast.com\/wordpress\/plugins\/seo\/ -->\n<title>ZWILLING Enfinigy Balanza - Erresse Shop<\/title>\n<meta name=\"description\" content=\"El dise\u00f1o es purista: la bater\u00eda recargable integrada. La nueva balanza ZWILLING impresiona por su superficie de cristal de alta calidad. Es\" \/>\n<meta name=\"robots\" content=\"index, follow, max-snippet:-1, max-image-preview:large, max-video-preview:-1\" \/>\n<link rel=\"canonical\" href=\"https:\/\/www.erresse-shop.it\/es\/shop\/pequenos-electrodomesticos\/escalas\/zwilling-enfinigy-balanza\/\" \/>\n<meta property=\"og:locale\" content=\"es_ES\" \/>\n<meta property=\"og:type\" content=\"article\" \/>\n<meta property=\"og:title\" content=\"ZWILLING Enfinigy Balanza\" \/>\n<meta property=\"og:description\" content=\"El dise\u00f1o es purista: la bater\u00eda recargable integrada. La nueva balanza ZWILLING impresiona por su superficie de cristal de alta calidad. Es\" \/>\n<meta property=\"og:url\" content=\"https:\/\/www.erresse-shop.it\/es\/shop\/pequenos-electrodomesticos\/escalas\/zwilling-enfinigy-balanza\/\" \/>\n<meta property=\"og:site_name\" content=\"Erresse Shop\" \/>\n<meta property=\"article:modified_time\" content=\"2021-12-22T15:53:36+00:00\" \/>\n<meta property=\"og:image\" content=\"https:\/\/www.erresse-shop.it\/wp-content\/uploads\/2020\/10\/53011-050.jpg\" \/>\n\t<meta property=\"og:image:width\" content=\"1350\" \/>\n\t<meta property=\"og:image:height\" content=\"1350\" \/>\n\t<meta property=\"og:image:type\" content=\"image\/jpeg\" \/>\n<meta name=\"twitter:card\" content=\"summary_large_image\" \/>\n<script type=\"application\/ld+json\" class=\"yoast-schema-graph\">{\"@context\":\"https:\/\/schema.org\",\"@graph\":[{\"@type\":\"WebPage\",\"@id\":\"https:\/\/www.erresse-shop.it\/es\/shop\/pequenos-electrodomesticos\/escalas\/zwilling-enfinigy-balanza\/\",\"url\":\"https:\/\/www.erresse-shop.it\/es\/shop\/pequenos-electrodomesticos\/escalas\/zwilling-enfinigy-balanza\/\",\"name\":\"ZWILLING Enfinigy Balanza - Erresse Shop\",\"isPartOf\":{\"@id\":\"https:\/\/www.erresse-shop.it\/es\/#website\"},\"datePublished\":\"2020-10-20T10:35:31+00:00\",\"dateModified\":\"2021-12-22T15:53:36+00:00\",\"description\":\"El dise\u00f1o es purista: la bater\u00eda recargable integrada. La nueva balanza ZWILLING impresiona por su superficie de cristal de alta calidad. Es\",\"breadcrumb\":{\"@id\":\"https:\/\/www.erresse-shop.it\/es\/shop\/pequenos-electrodomesticos\/escalas\/zwilling-enfinigy-balanza\/#breadcrumb\"},\"inLanguage\":\"es\",\"potentialAction\":[{\"@type\":\"ReadAction\",\"target\":[\"https:\/\/www.erresse-shop.it\/es\/shop\/pequenos-electrodomesticos\/escalas\/zwilling-enfinigy-balanza\/\"]}]},{\"@type\":\"BreadcrumbList\",\"@id\":\"https:\/\/www.erresse-shop.it\/es\/shop\/pequenos-electrodomesticos\/escalas\/zwilling-enfinigy-balanza\/#breadcrumb\",\"itemListElement\":[{\"@type\":\"ListItem\",\"position\":1,\"name\":\"Home\",\"item\":\"https:\/\/www.erresse-shop.it\/es\/\"},{\"@type\":\"ListItem\",\"position\":2,\"name\":\"Shop\",\"item\":\"https:\/\/www.erresse-shop.it\/es\/shop\/\"},{\"@type\":\"ListItem\",\"position\":3,\"name\":\"ZWILLING Enfinigy Balanza\"}]},{\"@type\":\"WebSite\",\"@id\":\"https:\/\/www.erresse-shop.it\/es\/#website\",\"url\":\"https:\/\/www.erresse-shop.it\/es\/\",\"name\":\"Erresse Shop\",\"description\":\"Articoli di qualit\u00e0 per la casa\",\"potentialAction\":[{\"@type\":\"SearchAction\",\"target\":{\"@type\":\"EntryPoint\",\"urlTemplate\":\"https:\/\/www.erresse-shop.it\/es\/?s={search_term_string}\"},\"query-input\":\"required name=search_term_string\"}],\"inLanguage\":\"es\"}]}<\/script>\n<!-- \/ Yoast SEO Premium plugin. -->","yoast_head_json":{"title":"ZWILLING Enfinigy Balanza - Erresse Shop","description":"El dise\u00f1o es purista: la bater\u00eda recargable integrada. La nueva balanza ZWILLING impresiona por su superficie de cristal de alta calidad. Es","robots":{"index":"index","follow":"follow","max-snippet":"max-snippet:-1","max-image-preview":"max-image-preview:large","max-video-preview":"max-video-preview:-1"},"canonical":"https:\/\/www.erresse-shop.it\/es\/shop\/pequenos-electrodomesticos\/escalas\/zwilling-enfinigy-balanza\/","og_locale":"es_ES","og_type":"article","og_title":"ZWILLING Enfinigy Balanza","og_description":"El dise\u00f1o es purista: la bater\u00eda recargable integrada. La nueva balanza ZWILLING impresiona por su superficie de cristal de alta calidad. Es","og_url":"https:\/\/www.erresse-shop.it\/es\/shop\/pequenos-electrodomesticos\/escalas\/zwilling-enfinigy-balanza\/","og_site_name":"Erresse Shop","article_modified_time":"2021-12-22T15:53:36+00:00","og_image":[{"width":1350,"height":1350,"url":"https:\/\/www.erresse-shop.it\/wp-content\/uploads\/2020\/10\/53011-050.jpg","type":"image\/jpeg"}],"twitter_card":"summary_large_image","schema":{"@context":"https:\/\/schema.org","@graph":[{"@type":"WebPage","@id":"https:\/\/www.erresse-shop.it\/es\/shop\/pequenos-electrodomesticos\/escalas\/zwilling-enfinigy-balanza\/","url":"https:\/\/www.erresse-shop.it\/es\/shop\/pequenos-electrodomesticos\/escalas\/zwilling-enfinigy-balanza\/","name":"ZWILLING Enfinigy Balanza - Erresse Shop","isPartOf":{"@id":"https:\/\/www.erresse-shop.it\/es\/#website"},"datePublished":"2020-10-20T10:35:31+00:00","dateModified":"2021-12-22T15:53:36+00:00","description":"El dise\u00f1o es purista: la bater\u00eda recargable integrada. La nueva balanza ZWILLING impresiona por su superficie de cristal de alta calidad. Es","breadcrumb":{"@id":"https:\/\/www.erresse-shop.it\/es\/shop\/pequenos-electrodomesticos\/escalas\/zwilling-enfinigy-balanza\/#breadcrumb"},"inLanguage":"es","potentialAction":[{"@type":"ReadAction","target":["https:\/\/www.erresse-shop.it\/es\/shop\/pequenos-electrodomesticos\/escalas\/zwilling-enfinigy-balanza\/"]}]},{"@type":"BreadcrumbList","@id":"https:\/\/www.erresse-shop.it\/es\/shop\/pequenos-electrodomesticos\/escalas\/zwilling-enfinigy-balanza\/#breadcrumb","itemListElement":[{"@type":"ListItem","position":1,"name":"Home","item":"https:\/\/www.erresse-shop.it\/es\/"},{"@type":"ListItem","position":2,"name":"Shop","item":"https:\/\/www.erresse-shop.it\/es\/shop\/"},{"@type":"ListItem","position":3,"name":"ZWILLING Enfinigy Balanza"}]},{"@type":"WebSite","@id":"https:\/\/www.erresse-shop.it\/es\/#website","url":"https:\/\/www.erresse-shop.it\/es\/","name":"Erresse Shop","description":"Articoli di qualit\u00e0 per la casa","potentialAction":[{"@type":"SearchAction","target":{"@type":"EntryPoint","urlTemplate":"https:\/\/www.erresse-shop.it\/es\/?s={search_term_string}"},"query-input":"required name=search_term_string"}],"inLanguage":"es"}]}},"df_price":19.975,"df_sale_price":19.975,"df_regular_price":39.95,"df_image_link":"https:\/\/www.erresse-shop.it\/wp-content\/uploads\/2020\/10\/53011-050-300x300.jpg","_links":{"self":[{"href":"https:\/\/www.erresse-shop.it\/es\/wp-json\/wp\/v2\/product\/117544"}],"collection":[{"href":"https:\/\/www.erresse-shop.it\/es\/wp-json\/wp\/v2\/product"}],"about":[{"href":"https:\/\/www.erresse-shop.it\/es\/wp-json\/wp\/v2\/types\/product"}],"wp:featuredmedia":[{"embeddable":true,"href":"https:\/\/www.erresse-shop.it\/es\/wp-json\/wp\/v2\/media\/117545"}],"wp:attachment":[{"href":"https:\/\/www.erresse-shop.it\/es\/wp-json\/wp\/v2\/media?parent=117544"}],"wp:term":[{"taxonomy":"product_cat","embeddable":true,"href":"https:\/\/www.erresse-shop.it\/es\/wp-json\/wp\/v2\/product_cat?post=117544"},{"taxonomy":"product_tag","embeddable":true,"href":"https:\/\/www.erresse-shop.it\/es\/wp-json\/wp\/v2\/product_tag?post=117544"}],"curies":[{"name":"wp","href":"https:\/\/api.w.org\/{rel}","templated":true}]}}