{"id":117527,"date":"2020-10-21T12:36:06","date_gmt":"2020-10-21T12:36:06","guid":{"rendered":"https:\/\/www.erresse-shop.it\/shop\/sin%20categor\u00eda\/zwilling-enfinigy-batidora-personal\/"},"modified":"2021-12-22T15:53:34","modified_gmt":"2021-12-22T15:53:34","slug":"zwilling-enfinigy-batidora-personal","status":"publish","type":"product","link":"https:\/\/www.erresse-shop.it\/es\/shop\/pequenos-electrodomesticos\/licuadoras\/zwilling-enfinigy-batidora-personal\/","title":{"rendered":"ZWILLING Enfinigy Batidora Personal"},"content":{"rendered":"<p>Los componentes m\u00e1s importantes de una batidora son la cuchilla y el motor. Por eso, todas las batidoras ZWILLING est\u00e1n equipadas con cuchillas originales de acero inoxidable ZWILLING. El motor, la jarra de la batidora y la cuchilla est\u00e1n perfectamente calibrados entre s\u00ed. \u00bfEl efecto? Un resultado de mezcla que hace honor a la marca ZWILLING.<\/p>\n<p>LOS DETALLES MARCAN LA DIFERENCIA<br \/>\nHoja ZWILLING con dentado especial Pira\u00f1a<br \/>\nCuchilla ZWILLING con \u00f3ptima resistencia y afilado<br \/>\nCuchilla ZWILLING &#8211; desarrollada en Solingen, Alemania<\/p>\n<p>REDUCIR CUALQUIER TAMA\u00d1O.<br \/>\nIntuitivo, como un cuchillo. Con hasta siete programas autom\u00e1ticos y 12 ajustes de velocidad, podr\u00e1 encontrar sin esfuerzo el ajuste adecuado para cada ocasi\u00f3n, con s\u00f3lo girar un bot\u00f3n.<\/p>\n<p>ELECTRODOM\u00c9STICOS PREMIUM PARA COCINAS MODERNAS: FUNCIONES<br \/>\n&#8211; Pulso: La batidora funciona a velocidad m\u00ednima y m\u00e1xima. Adecuado para mezclas cortas y manuales y para mezclas extra para resultados a\u00fan m\u00e1s refinados.<br \/>\n&#8211; Smoothie: Transforma la fruta y la verdura en deliciosos y cremosos batidos.<br \/>\n&#8211; C\u00f3cteles: Adecuado para bebidas como los c\u00f3cteles con hielo, como las Margaritas, as\u00ed como los batidos verdes con alto contenido en clorofila y las bebidas caseras de frutos secos.<br \/>\n&#8211; Helados: Para preparar r\u00e1pida y f\u00e1cilmente sus propias especialidades de helado. Pueden ser sorbetes de fruta fresca o congelada combinada con cubitos de hielo. O pruebe el delicioso helado con productos l\u00e1cteos.<br \/>\n&#8211; Triturador de hielo: Convierte cualquier tipo de cubito en hielo finamente picado.<br \/>\n&#8211; Sopa: Pica y calienta los ingredientes con el calor de la rotaci\u00f3n de la cuchilla. En s\u00f3lo 10 minutos, las sopas y los potajes de verduras se calientan y est\u00e1n listos para servir.<br \/>\n&#8211; Limpieza: La forma m\u00e1s sencilla de limpiar la batidora: basta con a\u00f1adir un poco de agua y una gota de detergente, poner en marcha el programa de limpieza y aclarar.<\/p>\n<p>UNA VIDA \u00daTIL PROLONGADA.<br \/>\nEl dise\u00f1o de las batidoras ZWILLING no s\u00f3lo es intemporal, sino que los aparatos en s\u00ed son incre\u00edblemente duraderos. Las cuchillas son de acero inoxidable y las jarras de Tritan resistente. Tritan es un material de alta calidad que pesa la mitad que el vidrio y es mucho m\u00e1s robusto. Es resistente tanto al calor como al fr\u00edo y es muy resistente a la rotura.<\/p>\n<p>CORTA A TRAV\u00c9S DE CUALQUIER COSA. EXCEPTO TU DEDO.<br \/>\nEl bloqueo de seguridad de la batidora y el dentado especial Pira\u00f1a garantizan la seguridad del batido.<br \/>\nBloqueo de seguridad: el aparato s\u00f3lo se pone en marcha cuando la tapa est\u00e1 bien colocada.<br \/>\nFunci\u00f3n de desconexi\u00f3n autom\u00e1tica: la batidora se desconecta autom\u00e1ticamente cuando se abre durante el proceso de batido.<br \/>\nDentado especial Pira\u00f1a: S\u00f3lo est\u00e1 afilado el peque\u00f1o dentado del interior de la hoja. Esto garantiza una limpieza manual segura.<\/p>\n<p>BATIDORA PERSONAL<br \/>\nLa batidora personal es una batidora compacta y extremadamente pr\u00e1ctica, dise\u00f1ada para un uso diario r\u00e1pido y sin desperdicios. Preparar un delicioso batido con fruta de temporada, un fresco smoothie o una aterciopelada sopa de verduras nunca fue tan f\u00e1cil y estuvo al alcance de su mano. Al separar el vaso del motor y cerrarlo con la tapa herm\u00e9tica antigoteo suministrada, puede llevarlo a cualquier parte. Con un silencioso motor de 600 W de CA, la batidora personal tiene dos funciones de batido y pulso y una jarra de Trit\u00e1n de 550 ml sin BPA.<br \/>\nLa firma de la marca alemana es reconocible en la calidad de las cuchillas dentadas Pira\u00f1a, que cuentan con esquinas moldeadas para un corte \u00f3ptimo.<\/p>\n<p><span style=\"text-decoration: underline;\"><strong>No se vende fuera de Europa<\/strong><\/span><\/p>\n","protected":false},"excerpt":{"rendered":"<p>Los componentes m\u00e1s importantes de una batidora son la cuchilla y el motor. Por eso, todas las batidoras ZWILLING est\u00e1n<\/p>\n","protected":false},"featured_media":117528,"template":"","meta":{"_acf_changed":false,"inline_featured_image":false},"product_cat":[16075,16073],"product_tag":[16554,16259,16178,16553,21823,17812],"acf":[],"yoast_head":"<!-- This site is optimized with the Yoast SEO Premium plugin v18.6 (Yoast SEO v19.13) - https:\/\/yoast.com\/wordpress\/plugins\/seo\/ -->\n<title>ZWILLING Enfinigy Batidora Personal - Erresse Shop<\/title>\n<meta name=\"description\" content=\"Los componentes m\u00e1s importantes de una batidora son la cuchilla y el motor. Por eso, todas las batidoras ZWILLING est\u00e1n equipadas con cuchillas originales\" \/>\n<meta name=\"robots\" content=\"index, follow, max-snippet:-1, max-image-preview:large, max-video-preview:-1\" \/>\n<link rel=\"canonical\" href=\"https:\/\/www.erresse-shop.it\/es\/shop\/pequenos-electrodomesticos\/licuadoras\/zwilling-enfinigy-batidora-personal\/\" \/>\n<meta property=\"og:locale\" content=\"es_ES\" \/>\n<meta property=\"og:type\" content=\"article\" \/>\n<meta property=\"og:title\" content=\"ZWILLING Enfinigy Batidora Personal\" \/>\n<meta property=\"og:description\" content=\"Los componentes m\u00e1s importantes de una batidora son la cuchilla y el motor. Por eso, todas las batidoras ZWILLING est\u00e1n equipadas con cuchillas originales\" \/>\n<meta property=\"og:url\" content=\"https:\/\/www.erresse-shop.it\/es\/shop\/pequenos-electrodomesticos\/licuadoras\/zwilling-enfinigy-batidora-personal\/\" \/>\n<meta property=\"og:site_name\" content=\"Erresse Shop\" \/>\n<meta property=\"article:modified_time\" content=\"2021-12-22T15:53:34+00:00\" \/>\n<meta property=\"og:image\" content=\"https:\/\/www.erresse-shop.it\/wp-content\/uploads\/2020\/10\/53003-000.jpg\" \/>\n\t<meta property=\"og:image:width\" content=\"1350\" \/>\n\t<meta property=\"og:image:height\" content=\"1350\" \/>\n\t<meta property=\"og:image:type\" content=\"image\/jpeg\" \/>\n<meta name=\"twitter:card\" content=\"summary_large_image\" \/>\n<script type=\"application\/ld+json\" class=\"yoast-schema-graph\">{\"@context\":\"https:\/\/schema.org\",\"@graph\":[{\"@type\":\"WebPage\",\"@id\":\"https:\/\/www.erresse-shop.it\/es\/shop\/pequenos-electrodomesticos\/licuadoras\/zwilling-enfinigy-batidora-personal\/\",\"url\":\"https:\/\/www.erresse-shop.it\/es\/shop\/pequenos-electrodomesticos\/licuadoras\/zwilling-enfinigy-batidora-personal\/\",\"name\":\"ZWILLING Enfinigy Batidora Personal - Erresse Shop\",\"isPartOf\":{\"@id\":\"https:\/\/www.erresse-shop.it\/es\/#website\"},\"datePublished\":\"2020-10-21T12:36:06+00:00\",\"dateModified\":\"2021-12-22T15:53:34+00:00\",\"description\":\"Los componentes m\u00e1s importantes de una batidora son la cuchilla y el motor. Por eso, todas las batidoras ZWILLING est\u00e1n equipadas con cuchillas originales\",\"breadcrumb\":{\"@id\":\"https:\/\/www.erresse-shop.it\/es\/shop\/pequenos-electrodomesticos\/licuadoras\/zwilling-enfinigy-batidora-personal\/#breadcrumb\"},\"inLanguage\":\"es\",\"potentialAction\":[{\"@type\":\"ReadAction\",\"target\":[\"https:\/\/www.erresse-shop.it\/es\/shop\/pequenos-electrodomesticos\/licuadoras\/zwilling-enfinigy-batidora-personal\/\"]}]},{\"@type\":\"BreadcrumbList\",\"@id\":\"https:\/\/www.erresse-shop.it\/es\/shop\/pequenos-electrodomesticos\/licuadoras\/zwilling-enfinigy-batidora-personal\/#breadcrumb\",\"itemListElement\":[{\"@type\":\"ListItem\",\"position\":1,\"name\":\"Home\",\"item\":\"https:\/\/www.erresse-shop.it\/es\/\"},{\"@type\":\"ListItem\",\"position\":2,\"name\":\"Shop\",\"item\":\"https:\/\/www.erresse-shop.it\/es\/shop\/\"},{\"@type\":\"ListItem\",\"position\":3,\"name\":\"ZWILLING Enfinigy Batidora Personal\"}]},{\"@type\":\"WebSite\",\"@id\":\"https:\/\/www.erresse-shop.it\/es\/#website\",\"url\":\"https:\/\/www.erresse-shop.it\/es\/\",\"name\":\"Erresse Shop\",\"description\":\"Articoli di qualit\u00e0 per la casa\",\"potentialAction\":[{\"@type\":\"SearchAction\",\"target\":{\"@type\":\"EntryPoint\",\"urlTemplate\":\"https:\/\/www.erresse-shop.it\/es\/?s={search_term_string}\"},\"query-input\":\"required name=search_term_string\"}],\"inLanguage\":\"es\"}]}<\/script>\n<!-- \/ Yoast SEO Premium plugin. -->","yoast_head_json":{"title":"ZWILLING Enfinigy Batidora Personal - Erresse Shop","description":"Los componentes m\u00e1s importantes de una batidora son la cuchilla y el motor. Por eso, todas las batidoras ZWILLING est\u00e1n equipadas con cuchillas originales","robots":{"index":"index","follow":"follow","max-snippet":"max-snippet:-1","max-image-preview":"max-image-preview:large","max-video-preview":"max-video-preview:-1"},"canonical":"https:\/\/www.erresse-shop.it\/es\/shop\/pequenos-electrodomesticos\/licuadoras\/zwilling-enfinigy-batidora-personal\/","og_locale":"es_ES","og_type":"article","og_title":"ZWILLING Enfinigy Batidora Personal","og_description":"Los componentes m\u00e1s importantes de una batidora son la cuchilla y el motor. Por eso, todas las batidoras ZWILLING est\u00e1n equipadas con cuchillas originales","og_url":"https:\/\/www.erresse-shop.it\/es\/shop\/pequenos-electrodomesticos\/licuadoras\/zwilling-enfinigy-batidora-personal\/","og_site_name":"Erresse Shop","article_modified_time":"2021-12-22T15:53:34+00:00","og_image":[{"width":1350,"height":1350,"url":"https:\/\/www.erresse-shop.it\/wp-content\/uploads\/2020\/10\/53003-000.jpg","type":"image\/jpeg"}],"twitter_card":"summary_large_image","schema":{"@context":"https:\/\/schema.org","@graph":[{"@type":"WebPage","@id":"https:\/\/www.erresse-shop.it\/es\/shop\/pequenos-electrodomesticos\/licuadoras\/zwilling-enfinigy-batidora-personal\/","url":"https:\/\/www.erresse-shop.it\/es\/shop\/pequenos-electrodomesticos\/licuadoras\/zwilling-enfinigy-batidora-personal\/","name":"ZWILLING Enfinigy Batidora Personal - Erresse Shop","isPartOf":{"@id":"https:\/\/www.erresse-shop.it\/es\/#website"},"datePublished":"2020-10-21T12:36:06+00:00","dateModified":"2021-12-22T15:53:34+00:00","description":"Los componentes m\u00e1s importantes de una batidora son la cuchilla y el motor. Por eso, todas las batidoras ZWILLING est\u00e1n equipadas con cuchillas originales","breadcrumb":{"@id":"https:\/\/www.erresse-shop.it\/es\/shop\/pequenos-electrodomesticos\/licuadoras\/zwilling-enfinigy-batidora-personal\/#breadcrumb"},"inLanguage":"es","potentialAction":[{"@type":"ReadAction","target":["https:\/\/www.erresse-shop.it\/es\/shop\/pequenos-electrodomesticos\/licuadoras\/zwilling-enfinigy-batidora-personal\/"]}]},{"@type":"BreadcrumbList","@id":"https:\/\/www.erresse-shop.it\/es\/shop\/pequenos-electrodomesticos\/licuadoras\/zwilling-enfinigy-batidora-personal\/#breadcrumb","itemListElement":[{"@type":"ListItem","position":1,"name":"Home","item":"https:\/\/www.erresse-shop.it\/es\/"},{"@type":"ListItem","position":2,"name":"Shop","item":"https:\/\/www.erresse-shop.it\/es\/shop\/"},{"@type":"ListItem","position":3,"name":"ZWILLING Enfinigy Batidora Personal"}]},{"@type":"WebSite","@id":"https:\/\/www.erresse-shop.it\/es\/#website","url":"https:\/\/www.erresse-shop.it\/es\/","name":"Erresse Shop","description":"Articoli di qualit\u00e0 per la casa","potentialAction":[{"@type":"SearchAction","target":{"@type":"EntryPoint","urlTemplate":"https:\/\/www.erresse-shop.it\/es\/?s={search_term_string}"},"query-input":"required name=search_term_string"}],"inLanguage":"es"}]}},"df_price":59.5,"df_sale_price":59.5,"df_regular_price":119,"df_image_link":"https:\/\/www.erresse-shop.it\/wp-content\/uploads\/2020\/10\/53003-000-300x300.jpg","_links":{"self":[{"href":"https:\/\/www.erresse-shop.it\/es\/wp-json\/wp\/v2\/product\/117527"}],"collection":[{"href":"https:\/\/www.erresse-shop.it\/es\/wp-json\/wp\/v2\/product"}],"about":[{"href":"https:\/\/www.erresse-shop.it\/es\/wp-json\/wp\/v2\/types\/product"}],"wp:featuredmedia":[{"embeddable":true,"href":"https:\/\/www.erresse-shop.it\/es\/wp-json\/wp\/v2\/media\/117528"}],"wp:attachment":[{"href":"https:\/\/www.erresse-shop.it\/es\/wp-json\/wp\/v2\/media?parent=117527"}],"wp:term":[{"taxonomy":"product_cat","embeddable":true,"href":"https:\/\/www.erresse-shop.it\/es\/wp-json\/wp\/v2\/product_cat?post=117527"},{"taxonomy":"product_tag","embeddable":true,"href":"https:\/\/www.erresse-shop.it\/es\/wp-json\/wp\/v2\/product_tag?post=117527"}],"curies":[{"name":"wp","href":"https:\/\/api.w.org\/{rel}","templated":true}]}}