{"id":117525,"date":"2020-10-21T12:50:19","date_gmt":"2020-10-21T12:50:19","guid":{"rendered":"https:\/\/www.erresse-shop.it\/shop\/sin%20categor\u00eda\/zwilling-hervidor-electrico-enfinigy-pro\/"},"modified":"2021-12-22T15:53:32","modified_gmt":"2021-12-22T15:53:32","slug":"zwilling-hervidor-electrico-enfinigy-pro","status":"publish","type":"product","link":"https:\/\/www.erresse-shop.it\/es\/shop\/pequenos-electrodomesticos\/hervidores-electricos\/zwilling-hervidor-electrico-enfinigy-pro\/","title":{"rendered":"ZWILLING Hervidor El\u00e9ctrico Enfinigy Pro"},"content":{"rendered":"<p>Los nuevos hervidores ZWILLING son la combinaci\u00f3n perfecta de tecnolog\u00eda moderna y dise\u00f1o intemporal. Se integran en cualquier entorno y dejan espacio para lo esencial. Se centran en la funcionalidad.<\/p>\n<p>LOS DETALLES MARCAN LA DIFERENCIA<br \/>\nCuerpo de doble pared, aislado t\u00e9rmicamente, ebullici\u00f3n r\u00e1pida, excelente retenci\u00f3n del calor<br \/>\nRecipiente interior continuo de acero inoxidable<br \/>\nLa tapa se abre hasta un m\u00e1ximo de 70 grados para evitar el contacto directo con el vapor caliente<br \/>\nSIN BPA<\/p>\n<p>HERVIDOR PROGRAMABLE.<br \/>\nEl hervidor el\u00e9ctrico Pro tiene siete programas que se seleccionan en la base giratoria de 360\u00b0 con pantalla de sensor, para elegir la temperatura ideal del agua para el t\u00e9, el caf\u00e9 e incluso la comida del beb\u00e9.<br \/>\n40\u00b0C &#8211; para la leche y los alimentos para beb\u00e9s. Los frascos pueden llevarse simplemente a la temperatura deseada al ba\u00f1o mar\u00eda.<br \/>\nFunci\u00f3n de mantenimiento del calor: cuando se activa, la funci\u00f3n de mantenimiento del calor mantiene la temperatura deseada durante un m\u00e1ximo de 30 minutos.<br \/>\n60\u00b0C &#8211; para bebidas delicadas, como el t\u00e9 verde o blanco, que no deben prepararse a temperaturas de ebullici\u00f3n<br \/>\n70\u00b0C &#8211; para bebidas que no deben prepararse a temperaturas de ebullici\u00f3n<br \/>\n80\u00b0C &#8211; para bebidas instant\u00e1neas como el caf\u00e9 instant\u00e1neo o el t\u00e9 mate<br \/>\n93\u00b0C: la temperatura ideal para el caf\u00e9 reci\u00e9n hecho<br \/>\n100\u00b0C &#8211; agua caliente hirviendo<\/p>\n<p>AGUA CALIENTE SIN ESCALDAR.<br \/>\nLa tapa se abre suavemente con s\u00f3lo pulsar un bot\u00f3n. Se eleva hasta un m\u00e1ximo de 70 grados para evitar el contacto directo con el vapor caliente. El filtro herm\u00e9tico sella la boquilla de la tetera cuando se cierra la tapa, manteniendo el derrame de agua hirviendo al m\u00ednimo, incluso cuando la tetera se vuelca accidentalmente.<\/p>\n<p>CALIENTE POR DENTRO, FR\u00cdA AL TACTO.<br \/>\nEl cuerpo de doble pared con aislamiento t\u00e9rmico mantiene el calor en el interior durante m\u00e1s tiempo. A su vez, la superficie exterior se mantiene c\u00f3modamente fresca. Adem\u00e1s, el recipiente de acero inoxidable de 1,5 litros sin costuras con la resistencia cubierta es muy f\u00e1cil de limpiar.<\/p>\n<p>CALDERA PRO<br \/>\nEl agua puede adoptar diferentes formas y \u00e9sta es su mayor ventaja. El hervidor no s\u00f3lo impresiona por su forma, sino tambi\u00e9n por sus numerosas funciones y su dise\u00f1o intemporal ZWILLING. La base giratoria de 360\u00b0 con pantalla t\u00e1ctil con sensor ofrece siete programas preestablecidos para elegir. As\u00ed, el hervidor alcanza siempre la temperatura ideal para el caf\u00e9, el t\u00e9 o la comida del beb\u00e9. Adem\u00e1s, el cuerpo de doble pared mantiene el calor en el interior durante m\u00e1s tiempo, mientras que el exterior se mantiene fresco al tacto.<\/p>\n<p><span style=\"text-decoration: underline;\"><strong>No se vende fuera de Europa<\/strong><\/span><\/p>\n","protected":false},"excerpt":{"rendered":"<p>Los nuevos hervidores ZWILLING son la combinaci\u00f3n perfecta de tecnolog\u00eda moderna y dise\u00f1o intemporal. Se integran en cualquier entorno y<\/p>\n","protected":false},"featured_media":117526,"template":"","meta":{"_acf_changed":false,"inline_featured_image":false},"product_cat":[16074,16073],"product_tag":[16259,16178,16553,16258],"acf":[],"yoast_head":"<!-- This site is optimized with the Yoast SEO Premium plugin v18.6 (Yoast SEO v19.13) - https:\/\/yoast.com\/wordpress\/plugins\/seo\/ -->\n<title>ZWILLING Hervidor El\u00e9ctrico Enfinigy Pro - Erresse Shop<\/title>\n<meta name=\"description\" content=\"Los nuevos hervidores ZWILLING son la combinaci\u00f3n perfecta de tecnolog\u00eda moderna y dise\u00f1o intemporal. Se integran en cualquier entorno y dejan espacio\" \/>\n<meta name=\"robots\" content=\"index, follow, max-snippet:-1, max-image-preview:large, max-video-preview:-1\" \/>\n<link rel=\"canonical\" href=\"https:\/\/www.erresse-shop.it\/es\/shop\/pequenos-electrodomesticos\/hervidores-electricos\/zwilling-hervidor-electrico-enfinigy-pro\/\" \/>\n<meta property=\"og:locale\" content=\"es_ES\" \/>\n<meta property=\"og:type\" content=\"article\" \/>\n<meta property=\"og:title\" content=\"ZWILLING Hervidor El\u00e9ctrico Enfinigy Pro\" \/>\n<meta property=\"og:description\" content=\"Los nuevos hervidores ZWILLING son la combinaci\u00f3n perfecta de tecnolog\u00eda moderna y dise\u00f1o intemporal. Se integran en cualquier entorno y dejan espacio\" \/>\n<meta property=\"og:url\" content=\"https:\/\/www.erresse-shop.it\/es\/shop\/pequenos-electrodomesticos\/hervidores-electricos\/zwilling-hervidor-electrico-enfinigy-pro\/\" \/>\n<meta property=\"og:site_name\" content=\"Erresse Shop\" \/>\n<meta property=\"article:modified_time\" content=\"2021-12-22T15:53:32+00:00\" \/>\n<meta property=\"og:image\" content=\"https:\/\/www.erresse-shop.it\/wp-content\/uploads\/2020\/10\/53006-000.jpg\" \/>\n\t<meta property=\"og:image:width\" content=\"1350\" \/>\n\t<meta property=\"og:image:height\" content=\"1350\" \/>\n\t<meta property=\"og:image:type\" content=\"image\/jpeg\" \/>\n<meta name=\"twitter:card\" content=\"summary_large_image\" \/>\n<script type=\"application\/ld+json\" class=\"yoast-schema-graph\">{\"@context\":\"https:\/\/schema.org\",\"@graph\":[{\"@type\":\"WebPage\",\"@id\":\"https:\/\/www.erresse-shop.it\/es\/shop\/pequenos-electrodomesticos\/hervidores-electricos\/zwilling-hervidor-electrico-enfinigy-pro\/\",\"url\":\"https:\/\/www.erresse-shop.it\/es\/shop\/pequenos-electrodomesticos\/hervidores-electricos\/zwilling-hervidor-electrico-enfinigy-pro\/\",\"name\":\"ZWILLING Hervidor El\u00e9ctrico Enfinigy Pro - Erresse Shop\",\"isPartOf\":{\"@id\":\"https:\/\/www.erresse-shop.it\/es\/#website\"},\"datePublished\":\"2020-10-21T12:50:19+00:00\",\"dateModified\":\"2021-12-22T15:53:32+00:00\",\"description\":\"Los nuevos hervidores ZWILLING son la combinaci\u00f3n perfecta de tecnolog\u00eda moderna y dise\u00f1o intemporal. Se integran en cualquier entorno y dejan espacio\",\"breadcrumb\":{\"@id\":\"https:\/\/www.erresse-shop.it\/es\/shop\/pequenos-electrodomesticos\/hervidores-electricos\/zwilling-hervidor-electrico-enfinigy-pro\/#breadcrumb\"},\"inLanguage\":\"es\",\"potentialAction\":[{\"@type\":\"ReadAction\",\"target\":[\"https:\/\/www.erresse-shop.it\/es\/shop\/pequenos-electrodomesticos\/hervidores-electricos\/zwilling-hervidor-electrico-enfinigy-pro\/\"]}]},{\"@type\":\"BreadcrumbList\",\"@id\":\"https:\/\/www.erresse-shop.it\/es\/shop\/pequenos-electrodomesticos\/hervidores-electricos\/zwilling-hervidor-electrico-enfinigy-pro\/#breadcrumb\",\"itemListElement\":[{\"@type\":\"ListItem\",\"position\":1,\"name\":\"Home\",\"item\":\"https:\/\/www.erresse-shop.it\/es\/\"},{\"@type\":\"ListItem\",\"position\":2,\"name\":\"Shop\",\"item\":\"https:\/\/www.erresse-shop.it\/es\/shop\/\"},{\"@type\":\"ListItem\",\"position\":3,\"name\":\"ZWILLING Hervidor El\u00e9ctrico Enfinigy Pro\"}]},{\"@type\":\"WebSite\",\"@id\":\"https:\/\/www.erresse-shop.it\/es\/#website\",\"url\":\"https:\/\/www.erresse-shop.it\/es\/\",\"name\":\"Erresse Shop\",\"description\":\"Articoli di qualit\u00e0 per la casa\",\"potentialAction\":[{\"@type\":\"SearchAction\",\"target\":{\"@type\":\"EntryPoint\",\"urlTemplate\":\"https:\/\/www.erresse-shop.it\/es\/?s={search_term_string}\"},\"query-input\":\"required name=search_term_string\"}],\"inLanguage\":\"es\"}]}<\/script>\n<!-- \/ Yoast SEO Premium plugin. -->","yoast_head_json":{"title":"ZWILLING Hervidor El\u00e9ctrico Enfinigy Pro - Erresse Shop","description":"Los nuevos hervidores ZWILLING son la combinaci\u00f3n perfecta de tecnolog\u00eda moderna y dise\u00f1o intemporal. Se integran en cualquier entorno y dejan espacio","robots":{"index":"index","follow":"follow","max-snippet":"max-snippet:-1","max-image-preview":"max-image-preview:large","max-video-preview":"max-video-preview:-1"},"canonical":"https:\/\/www.erresse-shop.it\/es\/shop\/pequenos-electrodomesticos\/hervidores-electricos\/zwilling-hervidor-electrico-enfinigy-pro\/","og_locale":"es_ES","og_type":"article","og_title":"ZWILLING Hervidor El\u00e9ctrico Enfinigy Pro","og_description":"Los nuevos hervidores ZWILLING son la combinaci\u00f3n perfecta de tecnolog\u00eda moderna y dise\u00f1o intemporal. Se integran en cualquier entorno y dejan espacio","og_url":"https:\/\/www.erresse-shop.it\/es\/shop\/pequenos-electrodomesticos\/hervidores-electricos\/zwilling-hervidor-electrico-enfinigy-pro\/","og_site_name":"Erresse Shop","article_modified_time":"2021-12-22T15:53:32+00:00","og_image":[{"width":1350,"height":1350,"url":"https:\/\/www.erresse-shop.it\/wp-content\/uploads\/2020\/10\/53006-000.jpg","type":"image\/jpeg"}],"twitter_card":"summary_large_image","schema":{"@context":"https:\/\/schema.org","@graph":[{"@type":"WebPage","@id":"https:\/\/www.erresse-shop.it\/es\/shop\/pequenos-electrodomesticos\/hervidores-electricos\/zwilling-hervidor-electrico-enfinigy-pro\/","url":"https:\/\/www.erresse-shop.it\/es\/shop\/pequenos-electrodomesticos\/hervidores-electricos\/zwilling-hervidor-electrico-enfinigy-pro\/","name":"ZWILLING Hervidor El\u00e9ctrico Enfinigy Pro - Erresse Shop","isPartOf":{"@id":"https:\/\/www.erresse-shop.it\/es\/#website"},"datePublished":"2020-10-21T12:50:19+00:00","dateModified":"2021-12-22T15:53:32+00:00","description":"Los nuevos hervidores ZWILLING son la combinaci\u00f3n perfecta de tecnolog\u00eda moderna y dise\u00f1o intemporal. Se integran en cualquier entorno y dejan espacio","breadcrumb":{"@id":"https:\/\/www.erresse-shop.it\/es\/shop\/pequenos-electrodomesticos\/hervidores-electricos\/zwilling-hervidor-electrico-enfinigy-pro\/#breadcrumb"},"inLanguage":"es","potentialAction":[{"@type":"ReadAction","target":["https:\/\/www.erresse-shop.it\/es\/shop\/pequenos-electrodomesticos\/hervidores-electricos\/zwilling-hervidor-electrico-enfinigy-pro\/"]}]},{"@type":"BreadcrumbList","@id":"https:\/\/www.erresse-shop.it\/es\/shop\/pequenos-electrodomesticos\/hervidores-electricos\/zwilling-hervidor-electrico-enfinigy-pro\/#breadcrumb","itemListElement":[{"@type":"ListItem","position":1,"name":"Home","item":"https:\/\/www.erresse-shop.it\/es\/"},{"@type":"ListItem","position":2,"name":"Shop","item":"https:\/\/www.erresse-shop.it\/es\/shop\/"},{"@type":"ListItem","position":3,"name":"ZWILLING Hervidor El\u00e9ctrico Enfinigy Pro"}]},{"@type":"WebSite","@id":"https:\/\/www.erresse-shop.it\/es\/#website","url":"https:\/\/www.erresse-shop.it\/es\/","name":"Erresse Shop","description":"Articoli di qualit\u00e0 per la casa","potentialAction":[{"@type":"SearchAction","target":{"@type":"EntryPoint","urlTemplate":"https:\/\/www.erresse-shop.it\/es\/?s={search_term_string}"},"query-input":"required name=search_term_string"}],"inLanguage":"es"}]}},"df_price":104.5,"df_sale_price":104.5,"df_regular_price":139,"df_image_link":"https:\/\/www.erresse-shop.it\/wp-content\/uploads\/2020\/10\/53006-000-300x300.jpg","_links":{"self":[{"href":"https:\/\/www.erresse-shop.it\/es\/wp-json\/wp\/v2\/product\/117525"}],"collection":[{"href":"https:\/\/www.erresse-shop.it\/es\/wp-json\/wp\/v2\/product"}],"about":[{"href":"https:\/\/www.erresse-shop.it\/es\/wp-json\/wp\/v2\/types\/product"}],"wp:featuredmedia":[{"embeddable":true,"href":"https:\/\/www.erresse-shop.it\/es\/wp-json\/wp\/v2\/media\/117526"}],"wp:attachment":[{"href":"https:\/\/www.erresse-shop.it\/es\/wp-json\/wp\/v2\/media?parent=117525"}],"wp:term":[{"taxonomy":"product_cat","embeddable":true,"href":"https:\/\/www.erresse-shop.it\/es\/wp-json\/wp\/v2\/product_cat?post=117525"},{"taxonomy":"product_tag","embeddable":true,"href":"https:\/\/www.erresse-shop.it\/es\/wp-json\/wp\/v2\/product_tag?post=117525"}],"curies":[{"name":"wp","href":"https:\/\/api.w.org\/{rel}","templated":true}]}}