{"id":117511,"date":"2021-05-14T13:12:31","date_gmt":"2021-05-14T13:12:31","guid":{"rendered":"https:\/\/www.erresse-shop.it\/shop\/sin%20categor\u00eda\/zwilling-juego-de-4-cuchillos-para-carne-pro\/"},"modified":"2021-12-22T15:53:26","modified_gmt":"2021-12-22T15:53:26","slug":"zwilling-juego-de-4-cuchillos-para-carne-pro","status":"publish","type":"product","link":"https:\/\/www.erresse-shop.it\/es\/shop\/cocina\/cuchillos\/cuchillos-de-cocina\/zwilling-juego-de-4-cuchillos-para-carne-pro\/","title":{"rendered":"ZWILLING Juego de 4 Cuchillos para Carne Pro"},"content":{"rendered":"<p>Los 4 cuchillos para carne <strong>ZWILLING<\/strong> de este juego son de alta calidad y duraderos. Pueden utilizarse para cortar un jugoso filete de ternera a la sart\u00e9n, un filete marinado cocinado en la barbacoa o una chuleta de ternera. Pueden cortar con facilidad deliciosos filetes de barbacoa y otros alimentos salteados. El cl\u00e1sico dise\u00f1o de tres remaches da a estos bonitos art\u00edculos de cocina un aspecto atractivo. Gracias al afilado en V de dos fases, estos cuchillos garantizan un excelente y duradero rendimiento de corte y un excelente afilado. El material no altera el sabor y es resistente a la corrosi\u00f3n. Estas cuchillas resistentes a los impactos son incre\u00edblemente resistentes al desgaste y robustas. Gracias a las afiladas hojas de este juego, siempre tendr\u00e1 a mano los cuchillos adecuados. El filo rectificado de la hoja, la superficie de corte lisa y el mango de ABS de alta calidad dan a los cuchillos un aspecto atractivo. Los cuchillos SIGMAFORGE se forjan a partir de una sola pieza de acero mediante un proceso especial que consigue una extraordinaria retenci\u00f3n del filo, flexibilidad y dureza. Gracias a la forma especial del mango, los cuchillos son f\u00e1ciles de manejar y seguros de usar. Este juego ZWILLING\u00ae Pro le ofrece una colecci\u00f3n de cuchillos para carne de primera clase que podr\u00e1 utilizar en la mesa todos los d\u00edas o en ocasiones especiales.<\/p>\n<ul>\n<li>El refuerzo curvo favorece el corte con mayor precisi\u00f3n, seguridad y comodidad<\/li>\n<li>El mango de POM es duradero y resistente<\/li>\n<li>El cuchillo SIGMAFORGE est\u00e1 forjado a partir de una sola pieza de acero inoxidable de f\u00f3rmula especial con alto contenido en carbono y sin manchas<\/li>\n<li>Hoja sometida a endurecimiento criog\u00e9nico FRIODUR\u00ae, durabilidad y resistencia a la corrosi\u00f3n excepcionales<\/li>\n<li>La hoja rectificada con precisi\u00f3n y el filo controlado por l\u00e1ser garantizan un \u00e1ngulo de corte ideal, as\u00ed como afilado y durabilidad<\/li>\n<li>La espiga y el mango se complementan con 3 remaches para una estabilidad \u00f3ptima<\/li>\n<li>Se puede lavar en el lavavajillas, se recomienda lavar a mano<\/li>\n<li>Fabricado en Alemania<\/li>\n<\/ul>\n","protected":false},"excerpt":{"rendered":"<p>Los 4 cuchillos para carne ZWILLING de este juego son de alta calidad y duraderos. Pueden utilizarse para cortar un<\/p>\n","protected":false},"featured_media":117512,"template":"","meta":{"_acf_changed":false,"inline_featured_image":false},"product_cat":[16040,16043,16047],"product_tag":[16162,16432,16510,25264,24605,16547],"acf":[],"yoast_head":"<!-- This site is optimized with the Yoast SEO Premium plugin v18.6 (Yoast SEO v19.13) - https:\/\/yoast.com\/wordpress\/plugins\/seo\/ -->\n<title>ZWILLING Juego de 4 Cuchillos para Carne Pro - Erresse Shop<\/title>\n<meta name=\"description\" content=\"Los 4 cuchillos para carne ZWILLING de este juego son de alta calidad y duraderos. Pueden utilizarse para cortar un jugoso filete de ternera a la sart\u00e9n,\" \/>\n<meta name=\"robots\" content=\"index, follow, max-snippet:-1, max-image-preview:large, max-video-preview:-1\" \/>\n<link rel=\"canonical\" href=\"https:\/\/www.erresse-shop.it\/es\/shop\/cocina\/cuchillos\/cuchillos-de-cocina\/zwilling-juego-de-4-cuchillos-para-carne-pro\/\" \/>\n<meta property=\"og:locale\" content=\"es_ES\" \/>\n<meta property=\"og:type\" content=\"article\" \/>\n<meta property=\"og:title\" content=\"ZWILLING Juego de 4 Cuchillos para Carne Pro\" \/>\n<meta property=\"og:description\" content=\"Los 4 cuchillos para carne ZWILLING de este juego son de alta calidad y duraderos. Pueden utilizarse para cortar un jugoso filete de ternera a la sart\u00e9n,\" \/>\n<meta property=\"og:url\" content=\"https:\/\/www.erresse-shop.it\/es\/shop\/cocina\/cuchillos\/cuchillos-de-cocina\/zwilling-juego-de-4-cuchillos-para-carne-pro\/\" \/>\n<meta property=\"og:site_name\" content=\"Erresse Shop\" \/>\n<meta property=\"article:modified_time\" content=\"2021-12-22T15:53:26+00:00\" \/>\n<meta property=\"og:image\" content=\"https:\/\/www.erresse-shop.it\/wp-content\/uploads\/2021\/05\/38430-002-0_1.jpg\" \/>\n\t<meta property=\"og:image:width\" content=\"1350\" \/>\n\t<meta property=\"og:image:height\" content=\"1350\" \/>\n\t<meta property=\"og:image:type\" content=\"image\/jpeg\" \/>\n<meta name=\"twitter:card\" content=\"summary_large_image\" \/>\n<script type=\"application\/ld+json\" class=\"yoast-schema-graph\">{\"@context\":\"https:\/\/schema.org\",\"@graph\":[{\"@type\":\"WebPage\",\"@id\":\"https:\/\/www.erresse-shop.it\/es\/shop\/cocina\/cuchillos\/cuchillos-de-cocina\/zwilling-juego-de-4-cuchillos-para-carne-pro\/\",\"url\":\"https:\/\/www.erresse-shop.it\/es\/shop\/cocina\/cuchillos\/cuchillos-de-cocina\/zwilling-juego-de-4-cuchillos-para-carne-pro\/\",\"name\":\"ZWILLING Juego de 4 Cuchillos para Carne Pro - Erresse Shop\",\"isPartOf\":{\"@id\":\"https:\/\/www.erresse-shop.it\/es\/#website\"},\"datePublished\":\"2021-05-14T13:12:31+00:00\",\"dateModified\":\"2021-12-22T15:53:26+00:00\",\"description\":\"Los 4 cuchillos para carne ZWILLING de este juego son de alta calidad y duraderos. Pueden utilizarse para cortar un jugoso filete de ternera a la sart\u00e9n,\",\"breadcrumb\":{\"@id\":\"https:\/\/www.erresse-shop.it\/es\/shop\/cocina\/cuchillos\/cuchillos-de-cocina\/zwilling-juego-de-4-cuchillos-para-carne-pro\/#breadcrumb\"},\"inLanguage\":\"es\",\"potentialAction\":[{\"@type\":\"ReadAction\",\"target\":[\"https:\/\/www.erresse-shop.it\/es\/shop\/cocina\/cuchillos\/cuchillos-de-cocina\/zwilling-juego-de-4-cuchillos-para-carne-pro\/\"]}]},{\"@type\":\"BreadcrumbList\",\"@id\":\"https:\/\/www.erresse-shop.it\/es\/shop\/cocina\/cuchillos\/cuchillos-de-cocina\/zwilling-juego-de-4-cuchillos-para-carne-pro\/#breadcrumb\",\"itemListElement\":[{\"@type\":\"ListItem\",\"position\":1,\"name\":\"Home\",\"item\":\"https:\/\/www.erresse-shop.it\/es\/\"},{\"@type\":\"ListItem\",\"position\":2,\"name\":\"Shop\",\"item\":\"https:\/\/www.erresse-shop.it\/es\/shop\/\"},{\"@type\":\"ListItem\",\"position\":3,\"name\":\"ZWILLING Juego de 4 Cuchillos para Carne Pro\"}]},{\"@type\":\"WebSite\",\"@id\":\"https:\/\/www.erresse-shop.it\/es\/#website\",\"url\":\"https:\/\/www.erresse-shop.it\/es\/\",\"name\":\"Erresse Shop\",\"description\":\"Articoli di qualit\u00e0 per la casa\",\"potentialAction\":[{\"@type\":\"SearchAction\",\"target\":{\"@type\":\"EntryPoint\",\"urlTemplate\":\"https:\/\/www.erresse-shop.it\/es\/?s={search_term_string}\"},\"query-input\":\"required name=search_term_string\"}],\"inLanguage\":\"es\"}]}<\/script>\n<!-- \/ Yoast SEO Premium plugin. -->","yoast_head_json":{"title":"ZWILLING Juego de 4 Cuchillos para Carne Pro - Erresse Shop","description":"Los 4 cuchillos para carne ZWILLING de este juego son de alta calidad y duraderos. Pueden utilizarse para cortar un jugoso filete de ternera a la sart\u00e9n,","robots":{"index":"index","follow":"follow","max-snippet":"max-snippet:-1","max-image-preview":"max-image-preview:large","max-video-preview":"max-video-preview:-1"},"canonical":"https:\/\/www.erresse-shop.it\/es\/shop\/cocina\/cuchillos\/cuchillos-de-cocina\/zwilling-juego-de-4-cuchillos-para-carne-pro\/","og_locale":"es_ES","og_type":"article","og_title":"ZWILLING Juego de 4 Cuchillos para Carne Pro","og_description":"Los 4 cuchillos para carne ZWILLING de este juego son de alta calidad y duraderos. Pueden utilizarse para cortar un jugoso filete de ternera a la sart\u00e9n,","og_url":"https:\/\/www.erresse-shop.it\/es\/shop\/cocina\/cuchillos\/cuchillos-de-cocina\/zwilling-juego-de-4-cuchillos-para-carne-pro\/","og_site_name":"Erresse Shop","article_modified_time":"2021-12-22T15:53:26+00:00","og_image":[{"width":1350,"height":1350,"url":"https:\/\/www.erresse-shop.it\/wp-content\/uploads\/2021\/05\/38430-002-0_1.jpg","type":"image\/jpeg"}],"twitter_card":"summary_large_image","schema":{"@context":"https:\/\/schema.org","@graph":[{"@type":"WebPage","@id":"https:\/\/www.erresse-shop.it\/es\/shop\/cocina\/cuchillos\/cuchillos-de-cocina\/zwilling-juego-de-4-cuchillos-para-carne-pro\/","url":"https:\/\/www.erresse-shop.it\/es\/shop\/cocina\/cuchillos\/cuchillos-de-cocina\/zwilling-juego-de-4-cuchillos-para-carne-pro\/","name":"ZWILLING Juego de 4 Cuchillos para Carne Pro - Erresse Shop","isPartOf":{"@id":"https:\/\/www.erresse-shop.it\/es\/#website"},"datePublished":"2021-05-14T13:12:31+00:00","dateModified":"2021-12-22T15:53:26+00:00","description":"Los 4 cuchillos para carne ZWILLING de este juego son de alta calidad y duraderos. Pueden utilizarse para cortar un jugoso filete de ternera a la sart\u00e9n,","breadcrumb":{"@id":"https:\/\/www.erresse-shop.it\/es\/shop\/cocina\/cuchillos\/cuchillos-de-cocina\/zwilling-juego-de-4-cuchillos-para-carne-pro\/#breadcrumb"},"inLanguage":"es","potentialAction":[{"@type":"ReadAction","target":["https:\/\/www.erresse-shop.it\/es\/shop\/cocina\/cuchillos\/cuchillos-de-cocina\/zwilling-juego-de-4-cuchillos-para-carne-pro\/"]}]},{"@type":"BreadcrumbList","@id":"https:\/\/www.erresse-shop.it\/es\/shop\/cocina\/cuchillos\/cuchillos-de-cocina\/zwilling-juego-de-4-cuchillos-para-carne-pro\/#breadcrumb","itemListElement":[{"@type":"ListItem","position":1,"name":"Home","item":"https:\/\/www.erresse-shop.it\/es\/"},{"@type":"ListItem","position":2,"name":"Shop","item":"https:\/\/www.erresse-shop.it\/es\/shop\/"},{"@type":"ListItem","position":3,"name":"ZWILLING Juego de 4 Cuchillos para Carne Pro"}]},{"@type":"WebSite","@id":"https:\/\/www.erresse-shop.it\/es\/#website","url":"https:\/\/www.erresse-shop.it\/es\/","name":"Erresse Shop","description":"Articoli di qualit\u00e0 per la casa","potentialAction":[{"@type":"SearchAction","target":{"@type":"EntryPoint","urlTemplate":"https:\/\/www.erresse-shop.it\/es\/?s={search_term_string}"},"query-input":"required name=search_term_string"}],"inLanguage":"es"}]}},"df_price":186.75,"df_sale_price":186.75,"df_regular_price":249,"df_image_link":"https:\/\/www.erresse-shop.it\/wp-content\/uploads\/2021\/05\/38430-002-0_1-300x300.jpg","_links":{"self":[{"href":"https:\/\/www.erresse-shop.it\/es\/wp-json\/wp\/v2\/product\/117511"}],"collection":[{"href":"https:\/\/www.erresse-shop.it\/es\/wp-json\/wp\/v2\/product"}],"about":[{"href":"https:\/\/www.erresse-shop.it\/es\/wp-json\/wp\/v2\/types\/product"}],"wp:featuredmedia":[{"embeddable":true,"href":"https:\/\/www.erresse-shop.it\/es\/wp-json\/wp\/v2\/media\/117512"}],"wp:attachment":[{"href":"https:\/\/www.erresse-shop.it\/es\/wp-json\/wp\/v2\/media?parent=117511"}],"wp:term":[{"taxonomy":"product_cat","embeddable":true,"href":"https:\/\/www.erresse-shop.it\/es\/wp-json\/wp\/v2\/product_cat?post=117511"},{"taxonomy":"product_tag","embeddable":true,"href":"https:\/\/www.erresse-shop.it\/es\/wp-json\/wp\/v2\/product_tag?post=117511"}],"curies":[{"name":"wp","href":"https:\/\/api.w.org\/{rel}","templated":true}]}}