{"id":117477,"date":"2020-08-18T13:52:51","date_gmt":"2020-08-18T13:52:51","guid":{"rendered":"https:\/\/www.erresse-shop.it\/shop\/sin%20categor\u00eda\/zwilling-cuchillo-para-carne-twin-pollux-20cm\/"},"modified":"2021-12-22T15:53:02","modified_gmt":"2021-12-22T15:53:02","slug":"zwilling-cuchillo-para-carne-twin-pollux-20cm","status":"publish","type":"product","link":"https:\/\/www.erresse-shop.it\/es\/shop\/cocina\/cuchillos\/cuchillos-de-cocina\/zwilling-cuchillo-para-carne-twin-pollux-20cm\/","title":{"rendered":"ZWILLING Cuchillo para Carne Twin\u00ae Pollux 20cm"},"content":{"rendered":"<p><strong>TWIN\u00ae Pollux<\/strong><\/p>\n<p><strong>DESCRIPCI\u00d3N<\/strong><br \/>\nEl cuchillo para carne con mango curvo ergon\u00f3mico es un instrumento de cocina vers\u00e1til. Con su larga y afilada hoja, es adecuada para preparar y cortar carne cruda y para trinchar carne asada o aves de corral. Con su forma bien pensada y su dise\u00f1o de tres remaches en el mango, es f\u00e1cil de manejar y tambi\u00e9n tiene un aspecto atractivo. Gracias a la fundici\u00f3n especial de ZWILLING, el acero inoxidable de la hoja del cuchillo es especialmente resistente a la corrosi\u00f3n. La hoja FRIODUR\u00ae de 20 cm de longitud se ha estabilizado a\u00fan m\u00e1s mediante el endurecimiento por hielo y garantiza cortes igualmente precisos. Las propiedades de corte y la durabilidad del acero inoxidable especial se optimizan a\u00fan m\u00e1s gracias a la c\u00f3moda empu\u00f1adura, que est\u00e1 adornada con un peque\u00f1o logotipo ZWILLING en rojo. Con el cuchillo para carne TWIN\u00ae Pollux, flexible y de alta calidad, tambi\u00e9n podr\u00e1 cortar carne firme con corteza en rodajas uniformes o cortar aves de corral.<br \/>\nHoja endurecida por el hielo FRIODUR\u00ae para una vida \u00fatil especialmente larga de la hoja y resistencia a la corrosi\u00f3n.<br \/>\nAcero inoxidable fundido especial ZWILLING: Estos cuchillos son estables, resistentes a la corrosi\u00f3n y flexibles al mismo tiempo.<br \/>\nDise\u00f1o cl\u00e1sico de tres remaches<br \/>\nC\u00f3moda empu\u00f1adura con el logo ZWILLING incrustado para un mejor manejo.<br \/>\nBajo peso para trabajar sin fatiga.<\/p>\n","protected":false},"excerpt":{"rendered":"<p>TWIN\u00ae Pollux DESCRIPCI\u00d3N El cuchillo para carne con mango curvo ergon\u00f3mico es un instrumento de cocina vers\u00e1til. Con su larga<\/p>\n","protected":false},"featured_media":117479,"template":"","meta":{"_acf_changed":false,"inline_featured_image":false},"product_cat":[16040,16043,16047],"product_tag":[16162,16532,16432,16510,16512],"acf":[],"yoast_head":"<!-- This site is optimized with the Yoast SEO Premium plugin v18.6 (Yoast SEO v19.13) - https:\/\/yoast.com\/wordpress\/plugins\/seo\/ -->\n<title>ZWILLING Cuchillo para Carne Twin\u00ae Pollux 20cm - Erresse Shop<\/title>\n<meta name=\"description\" content=\"TWIN\u00ae Pollux DESCRIPCI\u00d3N El cuchillo para carne con mango curvo ergon\u00f3mico es un instrumento de cocina vers\u00e1til. Con su larga y afilada hoja, es adecuada\" \/>\n<meta name=\"robots\" content=\"index, follow, max-snippet:-1, max-image-preview:large, max-video-preview:-1\" \/>\n<link rel=\"canonical\" href=\"https:\/\/www.erresse-shop.it\/es\/shop\/cocina\/cuchillos\/cuchillos-de-cocina\/zwilling-cuchillo-para-carne-twin-pollux-20cm\/\" \/>\n<meta property=\"og:locale\" content=\"es_ES\" \/>\n<meta property=\"og:type\" content=\"article\" \/>\n<meta property=\"og:title\" content=\"ZWILLING Cuchillo para Carne Twin\u00ae Pollux 20cm\" \/>\n<meta property=\"og:description\" content=\"TWIN\u00ae Pollux DESCRIPCI\u00d3N El cuchillo para carne con mango curvo ergon\u00f3mico es un instrumento de cocina vers\u00e1til. Con su larga y afilada hoja, es adecuada\" \/>\n<meta property=\"og:url\" content=\"https:\/\/www.erresse-shop.it\/es\/shop\/cocina\/cuchillos\/cuchillos-de-cocina\/zwilling-cuchillo-para-carne-twin-pollux-20cm\/\" \/>\n<meta property=\"og:site_name\" content=\"Erresse Shop\" \/>\n<meta property=\"article:modified_time\" content=\"2021-12-22T15:53:02+00:00\" \/>\n<meta property=\"og:image\" content=\"https:\/\/www.erresse-shop.it\/wp-content\/uploads\/2020\/08\/30720-201-0_2-1-e1597759504275.jpg\" \/>\n\t<meta property=\"og:image:width\" content=\"1350\" \/>\n\t<meta property=\"og:image:height\" content=\"1350\" \/>\n\t<meta property=\"og:image:type\" content=\"image\/jpeg\" \/>\n<meta name=\"twitter:card\" content=\"summary_large_image\" \/>\n<script type=\"application\/ld+json\" class=\"yoast-schema-graph\">{\"@context\":\"https:\/\/schema.org\",\"@graph\":[{\"@type\":\"WebPage\",\"@id\":\"https:\/\/www.erresse-shop.it\/es\/shop\/cocina\/cuchillos\/cuchillos-de-cocina\/zwilling-cuchillo-para-carne-twin-pollux-20cm\/\",\"url\":\"https:\/\/www.erresse-shop.it\/es\/shop\/cocina\/cuchillos\/cuchillos-de-cocina\/zwilling-cuchillo-para-carne-twin-pollux-20cm\/\",\"name\":\"ZWILLING Cuchillo para Carne Twin\u00ae Pollux 20cm - Erresse Shop\",\"isPartOf\":{\"@id\":\"https:\/\/www.erresse-shop.it\/es\/#website\"},\"datePublished\":\"2020-08-18T13:52:51+00:00\",\"dateModified\":\"2021-12-22T15:53:02+00:00\",\"description\":\"TWIN\u00ae Pollux DESCRIPCI\u00d3N El cuchillo para carne con mango curvo ergon\u00f3mico es un instrumento de cocina vers\u00e1til. Con su larga y afilada hoja, es adecuada\",\"breadcrumb\":{\"@id\":\"https:\/\/www.erresse-shop.it\/es\/shop\/cocina\/cuchillos\/cuchillos-de-cocina\/zwilling-cuchillo-para-carne-twin-pollux-20cm\/#breadcrumb\"},\"inLanguage\":\"es\",\"potentialAction\":[{\"@type\":\"ReadAction\",\"target\":[\"https:\/\/www.erresse-shop.it\/es\/shop\/cocina\/cuchillos\/cuchillos-de-cocina\/zwilling-cuchillo-para-carne-twin-pollux-20cm\/\"]}]},{\"@type\":\"BreadcrumbList\",\"@id\":\"https:\/\/www.erresse-shop.it\/es\/shop\/cocina\/cuchillos\/cuchillos-de-cocina\/zwilling-cuchillo-para-carne-twin-pollux-20cm\/#breadcrumb\",\"itemListElement\":[{\"@type\":\"ListItem\",\"position\":1,\"name\":\"Home\",\"item\":\"https:\/\/www.erresse-shop.it\/es\/\"},{\"@type\":\"ListItem\",\"position\":2,\"name\":\"Shop\",\"item\":\"https:\/\/www.erresse-shop.it\/es\/shop\/\"},{\"@type\":\"ListItem\",\"position\":3,\"name\":\"ZWILLING Cuchillo para Carne Twin\u00ae Pollux 20cm\"}]},{\"@type\":\"WebSite\",\"@id\":\"https:\/\/www.erresse-shop.it\/es\/#website\",\"url\":\"https:\/\/www.erresse-shop.it\/es\/\",\"name\":\"Erresse Shop\",\"description\":\"Articoli di qualit\u00e0 per la casa\",\"potentialAction\":[{\"@type\":\"SearchAction\",\"target\":{\"@type\":\"EntryPoint\",\"urlTemplate\":\"https:\/\/www.erresse-shop.it\/es\/?s={search_term_string}\"},\"query-input\":\"required name=search_term_string\"}],\"inLanguage\":\"es\"}]}<\/script>\n<!-- \/ Yoast SEO Premium plugin. -->","yoast_head_json":{"title":"ZWILLING Cuchillo para Carne Twin\u00ae Pollux 20cm - Erresse Shop","description":"TWIN\u00ae Pollux DESCRIPCI\u00d3N El cuchillo para carne con mango curvo ergon\u00f3mico es un instrumento de cocina vers\u00e1til. Con su larga y afilada hoja, es adecuada","robots":{"index":"index","follow":"follow","max-snippet":"max-snippet:-1","max-image-preview":"max-image-preview:large","max-video-preview":"max-video-preview:-1"},"canonical":"https:\/\/www.erresse-shop.it\/es\/shop\/cocina\/cuchillos\/cuchillos-de-cocina\/zwilling-cuchillo-para-carne-twin-pollux-20cm\/","og_locale":"es_ES","og_type":"article","og_title":"ZWILLING Cuchillo para Carne Twin\u00ae Pollux 20cm","og_description":"TWIN\u00ae Pollux DESCRIPCI\u00d3N El cuchillo para carne con mango curvo ergon\u00f3mico es un instrumento de cocina vers\u00e1til. Con su larga y afilada hoja, es adecuada","og_url":"https:\/\/www.erresse-shop.it\/es\/shop\/cocina\/cuchillos\/cuchillos-de-cocina\/zwilling-cuchillo-para-carne-twin-pollux-20cm\/","og_site_name":"Erresse Shop","article_modified_time":"2021-12-22T15:53:02+00:00","og_image":[{"width":1350,"height":1350,"url":"https:\/\/www.erresse-shop.it\/wp-content\/uploads\/2020\/08\/30720-201-0_2-1-e1597759504275.jpg","type":"image\/jpeg"}],"twitter_card":"summary_large_image","schema":{"@context":"https:\/\/schema.org","@graph":[{"@type":"WebPage","@id":"https:\/\/www.erresse-shop.it\/es\/shop\/cocina\/cuchillos\/cuchillos-de-cocina\/zwilling-cuchillo-para-carne-twin-pollux-20cm\/","url":"https:\/\/www.erresse-shop.it\/es\/shop\/cocina\/cuchillos\/cuchillos-de-cocina\/zwilling-cuchillo-para-carne-twin-pollux-20cm\/","name":"ZWILLING Cuchillo para Carne Twin\u00ae Pollux 20cm - Erresse Shop","isPartOf":{"@id":"https:\/\/www.erresse-shop.it\/es\/#website"},"datePublished":"2020-08-18T13:52:51+00:00","dateModified":"2021-12-22T15:53:02+00:00","description":"TWIN\u00ae Pollux DESCRIPCI\u00d3N El cuchillo para carne con mango curvo ergon\u00f3mico es un instrumento de cocina vers\u00e1til. Con su larga y afilada hoja, es adecuada","breadcrumb":{"@id":"https:\/\/www.erresse-shop.it\/es\/shop\/cocina\/cuchillos\/cuchillos-de-cocina\/zwilling-cuchillo-para-carne-twin-pollux-20cm\/#breadcrumb"},"inLanguage":"es","potentialAction":[{"@type":"ReadAction","target":["https:\/\/www.erresse-shop.it\/es\/shop\/cocina\/cuchillos\/cuchillos-de-cocina\/zwilling-cuchillo-para-carne-twin-pollux-20cm\/"]}]},{"@type":"BreadcrumbList","@id":"https:\/\/www.erresse-shop.it\/es\/shop\/cocina\/cuchillos\/cuchillos-de-cocina\/zwilling-cuchillo-para-carne-twin-pollux-20cm\/#breadcrumb","itemListElement":[{"@type":"ListItem","position":1,"name":"Home","item":"https:\/\/www.erresse-shop.it\/es\/"},{"@type":"ListItem","position":2,"name":"Shop","item":"https:\/\/www.erresse-shop.it\/es\/shop\/"},{"@type":"ListItem","position":3,"name":"ZWILLING Cuchillo para Carne Twin\u00ae Pollux 20cm"}]},{"@type":"WebSite","@id":"https:\/\/www.erresse-shop.it\/es\/#website","url":"https:\/\/www.erresse-shop.it\/es\/","name":"Erresse Shop","description":"Articoli di qualit\u00e0 per la casa","potentialAction":[{"@type":"SearchAction","target":{"@type":"EntryPoint","urlTemplate":"https:\/\/www.erresse-shop.it\/es\/?s={search_term_string}"},"query-input":"required name=search_term_string"}],"inLanguage":"es"}]}},"df_price":37.95,"df_sale_price":37.95,"df_regular_price":54.95,"df_image_link":"https:\/\/www.erresse-shop.it\/wp-content\/uploads\/2020\/08\/30720-201-0_2-1-e1597759504275-300x300.jpg","_links":{"self":[{"href":"https:\/\/www.erresse-shop.it\/es\/wp-json\/wp\/v2\/product\/117477"}],"collection":[{"href":"https:\/\/www.erresse-shop.it\/es\/wp-json\/wp\/v2\/product"}],"about":[{"href":"https:\/\/www.erresse-shop.it\/es\/wp-json\/wp\/v2\/types\/product"}],"wp:featuredmedia":[{"embeddable":true,"href":"https:\/\/www.erresse-shop.it\/es\/wp-json\/wp\/v2\/media\/117479"}],"wp:attachment":[{"href":"https:\/\/www.erresse-shop.it\/es\/wp-json\/wp\/v2\/media?parent=117477"}],"wp:term":[{"taxonomy":"product_cat","embeddable":true,"href":"https:\/\/www.erresse-shop.it\/es\/wp-json\/wp\/v2\/product_cat?post=117477"},{"taxonomy":"product_tag","embeddable":true,"href":"https:\/\/www.erresse-shop.it\/es\/wp-json\/wp\/v2\/product_tag?post=117477"}],"curies":[{"name":"wp","href":"https:\/\/api.w.org\/{rel}","templated":true}]}}