{"id":117461,"date":"2015-03-26T16:25:37","date_gmt":"2015-03-26T16:25:37","guid":{"rendered":"https:\/\/www.erresse-shop.it\/shop\/sin%20categor\u00eda\/zwilling-bloque-de-cuchillos-8-piezas-profesional-s\/"},"modified":"2021-12-22T15:52:48","modified_gmt":"2021-12-22T15:52:48","slug":"zwilling-bloque-de-cuchillos-8-piezas-profesional-s","status":"publish","type":"product","link":"https:\/\/www.erresse-shop.it\/es\/shop\/cocina\/cuchillos\/bloques-de-cuchillos\/zwilling-bloque-de-cuchillos-8-piezas-profesional-s\/","title":{"rendered":"ZWILLING Bloque de Cuchillos 8 Piezas Profesional S"},"content":{"rendered":"<p><strong>Profesional &#8220;S&#8221;<\/strong><\/p>\n<p>Tradicional y cl\u00e1sico. Cocineros de todo el mundo conf\u00edan en la calidad y la tradici\u00f3n de esta serie de cuchillos remachados.<\/p>\n<p>Material del mango: sint\u00e9tico, dise\u00f1o con tres remaches<br \/>\nNo hay interrupci\u00f3n entre el nudo y el mango<br \/>\nProtecci\u00f3n de las manos (nudo)<br \/>\nF\u00f3rmula especial de acero inoxidable Zwilling J.A. Henckels<br \/>\nHoja FRIODUR, endurecida por el hielo<br \/>\nCuchillo SIGMAFORGE &#8211; forjado de una sola pieza<br \/>\nBloque de cuchillos, madera natural 7 piezas &#8211; 230 x 115 x 195 mm<\/p>\n<p>Contiene:<\/p>\n<p>1 cuchillo para pelar de 100 mm<br \/>\n1 Cuchillo de cocinero de 200 mm<br \/>\n1 Cuchillo multiusos de 130 mm<br \/>\n1 Cuchillo para pan de 200 mm<br \/>\n1 Cuchillo para carne de 200 mm<br \/>\n1 Tijeras multiusos de 205 mm<br \/>\n1 Cuchillo de uso general<\/p>\n","protected":false},"excerpt":{"rendered":"<p>Profesional &#8220;S&#8221; Tradicional y cl\u00e1sico. Cocineros de todo el mundo conf\u00edan en la calidad y la tradici\u00f3n de esta serie<\/p>\n","protected":false},"featured_media":39302,"template":"","meta":{"_acf_changed":false,"inline_featured_image":false},"product_cat":[16045,16040,16043],"product_tag":[16162,16509,16510,25264,16511],"acf":[],"yoast_head":"<!-- This site is optimized with the Yoast SEO Premium plugin v18.6 (Yoast SEO v19.13) - https:\/\/yoast.com\/wordpress\/plugins\/seo\/ -->\n<title>ZWILLING Bloque de Cuchillos 8 Piezas Profesional S - Erresse Shop<\/title>\n<meta name=\"description\" content=\"Profesional &quot;S&quot; Tradicional y cl\u00e1sico. Cocineros de todo el mundo conf\u00edan en la calidad y la tradici\u00f3n de esta serie de cuchillos remachados. Material del\" \/>\n<meta name=\"robots\" content=\"index, follow, max-snippet:-1, max-image-preview:large, max-video-preview:-1\" \/>\n<link rel=\"canonical\" href=\"https:\/\/www.erresse-shop.it\/es\/shop\/cocina\/cuchillos\/bloques-de-cuchillos\/zwilling-bloque-de-cuchillos-8-piezas-profesional-s\/\" \/>\n<meta property=\"og:locale\" content=\"es_ES\" \/>\n<meta property=\"og:type\" content=\"article\" \/>\n<meta property=\"og:title\" content=\"ZWILLING Bloque de Cuchillos 8 Piezas Profesional S\" \/>\n<meta property=\"og:description\" content=\"Profesional &quot;S&quot; Tradicional y cl\u00e1sico. Cocineros de todo el mundo conf\u00edan en la calidad y la tradici\u00f3n de esta serie de cuchillos remachados. Material del\" \/>\n<meta property=\"og:url\" content=\"https:\/\/www.erresse-shop.it\/es\/shop\/cocina\/cuchillos\/bloques-de-cuchillos\/zwilling-bloque-de-cuchillos-8-piezas-profesional-s\/\" \/>\n<meta property=\"og:site_name\" content=\"Erresse Shop\" \/>\n<meta property=\"article:modified_time\" content=\"2021-12-22T15:52:48+00:00\" \/>\n<meta name=\"twitter:card\" content=\"summary_large_image\" \/>\n<script type=\"application\/ld+json\" class=\"yoast-schema-graph\">{\"@context\":\"https:\/\/schema.org\",\"@graph\":[{\"@type\":\"WebPage\",\"@id\":\"https:\/\/www.erresse-shop.it\/es\/shop\/cocina\/cuchillos\/bloques-de-cuchillos\/zwilling-bloque-de-cuchillos-8-piezas-profesional-s\/\",\"url\":\"https:\/\/www.erresse-shop.it\/es\/shop\/cocina\/cuchillos\/bloques-de-cuchillos\/zwilling-bloque-de-cuchillos-8-piezas-profesional-s\/\",\"name\":\"ZWILLING Bloque de Cuchillos 8 Piezas Profesional S - Erresse Shop\",\"isPartOf\":{\"@id\":\"https:\/\/www.erresse-shop.it\/es\/#website\"},\"datePublished\":\"2015-03-26T16:25:37+00:00\",\"dateModified\":\"2021-12-22T15:52:48+00:00\",\"description\":\"Profesional \\\"S\\\" Tradicional y cl\u00e1sico. Cocineros de todo el mundo conf\u00edan en la calidad y la tradici\u00f3n de esta serie de cuchillos remachados. Material del\",\"breadcrumb\":{\"@id\":\"https:\/\/www.erresse-shop.it\/es\/shop\/cocina\/cuchillos\/bloques-de-cuchillos\/zwilling-bloque-de-cuchillos-8-piezas-profesional-s\/#breadcrumb\"},\"inLanguage\":\"es\",\"potentialAction\":[{\"@type\":\"ReadAction\",\"target\":[\"https:\/\/www.erresse-shop.it\/es\/shop\/cocina\/cuchillos\/bloques-de-cuchillos\/zwilling-bloque-de-cuchillos-8-piezas-profesional-s\/\"]}]},{\"@type\":\"BreadcrumbList\",\"@id\":\"https:\/\/www.erresse-shop.it\/es\/shop\/cocina\/cuchillos\/bloques-de-cuchillos\/zwilling-bloque-de-cuchillos-8-piezas-profesional-s\/#breadcrumb\",\"itemListElement\":[{\"@type\":\"ListItem\",\"position\":1,\"name\":\"Home\",\"item\":\"https:\/\/www.erresse-shop.it\/es\/\"},{\"@type\":\"ListItem\",\"position\":2,\"name\":\"Shop\",\"item\":\"https:\/\/www.erresse-shop.it\/es\/shop\/\"},{\"@type\":\"ListItem\",\"position\":3,\"name\":\"ZWILLING Bloque de Cuchillos 8 Piezas Profesional S\"}]},{\"@type\":\"WebSite\",\"@id\":\"https:\/\/www.erresse-shop.it\/es\/#website\",\"url\":\"https:\/\/www.erresse-shop.it\/es\/\",\"name\":\"Erresse Shop\",\"description\":\"Articoli di qualit\u00e0 per la casa\",\"potentialAction\":[{\"@type\":\"SearchAction\",\"target\":{\"@type\":\"EntryPoint\",\"urlTemplate\":\"https:\/\/www.erresse-shop.it\/es\/?s={search_term_string}\"},\"query-input\":\"required name=search_term_string\"}],\"inLanguage\":\"es\"}]}<\/script>\n<!-- \/ Yoast SEO Premium plugin. -->","yoast_head_json":{"title":"ZWILLING Bloque de Cuchillos 8 Piezas Profesional S - Erresse Shop","description":"Profesional \"S\" Tradicional y cl\u00e1sico. Cocineros de todo el mundo conf\u00edan en la calidad y la tradici\u00f3n de esta serie de cuchillos remachados. Material del","robots":{"index":"index","follow":"follow","max-snippet":"max-snippet:-1","max-image-preview":"max-image-preview:large","max-video-preview":"max-video-preview:-1"},"canonical":"https:\/\/www.erresse-shop.it\/es\/shop\/cocina\/cuchillos\/bloques-de-cuchillos\/zwilling-bloque-de-cuchillos-8-piezas-profesional-s\/","og_locale":"es_ES","og_type":"article","og_title":"ZWILLING Bloque de Cuchillos 8 Piezas Profesional S","og_description":"Profesional \"S\" Tradicional y cl\u00e1sico. Cocineros de todo el mundo conf\u00edan en la calidad y la tradici\u00f3n de esta serie de cuchillos remachados. Material del","og_url":"https:\/\/www.erresse-shop.it\/es\/shop\/cocina\/cuchillos\/bloques-de-cuchillos\/zwilling-bloque-de-cuchillos-8-piezas-profesional-s\/","og_site_name":"Erresse Shop","article_modified_time":"2021-12-22T15:52:48+00:00","twitter_card":"summary_large_image","schema":{"@context":"https:\/\/schema.org","@graph":[{"@type":"WebPage","@id":"https:\/\/www.erresse-shop.it\/es\/shop\/cocina\/cuchillos\/bloques-de-cuchillos\/zwilling-bloque-de-cuchillos-8-piezas-profesional-s\/","url":"https:\/\/www.erresse-shop.it\/es\/shop\/cocina\/cuchillos\/bloques-de-cuchillos\/zwilling-bloque-de-cuchillos-8-piezas-profesional-s\/","name":"ZWILLING Bloque de Cuchillos 8 Piezas Profesional S - Erresse Shop","isPartOf":{"@id":"https:\/\/www.erresse-shop.it\/es\/#website"},"datePublished":"2015-03-26T16:25:37+00:00","dateModified":"2021-12-22T15:52:48+00:00","description":"Profesional \"S\" Tradicional y cl\u00e1sico. Cocineros de todo el mundo conf\u00edan en la calidad y la tradici\u00f3n de esta serie de cuchillos remachados. Material del","breadcrumb":{"@id":"https:\/\/www.erresse-shop.it\/es\/shop\/cocina\/cuchillos\/bloques-de-cuchillos\/zwilling-bloque-de-cuchillos-8-piezas-profesional-s\/#breadcrumb"},"inLanguage":"es","potentialAction":[{"@type":"ReadAction","target":["https:\/\/www.erresse-shop.it\/es\/shop\/cocina\/cuchillos\/bloques-de-cuchillos\/zwilling-bloque-de-cuchillos-8-piezas-profesional-s\/"]}]},{"@type":"BreadcrumbList","@id":"https:\/\/www.erresse-shop.it\/es\/shop\/cocina\/cuchillos\/bloques-de-cuchillos\/zwilling-bloque-de-cuchillos-8-piezas-profesional-s\/#breadcrumb","itemListElement":[{"@type":"ListItem","position":1,"name":"Home","item":"https:\/\/www.erresse-shop.it\/es\/"},{"@type":"ListItem","position":2,"name":"Shop","item":"https:\/\/www.erresse-shop.it\/es\/shop\/"},{"@type":"ListItem","position":3,"name":"ZWILLING Bloque de Cuchillos 8 Piezas Profesional S"}]},{"@type":"WebSite","@id":"https:\/\/www.erresse-shop.it\/es\/#website","url":"https:\/\/www.erresse-shop.it\/es\/","name":"Erresse Shop","description":"Articoli di qualit\u00e0 per la casa","potentialAction":[{"@type":"SearchAction","target":{"@type":"EntryPoint","urlTemplate":"https:\/\/www.erresse-shop.it\/es\/?s={search_term_string}"},"query-input":"required name=search_term_string"}],"inLanguage":"es"}]}},"df_price":217.5,"df_sale_price":217.5,"df_regular_price":429,"df_image_link":"https:\/\/www.erresse-shop.it\/wp-content\/uploads\/2015\/03\/35662-000_-300x300.jpg","_links":{"self":[{"href":"https:\/\/www.erresse-shop.it\/es\/wp-json\/wp\/v2\/product\/117461"}],"collection":[{"href":"https:\/\/www.erresse-shop.it\/es\/wp-json\/wp\/v2\/product"}],"about":[{"href":"https:\/\/www.erresse-shop.it\/es\/wp-json\/wp\/v2\/types\/product"}],"wp:featuredmedia":[{"embeddable":true,"href":"https:\/\/www.erresse-shop.it\/es\/wp-json\/wp\/v2\/media\/39302"}],"wp:attachment":[{"href":"https:\/\/www.erresse-shop.it\/es\/wp-json\/wp\/v2\/media?parent=117461"}],"wp:term":[{"taxonomy":"product_cat","embeddable":true,"href":"https:\/\/www.erresse-shop.it\/es\/wp-json\/wp\/v2\/product_cat?post=117461"},{"taxonomy":"product_tag","embeddable":true,"href":"https:\/\/www.erresse-shop.it\/es\/wp-json\/wp\/v2\/product_tag?post=117461"}],"curies":[{"name":"wp","href":"https:\/\/api.w.org\/{rel}","templated":true}]}}