{"id":117390,"date":"2012-11-08T18:06:48","date_gmt":"2012-11-08T18:06:48","guid":{"rendered":"https:\/\/www.erresse-shop.it\/shop\/sin%20categor\u00eda\/zwilling-cuchillo-para-pelar-professional-s\/"},"modified":"2023-07-08T00:19:01","modified_gmt":"2023-07-08T00:19:01","slug":"zwilling-cuchillo-para-pelar-professional-s","status":"publish","type":"product","link":"https:\/\/www.erresse-shop.it\/es\/shop\/cocina\/cuchillos\/cuchillos-de-cocina\/zwilling-cuchillo-para-pelar-professional-s\/","title":{"rendered":"ZWILLING Cuchillo para Pelar Professional S"},"content":{"rendered":"<p><strong>PROFESIONAL &#8220;S&#8221;<\/strong><br \/>\nUn cl\u00e1sico de la cocina profesional.<\/p>\n<p><strong>TRADICIONAL Y CL\u00c1SICO<\/strong><br \/>\nLos chefs profesionales de todo el mundo conf\u00edan en la calidad y la tradici\u00f3n de esta serie de cuchillos remachados. La solidez de todo el acero y la elaboraci\u00f3n sin fisuras crean un excelente equilibrio y un manejo seguro.<\/p>\n<p><strong>&#8211; CALIDAD:<\/strong><br \/>\nLa composici\u00f3n \u00fanica del acero ZWILLING J.A. HENCKELS representa el equilibrio perfecto entre el contenido de cromo y carbono &#8211; el secreto de un acero de primera clase. Los cuchillos que llevan la marca FRIODUR son el producto de un tratamiento especial de endurecimiento criog\u00e9nico que mejora su calidad. Conservan extraordinariamente bien su filo, son especialmente resistentes a la corrosi\u00f3n y flexibles.<\/p>\n<p><strong>&#8211; FUNCIONALIDAD:<\/strong><br \/>\nEl nudo asegura el equilibrio correcto, tambi\u00e9n act\u00faa como protecci\u00f3n para los dedos, evitando que se deslicen del mango a la hoja.<\/p>\n<p><strong>&#8211; PRECISI\u00d3N:<\/strong><br \/>\nLos cuchillos de la marca SIGMAFORGE se obtienen mediante un forjado de precisi\u00f3n a partir de una sola pieza de acero, para conseguir una geometr\u00eda perfecta. Un requisito fundamental para un afilado de precisi\u00f3n y las mejores propiedades de corte.<\/p>\n<p><strong>&#8211; LA MANEJABILIDAD:<\/strong><br \/>\nLa continuidad de las l\u00edneas entre el nudo y el mango garantiza la m\u00e1xima manipulaci\u00f3n.<\/p>\n<p><strong>&#8211; FUERZA:<\/strong><br \/>\nUn cl\u00e1sico de la cocina profesional. El dise\u00f1o de 3 remaches con espiga sin fisuras es sin\u00f3nimo de equilibrio perfecto.<\/p>\n<p>Es un cuchillo muy vers\u00e1til de tama\u00f1o medio. Es adecuado para pelar, cortar, mechar y adornar.<\/p>\n","protected":false},"excerpt":{"rendered":"<p>PROFESIONAL &#8220;S&#8221; Un cl\u00e1sico de la cocina profesional. TRADICIONAL Y CL\u00c1SICO Los chefs profesionales de todo el mundo conf\u00edan en<\/p>\n","protected":false},"featured_media":117392,"template":"","meta":{"_acf_changed":false,"inline_featured_image":false},"product_cat":[16040,16043,16047],"product_tag":[16162,16432,16528,16510,25264,16511],"acf":[],"yoast_head":"<!-- This site is optimized with the Yoast SEO Premium plugin v18.6 (Yoast SEO v19.13) - https:\/\/yoast.com\/wordpress\/plugins\/seo\/ -->\n<title>ZWILLING Cuchillo para Pelar Professional S - Erresse Shop<\/title>\n<meta name=\"description\" content=\"PROFESIONAL &quot;S&quot; Un cl\u00e1sico de la cocina profesional. TRADICIONAL Y CL\u00c1SICO Los chefs profesionales de todo el mundo conf\u00edan en la calidad y la tradici\u00f3n\" \/>\n<meta name=\"robots\" content=\"index, follow, max-snippet:-1, max-image-preview:large, max-video-preview:-1\" \/>\n<link rel=\"canonical\" href=\"https:\/\/www.erresse-shop.it\/es\/shop\/cocina\/cuchillos\/cuchillos-de-cocina\/zwilling-cuchillo-para-pelar-professional-s\/\" \/>\n<meta property=\"og:locale\" content=\"es_ES\" \/>\n<meta property=\"og:type\" content=\"article\" \/>\n<meta property=\"og:title\" content=\"ZWILLING Cuchillo para Pelar Professional S\" \/>\n<meta property=\"og:description\" content=\"PROFESIONAL &quot;S&quot; Un cl\u00e1sico de la cocina profesional. TRADICIONAL Y CL\u00c1SICO Los chefs profesionales de todo el mundo conf\u00edan en la calidad y la tradici\u00f3n\" \/>\n<meta property=\"og:url\" content=\"https:\/\/www.erresse-shop.it\/es\/shop\/cocina\/cuchillos\/cuchillos-de-cocina\/zwilling-cuchillo-para-pelar-professional-s\/\" \/>\n<meta property=\"og:site_name\" content=\"Erresse Shop\" \/>\n<meta property=\"article:modified_time\" content=\"2023-07-08T00:19:01+00:00\" \/>\n<meta property=\"og:image\" content=\"https:\/\/www.erresse-shop.it\/wp-content\/uploads\/2012\/11\/31020-101-coltello-spelucchino.jpg\" \/>\n\t<meta property=\"og:image:width\" content=\"600\" \/>\n\t<meta property=\"og:image:height\" content=\"600\" \/>\n\t<meta property=\"og:image:type\" content=\"image\/jpeg\" \/>\n<meta name=\"twitter:card\" content=\"summary_large_image\" \/>\n<script type=\"application\/ld+json\" class=\"yoast-schema-graph\">{\"@context\":\"https:\/\/schema.org\",\"@graph\":[{\"@type\":\"WebPage\",\"@id\":\"https:\/\/www.erresse-shop.it\/es\/shop\/cocina\/cuchillos\/cuchillos-de-cocina\/zwilling-cuchillo-para-pelar-professional-s\/\",\"url\":\"https:\/\/www.erresse-shop.it\/es\/shop\/cocina\/cuchillos\/cuchillos-de-cocina\/zwilling-cuchillo-para-pelar-professional-s\/\",\"name\":\"ZWILLING Cuchillo para Pelar Professional S - Erresse Shop\",\"isPartOf\":{\"@id\":\"https:\/\/www.erresse-shop.it\/es\/#website\"},\"datePublished\":\"2012-11-08T18:06:48+00:00\",\"dateModified\":\"2023-07-08T00:19:01+00:00\",\"description\":\"PROFESIONAL \\\"S\\\" Un cl\u00e1sico de la cocina profesional. TRADICIONAL Y CL\u00c1SICO Los chefs profesionales de todo el mundo conf\u00edan en la calidad y la tradici\u00f3n\",\"breadcrumb\":{\"@id\":\"https:\/\/www.erresse-shop.it\/es\/shop\/cocina\/cuchillos\/cuchillos-de-cocina\/zwilling-cuchillo-para-pelar-professional-s\/#breadcrumb\"},\"inLanguage\":\"es\",\"potentialAction\":[{\"@type\":\"ReadAction\",\"target\":[\"https:\/\/www.erresse-shop.it\/es\/shop\/cocina\/cuchillos\/cuchillos-de-cocina\/zwilling-cuchillo-para-pelar-professional-s\/\"]}]},{\"@type\":\"BreadcrumbList\",\"@id\":\"https:\/\/www.erresse-shop.it\/es\/shop\/cocina\/cuchillos\/cuchillos-de-cocina\/zwilling-cuchillo-para-pelar-professional-s\/#breadcrumb\",\"itemListElement\":[{\"@type\":\"ListItem\",\"position\":1,\"name\":\"Home\",\"item\":\"https:\/\/www.erresse-shop.it\/es\/\"},{\"@type\":\"ListItem\",\"position\":2,\"name\":\"Shop\",\"item\":\"https:\/\/www.erresse-shop.it\/es\/shop\/\"},{\"@type\":\"ListItem\",\"position\":3,\"name\":\"ZWILLING Cuchillo para Pelar Professional S\"}]},{\"@type\":\"WebSite\",\"@id\":\"https:\/\/www.erresse-shop.it\/es\/#website\",\"url\":\"https:\/\/www.erresse-shop.it\/es\/\",\"name\":\"Erresse Shop\",\"description\":\"Articoli di qualit\u00e0 per la casa\",\"potentialAction\":[{\"@type\":\"SearchAction\",\"target\":{\"@type\":\"EntryPoint\",\"urlTemplate\":\"https:\/\/www.erresse-shop.it\/es\/?s={search_term_string}\"},\"query-input\":\"required name=search_term_string\"}],\"inLanguage\":\"es\"}]}<\/script>\n<!-- \/ Yoast SEO Premium plugin. -->","yoast_head_json":{"title":"ZWILLING Cuchillo para Pelar Professional S - Erresse Shop","description":"PROFESIONAL \"S\" Un cl\u00e1sico de la cocina profesional. TRADICIONAL Y CL\u00c1SICO Los chefs profesionales de todo el mundo conf\u00edan en la calidad y la tradici\u00f3n","robots":{"index":"index","follow":"follow","max-snippet":"max-snippet:-1","max-image-preview":"max-image-preview:large","max-video-preview":"max-video-preview:-1"},"canonical":"https:\/\/www.erresse-shop.it\/es\/shop\/cocina\/cuchillos\/cuchillos-de-cocina\/zwilling-cuchillo-para-pelar-professional-s\/","og_locale":"es_ES","og_type":"article","og_title":"ZWILLING Cuchillo para Pelar Professional S","og_description":"PROFESIONAL \"S\" Un cl\u00e1sico de la cocina profesional. TRADICIONAL Y CL\u00c1SICO Los chefs profesionales de todo el mundo conf\u00edan en la calidad y la tradici\u00f3n","og_url":"https:\/\/www.erresse-shop.it\/es\/shop\/cocina\/cuchillos\/cuchillos-de-cocina\/zwilling-cuchillo-para-pelar-professional-s\/","og_site_name":"Erresse Shop","article_modified_time":"2023-07-08T00:19:01+00:00","og_image":[{"width":600,"height":600,"url":"https:\/\/www.erresse-shop.it\/wp-content\/uploads\/2012\/11\/31020-101-coltello-spelucchino.jpg","type":"image\/jpeg"}],"twitter_card":"summary_large_image","schema":{"@context":"https:\/\/schema.org","@graph":[{"@type":"WebPage","@id":"https:\/\/www.erresse-shop.it\/es\/shop\/cocina\/cuchillos\/cuchillos-de-cocina\/zwilling-cuchillo-para-pelar-professional-s\/","url":"https:\/\/www.erresse-shop.it\/es\/shop\/cocina\/cuchillos\/cuchillos-de-cocina\/zwilling-cuchillo-para-pelar-professional-s\/","name":"ZWILLING Cuchillo para Pelar Professional S - Erresse Shop","isPartOf":{"@id":"https:\/\/www.erresse-shop.it\/es\/#website"},"datePublished":"2012-11-08T18:06:48+00:00","dateModified":"2023-07-08T00:19:01+00:00","description":"PROFESIONAL \"S\" Un cl\u00e1sico de la cocina profesional. TRADICIONAL Y CL\u00c1SICO Los chefs profesionales de todo el mundo conf\u00edan en la calidad y la tradici\u00f3n","breadcrumb":{"@id":"https:\/\/www.erresse-shop.it\/es\/shop\/cocina\/cuchillos\/cuchillos-de-cocina\/zwilling-cuchillo-para-pelar-professional-s\/#breadcrumb"},"inLanguage":"es","potentialAction":[{"@type":"ReadAction","target":["https:\/\/www.erresse-shop.it\/es\/shop\/cocina\/cuchillos\/cuchillos-de-cocina\/zwilling-cuchillo-para-pelar-professional-s\/"]}]},{"@type":"BreadcrumbList","@id":"https:\/\/www.erresse-shop.it\/es\/shop\/cocina\/cuchillos\/cuchillos-de-cocina\/zwilling-cuchillo-para-pelar-professional-s\/#breadcrumb","itemListElement":[{"@type":"ListItem","position":1,"name":"Home","item":"https:\/\/www.erresse-shop.it\/es\/"},{"@type":"ListItem","position":2,"name":"Shop","item":"https:\/\/www.erresse-shop.it\/es\/shop\/"},{"@type":"ListItem","position":3,"name":"ZWILLING Cuchillo para Pelar Professional S"}]},{"@type":"WebSite","@id":"https:\/\/www.erresse-shop.it\/es\/#website","url":"https:\/\/www.erresse-shop.it\/es\/","name":"Erresse Shop","description":"Articoli di qualit\u00e0 per la casa","potentialAction":[{"@type":"SearchAction","target":{"@type":"EntryPoint","urlTemplate":"https:\/\/www.erresse-shop.it\/es\/?s={search_term_string}"},"query-input":"required name=search_term_string"}],"inLanguage":"es"}]}},"df_price":31.475,"df_sale_price":31.475,"df_regular_price":62.95,"df_image_link":"https:\/\/www.erresse-shop.it\/wp-content\/uploads\/2012\/11\/31020-101-coltello-spelucchino-300x300.jpg","_links":{"self":[{"href":"https:\/\/www.erresse-shop.it\/es\/wp-json\/wp\/v2\/product\/117390"}],"collection":[{"href":"https:\/\/www.erresse-shop.it\/es\/wp-json\/wp\/v2\/product"}],"about":[{"href":"https:\/\/www.erresse-shop.it\/es\/wp-json\/wp\/v2\/types\/product"}],"wp:featuredmedia":[{"embeddable":true,"href":"https:\/\/www.erresse-shop.it\/es\/wp-json\/wp\/v2\/media\/117392"}],"wp:attachment":[{"href":"https:\/\/www.erresse-shop.it\/es\/wp-json\/wp\/v2\/media?parent=117390"}],"wp:term":[{"taxonomy":"product_cat","embeddable":true,"href":"https:\/\/www.erresse-shop.it\/es\/wp-json\/wp\/v2\/product_cat?post=117390"},{"taxonomy":"product_tag","embeddable":true,"href":"https:\/\/www.erresse-shop.it\/es\/wp-json\/wp\/v2\/product_tag?post=117390"}],"curies":[{"name":"wp","href":"https:\/\/api.w.org\/{rel}","templated":true}]}}