{"id":117203,"date":"2018-10-17T10:35:52","date_gmt":"2018-10-17T10:35:52","guid":{"rendered":"https:\/\/www.erresse-shop.it\/shop\/sin%20categor\u00eda\/giannini-cafetera-giannina-9-6-tazas\/"},"modified":"2021-12-22T15:50:57","modified_gmt":"2021-12-22T15:50:57","slug":"giannini-cafetera-giannina-9-6-tazas","status":"publish","type":"product","link":"https:\/\/www.erresse-shop.it\/es\/shop\/cocina\/cafeteras\/giannini-cafetera-giannina-9-6-tazas\/","title":{"rendered":"GIANNINI Cafetera Giannina 9\/6 Tazas"},"content":{"rendered":"<p>El producto estrella de nuestra empresa, fue creado en 1968 por Carlo Giannini, que dise\u00f1\u00f3 cada parte, perfeccionando \u00e9l mismo los componentes y el proceso de producci\u00f3n.<br \/>\nGiannina sigue manteniendo un dise\u00f1o eficaz y atractivo y un rendimiento de muy alta calidad.<\/p>\n<p>Fabricaci\u00f3n \u00edntegramente en acero inoxidable pulido a espejo.<br \/>\nDise\u00f1o original desde 1968.<br \/>\nCierre a presi\u00f3n gracias a la rotaci\u00f3n del asa que se engancha directamente en la parte inferior de la cafetera.<br \/>\nGracias al reductor de filtro incluido puedes preparar dos cantidades diferentes de caf\u00e9.<br \/>\nPuede utilizarse en placas de inducci\u00f3n, excepto el modelo de 1 taza.<br \/>\nFabricaci\u00f3n artesanal en Italia.<br \/>\nCaldera con cierre sin rosca, con patente Giannini.<\/p>\n<p>Capacidad de nueve tazas (completa con reductor de seis tazas).<\/p>\n","protected":false},"excerpt":{"rendered":"<p>El producto estrella de nuestra empresa, fue creado en 1968 por Carlo Giannini, que dise\u00f1\u00f3 cada parte, perfeccionando \u00e9l mismo<\/p>\n","protected":false},"featured_media":374322,"template":"","meta":{"_acf_changed":false,"inline_featured_image":false},"product_cat":[16042,16040],"product_tag":[25029,23986,16486,23574,24399,24417,16488,23985,16158,16307,16487,25023],"acf":[],"yoast_head":"<!-- This site is optimized with the Yoast SEO Premium plugin v18.6 (Yoast SEO v19.13) - https:\/\/yoast.com\/wordpress\/plugins\/seo\/ -->\n<title>GIANNINI Cafetera Giannina 9\/6 Tazas - Erresse Shop<\/title>\n<meta name=\"description\" content=\"El producto estrella de nuestra empresa, fue creado en 1968 por Carlo Giannini, que dise\u00f1\u00f3 cada parte, perfeccionando \u00e9l mismo los componentes y el\" \/>\n<meta name=\"robots\" content=\"index, follow, max-snippet:-1, max-image-preview:large, max-video-preview:-1\" \/>\n<link rel=\"canonical\" href=\"https:\/\/www.erresse-shop.it\/es\/shop\/cocina\/cafeteras\/giannini-cafetera-giannina-9-6-tazas\/\" \/>\n<meta property=\"og:locale\" content=\"es_ES\" \/>\n<meta property=\"og:type\" content=\"article\" \/>\n<meta property=\"og:title\" content=\"GIANNINI Cafetera Giannina 9\/6 Tazas\" \/>\n<meta property=\"og:description\" content=\"El producto estrella de nuestra empresa, fue creado en 1968 por Carlo Giannini, que dise\u00f1\u00f3 cada parte, perfeccionando \u00e9l mismo los componentes y el\" \/>\n<meta property=\"og:url\" content=\"https:\/\/www.erresse-shop.it\/es\/shop\/cocina\/cafeteras\/giannini-cafetera-giannina-9-6-tazas\/\" \/>\n<meta property=\"og:site_name\" content=\"Erresse Shop\" \/>\n<meta property=\"article:modified_time\" content=\"2021-12-22T15:50:57+00:00\" \/>\n<meta property=\"og:image\" content=\"https:\/\/www.erresse-shop.it\/wp-content\/uploads\/2018\/10\/GIANNINI-Caffettiera-Giannina-9-6-tazze.jpg\" \/>\n\t<meta property=\"og:image:width\" content=\"800\" \/>\n\t<meta property=\"og:image:height\" content=\"800\" \/>\n\t<meta property=\"og:image:type\" content=\"image\/jpeg\" \/>\n<meta name=\"twitter:card\" content=\"summary_large_image\" \/>\n<script type=\"application\/ld+json\" class=\"yoast-schema-graph\">{\"@context\":\"https:\/\/schema.org\",\"@graph\":[{\"@type\":\"WebPage\",\"@id\":\"https:\/\/www.erresse-shop.it\/es\/shop\/cocina\/cafeteras\/giannini-cafetera-giannina-9-6-tazas\/\",\"url\":\"https:\/\/www.erresse-shop.it\/es\/shop\/cocina\/cafeteras\/giannini-cafetera-giannina-9-6-tazas\/\",\"name\":\"GIANNINI Cafetera Giannina 9\/6 Tazas - Erresse Shop\",\"isPartOf\":{\"@id\":\"https:\/\/www.erresse-shop.it\/es\/#website\"},\"datePublished\":\"2018-10-17T10:35:52+00:00\",\"dateModified\":\"2021-12-22T15:50:57+00:00\",\"description\":\"El producto estrella de nuestra empresa, fue creado en 1968 por Carlo Giannini, que dise\u00f1\u00f3 cada parte, perfeccionando \u00e9l mismo los componentes y el\",\"breadcrumb\":{\"@id\":\"https:\/\/www.erresse-shop.it\/es\/shop\/cocina\/cafeteras\/giannini-cafetera-giannina-9-6-tazas\/#breadcrumb\"},\"inLanguage\":\"es\",\"potentialAction\":[{\"@type\":\"ReadAction\",\"target\":[\"https:\/\/www.erresse-shop.it\/es\/shop\/cocina\/cafeteras\/giannini-cafetera-giannina-9-6-tazas\/\"]}]},{\"@type\":\"BreadcrumbList\",\"@id\":\"https:\/\/www.erresse-shop.it\/es\/shop\/cocina\/cafeteras\/giannini-cafetera-giannina-9-6-tazas\/#breadcrumb\",\"itemListElement\":[{\"@type\":\"ListItem\",\"position\":1,\"name\":\"Home\",\"item\":\"https:\/\/www.erresse-shop.it\/es\/\"},{\"@type\":\"ListItem\",\"position\":2,\"name\":\"Shop\",\"item\":\"https:\/\/www.erresse-shop.it\/es\/shop\/\"},{\"@type\":\"ListItem\",\"position\":3,\"name\":\"GIANNINI Cafetera Giannina 9\/6 Tazas\"}]},{\"@type\":\"WebSite\",\"@id\":\"https:\/\/www.erresse-shop.it\/es\/#website\",\"url\":\"https:\/\/www.erresse-shop.it\/es\/\",\"name\":\"Erresse Shop\",\"description\":\"Articoli di qualit\u00e0 per la casa\",\"potentialAction\":[{\"@type\":\"SearchAction\",\"target\":{\"@type\":\"EntryPoint\",\"urlTemplate\":\"https:\/\/www.erresse-shop.it\/es\/?s={search_term_string}\"},\"query-input\":\"required name=search_term_string\"}],\"inLanguage\":\"es\"}]}<\/script>\n<!-- \/ Yoast SEO Premium plugin. -->","yoast_head_json":{"title":"GIANNINI Cafetera Giannina 9\/6 Tazas - Erresse Shop","description":"El producto estrella de nuestra empresa, fue creado en 1968 por Carlo Giannini, que dise\u00f1\u00f3 cada parte, perfeccionando \u00e9l mismo los componentes y el","robots":{"index":"index","follow":"follow","max-snippet":"max-snippet:-1","max-image-preview":"max-image-preview:large","max-video-preview":"max-video-preview:-1"},"canonical":"https:\/\/www.erresse-shop.it\/es\/shop\/cocina\/cafeteras\/giannini-cafetera-giannina-9-6-tazas\/","og_locale":"es_ES","og_type":"article","og_title":"GIANNINI Cafetera Giannina 9\/6 Tazas","og_description":"El producto estrella de nuestra empresa, fue creado en 1968 por Carlo Giannini, que dise\u00f1\u00f3 cada parte, perfeccionando \u00e9l mismo los componentes y el","og_url":"https:\/\/www.erresse-shop.it\/es\/shop\/cocina\/cafeteras\/giannini-cafetera-giannina-9-6-tazas\/","og_site_name":"Erresse Shop","article_modified_time":"2021-12-22T15:50:57+00:00","og_image":[{"width":800,"height":800,"url":"https:\/\/www.erresse-shop.it\/wp-content\/uploads\/2018\/10\/GIANNINI-Caffettiera-Giannina-9-6-tazze.jpg","type":"image\/jpeg"}],"twitter_card":"summary_large_image","schema":{"@context":"https:\/\/schema.org","@graph":[{"@type":"WebPage","@id":"https:\/\/www.erresse-shop.it\/es\/shop\/cocina\/cafeteras\/giannini-cafetera-giannina-9-6-tazas\/","url":"https:\/\/www.erresse-shop.it\/es\/shop\/cocina\/cafeteras\/giannini-cafetera-giannina-9-6-tazas\/","name":"GIANNINI Cafetera Giannina 9\/6 Tazas - Erresse Shop","isPartOf":{"@id":"https:\/\/www.erresse-shop.it\/es\/#website"},"datePublished":"2018-10-17T10:35:52+00:00","dateModified":"2021-12-22T15:50:57+00:00","description":"El producto estrella de nuestra empresa, fue creado en 1968 por Carlo Giannini, que dise\u00f1\u00f3 cada parte, perfeccionando \u00e9l mismo los componentes y el","breadcrumb":{"@id":"https:\/\/www.erresse-shop.it\/es\/shop\/cocina\/cafeteras\/giannini-cafetera-giannina-9-6-tazas\/#breadcrumb"},"inLanguage":"es","potentialAction":[{"@type":"ReadAction","target":["https:\/\/www.erresse-shop.it\/es\/shop\/cocina\/cafeteras\/giannini-cafetera-giannina-9-6-tazas\/"]}]},{"@type":"BreadcrumbList","@id":"https:\/\/www.erresse-shop.it\/es\/shop\/cocina\/cafeteras\/giannini-cafetera-giannina-9-6-tazas\/#breadcrumb","itemListElement":[{"@type":"ListItem","position":1,"name":"Home","item":"https:\/\/www.erresse-shop.it\/es\/"},{"@type":"ListItem","position":2,"name":"Shop","item":"https:\/\/www.erresse-shop.it\/es\/shop\/"},{"@type":"ListItem","position":3,"name":"GIANNINI Cafetera Giannina 9\/6 Tazas"}]},{"@type":"WebSite","@id":"https:\/\/www.erresse-shop.it\/es\/#website","url":"https:\/\/www.erresse-shop.it\/es\/","name":"Erresse Shop","description":"Articoli di qualit\u00e0 per la casa","potentialAction":[{"@type":"SearchAction","target":{"@type":"EntryPoint","urlTemplate":"https:\/\/www.erresse-shop.it\/es\/?s={search_term_string}"},"query-input":"required name=search_term_string"}],"inLanguage":"es"}]}},"df_price":184,"df_sale_price":184,"df_regular_price":184,"df_image_link":"https:\/\/www.erresse-shop.it\/wp-content\/uploads\/2018\/10\/GIANNINI-Caffettiera-Giannina-9-6-tazze-300x300.jpg","_links":{"self":[{"href":"https:\/\/www.erresse-shop.it\/es\/wp-json\/wp\/v2\/product\/117203"}],"collection":[{"href":"https:\/\/www.erresse-shop.it\/es\/wp-json\/wp\/v2\/product"}],"about":[{"href":"https:\/\/www.erresse-shop.it\/es\/wp-json\/wp\/v2\/types\/product"}],"wp:featuredmedia":[{"embeddable":true,"href":"https:\/\/www.erresse-shop.it\/es\/wp-json\/wp\/v2\/media\/374322"}],"wp:attachment":[{"href":"https:\/\/www.erresse-shop.it\/es\/wp-json\/wp\/v2\/media?parent=117203"}],"wp:term":[{"taxonomy":"product_cat","embeddable":true,"href":"https:\/\/www.erresse-shop.it\/es\/wp-json\/wp\/v2\/product_cat?post=117203"},{"taxonomy":"product_tag","embeddable":true,"href":"https:\/\/www.erresse-shop.it\/es\/wp-json\/wp\/v2\/product_tag?post=117203"}],"curies":[{"name":"wp","href":"https:\/\/api.w.org\/{rel}","templated":true}]}}