{"id":117166,"date":"2012-01-26T17:18:32","date_gmt":"2012-01-26T17:18:32","guid":{"rendered":"https:\/\/www.erresse-shop.it\/shop\/sin%20categor\u00eda\/dualit-tostadora-de-2-rebanadas-newgen\/"},"modified":"2023-03-06T00:00:11","modified_gmt":"2023-03-06T00:00:11","slug":"dualit-tostadora-de-2-rebanadas-newgen","status":"publish","type":"product","link":"https:\/\/www.erresse-shop.it\/es\/shop\/cocina\/dualit-tostadora-de-2-rebanadas-newgen\/","title":{"rendered":"DUALIT Tostadora de 2 Rebanadas &#8220;NewGen&#8221;"},"content":{"rendered":"<p>El dise\u00f1o \u00fanico de las tostadoras Newgen de Dualit ha ganado el premio Good Housekeeping Consumer Awards 2014, otorgado por la Asociaci\u00f3n Nacional de Consumidores del Reino Unido.<\/p>\n<p>Cumple con las directivas CE vigentes<br \/>\nFabricado \u00edntegramente en Gran Breta\u00f1a<br \/>\nSelecci\u00f3n del n\u00famero de tostadas para ahorrar energ\u00eda<br \/>\nBastidor de aluminio y acero inoxidable<br \/>\nM\u00e1xima seguridad el\u00e9ctrica y t\u00e9rmica<br \/>\nElementos calefactores exclusivos ProHeat<br \/>\nFunci\u00f3n de tostado de panecillos y bollos<br \/>\nFunci\u00f3n de descongelaci\u00f3n<br \/>\nExpulsi\u00f3n manual por palanca de las rodajas<br \/>\nTemporizador mec\u00e1nico<br \/>\nLas pinzas para tostar no est\u00e1n incluidas.<\/p>\n<p><strong>GARANT\u00cdA ITALIANA<\/strong><\/p>\n<p><strong><span style=\"text-decoration: underline;\">No se vende fuera de Europa<\/span><\/strong><\/p>\n","protected":false},"excerpt":{"rendered":"<p>El dise\u00f1o \u00fanico de las tostadoras Newgen de Dualit ha ganado el premio Good Housekeeping Consumer Awards 2014, otorgado por<\/p>\n","protected":false},"featured_media":117167,"template":"","meta":{"_acf_changed":false,"inline_featured_image":false},"product_cat":[16040],"product_tag":[24367],"acf":[],"yoast_head":"<!-- This site is optimized with the Yoast SEO Premium plugin v18.6 (Yoast SEO v19.13) - https:\/\/yoast.com\/wordpress\/plugins\/seo\/ -->\n<title>DUALIT Tostadora de 2 Rebanadas &quot;NewGen&quot; - Erresse Shop<\/title>\n<meta name=\"description\" content=\"El dise\u00f1o \u00fanico de las tostadoras Newgen de Dualit ha ganado el premio Good Housekeeping Consumer Awards 2014, otorgado por la Asociaci\u00f3n Nacional de\" \/>\n<meta name=\"robots\" content=\"index, follow, max-snippet:-1, max-image-preview:large, max-video-preview:-1\" \/>\n<link rel=\"canonical\" href=\"https:\/\/www.erresse-shop.it\/es\/shop\/cocina\/dualit-tostadora-de-2-rebanadas-newgen\/\" \/>\n<meta property=\"og:locale\" content=\"es_ES\" \/>\n<meta property=\"og:type\" content=\"article\" \/>\n<meta property=\"og:title\" content=\"DUALIT Tostadora de 2 Rebanadas &quot;NewGen&quot;\" \/>\n<meta property=\"og:description\" content=\"El dise\u00f1o \u00fanico de las tostadoras Newgen de Dualit ha ganado el premio Good Housekeeping Consumer Awards 2014, otorgado por la Asociaci\u00f3n Nacional de\" \/>\n<meta property=\"og:url\" content=\"https:\/\/www.erresse-shop.it\/es\/shop\/cocina\/dualit-tostadora-de-2-rebanadas-newgen\/\" \/>\n<meta property=\"og:site_name\" content=\"Erresse Shop\" \/>\n<meta property=\"article:modified_time\" content=\"2023-03-06T00:00:11+00:00\" \/>\n<meta property=\"og:image\" content=\"https:\/\/www.erresse-shop.it\/wp-content\/uploads\/2015\/01\/products-25235.jpg\" \/>\n\t<meta property=\"og:image:width\" content=\"540\" \/>\n\t<meta property=\"og:image:height\" content=\"540\" \/>\n\t<meta property=\"og:image:type\" content=\"image\/jpeg\" \/>\n<meta name=\"twitter:card\" content=\"summary_large_image\" \/>\n<script type=\"application\/ld+json\" class=\"yoast-schema-graph\">{\"@context\":\"https:\/\/schema.org\",\"@graph\":[{\"@type\":\"WebPage\",\"@id\":\"https:\/\/www.erresse-shop.it\/es\/shop\/cocina\/dualit-tostadora-de-2-rebanadas-newgen\/\",\"url\":\"https:\/\/www.erresse-shop.it\/es\/shop\/cocina\/dualit-tostadora-de-2-rebanadas-newgen\/\",\"name\":\"DUALIT Tostadora de 2 Rebanadas \\\"NewGen\\\" - Erresse Shop\",\"isPartOf\":{\"@id\":\"https:\/\/www.erresse-shop.it\/es\/#website\"},\"datePublished\":\"2012-01-26T17:18:32+00:00\",\"dateModified\":\"2023-03-06T00:00:11+00:00\",\"description\":\"El dise\u00f1o \u00fanico de las tostadoras Newgen de Dualit ha ganado el premio Good Housekeeping Consumer Awards 2014, otorgado por la Asociaci\u00f3n Nacional de\",\"breadcrumb\":{\"@id\":\"https:\/\/www.erresse-shop.it\/es\/shop\/cocina\/dualit-tostadora-de-2-rebanadas-newgen\/#breadcrumb\"},\"inLanguage\":\"es\",\"potentialAction\":[{\"@type\":\"ReadAction\",\"target\":[\"https:\/\/www.erresse-shop.it\/es\/shop\/cocina\/dualit-tostadora-de-2-rebanadas-newgen\/\"]}]},{\"@type\":\"BreadcrumbList\",\"@id\":\"https:\/\/www.erresse-shop.it\/es\/shop\/cocina\/dualit-tostadora-de-2-rebanadas-newgen\/#breadcrumb\",\"itemListElement\":[{\"@type\":\"ListItem\",\"position\":1,\"name\":\"Home\",\"item\":\"https:\/\/www.erresse-shop.it\/es\/\"},{\"@type\":\"ListItem\",\"position\":2,\"name\":\"Shop\",\"item\":\"https:\/\/www.erresse-shop.it\/es\/shop\/\"},{\"@type\":\"ListItem\",\"position\":3,\"name\":\"DUALIT Tostadora de 2 Rebanadas &#8220;NewGen&#8221;\"}]},{\"@type\":\"WebSite\",\"@id\":\"https:\/\/www.erresse-shop.it\/es\/#website\",\"url\":\"https:\/\/www.erresse-shop.it\/es\/\",\"name\":\"Erresse Shop\",\"description\":\"Articoli di qualit\u00e0 per la casa\",\"potentialAction\":[{\"@type\":\"SearchAction\",\"target\":{\"@type\":\"EntryPoint\",\"urlTemplate\":\"https:\/\/www.erresse-shop.it\/es\/?s={search_term_string}\"},\"query-input\":\"required name=search_term_string\"}],\"inLanguage\":\"es\"}]}<\/script>\n<!-- \/ Yoast SEO Premium plugin. -->","yoast_head_json":{"title":"DUALIT Tostadora de 2 Rebanadas \"NewGen\" - Erresse Shop","description":"El dise\u00f1o \u00fanico de las tostadoras Newgen de Dualit ha ganado el premio Good Housekeeping Consumer Awards 2014, otorgado por la Asociaci\u00f3n Nacional de","robots":{"index":"index","follow":"follow","max-snippet":"max-snippet:-1","max-image-preview":"max-image-preview:large","max-video-preview":"max-video-preview:-1"},"canonical":"https:\/\/www.erresse-shop.it\/es\/shop\/cocina\/dualit-tostadora-de-2-rebanadas-newgen\/","og_locale":"es_ES","og_type":"article","og_title":"DUALIT Tostadora de 2 Rebanadas \"NewGen\"","og_description":"El dise\u00f1o \u00fanico de las tostadoras Newgen de Dualit ha ganado el premio Good Housekeeping Consumer Awards 2014, otorgado por la Asociaci\u00f3n Nacional de","og_url":"https:\/\/www.erresse-shop.it\/es\/shop\/cocina\/dualit-tostadora-de-2-rebanadas-newgen\/","og_site_name":"Erresse Shop","article_modified_time":"2023-03-06T00:00:11+00:00","og_image":[{"width":540,"height":540,"url":"https:\/\/www.erresse-shop.it\/wp-content\/uploads\/2015\/01\/products-25235.jpg","type":"image\/jpeg"}],"twitter_card":"summary_large_image","schema":{"@context":"https:\/\/schema.org","@graph":[{"@type":"WebPage","@id":"https:\/\/www.erresse-shop.it\/es\/shop\/cocina\/dualit-tostadora-de-2-rebanadas-newgen\/","url":"https:\/\/www.erresse-shop.it\/es\/shop\/cocina\/dualit-tostadora-de-2-rebanadas-newgen\/","name":"DUALIT Tostadora de 2 Rebanadas \"NewGen\" - Erresse Shop","isPartOf":{"@id":"https:\/\/www.erresse-shop.it\/es\/#website"},"datePublished":"2012-01-26T17:18:32+00:00","dateModified":"2023-03-06T00:00:11+00:00","description":"El dise\u00f1o \u00fanico de las tostadoras Newgen de Dualit ha ganado el premio Good Housekeeping Consumer Awards 2014, otorgado por la Asociaci\u00f3n Nacional de","breadcrumb":{"@id":"https:\/\/www.erresse-shop.it\/es\/shop\/cocina\/dualit-tostadora-de-2-rebanadas-newgen\/#breadcrumb"},"inLanguage":"es","potentialAction":[{"@type":"ReadAction","target":["https:\/\/www.erresse-shop.it\/es\/shop\/cocina\/dualit-tostadora-de-2-rebanadas-newgen\/"]}]},{"@type":"BreadcrumbList","@id":"https:\/\/www.erresse-shop.it\/es\/shop\/cocina\/dualit-tostadora-de-2-rebanadas-newgen\/#breadcrumb","itemListElement":[{"@type":"ListItem","position":1,"name":"Home","item":"https:\/\/www.erresse-shop.it\/es\/"},{"@type":"ListItem","position":2,"name":"Shop","item":"https:\/\/www.erresse-shop.it\/es\/shop\/"},{"@type":"ListItem","position":3,"name":"DUALIT Tostadora de 2 Rebanadas &#8220;NewGen&#8221;"}]},{"@type":"WebSite","@id":"https:\/\/www.erresse-shop.it\/es\/#website","url":"https:\/\/www.erresse-shop.it\/es\/","name":"Erresse Shop","description":"Articoli di qualit\u00e0 per la casa","potentialAction":[{"@type":"SearchAction","target":{"@type":"EntryPoint","urlTemplate":"https:\/\/www.erresse-shop.it\/es\/?s={search_term_string}"},"query-input":"required name=search_term_string"}],"inLanguage":"es"}]}},"df_price":249.95,"df_sale_price":249.95,"df_regular_price":299.9,"df_image_link":"https:\/\/www.erresse-shop.it\/wp-content\/uploads\/2015\/01\/products-25235-300x300.jpg","_links":{"self":[{"href":"https:\/\/www.erresse-shop.it\/es\/wp-json\/wp\/v2\/product\/117166"}],"collection":[{"href":"https:\/\/www.erresse-shop.it\/es\/wp-json\/wp\/v2\/product"}],"about":[{"href":"https:\/\/www.erresse-shop.it\/es\/wp-json\/wp\/v2\/types\/product"}],"wp:featuredmedia":[{"embeddable":true,"href":"https:\/\/www.erresse-shop.it\/es\/wp-json\/wp\/v2\/media\/117167"}],"wp:attachment":[{"href":"https:\/\/www.erresse-shop.it\/es\/wp-json\/wp\/v2\/media?parent=117166"}],"wp:term":[{"taxonomy":"product_cat","embeddable":true,"href":"https:\/\/www.erresse-shop.it\/es\/wp-json\/wp\/v2\/product_cat?post=117166"},{"taxonomy":"product_tag","embeddable":true,"href":"https:\/\/www.erresse-shop.it\/es\/wp-json\/wp\/v2\/product_tag?post=117166"}],"curies":[{"name":"wp","href":"https:\/\/api.w.org\/{rel}","templated":true}]}}