{"id":117145,"date":"2013-03-28T18:49:21","date_gmt":"2013-03-28T18:49:21","guid":{"rendered":"https:\/\/www.erresse-shop.it\/shop\/sin%20categor\u00eda\/demeyere-teppanyaki-grande\/"},"modified":"2021-12-22T15:50:26","modified_gmt":"2021-12-22T15:50:26","slug":"demeyere-teppanyaki-grande","status":"publish","type":"product","link":"https:\/\/www.erresse-shop.it\/es\/shop\/sartenes-y-ollas\/parrillas\/demeyere-teppanyaki-grande\/","title":{"rendered":"DEMEYERE Teppanyaki Grande"},"content":{"rendered":"<p>El cuidado y la precisi\u00f3n en todos los detalles, los materiales de primera calidad, los conocimientos establecidos y la tecnolog\u00eda moderna son los puntos fuertes de Demeyere, una empresa belga fundada en 1946.<\/p>\n<p>Demeyere utiliza la revolucionaria tecnolog\u00eda InductoSeal, que consiste en 7 aleaciones diferentes combinadas con acero inoxidable y cobre y selladas herm\u00e9ticamente en el fondo de la olla. La c\u00e1psula, \u00fanica en el mundo, est\u00e1 soldada al lateral de la olla con una sola capa de acero inoxidable 18\/10. Esta tecnolog\u00eda garantiza una difusi\u00f3n \u00f3ptima del calor a trav\u00e9s de toda la base. Garantiza una superficie t\u00e9rmica un 33% mayor que la de un fondo tradicional. Tambi\u00e9n garantiza que el calor, el aroma y el vapor permanezcan bien dentro de la olla. En definitiva, es la soluci\u00f3n ideal para cocinar al vapor y con o sin agua. La parte soldada proporciona una seguridad adicional en caso de fuerte sobrecalentamiento (incluso hasta 600\u00b0C). Adem\u00e1s, es especialmente higi\u00e9nico, no hay bordes dif\u00edciles de limpiar y el agua, la grasa o la suciedad no pueden penetrar hasta el fondo.<\/p>\n<p>Los trozos grandes de carne o pescado o grandes cantidades de comida se fr\u00eden mejor en un Teppanyaki \/ Plancha. Colocar la placa sobre dos platos en la placa de cocci\u00f3n o en el horno. De este modo, podr\u00e1 preparar deliciosas gambas a la plancha o podr\u00e1 fre\u00edr diferentes filetes, \u00fanicos, verduras, peque\u00f1os bocadillos, etc. Con el m\u00e9todo japon\u00e9s &#8216;teppanyaki&#8217; se pueden preparar tiras de pescado, carne, verduras, simplemente se fr\u00eden con un poco de grasa y poco despu\u00e9s se terminan con un adobo o salsa.<br \/>\nDemeyere ofrece dos tama\u00f1os: un teppanyaki peque\u00f1o, gastronorm 2\/3 (35,4 x 32,5 cm\/13,9 x 12,8 &#8220;) y un teppanyaki grande, gastronorm 1\/1 (53 x 32,5 cm\/20,9&#8221; x 12,8 &#8220;). Tambi\u00e9n es posible dividir la plancha grande en dos zonas de cocci\u00f3n: coloque la plancha en dos placas de cocci\u00f3n (una grande y otra peque\u00f1a) y cambie a diferentes niveles de calor. Fr\u00eda r\u00e1pidamente los ingredientes en la zona caliente y p\u00e1selos a la zona menos caliente para que sigan cocin\u00e1ndose o se mantengan calientes.<br \/>\nLos Teppanyaki \/ Plancha est\u00e1n hechos de material de 7 capas en el borde (4 mm\/0,16 &#8220;) y est\u00e1n acabados con tratamiento de superficie Silvinox. Pueden utilizarse en el horno y en todo tipo de cocinas, incluida la de inducci\u00f3n.<\/p>\n<p>Garant\u00eda de 30 a\u00f1os (10 a\u00f1os para uso profesional).<\/p>\n","protected":false},"excerpt":{"rendered":"<p>El cuidado y la precisi\u00f3n en todos los detalles, los materiales de primera calidad, los conocimientos establecidos y la tecnolog\u00eda<\/p>\n","protected":false},"featured_media":507884,"template":"","meta":{"_acf_changed":false,"inline_featured_image":false},"product_cat":[16060,16058],"product_tag":[16469,16162,16211,16158,17574],"acf":[],"yoast_head":"<!-- This site is optimized with the Yoast SEO Premium plugin v18.6 (Yoast SEO v19.13) - https:\/\/yoast.com\/wordpress\/plugins\/seo\/ -->\n<title>DEMEYERE Teppanyaki Grande - Erresse Shop<\/title>\n<meta name=\"description\" content=\"El cuidado y la precisi\u00f3n en todos los detalles, los materiales de primera calidad, los conocimientos establecidos y la tecnolog\u00eda moderna son los puntos\" \/>\n<meta name=\"robots\" content=\"index, follow, max-snippet:-1, max-image-preview:large, max-video-preview:-1\" \/>\n<link rel=\"canonical\" href=\"https:\/\/www.erresse-shop.it\/es\/shop\/sartenes-y-ollas\/parrillas\/demeyere-teppanyaki-grande\/\" \/>\n<meta property=\"og:locale\" content=\"es_ES\" \/>\n<meta property=\"og:type\" content=\"article\" \/>\n<meta property=\"og:title\" content=\"DEMEYERE Teppanyaki Grande\" \/>\n<meta property=\"og:description\" content=\"El cuidado y la precisi\u00f3n en todos los detalles, los materiales de primera calidad, los conocimientos establecidos y la tecnolog\u00eda moderna son los puntos\" \/>\n<meta property=\"og:url\" content=\"https:\/\/www.erresse-shop.it\/es\/shop\/sartenes-y-ollas\/parrillas\/demeyere-teppanyaki-grande\/\" \/>\n<meta property=\"og:site_name\" content=\"Erresse Shop\" \/>\n<meta property=\"article:modified_time\" content=\"2021-12-22T15:50:26+00:00\" \/>\n<meta property=\"og:image\" content=\"https:\/\/www.erresse-shop.it\/wp-content\/uploads\/2013\/03\/DEMEYERE-Teppanyaki-Grande.png\" \/>\n\t<meta property=\"og:image:width\" content=\"800\" \/>\n\t<meta property=\"og:image:height\" content=\"800\" \/>\n\t<meta property=\"og:image:type\" content=\"image\/png\" \/>\n<meta name=\"twitter:card\" content=\"summary_large_image\" \/>\n<script type=\"application\/ld+json\" class=\"yoast-schema-graph\">{\"@context\":\"https:\/\/schema.org\",\"@graph\":[{\"@type\":\"WebPage\",\"@id\":\"https:\/\/www.erresse-shop.it\/es\/shop\/sartenes-y-ollas\/parrillas\/demeyere-teppanyaki-grande\/\",\"url\":\"https:\/\/www.erresse-shop.it\/es\/shop\/sartenes-y-ollas\/parrillas\/demeyere-teppanyaki-grande\/\",\"name\":\"DEMEYERE Teppanyaki Grande - Erresse Shop\",\"isPartOf\":{\"@id\":\"https:\/\/www.erresse-shop.it\/es\/#website\"},\"datePublished\":\"2013-03-28T18:49:21+00:00\",\"dateModified\":\"2021-12-22T15:50:26+00:00\",\"description\":\"El cuidado y la precisi\u00f3n en todos los detalles, los materiales de primera calidad, los conocimientos establecidos y la tecnolog\u00eda moderna son los puntos\",\"breadcrumb\":{\"@id\":\"https:\/\/www.erresse-shop.it\/es\/shop\/sartenes-y-ollas\/parrillas\/demeyere-teppanyaki-grande\/#breadcrumb\"},\"inLanguage\":\"es\",\"potentialAction\":[{\"@type\":\"ReadAction\",\"target\":[\"https:\/\/www.erresse-shop.it\/es\/shop\/sartenes-y-ollas\/parrillas\/demeyere-teppanyaki-grande\/\"]}]},{\"@type\":\"BreadcrumbList\",\"@id\":\"https:\/\/www.erresse-shop.it\/es\/shop\/sartenes-y-ollas\/parrillas\/demeyere-teppanyaki-grande\/#breadcrumb\",\"itemListElement\":[{\"@type\":\"ListItem\",\"position\":1,\"name\":\"Home\",\"item\":\"https:\/\/www.erresse-shop.it\/es\/\"},{\"@type\":\"ListItem\",\"position\":2,\"name\":\"Shop\",\"item\":\"https:\/\/www.erresse-shop.it\/es\/shop\/\"},{\"@type\":\"ListItem\",\"position\":3,\"name\":\"DEMEYERE Teppanyaki Grande\"}]},{\"@type\":\"WebSite\",\"@id\":\"https:\/\/www.erresse-shop.it\/es\/#website\",\"url\":\"https:\/\/www.erresse-shop.it\/es\/\",\"name\":\"Erresse Shop\",\"description\":\"Articoli di qualit\u00e0 per la casa\",\"potentialAction\":[{\"@type\":\"SearchAction\",\"target\":{\"@type\":\"EntryPoint\",\"urlTemplate\":\"https:\/\/www.erresse-shop.it\/es\/?s={search_term_string}\"},\"query-input\":\"required name=search_term_string\"}],\"inLanguage\":\"es\"}]}<\/script>\n<!-- \/ Yoast SEO Premium plugin. -->","yoast_head_json":{"title":"DEMEYERE Teppanyaki Grande - Erresse Shop","description":"El cuidado y la precisi\u00f3n en todos los detalles, los materiales de primera calidad, los conocimientos establecidos y la tecnolog\u00eda moderna son los puntos","robots":{"index":"index","follow":"follow","max-snippet":"max-snippet:-1","max-image-preview":"max-image-preview:large","max-video-preview":"max-video-preview:-1"},"canonical":"https:\/\/www.erresse-shop.it\/es\/shop\/sartenes-y-ollas\/parrillas\/demeyere-teppanyaki-grande\/","og_locale":"es_ES","og_type":"article","og_title":"DEMEYERE Teppanyaki Grande","og_description":"El cuidado y la precisi\u00f3n en todos los detalles, los materiales de primera calidad, los conocimientos establecidos y la tecnolog\u00eda moderna son los puntos","og_url":"https:\/\/www.erresse-shop.it\/es\/shop\/sartenes-y-ollas\/parrillas\/demeyere-teppanyaki-grande\/","og_site_name":"Erresse Shop","article_modified_time":"2021-12-22T15:50:26+00:00","og_image":[{"width":800,"height":800,"url":"https:\/\/www.erresse-shop.it\/wp-content\/uploads\/2013\/03\/DEMEYERE-Teppanyaki-Grande.png","type":"image\/png"}],"twitter_card":"summary_large_image","schema":{"@context":"https:\/\/schema.org","@graph":[{"@type":"WebPage","@id":"https:\/\/www.erresse-shop.it\/es\/shop\/sartenes-y-ollas\/parrillas\/demeyere-teppanyaki-grande\/","url":"https:\/\/www.erresse-shop.it\/es\/shop\/sartenes-y-ollas\/parrillas\/demeyere-teppanyaki-grande\/","name":"DEMEYERE Teppanyaki Grande - Erresse Shop","isPartOf":{"@id":"https:\/\/www.erresse-shop.it\/es\/#website"},"datePublished":"2013-03-28T18:49:21+00:00","dateModified":"2021-12-22T15:50:26+00:00","description":"El cuidado y la precisi\u00f3n en todos los detalles, los materiales de primera calidad, los conocimientos establecidos y la tecnolog\u00eda moderna son los puntos","breadcrumb":{"@id":"https:\/\/www.erresse-shop.it\/es\/shop\/sartenes-y-ollas\/parrillas\/demeyere-teppanyaki-grande\/#breadcrumb"},"inLanguage":"es","potentialAction":[{"@type":"ReadAction","target":["https:\/\/www.erresse-shop.it\/es\/shop\/sartenes-y-ollas\/parrillas\/demeyere-teppanyaki-grande\/"]}]},{"@type":"BreadcrumbList","@id":"https:\/\/www.erresse-shop.it\/es\/shop\/sartenes-y-ollas\/parrillas\/demeyere-teppanyaki-grande\/#breadcrumb","itemListElement":[{"@type":"ListItem","position":1,"name":"Home","item":"https:\/\/www.erresse-shop.it\/es\/"},{"@type":"ListItem","position":2,"name":"Shop","item":"https:\/\/www.erresse-shop.it\/es\/shop\/"},{"@type":"ListItem","position":3,"name":"DEMEYERE Teppanyaki Grande"}]},{"@type":"WebSite","@id":"https:\/\/www.erresse-shop.it\/es\/#website","url":"https:\/\/www.erresse-shop.it\/es\/","name":"Erresse Shop","description":"Articoli di qualit\u00e0 per la casa","potentialAction":[{"@type":"SearchAction","target":{"@type":"EntryPoint","urlTemplate":"https:\/\/www.erresse-shop.it\/es\/?s={search_term_string}"},"query-input":"required name=search_term_string"}],"inLanguage":"es"}]}},"df_price":399,"df_sale_price":399,"df_regular_price":399,"df_image_link":"https:\/\/www.erresse-shop.it\/wp-content\/uploads\/2013\/03\/DEMEYERE-Teppanyaki-Grande-300x300.jpg","_links":{"self":[{"href":"https:\/\/www.erresse-shop.it\/es\/wp-json\/wp\/v2\/product\/117145"}],"collection":[{"href":"https:\/\/www.erresse-shop.it\/es\/wp-json\/wp\/v2\/product"}],"about":[{"href":"https:\/\/www.erresse-shop.it\/es\/wp-json\/wp\/v2\/types\/product"}],"wp:featuredmedia":[{"embeddable":true,"href":"https:\/\/www.erresse-shop.it\/es\/wp-json\/wp\/v2\/media\/507884"}],"wp:attachment":[{"href":"https:\/\/www.erresse-shop.it\/es\/wp-json\/wp\/v2\/media?parent=117145"}],"wp:term":[{"taxonomy":"product_cat","embeddable":true,"href":"https:\/\/www.erresse-shop.it\/es\/wp-json\/wp\/v2\/product_cat?post=117145"},{"taxonomy":"product_tag","embeddable":true,"href":"https:\/\/www.erresse-shop.it\/es\/wp-json\/wp\/v2\/product_tag?post=117145"}],"curies":[{"name":"wp","href":"https:\/\/api.w.org\/{rel}","templated":true}]}}