{"id":117130,"date":"2013-03-28T19:12:57","date_gmt":"2013-03-28T19:12:57","guid":{"rendered":"https:\/\/www.erresse-shop.it\/shop\/sin%20categor\u00eda\/demeyere-wok-36-cm\/"},"modified":"2023-07-24T00:12:23","modified_gmt":"2023-07-24T00:12:23","slug":"demeyere-wok-36-cm","status":"publish","type":"product","link":"https:\/\/www.erresse-shop.it\/es\/shop\/sartenes-y-ollas\/wok-es\/demeyere-wok-36-cm\/","title":{"rendered":"DEMEYERE Wok 36 cm"},"content":{"rendered":"<p>Demeyere, empresa belga fundada en 1908, presenta la l\u00ednea John Pawson: los mejores materiales existentes moldeados con maestr\u00eda por el famoso dise\u00f1ador John Pawson.<\/p>\n<p>El cuidado y la precisi\u00f3n en todos los detalles, los materiales de primera calidad, el conocimiento consolidado y la tecnolog\u00eda moderna son los puntos fuertes de Demeyere: sus productos son utilizados por chefs de todo el mundo.<\/p>\n<p>El famoso dise\u00f1ador brit\u00e1nico (Driade, Valli&amp;Valli, Armani, etc.) y arquitecto John Pawson ha creado esta nueva l\u00ednea de utensilios de cocina realmente espectaculares. La \u00fanica intenci\u00f3n del artista era encontrar la armon\u00eda entre el hombre, el entorno y el objeto: &#8220;Todo empieza en la cocina. Las casas son el centro de mi trabajo y la cocina es el centro de cada casa.<br \/>\nAs\u00ed es como veo mi trabajo con Demeyere: con el objetivo de enriquecer el lugar m\u00e1s importante de la vivienda con utensilios que combinan la m\u00e1s pura funcionalidad con un excelente dise\u00f1o.&#8221;<\/p>\n<p>Demeyere utiliza la revolucionaria tecnolog\u00eda InductoSeal, que consiste en 7 aleaciones diferentes combinadas con acero inoxidable y cobre y selladas herm\u00e9ticamente en el fondo de la olla. La c\u00e1psula, \u00fanica en el mundo, est\u00e1 soldada al lateral de la olla con una sola capa de acero inoxidable 18\/10. Esta tecnolog\u00eda garantiza una difusi\u00f3n \u00f3ptima del calor a trav\u00e9s de toda la base. Garantiza una superficie de calentamiento un 33% mayor que la de un fondo tradicional. Tambi\u00e9n garantiza que el calor, el aroma y el vapor permanezcan bien dentro de la olla. En definitiva, es la soluci\u00f3n ideal para cocinar al vapor y con o sin agua. La parte soldada proporciona una seguridad adicional en caso de fuerte sobrecalentamiento (incluso hasta 600\u00b0C). Adem\u00e1s, es especialmente higi\u00e9nico, no hay bordes dif\u00edciles de limpiar y el agua, la grasa o la suciedad no pueden penetrar hasta el fondo.<\/p>\n<p>Garant\u00eda de 30 a\u00f1os (10 a\u00f1os para uso profesional).<\/p>\n","protected":false},"excerpt":{"rendered":"<p>Demeyere, empresa belga fundada en 1908, presenta la l\u00ednea John Pawson: los mejores materiales existentes moldeados con maestr\u00eda por el<\/p>\n","protected":false},"featured_media":477674,"template":"","meta":{"_acf_changed":false,"inline_featured_image":false},"product_cat":[16058,16062],"product_tag":[25029,16469,16162,16211,24399,16158,25023,16239],"acf":[],"yoast_head":"<!-- This site is optimized with the Yoast SEO Premium plugin v18.6 (Yoast SEO v19.13) - https:\/\/yoast.com\/wordpress\/plugins\/seo\/ -->\n<title>DEMEYERE Wok 36 cm - Erresse Shop<\/title>\n<meta name=\"description\" content=\"Demeyere, empresa belga fundada en 1908, presenta la l\u00ednea John Pawson: los mejores materiales existentes moldeados con maestr\u00eda por el famoso dise\u00f1ador\" \/>\n<meta name=\"robots\" content=\"index, follow, max-snippet:-1, max-image-preview:large, max-video-preview:-1\" \/>\n<link rel=\"canonical\" href=\"https:\/\/www.erresse-shop.it\/es\/shop\/sartenes-y-ollas\/wok-es\/demeyere-wok-36-cm\/\" \/>\n<meta property=\"og:locale\" content=\"es_ES\" \/>\n<meta property=\"og:type\" content=\"article\" \/>\n<meta property=\"og:title\" content=\"DEMEYERE Wok 36 cm\" \/>\n<meta property=\"og:description\" content=\"Demeyere, empresa belga fundada en 1908, presenta la l\u00ednea John Pawson: los mejores materiales existentes moldeados con maestr\u00eda por el famoso dise\u00f1ador\" \/>\n<meta property=\"og:url\" content=\"https:\/\/www.erresse-shop.it\/es\/shop\/sartenes-y-ollas\/wok-es\/demeyere-wok-36-cm\/\" \/>\n<meta property=\"og:site_name\" content=\"Erresse Shop\" \/>\n<meta property=\"article:modified_time\" content=\"2023-07-24T00:12:23+00:00\" \/>\n<meta property=\"og:image\" content=\"https:\/\/www.erresse-shop.it\/wp-content\/uploads\/2013\/03\/DEMEYERE-Wok-36-cm.png\" \/>\n\t<meta property=\"og:image:width\" content=\"800\" \/>\n\t<meta property=\"og:image:height\" content=\"800\" \/>\n\t<meta property=\"og:image:type\" content=\"image\/png\" \/>\n<meta name=\"twitter:card\" content=\"summary_large_image\" \/>\n<script type=\"application\/ld+json\" class=\"yoast-schema-graph\">{\"@context\":\"https:\/\/schema.org\",\"@graph\":[{\"@type\":\"WebPage\",\"@id\":\"https:\/\/www.erresse-shop.it\/es\/shop\/sartenes-y-ollas\/wok-es\/demeyere-wok-36-cm\/\",\"url\":\"https:\/\/www.erresse-shop.it\/es\/shop\/sartenes-y-ollas\/wok-es\/demeyere-wok-36-cm\/\",\"name\":\"DEMEYERE Wok 36 cm - Erresse Shop\",\"isPartOf\":{\"@id\":\"https:\/\/www.erresse-shop.it\/es\/#website\"},\"datePublished\":\"2013-03-28T19:12:57+00:00\",\"dateModified\":\"2023-07-24T00:12:23+00:00\",\"description\":\"Demeyere, empresa belga fundada en 1908, presenta la l\u00ednea John Pawson: los mejores materiales existentes moldeados con maestr\u00eda por el famoso dise\u00f1ador\",\"breadcrumb\":{\"@id\":\"https:\/\/www.erresse-shop.it\/es\/shop\/sartenes-y-ollas\/wok-es\/demeyere-wok-36-cm\/#breadcrumb\"},\"inLanguage\":\"es\",\"potentialAction\":[{\"@type\":\"ReadAction\",\"target\":[\"https:\/\/www.erresse-shop.it\/es\/shop\/sartenes-y-ollas\/wok-es\/demeyere-wok-36-cm\/\"]}]},{\"@type\":\"BreadcrumbList\",\"@id\":\"https:\/\/www.erresse-shop.it\/es\/shop\/sartenes-y-ollas\/wok-es\/demeyere-wok-36-cm\/#breadcrumb\",\"itemListElement\":[{\"@type\":\"ListItem\",\"position\":1,\"name\":\"Home\",\"item\":\"https:\/\/www.erresse-shop.it\/es\/\"},{\"@type\":\"ListItem\",\"position\":2,\"name\":\"Shop\",\"item\":\"https:\/\/www.erresse-shop.it\/es\/shop\/\"},{\"@type\":\"ListItem\",\"position\":3,\"name\":\"DEMEYERE Wok 36 cm\"}]},{\"@type\":\"WebSite\",\"@id\":\"https:\/\/www.erresse-shop.it\/es\/#website\",\"url\":\"https:\/\/www.erresse-shop.it\/es\/\",\"name\":\"Erresse Shop\",\"description\":\"Articoli di qualit\u00e0 per la casa\",\"potentialAction\":[{\"@type\":\"SearchAction\",\"target\":{\"@type\":\"EntryPoint\",\"urlTemplate\":\"https:\/\/www.erresse-shop.it\/es\/?s={search_term_string}\"},\"query-input\":\"required name=search_term_string\"}],\"inLanguage\":\"es\"}]}<\/script>\n<!-- \/ Yoast SEO Premium plugin. -->","yoast_head_json":{"title":"DEMEYERE Wok 36 cm - Erresse Shop","description":"Demeyere, empresa belga fundada en 1908, presenta la l\u00ednea John Pawson: los mejores materiales existentes moldeados con maestr\u00eda por el famoso dise\u00f1ador","robots":{"index":"index","follow":"follow","max-snippet":"max-snippet:-1","max-image-preview":"max-image-preview:large","max-video-preview":"max-video-preview:-1"},"canonical":"https:\/\/www.erresse-shop.it\/es\/shop\/sartenes-y-ollas\/wok-es\/demeyere-wok-36-cm\/","og_locale":"es_ES","og_type":"article","og_title":"DEMEYERE Wok 36 cm","og_description":"Demeyere, empresa belga fundada en 1908, presenta la l\u00ednea John Pawson: los mejores materiales existentes moldeados con maestr\u00eda por el famoso dise\u00f1ador","og_url":"https:\/\/www.erresse-shop.it\/es\/shop\/sartenes-y-ollas\/wok-es\/demeyere-wok-36-cm\/","og_site_name":"Erresse Shop","article_modified_time":"2023-07-24T00:12:23+00:00","og_image":[{"width":800,"height":800,"url":"https:\/\/www.erresse-shop.it\/wp-content\/uploads\/2013\/03\/DEMEYERE-Wok-36-cm.png","type":"image\/png"}],"twitter_card":"summary_large_image","schema":{"@context":"https:\/\/schema.org","@graph":[{"@type":"WebPage","@id":"https:\/\/www.erresse-shop.it\/es\/shop\/sartenes-y-ollas\/wok-es\/demeyere-wok-36-cm\/","url":"https:\/\/www.erresse-shop.it\/es\/shop\/sartenes-y-ollas\/wok-es\/demeyere-wok-36-cm\/","name":"DEMEYERE Wok 36 cm - Erresse Shop","isPartOf":{"@id":"https:\/\/www.erresse-shop.it\/es\/#website"},"datePublished":"2013-03-28T19:12:57+00:00","dateModified":"2023-07-24T00:12:23+00:00","description":"Demeyere, empresa belga fundada en 1908, presenta la l\u00ednea John Pawson: los mejores materiales existentes moldeados con maestr\u00eda por el famoso dise\u00f1ador","breadcrumb":{"@id":"https:\/\/www.erresse-shop.it\/es\/shop\/sartenes-y-ollas\/wok-es\/demeyere-wok-36-cm\/#breadcrumb"},"inLanguage":"es","potentialAction":[{"@type":"ReadAction","target":["https:\/\/www.erresse-shop.it\/es\/shop\/sartenes-y-ollas\/wok-es\/demeyere-wok-36-cm\/"]}]},{"@type":"BreadcrumbList","@id":"https:\/\/www.erresse-shop.it\/es\/shop\/sartenes-y-ollas\/wok-es\/demeyere-wok-36-cm\/#breadcrumb","itemListElement":[{"@type":"ListItem","position":1,"name":"Home","item":"https:\/\/www.erresse-shop.it\/es\/"},{"@type":"ListItem","position":2,"name":"Shop","item":"https:\/\/www.erresse-shop.it\/es\/shop\/"},{"@type":"ListItem","position":3,"name":"DEMEYERE Wok 36 cm"}]},{"@type":"WebSite","@id":"https:\/\/www.erresse-shop.it\/es\/#website","url":"https:\/\/www.erresse-shop.it\/es\/","name":"Erresse Shop","description":"Articoli di qualit\u00e0 per la casa","potentialAction":[{"@type":"SearchAction","target":{"@type":"EntryPoint","urlTemplate":"https:\/\/www.erresse-shop.it\/es\/?s={search_term_string}"},"query-input":"required name=search_term_string"}],"inLanguage":"es"}]}},"df_price":299,"df_sale_price":299,"df_regular_price":299,"df_image_link":"https:\/\/www.erresse-shop.it\/wp-content\/uploads\/2013\/03\/DEMEYERE-Wok-36-cm-300x300.jpg","_links":{"self":[{"href":"https:\/\/www.erresse-shop.it\/es\/wp-json\/wp\/v2\/product\/117130"}],"collection":[{"href":"https:\/\/www.erresse-shop.it\/es\/wp-json\/wp\/v2\/product"}],"about":[{"href":"https:\/\/www.erresse-shop.it\/es\/wp-json\/wp\/v2\/types\/product"}],"wp:featuredmedia":[{"embeddable":true,"href":"https:\/\/www.erresse-shop.it\/es\/wp-json\/wp\/v2\/media\/477674"}],"wp:attachment":[{"href":"https:\/\/www.erresse-shop.it\/es\/wp-json\/wp\/v2\/media?parent=117130"}],"wp:term":[{"taxonomy":"product_cat","embeddable":true,"href":"https:\/\/www.erresse-shop.it\/es\/wp-json\/wp\/v2\/product_cat?post=117130"},{"taxonomy":"product_tag","embeddable":true,"href":"https:\/\/www.erresse-shop.it\/es\/wp-json\/wp\/v2\/product_tag?post=117130"}],"curies":[{"name":"wp","href":"https:\/\/api.w.org\/{rel}","templated":true}]}}