{"id":117074,"date":"2021-04-14T10:25:09","date_gmt":"2021-04-14T10:25:09","guid":{"rendered":"https:\/\/www.erresse-shop.it\/shop\/sin%20categor\u00eda\/emile-henry-sarten-para-mini-baguette-baker\/"},"modified":"2024-11-19T15:12:55","modified_gmt":"2024-11-19T15:12:55","slug":"emile-henry-sarten-para-mini-baguette-baker","status":"publish","type":"product","link":"https:\/\/www.erresse-shop.it\/es\/shop\/sartenes-y-ollas\/cocina-de-pan\/emile-henry-sarten-para-mini-baguette-baker\/","title":{"rendered":"EMILE HENRY Sart\u00e9n para Mini-Baguette Baker"},"content":{"rendered":"<p>Emile Henry se fund\u00f3 en 1850.<br \/>\nLa cer\u00e1mica Emile Henry permite que el calor se distribuya gradualmente para cocinar los alimentos a baja temperatura, de modo que se conservan los sabores y aromas, as\u00ed como los elementos naturales de los alimentos.<br \/>\nLa saludable cocci\u00f3n a baja temperatura de la cer\u00e1mica Emile Henry conserva los sabores, las vitaminas y las cualidades nutricionales.<br \/>\nLos productos Emile Henry est\u00e1n hechos con componentes naturales: arcilla sin tratar para la mezcla, arena, agua filtrada, \u00f3xidos minerales naturales para los colores. Los productos Emile Henry no contienen metales pesados perjudiciales para la salud: no contienen plomo, cadmio ni n\u00edquel.<br \/>\nLos productos Emile Henry son resistentes a los impactos y pueden utilizarse con altas fluctuaciones de temperatura. Pueden utilizarse en el lavavajillas.<\/p>\n<p>Fruto de m\u00e1s de dos a\u00f1os de investigaci\u00f3n, nuestro molde para hacer pan es el aliado del buen pan casero. Nuestra innovadora cer\u00e1mica refractaria produce una corteza perfecta y una miga firme y aireada. Redescubra el placer de hacer buen pan en casa a trav\u00e9s de recetas sencillas y originales. Secrets d&#8217;Emile te contar\u00e1 consejos y trucos para hacer pan en casa como nunca antes lo hab\u00edas hecho. Todos nuestros productos se fabrican en Francia. 10 a\u00f1os de garant\u00eda.<\/p>\n<p>Longitud\/di\u00e1metro: 39 cm<br \/>\nAnchura: 23 cm<br \/>\nAltura: 10,5 cm<br \/>\nLongitud\/di\u00e1metro interior: 36 cm<br \/>\nAnchura interior: 210 cm<br \/>\nAltura interior: 3,5 cm<br \/>\nCapacidad \u00fatil: 0,5 L<br \/>\nPeso &#8211; KG: 3,4 KG<br \/>\nTemperatura m\u00e1xima: 270 \u00b0C<br \/>\nTemperatura m\u00ednima: -20 \u00b0C<\/p>\n","protected":false},"excerpt":{"rendered":"<p>Emile Henry se fund\u00f3 en 1850. La cer\u00e1mica Emile Henry permite que el calor se distribuya gradualmente para cocinar los<\/p>\n","protected":false},"featured_media":117075,"template":"","meta":{"_acf_changed":false,"inline_featured_image":false},"product_cat":[26049,16058],"product_tag":[25090,23912,16467,16442,16466,19944,16465,25023],"acf":[],"yoast_head":"<!-- This site is optimized with the Yoast SEO Premium plugin v18.6 (Yoast SEO v19.13) - https:\/\/yoast.com\/wordpress\/plugins\/seo\/ -->\n<title>EMILE HENRY Sart\u00e9n para Mini-Baguette Baker - Erresse Shop<\/title>\n<meta name=\"description\" content=\"Emile Henry se fund\u00f3 en 1850. La cer\u00e1mica Emile Henry permite que el calor se distribuya gradualmente para cocinar los alimentos a baja temperatura, de\" \/>\n<meta name=\"robots\" content=\"index, follow, max-snippet:-1, max-image-preview:large, max-video-preview:-1\" \/>\n<link rel=\"canonical\" href=\"https:\/\/www.erresse-shop.it\/es\/shop\/sartenes-y-ollas\/cocina-de-pan\/emile-henry-sarten-para-mini-baguette-baker\/\" \/>\n<meta property=\"og:locale\" content=\"es_ES\" \/>\n<meta property=\"og:type\" content=\"article\" \/>\n<meta property=\"og:title\" content=\"EMILE HENRY Sart\u00e9n para Mini-Baguette Baker\" \/>\n<meta property=\"og:description\" content=\"Emile Henry se fund\u00f3 en 1850. La cer\u00e1mica Emile Henry permite que el calor se distribuya gradualmente para cocinar los alimentos a baja temperatura, de\" \/>\n<meta property=\"og:url\" content=\"https:\/\/www.erresse-shop.it\/es\/shop\/sartenes-y-ollas\/cocina-de-pan\/emile-henry-sarten-para-mini-baguette-baker\/\" \/>\n<meta property=\"og:site_name\" content=\"Erresse Shop\" \/>\n<meta property=\"article:modified_time\" content=\"2024-11-19T15:12:55+00:00\" \/>\n<meta property=\"og:image\" content=\"https:\/\/www.erresse-shop.it\/wp-content\/uploads\/2021\/04\/349519.jpg\" \/>\n\t<meta property=\"og:image:width\" content=\"800\" \/>\n\t<meta property=\"og:image:height\" content=\"800\" \/>\n\t<meta property=\"og:image:type\" content=\"image\/jpeg\" \/>\n<meta name=\"twitter:card\" content=\"summary_large_image\" \/>\n<script type=\"application\/ld+json\" class=\"yoast-schema-graph\">{\"@context\":\"https:\/\/schema.org\",\"@graph\":[{\"@type\":\"WebPage\",\"@id\":\"https:\/\/www.erresse-shop.it\/es\/shop\/sartenes-y-ollas\/cocina-de-pan\/emile-henry-sarten-para-mini-baguette-baker\/\",\"url\":\"https:\/\/www.erresse-shop.it\/es\/shop\/sartenes-y-ollas\/cocina-de-pan\/emile-henry-sarten-para-mini-baguette-baker\/\",\"name\":\"EMILE HENRY Sart\u00e9n para Mini-Baguette Baker - Erresse Shop\",\"isPartOf\":{\"@id\":\"https:\/\/www.erresse-shop.it\/es\/#website\"},\"datePublished\":\"2021-04-14T10:25:09+00:00\",\"dateModified\":\"2024-11-19T15:12:55+00:00\",\"description\":\"Emile Henry se fund\u00f3 en 1850. La cer\u00e1mica Emile Henry permite que el calor se distribuya gradualmente para cocinar los alimentos a baja temperatura, de\",\"breadcrumb\":{\"@id\":\"https:\/\/www.erresse-shop.it\/es\/shop\/sartenes-y-ollas\/cocina-de-pan\/emile-henry-sarten-para-mini-baguette-baker\/#breadcrumb\"},\"inLanguage\":\"es\",\"potentialAction\":[{\"@type\":\"ReadAction\",\"target\":[\"https:\/\/www.erresse-shop.it\/es\/shop\/sartenes-y-ollas\/cocina-de-pan\/emile-henry-sarten-para-mini-baguette-baker\/\"]}]},{\"@type\":\"BreadcrumbList\",\"@id\":\"https:\/\/www.erresse-shop.it\/es\/shop\/sartenes-y-ollas\/cocina-de-pan\/emile-henry-sarten-para-mini-baguette-baker\/#breadcrumb\",\"itemListElement\":[{\"@type\":\"ListItem\",\"position\":1,\"name\":\"Home\",\"item\":\"https:\/\/www.erresse-shop.it\/es\/\"},{\"@type\":\"ListItem\",\"position\":2,\"name\":\"Shop\",\"item\":\"https:\/\/www.erresse-shop.it\/es\/shop\/\"},{\"@type\":\"ListItem\",\"position\":3,\"name\":\"EMILE HENRY Sart\u00e9n para Mini-Baguette Baker\"}]},{\"@type\":\"WebSite\",\"@id\":\"https:\/\/www.erresse-shop.it\/es\/#website\",\"url\":\"https:\/\/www.erresse-shop.it\/es\/\",\"name\":\"Erresse Shop\",\"description\":\"Articoli di qualit\u00e0 per la casa\",\"potentialAction\":[{\"@type\":\"SearchAction\",\"target\":{\"@type\":\"EntryPoint\",\"urlTemplate\":\"https:\/\/www.erresse-shop.it\/es\/?s={search_term_string}\"},\"query-input\":\"required name=search_term_string\"}],\"inLanguage\":\"es\"}]}<\/script>\n<!-- \/ Yoast SEO Premium plugin. -->","yoast_head_json":{"title":"EMILE HENRY Sart\u00e9n para Mini-Baguette Baker - Erresse Shop","description":"Emile Henry se fund\u00f3 en 1850. La cer\u00e1mica Emile Henry permite que el calor se distribuya gradualmente para cocinar los alimentos a baja temperatura, de","robots":{"index":"index","follow":"follow","max-snippet":"max-snippet:-1","max-image-preview":"max-image-preview:large","max-video-preview":"max-video-preview:-1"},"canonical":"https:\/\/www.erresse-shop.it\/es\/shop\/sartenes-y-ollas\/cocina-de-pan\/emile-henry-sarten-para-mini-baguette-baker\/","og_locale":"es_ES","og_type":"article","og_title":"EMILE HENRY Sart\u00e9n para Mini-Baguette Baker","og_description":"Emile Henry se fund\u00f3 en 1850. La cer\u00e1mica Emile Henry permite que el calor se distribuya gradualmente para cocinar los alimentos a baja temperatura, de","og_url":"https:\/\/www.erresse-shop.it\/es\/shop\/sartenes-y-ollas\/cocina-de-pan\/emile-henry-sarten-para-mini-baguette-baker\/","og_site_name":"Erresse Shop","article_modified_time":"2024-11-19T15:12:55+00:00","og_image":[{"width":800,"height":800,"url":"https:\/\/www.erresse-shop.it\/wp-content\/uploads\/2021\/04\/349519.jpg","type":"image\/jpeg"}],"twitter_card":"summary_large_image","schema":{"@context":"https:\/\/schema.org","@graph":[{"@type":"WebPage","@id":"https:\/\/www.erresse-shop.it\/es\/shop\/sartenes-y-ollas\/cocina-de-pan\/emile-henry-sarten-para-mini-baguette-baker\/","url":"https:\/\/www.erresse-shop.it\/es\/shop\/sartenes-y-ollas\/cocina-de-pan\/emile-henry-sarten-para-mini-baguette-baker\/","name":"EMILE HENRY Sart\u00e9n para Mini-Baguette Baker - Erresse Shop","isPartOf":{"@id":"https:\/\/www.erresse-shop.it\/es\/#website"},"datePublished":"2021-04-14T10:25:09+00:00","dateModified":"2024-11-19T15:12:55+00:00","description":"Emile Henry se fund\u00f3 en 1850. La cer\u00e1mica Emile Henry permite que el calor se distribuya gradualmente para cocinar los alimentos a baja temperatura, de","breadcrumb":{"@id":"https:\/\/www.erresse-shop.it\/es\/shop\/sartenes-y-ollas\/cocina-de-pan\/emile-henry-sarten-para-mini-baguette-baker\/#breadcrumb"},"inLanguage":"es","potentialAction":[{"@type":"ReadAction","target":["https:\/\/www.erresse-shop.it\/es\/shop\/sartenes-y-ollas\/cocina-de-pan\/emile-henry-sarten-para-mini-baguette-baker\/"]}]},{"@type":"BreadcrumbList","@id":"https:\/\/www.erresse-shop.it\/es\/shop\/sartenes-y-ollas\/cocina-de-pan\/emile-henry-sarten-para-mini-baguette-baker\/#breadcrumb","itemListElement":[{"@type":"ListItem","position":1,"name":"Home","item":"https:\/\/www.erresse-shop.it\/es\/"},{"@type":"ListItem","position":2,"name":"Shop","item":"https:\/\/www.erresse-shop.it\/es\/shop\/"},{"@type":"ListItem","position":3,"name":"EMILE HENRY Sart\u00e9n para Mini-Baguette Baker"}]},{"@type":"WebSite","@id":"https:\/\/www.erresse-shop.it\/es\/#website","url":"https:\/\/www.erresse-shop.it\/es\/","name":"Erresse Shop","description":"Articoli di qualit\u00e0 per la casa","potentialAction":[{"@type":"SearchAction","target":{"@type":"EntryPoint","urlTemplate":"https:\/\/www.erresse-shop.it\/es\/?s={search_term_string}"},"query-input":"required name=search_term_string"}],"inLanguage":"es"}]}},"df_price":107.25,"df_sale_price":107.25,"df_regular_price":137.5,"df_image_link":"https:\/\/www.erresse-shop.it\/wp-content\/uploads\/2021\/04\/349519-300x300.jpg","_links":{"self":[{"href":"https:\/\/www.erresse-shop.it\/es\/wp-json\/wp\/v2\/product\/117074"}],"collection":[{"href":"https:\/\/www.erresse-shop.it\/es\/wp-json\/wp\/v2\/product"}],"about":[{"href":"https:\/\/www.erresse-shop.it\/es\/wp-json\/wp\/v2\/types\/product"}],"wp:featuredmedia":[{"embeddable":true,"href":"https:\/\/www.erresse-shop.it\/es\/wp-json\/wp\/v2\/media\/117075"}],"wp:attachment":[{"href":"https:\/\/www.erresse-shop.it\/es\/wp-json\/wp\/v2\/media?parent=117074"}],"wp:term":[{"taxonomy":"product_cat","embeddable":true,"href":"https:\/\/www.erresse-shop.it\/es\/wp-json\/wp\/v2\/product_cat?post=117074"},{"taxonomy":"product_tag","embeddable":true,"href":"https:\/\/www.erresse-shop.it\/es\/wp-json\/wp\/v2\/product_tag?post=117074"}],"curies":[{"name":"wp","href":"https:\/\/api.w.org\/{rel}","templated":true}]}}