{"id":116942,"date":"2021-04-07T10:16:05","date_gmt":"2021-04-07T10:16:05","guid":{"rendered":"https:\/\/www.erresse-shop.it\/shop\/sin%20categor\u00eda\/portmeirion-pomona-tetera-1-1-lt\/"},"modified":"2021-12-22T15:48:50","modified_gmt":"2021-12-22T15:48:50","slug":"portmeirion-pomona-tetera-1-1-lt","status":"publish","type":"product","link":"https:\/\/www.erresse-shop.it\/es\/shop\/tabla\/teteras-azucareras-jarras-de-leche\/portmeirion-pomona-tetera-1-1-lt\/","title":{"rendered":"PORTMEIRION Pomona Tetera 1.1 LT"},"content":{"rendered":"<p>Con sus representaciones de frutas, <strong>Pomona<\/strong> es una vajilla de estilo cl\u00e1sico que lleva la naturaleza al coraz\u00f3n del hogar. Con el nombre de la antigua diosa romana de la fruta, cada pieza de <strong>Pomona<\/strong> est\u00e1 decorada con una de las seis deliciosas frutas extra\u00eddas de libros coloreados a mano de la d\u00e9cada de 1830. Este producto se dise\u00f1\u00f3 en los estudios de Stoke on Trent, Inglaterra.<\/p>\n<p><strong>Portmeirion<\/strong> fue fundada en 1960 por la legendaria dise\u00f1adora de cer\u00e1mica <strong>Susan Williams-Ellis<\/strong> y su marido <strong>Euan Cooper-Willis<\/strong>.<br \/>\nCon casi cincuenta a\u00f1os de creatividad, la contribuci\u00f3n de Susan Williams Ellis al estilo de dise\u00f1o brit\u00e1nico, a Portmeirion Potteries y a la industria cer\u00e1mica brit\u00e1nica ha sido inconmensurable y la sit\u00faa firmemente en la compa\u00f1\u00eda de un peque\u00f1o grupo de grandes y c\u00e9lebres dise\u00f1adores de cer\u00e1mica del siglo XX. Su filosof\u00eda de que las vajillas deben ser bellas y pr\u00e1cticas a la vez seguir\u00e1 impregnando los valores de dise\u00f1o de Portmeirion y determinar\u00e1 el \u00e9xito de la empresa que ella cre\u00f3.<\/p>\n<p><span style=\"text-decoration: underline;\"><strong>Apto para el lavavajillas, el congelador, el microondas y el horno hasta 170\u00b0C.<\/strong><\/span><\/p>\n","protected":false},"excerpt":{"rendered":"<p>Con sus representaciones de frutas, Pomona es una vajilla de estilo cl\u00e1sico que lleva la naturaleza al coraz\u00f3n del hogar.<\/p>\n","protected":false},"featured_media":116943,"template":"","meta":{"_acf_changed":false,"inline_featured_image":false},"product_cat":[16027,16035],"product_tag":[19361,23912,24605,16410,16412,25023],"acf":[],"yoast_head":"<!-- This site is optimized with the Yoast SEO Premium plugin v18.6 (Yoast SEO v19.13) - https:\/\/yoast.com\/wordpress\/plugins\/seo\/ -->\n<title>PORTMEIRION Pomona Tetera 1.1 LT - Erresse Shop<\/title>\n<meta name=\"description\" content=\"Con sus representaciones de frutas, Pomona es una vajilla de estilo cl\u00e1sico que lleva la naturaleza al coraz\u00f3n del hogar. Con el nombre de la antigua\" \/>\n<meta name=\"robots\" content=\"index, follow, max-snippet:-1, max-image-preview:large, max-video-preview:-1\" \/>\n<link rel=\"canonical\" href=\"https:\/\/www.erresse-shop.it\/es\/shop\/tabla\/teteras-azucareras-jarras-de-leche\/portmeirion-pomona-tetera-1-1-lt\/\" \/>\n<meta property=\"og:locale\" content=\"es_ES\" \/>\n<meta property=\"og:type\" content=\"article\" \/>\n<meta property=\"og:title\" content=\"PORTMEIRION Pomona Tetera 1.1 LT\" \/>\n<meta property=\"og:description\" content=\"Con sus representaciones de frutas, Pomona es una vajilla de estilo cl\u00e1sico que lleva la naturaleza al coraz\u00f3n del hogar. Con el nombre de la antigua\" \/>\n<meta property=\"og:url\" content=\"https:\/\/www.erresse-shop.it\/es\/shop\/tabla\/teteras-azucareras-jarras-de-leche\/portmeirion-pomona-tetera-1-1-lt\/\" \/>\n<meta property=\"og:site_name\" content=\"Erresse Shop\" \/>\n<meta property=\"article:modified_time\" content=\"2021-12-22T15:48:50+00:00\" \/>\n<meta property=\"og:image\" content=\"https:\/\/www.erresse-shop.it\/wp-content\/uploads\/2021\/04\/PORTMEIRION-Pomona-Teiera-1.1LT.jpg\" \/>\n\t<meta property=\"og:image:width\" content=\"1000\" \/>\n\t<meta property=\"og:image:height\" content=\"1000\" \/>\n\t<meta property=\"og:image:type\" content=\"image\/jpeg\" \/>\n<meta name=\"twitter:card\" content=\"summary_large_image\" \/>\n<script type=\"application\/ld+json\" class=\"yoast-schema-graph\">{\"@context\":\"https:\/\/schema.org\",\"@graph\":[{\"@type\":\"WebPage\",\"@id\":\"https:\/\/www.erresse-shop.it\/es\/shop\/tabla\/teteras-azucareras-jarras-de-leche\/portmeirion-pomona-tetera-1-1-lt\/\",\"url\":\"https:\/\/www.erresse-shop.it\/es\/shop\/tabla\/teteras-azucareras-jarras-de-leche\/portmeirion-pomona-tetera-1-1-lt\/\",\"name\":\"PORTMEIRION Pomona Tetera 1.1 LT - Erresse Shop\",\"isPartOf\":{\"@id\":\"https:\/\/www.erresse-shop.it\/es\/#website\"},\"datePublished\":\"2021-04-07T10:16:05+00:00\",\"dateModified\":\"2021-12-22T15:48:50+00:00\",\"description\":\"Con sus representaciones de frutas, Pomona es una vajilla de estilo cl\u00e1sico que lleva la naturaleza al coraz\u00f3n del hogar. Con el nombre de la antigua\",\"breadcrumb\":{\"@id\":\"https:\/\/www.erresse-shop.it\/es\/shop\/tabla\/teteras-azucareras-jarras-de-leche\/portmeirion-pomona-tetera-1-1-lt\/#breadcrumb\"},\"inLanguage\":\"es\",\"potentialAction\":[{\"@type\":\"ReadAction\",\"target\":[\"https:\/\/www.erresse-shop.it\/es\/shop\/tabla\/teteras-azucareras-jarras-de-leche\/portmeirion-pomona-tetera-1-1-lt\/\"]}]},{\"@type\":\"BreadcrumbList\",\"@id\":\"https:\/\/www.erresse-shop.it\/es\/shop\/tabla\/teteras-azucareras-jarras-de-leche\/portmeirion-pomona-tetera-1-1-lt\/#breadcrumb\",\"itemListElement\":[{\"@type\":\"ListItem\",\"position\":1,\"name\":\"Home\",\"item\":\"https:\/\/www.erresse-shop.it\/es\/\"},{\"@type\":\"ListItem\",\"position\":2,\"name\":\"Shop\",\"item\":\"https:\/\/www.erresse-shop.it\/es\/shop\/\"},{\"@type\":\"ListItem\",\"position\":3,\"name\":\"PORTMEIRION Pomona Tetera 1.1 LT\"}]},{\"@type\":\"WebSite\",\"@id\":\"https:\/\/www.erresse-shop.it\/es\/#website\",\"url\":\"https:\/\/www.erresse-shop.it\/es\/\",\"name\":\"Erresse Shop\",\"description\":\"Articoli di qualit\u00e0 per la casa\",\"potentialAction\":[{\"@type\":\"SearchAction\",\"target\":{\"@type\":\"EntryPoint\",\"urlTemplate\":\"https:\/\/www.erresse-shop.it\/es\/?s={search_term_string}\"},\"query-input\":\"required name=search_term_string\"}],\"inLanguage\":\"es\"}]}<\/script>\n<!-- \/ Yoast SEO Premium plugin. -->","yoast_head_json":{"title":"PORTMEIRION Pomona Tetera 1.1 LT - Erresse Shop","description":"Con sus representaciones de frutas, Pomona es una vajilla de estilo cl\u00e1sico que lleva la naturaleza al coraz\u00f3n del hogar. Con el nombre de la antigua","robots":{"index":"index","follow":"follow","max-snippet":"max-snippet:-1","max-image-preview":"max-image-preview:large","max-video-preview":"max-video-preview:-1"},"canonical":"https:\/\/www.erresse-shop.it\/es\/shop\/tabla\/teteras-azucareras-jarras-de-leche\/portmeirion-pomona-tetera-1-1-lt\/","og_locale":"es_ES","og_type":"article","og_title":"PORTMEIRION Pomona Tetera 1.1 LT","og_description":"Con sus representaciones de frutas, Pomona es una vajilla de estilo cl\u00e1sico que lleva la naturaleza al coraz\u00f3n del hogar. Con el nombre de la antigua","og_url":"https:\/\/www.erresse-shop.it\/es\/shop\/tabla\/teteras-azucareras-jarras-de-leche\/portmeirion-pomona-tetera-1-1-lt\/","og_site_name":"Erresse Shop","article_modified_time":"2021-12-22T15:48:50+00:00","og_image":[{"width":1000,"height":1000,"url":"https:\/\/www.erresse-shop.it\/wp-content\/uploads\/2021\/04\/PORTMEIRION-Pomona-Teiera-1.1LT.jpg","type":"image\/jpeg"}],"twitter_card":"summary_large_image","schema":{"@context":"https:\/\/schema.org","@graph":[{"@type":"WebPage","@id":"https:\/\/www.erresse-shop.it\/es\/shop\/tabla\/teteras-azucareras-jarras-de-leche\/portmeirion-pomona-tetera-1-1-lt\/","url":"https:\/\/www.erresse-shop.it\/es\/shop\/tabla\/teteras-azucareras-jarras-de-leche\/portmeirion-pomona-tetera-1-1-lt\/","name":"PORTMEIRION Pomona Tetera 1.1 LT - Erresse Shop","isPartOf":{"@id":"https:\/\/www.erresse-shop.it\/es\/#website"},"datePublished":"2021-04-07T10:16:05+00:00","dateModified":"2021-12-22T15:48:50+00:00","description":"Con sus representaciones de frutas, Pomona es una vajilla de estilo cl\u00e1sico que lleva la naturaleza al coraz\u00f3n del hogar. Con el nombre de la antigua","breadcrumb":{"@id":"https:\/\/www.erresse-shop.it\/es\/shop\/tabla\/teteras-azucareras-jarras-de-leche\/portmeirion-pomona-tetera-1-1-lt\/#breadcrumb"},"inLanguage":"es","potentialAction":[{"@type":"ReadAction","target":["https:\/\/www.erresse-shop.it\/es\/shop\/tabla\/teteras-azucareras-jarras-de-leche\/portmeirion-pomona-tetera-1-1-lt\/"]}]},{"@type":"BreadcrumbList","@id":"https:\/\/www.erresse-shop.it\/es\/shop\/tabla\/teteras-azucareras-jarras-de-leche\/portmeirion-pomona-tetera-1-1-lt\/#breadcrumb","itemListElement":[{"@type":"ListItem","position":1,"name":"Home","item":"https:\/\/www.erresse-shop.it\/es\/"},{"@type":"ListItem","position":2,"name":"Shop","item":"https:\/\/www.erresse-shop.it\/es\/shop\/"},{"@type":"ListItem","position":3,"name":"PORTMEIRION Pomona Tetera 1.1 LT"}]},{"@type":"WebSite","@id":"https:\/\/www.erresse-shop.it\/es\/#website","url":"https:\/\/www.erresse-shop.it\/es\/","name":"Erresse Shop","description":"Articoli di qualit\u00e0 per la casa","potentialAction":[{"@type":"SearchAction","target":{"@type":"EntryPoint","urlTemplate":"https:\/\/www.erresse-shop.it\/es\/?s={search_term_string}"},"query-input":"required name=search_term_string"}],"inLanguage":"es"}]}},"df_price":78.78,"df_sale_price":78.78,"df_regular_price":121.2,"df_image_link":"https:\/\/www.erresse-shop.it\/wp-content\/uploads\/2021\/04\/PORTMEIRION-Pomona-Teiera-1.1LT-300x300.jpg","_links":{"self":[{"href":"https:\/\/www.erresse-shop.it\/es\/wp-json\/wp\/v2\/product\/116942"}],"collection":[{"href":"https:\/\/www.erresse-shop.it\/es\/wp-json\/wp\/v2\/product"}],"about":[{"href":"https:\/\/www.erresse-shop.it\/es\/wp-json\/wp\/v2\/types\/product"}],"wp:featuredmedia":[{"embeddable":true,"href":"https:\/\/www.erresse-shop.it\/es\/wp-json\/wp\/v2\/media\/116943"}],"wp:attachment":[{"href":"https:\/\/www.erresse-shop.it\/es\/wp-json\/wp\/v2\/media?parent=116942"}],"wp:term":[{"taxonomy":"product_cat","embeddable":true,"href":"https:\/\/www.erresse-shop.it\/es\/wp-json\/wp\/v2\/product_cat?post=116942"},{"taxonomy":"product_tag","embeddable":true,"href":"https:\/\/www.erresse-shop.it\/es\/wp-json\/wp\/v2\/product_tag?post=116942"}],"curies":[{"name":"wp","href":"https:\/\/api.w.org\/{rel}","templated":true}]}}