{"id":116882,"date":"2021-08-13T12:28:05","date_gmt":"2021-08-13T12:28:05","guid":{"rendered":"https:\/\/www.erresse-shop.it\/shop\/sin%20categor\u00eda\/portmeirion-botanic-garden-juego-6-tazas-jumbo\/"},"modified":"2025-02-26T13:25:35","modified_gmt":"2025-02-26T13:25:35","slug":"portmeirion-botanic-garden-juego-6-tazas-jumbo","status":"publish","type":"product","link":"https:\/\/www.erresse-shop.it\/es\/shop\/tabla\/tazas\/portmeirion-botanic-garden-juego-6-tazas-jumbo\/","title":{"rendered":"PORTMEIRION Botanic Garden Juego 6 Tazas Jumbo"},"content":{"rendered":"<p>Un cl\u00e1sico atemporal, <strong>Botanic Garden<\/strong> es la colecci\u00f3n m\u00e1s reconocible de la cer\u00e1mica brit\u00e1nica. Los bellos motivos florales y las llamativas mariposas hacen que las ocasiones cotidianas sean especiales, aportando placer a nuestro estilo de vida moderno. <strong>Botanic Garden<\/strong> contiene una amplia gama de piezas, para su uso dentro y fuera del hogar. Abraza la magia de la naturaleza y descubre tu propio jard\u00edn secreto.<\/p>\n<p><strong>Portmeirion<\/strong> fue fundada en 1960 por la legendaria dise\u00f1adora de cer\u00e1mica <strong>Susan Williams-Ellis<\/strong> y su marido <strong>Euan Cooper-Willis<\/strong>.<br \/>\nCon casi cincuenta a\u00f1os de creatividad, la contribuci\u00f3n de Susan Williams Ellis al estilo de dise\u00f1o brit\u00e1nico, a Portmeirion Potteries y a la industria cer\u00e1mica brit\u00e1nica ha sido inconmensurable y la sit\u00faa firmemente en la compa\u00f1\u00eda de un peque\u00f1o grupo de grandes y c\u00e9lebres dise\u00f1adores de cer\u00e1mica del siglo XX. Su filosof\u00eda de que la vajilla debe ser bella y pr\u00e1ctica a la vez seguir\u00e1 impregnando los valores de dise\u00f1o de Portmeirion y determinar\u00e1 el \u00e9xito de la empresa que ella cre\u00f3.<\/p>\n<p><span style=\"text-decoration: underline;\"><strong>Apto para el lavavajillas, el congelador, el microondas y el horno hasta 170\u00b0C.<\/strong><\/span><\/p>\n<p><strong>Dimensiones (ancho x alto x fondo)=<\/strong> 16,5 x 9 x 12,5 cm<\/p>\n","protected":false},"excerpt":{"rendered":"<p>Un cl\u00e1sico atemporal, Botanic Garden es la colecci\u00f3n m\u00e1s reconocible de la cer\u00e1mica brit\u00e1nica. Los bellos motivos florales y las<\/p>\n","protected":false},"featured_media":113449,"template":"","meta":{"_acf_changed":false,"inline_featured_image":false},"product_cat":[16027,16034],"product_tag":[23912,23574,24605],"acf":[],"yoast_head":"<!-- This site is optimized with the Yoast SEO Premium plugin v18.6 (Yoast SEO v19.13) - https:\/\/yoast.com\/wordpress\/plugins\/seo\/ -->\n<title>PORTMEIRION Botanic Garden Juego 6 Tazas Jumbo - Erresse Shop<\/title>\n<meta name=\"description\" content=\"Un cl\u00e1sico atemporal, Botanic Garden es la colecci\u00f3n m\u00e1s reconocible de la cer\u00e1mica brit\u00e1nica. Los bellos motivos florales y las llamativas mariposas\" \/>\n<meta name=\"robots\" content=\"index, follow, max-snippet:-1, max-image-preview:large, max-video-preview:-1\" \/>\n<link rel=\"canonical\" href=\"https:\/\/www.erresse-shop.it\/es\/shop\/tabla\/tazas\/portmeirion-botanic-garden-juego-6-tazas-jumbo\/\" \/>\n<meta property=\"og:locale\" content=\"es_ES\" \/>\n<meta property=\"og:type\" content=\"article\" \/>\n<meta property=\"og:title\" content=\"PORTMEIRION Botanic Garden Juego 6 Tazas Jumbo\" \/>\n<meta property=\"og:description\" content=\"Un cl\u00e1sico atemporal, Botanic Garden es la colecci\u00f3n m\u00e1s reconocible de la cer\u00e1mica brit\u00e1nica. Los bellos motivos florales y las llamativas mariposas\" \/>\n<meta property=\"og:url\" content=\"https:\/\/www.erresse-shop.it\/es\/shop\/tabla\/tazas\/portmeirion-botanic-garden-juego-6-tazas-jumbo\/\" \/>\n<meta property=\"og:site_name\" content=\"Erresse Shop\" \/>\n<meta property=\"article:modified_time\" content=\"2025-02-26T13:25:35+00:00\" \/>\n<meta property=\"og:image\" content=\"https:\/\/www.erresse-shop.it\/wp-content\/uploads\/2021\/08\/PORTMEIRION-Botanic-Garden-Tazzine-Jumbo-6.jpg\" \/>\n\t<meta property=\"og:image:width\" content=\"1000\" \/>\n\t<meta property=\"og:image:height\" content=\"1000\" \/>\n\t<meta property=\"og:image:type\" content=\"image\/jpeg\" \/>\n<meta name=\"twitter:card\" content=\"summary_large_image\" \/>\n<script type=\"application\/ld+json\" class=\"yoast-schema-graph\">{\"@context\":\"https:\/\/schema.org\",\"@graph\":[{\"@type\":\"WebPage\",\"@id\":\"https:\/\/www.erresse-shop.it\/es\/shop\/tabla\/tazas\/portmeirion-botanic-garden-juego-6-tazas-jumbo\/\",\"url\":\"https:\/\/www.erresse-shop.it\/es\/shop\/tabla\/tazas\/portmeirion-botanic-garden-juego-6-tazas-jumbo\/\",\"name\":\"PORTMEIRION Botanic Garden Juego 6 Tazas Jumbo - Erresse Shop\",\"isPartOf\":{\"@id\":\"https:\/\/www.erresse-shop.it\/es\/#website\"},\"datePublished\":\"2021-08-13T12:28:05+00:00\",\"dateModified\":\"2025-02-26T13:25:35+00:00\",\"description\":\"Un cl\u00e1sico atemporal, Botanic Garden es la colecci\u00f3n m\u00e1s reconocible de la cer\u00e1mica brit\u00e1nica. Los bellos motivos florales y las llamativas mariposas\",\"breadcrumb\":{\"@id\":\"https:\/\/www.erresse-shop.it\/es\/shop\/tabla\/tazas\/portmeirion-botanic-garden-juego-6-tazas-jumbo\/#breadcrumb\"},\"inLanguage\":\"es\",\"potentialAction\":[{\"@type\":\"ReadAction\",\"target\":[\"https:\/\/www.erresse-shop.it\/es\/shop\/tabla\/tazas\/portmeirion-botanic-garden-juego-6-tazas-jumbo\/\"]}]},{\"@type\":\"BreadcrumbList\",\"@id\":\"https:\/\/www.erresse-shop.it\/es\/shop\/tabla\/tazas\/portmeirion-botanic-garden-juego-6-tazas-jumbo\/#breadcrumb\",\"itemListElement\":[{\"@type\":\"ListItem\",\"position\":1,\"name\":\"Home\",\"item\":\"https:\/\/www.erresse-shop.it\/es\/\"},{\"@type\":\"ListItem\",\"position\":2,\"name\":\"Shop\",\"item\":\"https:\/\/www.erresse-shop.it\/es\/shop\/\"},{\"@type\":\"ListItem\",\"position\":3,\"name\":\"PORTMEIRION Botanic Garden Juego 6 Tazas Jumbo\"}]},{\"@type\":\"WebSite\",\"@id\":\"https:\/\/www.erresse-shop.it\/es\/#website\",\"url\":\"https:\/\/www.erresse-shop.it\/es\/\",\"name\":\"Erresse Shop\",\"description\":\"Articoli di qualit\u00e0 per la casa\",\"potentialAction\":[{\"@type\":\"SearchAction\",\"target\":{\"@type\":\"EntryPoint\",\"urlTemplate\":\"https:\/\/www.erresse-shop.it\/es\/?s={search_term_string}\"},\"query-input\":\"required name=search_term_string\"}],\"inLanguage\":\"es\"}]}<\/script>\n<!-- \/ Yoast SEO Premium plugin. -->","yoast_head_json":{"title":"PORTMEIRION Botanic Garden Juego 6 Tazas Jumbo - Erresse Shop","description":"Un cl\u00e1sico atemporal, Botanic Garden es la colecci\u00f3n m\u00e1s reconocible de la cer\u00e1mica brit\u00e1nica. Los bellos motivos florales y las llamativas mariposas","robots":{"index":"index","follow":"follow","max-snippet":"max-snippet:-1","max-image-preview":"max-image-preview:large","max-video-preview":"max-video-preview:-1"},"canonical":"https:\/\/www.erresse-shop.it\/es\/shop\/tabla\/tazas\/portmeirion-botanic-garden-juego-6-tazas-jumbo\/","og_locale":"es_ES","og_type":"article","og_title":"PORTMEIRION Botanic Garden Juego 6 Tazas Jumbo","og_description":"Un cl\u00e1sico atemporal, Botanic Garden es la colecci\u00f3n m\u00e1s reconocible de la cer\u00e1mica brit\u00e1nica. Los bellos motivos florales y las llamativas mariposas","og_url":"https:\/\/www.erresse-shop.it\/es\/shop\/tabla\/tazas\/portmeirion-botanic-garden-juego-6-tazas-jumbo\/","og_site_name":"Erresse Shop","article_modified_time":"2025-02-26T13:25:35+00:00","og_image":[{"width":1000,"height":1000,"url":"https:\/\/www.erresse-shop.it\/wp-content\/uploads\/2021\/08\/PORTMEIRION-Botanic-Garden-Tazzine-Jumbo-6.jpg","type":"image\/jpeg"}],"twitter_card":"summary_large_image","schema":{"@context":"https:\/\/schema.org","@graph":[{"@type":"WebPage","@id":"https:\/\/www.erresse-shop.it\/es\/shop\/tabla\/tazas\/portmeirion-botanic-garden-juego-6-tazas-jumbo\/","url":"https:\/\/www.erresse-shop.it\/es\/shop\/tabla\/tazas\/portmeirion-botanic-garden-juego-6-tazas-jumbo\/","name":"PORTMEIRION Botanic Garden Juego 6 Tazas Jumbo - Erresse Shop","isPartOf":{"@id":"https:\/\/www.erresse-shop.it\/es\/#website"},"datePublished":"2021-08-13T12:28:05+00:00","dateModified":"2025-02-26T13:25:35+00:00","description":"Un cl\u00e1sico atemporal, Botanic Garden es la colecci\u00f3n m\u00e1s reconocible de la cer\u00e1mica brit\u00e1nica. Los bellos motivos florales y las llamativas mariposas","breadcrumb":{"@id":"https:\/\/www.erresse-shop.it\/es\/shop\/tabla\/tazas\/portmeirion-botanic-garden-juego-6-tazas-jumbo\/#breadcrumb"},"inLanguage":"es","potentialAction":[{"@type":"ReadAction","target":["https:\/\/www.erresse-shop.it\/es\/shop\/tabla\/tazas\/portmeirion-botanic-garden-juego-6-tazas-jumbo\/"]}]},{"@type":"BreadcrumbList","@id":"https:\/\/www.erresse-shop.it\/es\/shop\/tabla\/tazas\/portmeirion-botanic-garden-juego-6-tazas-jumbo\/#breadcrumb","itemListElement":[{"@type":"ListItem","position":1,"name":"Home","item":"https:\/\/www.erresse-shop.it\/es\/"},{"@type":"ListItem","position":2,"name":"Shop","item":"https:\/\/www.erresse-shop.it\/es\/shop\/"},{"@type":"ListItem","position":3,"name":"PORTMEIRION Botanic Garden Juego 6 Tazas Jumbo"}]},{"@type":"WebSite","@id":"https:\/\/www.erresse-shop.it\/es\/#website","url":"https:\/\/www.erresse-shop.it\/es\/","name":"Erresse Shop","description":"Articoli di qualit\u00e0 per la casa","potentialAction":[{"@type":"SearchAction","target":{"@type":"EntryPoint","urlTemplate":"https:\/\/www.erresse-shop.it\/es\/?s={search_term_string}"},"query-input":"required name=search_term_string"}],"inLanguage":"es"}]}},"df_price":225.355,"df_sale_price":225.355,"df_regular_price":346.7,"df_image_link":"https:\/\/www.erresse-shop.it\/wp-content\/uploads\/2021\/08\/PORTMEIRION-Botanic-Garden-Tazzine-Jumbo-6-300x300.jpg","_links":{"self":[{"href":"https:\/\/www.erresse-shop.it\/es\/wp-json\/wp\/v2\/product\/116882"}],"collection":[{"href":"https:\/\/www.erresse-shop.it\/es\/wp-json\/wp\/v2\/product"}],"about":[{"href":"https:\/\/www.erresse-shop.it\/es\/wp-json\/wp\/v2\/types\/product"}],"wp:featuredmedia":[{"embeddable":true,"href":"https:\/\/www.erresse-shop.it\/es\/wp-json\/wp\/v2\/media\/113449"}],"wp:attachment":[{"href":"https:\/\/www.erresse-shop.it\/es\/wp-json\/wp\/v2\/media?parent=116882"}],"wp:term":[{"taxonomy":"product_cat","embeddable":true,"href":"https:\/\/www.erresse-shop.it\/es\/wp-json\/wp\/v2\/product_cat?post=116882"},{"taxonomy":"product_tag","embeddable":true,"href":"https:\/\/www.erresse-shop.it\/es\/wp-json\/wp\/v2\/product_tag?post=116882"}],"curies":[{"name":"wp","href":"https:\/\/api.w.org\/{rel}","templated":true}]}}