{"id":116405,"date":"2021-05-18T13:24:49","date_gmt":"2021-05-18T13:24:49","guid":{"rendered":"https:\/\/www.erresse-shop.it\/shop\/sin%20categor\u00eda\/taitu-mar-platos-de-postre-4-piezas\/"},"modified":"2023-06-24T00:12:23","modified_gmt":"2023-06-24T00:12:23","slug":"taitu-mar-platos-de-postre-4-piezas","status":"publish","type":"product","link":"https:\/\/www.erresse-shop.it\/es\/shop\/tabla\/platos\/taitu-mar-platos-de-postre-4-piezas\/","title":{"rendered":"TAIT\u00d9 Mare Platos de Postre 4 Piezas"},"content":{"rendered":"<p><strong>Pintado a mano<\/strong><br \/>\n<strong>Material:<\/strong> Fine Bone China<\/p>\n<p><strong>El mar contigo, est\u00e9s donde est\u00e9s<\/strong><br \/>\n\u00a1Queremos m\u00e1s y m\u00e1s EAE! Para el verano de 2021, TAIT\u00d9 ampl\u00eda su colecci\u00f3n Best Seller en todo el mundo con 3 accesorios de mesa inspirados en el irresistible deseo de tener el mar en casa. Objetos de gran impacto y esc\u00e9nicos, para vivir y compartir, para llevar el <strong>MARE<\/strong> all\u00e1 donde est\u00e9s. La colecci\u00f3n <strong>MARE<\/strong> se convierte as\u00ed en algo a\u00fan m\u00e1s precioso y lujoso, para la casa de la ciudad o del mar, para vivir todo el a\u00f1o. Para so\u00f1ar y sentirse libre en un mundo submarino lleno de encanto y alegr\u00eda de vivir.<\/p>\n","protected":false},"excerpt":{"rendered":"<p>Pintado a mano Material: Fine Bone China El mar contigo, est\u00e9s donde est\u00e9s \u00a1Queremos m\u00e1s y m\u00e1s EAE! Para el<\/p>\n","protected":false},"featured_media":116407,"template":"","meta":{"_acf_changed":false,"inline_featured_image":false},"product_cat":[16031,16027],"product_tag":[23692],"acf":[],"yoast_head":"<!-- This site is optimized with the Yoast SEO Premium plugin v18.6 (Yoast SEO v19.13) - https:\/\/yoast.com\/wordpress\/plugins\/seo\/ -->\n<title>TAIT\u00d9 Mare Platos de Postre 4 Piezas - Erresse Shop<\/title>\n<meta name=\"description\" content=\"Pintado a mano Material: Fine Bone China El mar contigo, est\u00e9s donde est\u00e9s \u00a1Queremos m\u00e1s y m\u00e1s EAE! Para el verano de 2021, TAIT\u00d9 ampl\u00eda su colecci\u00f3n Best\" \/>\n<meta name=\"robots\" content=\"index, follow, max-snippet:-1, max-image-preview:large, max-video-preview:-1\" \/>\n<link rel=\"canonical\" href=\"https:\/\/www.erresse-shop.it\/es\/shop\/tabla\/platos\/taitu-mar-platos-de-postre-4-piezas\/\" \/>\n<meta property=\"og:locale\" content=\"es_ES\" \/>\n<meta property=\"og:type\" content=\"article\" \/>\n<meta property=\"og:title\" content=\"TAIT\u00d9 Mare Platos de Postre 4 Piezas\" \/>\n<meta property=\"og:description\" content=\"Pintado a mano Material: Fine Bone China El mar contigo, est\u00e9s donde est\u00e9s \u00a1Queremos m\u00e1s y m\u00e1s EAE! Para el verano de 2021, TAIT\u00d9 ampl\u00eda su colecci\u00f3n Best\" \/>\n<meta property=\"og:url\" content=\"https:\/\/www.erresse-shop.it\/es\/shop\/tabla\/platos\/taitu-mar-platos-de-postre-4-piezas\/\" \/>\n<meta property=\"og:site_name\" content=\"Erresse Shop\" \/>\n<meta property=\"article:modified_time\" content=\"2023-06-24T00:12:23+00:00\" \/>\n<meta property=\"og:image\" content=\"https:\/\/www.erresse-shop.it\/wp-content\/uploads\/2021\/05\/TAITU-Mare-Piatto-Dessert-4-Pezzi.jpg\" \/>\n\t<meta property=\"og:image:width\" content=\"1000\" \/>\n\t<meta property=\"og:image:height\" content=\"1000\" \/>\n\t<meta property=\"og:image:type\" content=\"image\/jpeg\" \/>\n<meta name=\"twitter:card\" content=\"summary_large_image\" \/>\n<script type=\"application\/ld+json\" class=\"yoast-schema-graph\">{\"@context\":\"https:\/\/schema.org\",\"@graph\":[{\"@type\":\"WebPage\",\"@id\":\"https:\/\/www.erresse-shop.it\/es\/shop\/tabla\/platos\/taitu-mar-platos-de-postre-4-piezas\/\",\"url\":\"https:\/\/www.erresse-shop.it\/es\/shop\/tabla\/platos\/taitu-mar-platos-de-postre-4-piezas\/\",\"name\":\"TAIT\u00d9 Mare Platos de Postre 4 Piezas - Erresse Shop\",\"isPartOf\":{\"@id\":\"https:\/\/www.erresse-shop.it\/es\/#website\"},\"datePublished\":\"2021-05-18T13:24:49+00:00\",\"dateModified\":\"2023-06-24T00:12:23+00:00\",\"description\":\"Pintado a mano Material: Fine Bone China El mar contigo, est\u00e9s donde est\u00e9s \u00a1Queremos m\u00e1s y m\u00e1s EAE! Para el verano de 2021, TAIT\u00d9 ampl\u00eda su colecci\u00f3n Best\",\"breadcrumb\":{\"@id\":\"https:\/\/www.erresse-shop.it\/es\/shop\/tabla\/platos\/taitu-mar-platos-de-postre-4-piezas\/#breadcrumb\"},\"inLanguage\":\"es\",\"potentialAction\":[{\"@type\":\"ReadAction\",\"target\":[\"https:\/\/www.erresse-shop.it\/es\/shop\/tabla\/platos\/taitu-mar-platos-de-postre-4-piezas\/\"]}]},{\"@type\":\"BreadcrumbList\",\"@id\":\"https:\/\/www.erresse-shop.it\/es\/shop\/tabla\/platos\/taitu-mar-platos-de-postre-4-piezas\/#breadcrumb\",\"itemListElement\":[{\"@type\":\"ListItem\",\"position\":1,\"name\":\"Home\",\"item\":\"https:\/\/www.erresse-shop.it\/es\/\"},{\"@type\":\"ListItem\",\"position\":2,\"name\":\"Shop\",\"item\":\"https:\/\/www.erresse-shop.it\/es\/shop\/\"},{\"@type\":\"ListItem\",\"position\":3,\"name\":\"TAIT\u00d9 Mare Platos de Postre 4 Piezas\"}]},{\"@type\":\"WebSite\",\"@id\":\"https:\/\/www.erresse-shop.it\/es\/#website\",\"url\":\"https:\/\/www.erresse-shop.it\/es\/\",\"name\":\"Erresse Shop\",\"description\":\"Articoli di qualit\u00e0 per la casa\",\"potentialAction\":[{\"@type\":\"SearchAction\",\"target\":{\"@type\":\"EntryPoint\",\"urlTemplate\":\"https:\/\/www.erresse-shop.it\/es\/?s={search_term_string}\"},\"query-input\":\"required name=search_term_string\"}],\"inLanguage\":\"es\"}]}<\/script>\n<!-- \/ Yoast SEO Premium plugin. -->","yoast_head_json":{"title":"TAIT\u00d9 Mare Platos de Postre 4 Piezas - Erresse Shop","description":"Pintado a mano Material: Fine Bone China El mar contigo, est\u00e9s donde est\u00e9s \u00a1Queremos m\u00e1s y m\u00e1s EAE! Para el verano de 2021, TAIT\u00d9 ampl\u00eda su colecci\u00f3n Best","robots":{"index":"index","follow":"follow","max-snippet":"max-snippet:-1","max-image-preview":"max-image-preview:large","max-video-preview":"max-video-preview:-1"},"canonical":"https:\/\/www.erresse-shop.it\/es\/shop\/tabla\/platos\/taitu-mar-platos-de-postre-4-piezas\/","og_locale":"es_ES","og_type":"article","og_title":"TAIT\u00d9 Mare Platos de Postre 4 Piezas","og_description":"Pintado a mano Material: Fine Bone China El mar contigo, est\u00e9s donde est\u00e9s \u00a1Queremos m\u00e1s y m\u00e1s EAE! Para el verano de 2021, TAIT\u00d9 ampl\u00eda su colecci\u00f3n Best","og_url":"https:\/\/www.erresse-shop.it\/es\/shop\/tabla\/platos\/taitu-mar-platos-de-postre-4-piezas\/","og_site_name":"Erresse Shop","article_modified_time":"2023-06-24T00:12:23+00:00","og_image":[{"width":1000,"height":1000,"url":"https:\/\/www.erresse-shop.it\/wp-content\/uploads\/2021\/05\/TAITU-Mare-Piatto-Dessert-4-Pezzi.jpg","type":"image\/jpeg"}],"twitter_card":"summary_large_image","schema":{"@context":"https:\/\/schema.org","@graph":[{"@type":"WebPage","@id":"https:\/\/www.erresse-shop.it\/es\/shop\/tabla\/platos\/taitu-mar-platos-de-postre-4-piezas\/","url":"https:\/\/www.erresse-shop.it\/es\/shop\/tabla\/platos\/taitu-mar-platos-de-postre-4-piezas\/","name":"TAIT\u00d9 Mare Platos de Postre 4 Piezas - Erresse Shop","isPartOf":{"@id":"https:\/\/www.erresse-shop.it\/es\/#website"},"datePublished":"2021-05-18T13:24:49+00:00","dateModified":"2023-06-24T00:12:23+00:00","description":"Pintado a mano Material: Fine Bone China El mar contigo, est\u00e9s donde est\u00e9s \u00a1Queremos m\u00e1s y m\u00e1s EAE! Para el verano de 2021, TAIT\u00d9 ampl\u00eda su colecci\u00f3n Best","breadcrumb":{"@id":"https:\/\/www.erresse-shop.it\/es\/shop\/tabla\/platos\/taitu-mar-platos-de-postre-4-piezas\/#breadcrumb"},"inLanguage":"es","potentialAction":[{"@type":"ReadAction","target":["https:\/\/www.erresse-shop.it\/es\/shop\/tabla\/platos\/taitu-mar-platos-de-postre-4-piezas\/"]}]},{"@type":"BreadcrumbList","@id":"https:\/\/www.erresse-shop.it\/es\/shop\/tabla\/platos\/taitu-mar-platos-de-postre-4-piezas\/#breadcrumb","itemListElement":[{"@type":"ListItem","position":1,"name":"Home","item":"https:\/\/www.erresse-shop.it\/es\/"},{"@type":"ListItem","position":2,"name":"Shop","item":"https:\/\/www.erresse-shop.it\/es\/shop\/"},{"@type":"ListItem","position":3,"name":"TAIT\u00d9 Mare Platos de Postre 4 Piezas"}]},{"@type":"WebSite","@id":"https:\/\/www.erresse-shop.it\/es\/#website","url":"https:\/\/www.erresse-shop.it\/es\/","name":"Erresse Shop","description":"Articoli di qualit\u00e0 per la casa","potentialAction":[{"@type":"SearchAction","target":{"@type":"EntryPoint","urlTemplate":"https:\/\/www.erresse-shop.it\/es\/?s={search_term_string}"},"query-input":"required name=search_term_string"}],"inLanguage":"es"}]}},"df_price":81.4,"df_sale_price":81.4,"df_regular_price":148,"df_image_link":"https:\/\/www.erresse-shop.it\/wp-content\/uploads\/2021\/05\/TAITU-Mare-Piatto-Dessert-4-Pezzi-300x300.jpg","_links":{"self":[{"href":"https:\/\/www.erresse-shop.it\/es\/wp-json\/wp\/v2\/product\/116405"}],"collection":[{"href":"https:\/\/www.erresse-shop.it\/es\/wp-json\/wp\/v2\/product"}],"about":[{"href":"https:\/\/www.erresse-shop.it\/es\/wp-json\/wp\/v2\/types\/product"}],"wp:featuredmedia":[{"embeddable":true,"href":"https:\/\/www.erresse-shop.it\/es\/wp-json\/wp\/v2\/media\/116407"}],"wp:attachment":[{"href":"https:\/\/www.erresse-shop.it\/es\/wp-json\/wp\/v2\/media?parent=116405"}],"wp:term":[{"taxonomy":"product_cat","embeddable":true,"href":"https:\/\/www.erresse-shop.it\/es\/wp-json\/wp\/v2\/product_cat?post=116405"},{"taxonomy":"product_tag","embeddable":true,"href":"https:\/\/www.erresse-shop.it\/es\/wp-json\/wp\/v2\/product_tag?post=116405"}],"curies":[{"name":"wp","href":"https:\/\/api.w.org\/{rel}","templated":true}]}}