{"id":116384,"date":"2021-06-30T10:02:04","date_gmt":"2021-06-30T10:02:04","guid":{"rendered":"https:\/\/www.erresse-shop.it\/shop\/sin%20categor\u00eda\/sage-the-smart-oven-pro\/"},"modified":"2021-12-29T09:15:56","modified_gmt":"2021-12-29T09:15:56","slug":"sage-the-smart-oven-pro","status":"publish","type":"product","link":"https:\/\/www.erresse-shop.it\/es\/shop\/pequenos-electrodomesticos\/hornos\/sage-the-smart-oven-pro\/","title":{"rendered":"SAGE The Smart Oven Pro"},"content":{"rendered":"<p><strong>10 FUNCIONES DE COCINA INTELIGENTES Y BOMBILLA INTERNA<\/strong><br \/>\nEl Smart Oven\u00ae Pro con Element IQ\u00ae es una herramienta esencial para cualquiera que busque un horno el\u00e9ctrico incre\u00edblemente vers\u00e1til: date el gusto de hornear pizzas, deliciosos bizcochos, pan tostado uniformemente y suculentas carnes asadas. El ajuste de convecci\u00f3n reduce el tiempo de cocci\u00f3n hasta un 30%.<\/p>\n<p><strong>ELEMENT IQ\u00ae PARA UN HORNO INTELIGENTE<\/strong><br \/>\nGestione el calor de forma inteligente. La tecnolog\u00eda Element IQ distribuye el calor en 5 elementos de cuarzo para lograr una temperatura precisa y estable que garantice resultados perfectos en todo momento. Adem\u00e1s, gracias a la funci\u00f3n de precalentamiento r\u00e1pido de 2400 W, sus platos estar\u00e1n listos en la mesa incluso antes.<\/p>\n<p><strong>COCINA POR CONVECCI\u00d3N<\/strong><br \/>\nEl ventilador integrado que hace circular el aire caliente en el interior del horno es imprescindible para los verdaderos profesionales. El calor por convecci\u00f3n acelera el proceso de cocci\u00f3n al mover el aire caliente hacia arriba y el aire fr\u00edo hacia abajo, calentando el horno m\u00e1s r\u00e1pidamente.<\/p>\n<p><strong>FUNCI\u00d3N DE COCCI\u00d3N LENTA<\/strong><br \/>\nA veces es bueno tomarse el tiempo necesario para que los ingredientes est\u00e9n en su punto y resalten los sabores m\u00e1s complejos. Por eso hemos desarrollado la funci\u00f3n de cocci\u00f3n lenta, pensada para que los tiempos de cocci\u00f3n sean m\u00e1s largos a temperaturas m\u00e1s bajas. Con esta funci\u00f3n puede cocinar hasta 10 horas antes de que el horno active autom\u00e1ticamente el modo Mantener caliente, que mantiene los alimentos calientes.<\/p>\n<p><strong>10 FUNCIONES DE COCCI\u00d3N<\/strong><br \/>\n10 funciones de cocci\u00f3n para lograr la perfecci\u00f3n culinaria: Tostar 6 rebanadas, Bagel, Hornear, Asar, Asar, Pizza, Galletas, Recalentar, Calentar, Cocinar a fuego lento.<\/p>\n<p><strong>BOMBILLA INTERNA<\/strong><br \/>\nLa bombilla integrada se enciende autom\u00e1ticamente al abrir la puerta y al final del ciclo de cocci\u00f3n para permitirle ver el interior del horno. Desconexi\u00f3n autom\u00e1tica y por bot\u00f3n. Componentes reemplazables como en los hornos de tama\u00f1o est\u00e1ndar.<\/p>\n<p><strong>PANTALLA LCD<\/strong><br \/>\nPANTALLA LCD para facilitar el acceso a las funciones inteligentes integradas y la elecci\u00f3n de 10 funciones de cocci\u00f3n. La bombilla integrada se enciende autom\u00e1ticamente al final del ciclo de cocci\u00f3n o cuando se desee con s\u00f3lo pulsar un bot\u00f3n.<\/p>\n<p><strong>ESPECIFICACIONES DEL PRODUCTO<\/strong><br \/>\n&#8211; Dimensiones interiores (ancho x fondo x alto): 32 x 47 x 28 cm<br \/>\n&#8211; Garant\u00eda: 1 a\u00f1o de garant\u00eda de sustituci\u00f3n<br \/>\n&#8211; Materiales de construcci\u00f3n: Acero inoxidable cepillado<br \/>\n&#8211; Capacidad: 6 rebanadas de pan tostado; 1 pizza de 30 cm de di\u00e1metro; 1 pollo entero; 9 moldes para magdalenas<br \/>\n&#8211; Ajustes: 10 funciones preestablecidas: Tostar, Crumpet, Hornear, Grill, Asar, Pizza, Galletas, Recalentar, Calentar y Cocci\u00f3n lenta<\/p>\n","protected":false},"excerpt":{"rendered":"<p>10 FUNCIONES DE COCINA INTELIGENTES Y BOMBILLA INTERNA El Smart Oven\u00ae Pro con Element IQ\u00ae es una herramienta esencial para<\/p>\n","protected":false},"featured_media":116385,"template":"","meta":{"_acf_changed":false,"inline_featured_image":false},"product_cat":[16079,16073],"product_tag":[23912],"acf":[],"yoast_head":"<!-- This site is optimized with the Yoast SEO Premium plugin v18.6 (Yoast SEO v19.13) - https:\/\/yoast.com\/wordpress\/plugins\/seo\/ -->\n<title>SAGE The Smart Oven Pro - Erresse Shop<\/title>\n<meta name=\"description\" content=\"10 FUNCIONES DE COCINA INTELIGENTES Y BOMBILLA INTERNA El Smart Oven\u00ae Pro con Element IQ\u00ae es una herramienta esencial para cualquiera que busque un horno\" \/>\n<meta name=\"robots\" content=\"index, follow, max-snippet:-1, max-image-preview:large, max-video-preview:-1\" \/>\n<link rel=\"canonical\" href=\"https:\/\/www.erresse-shop.it\/es\/shop\/pequenos-electrodomesticos\/hornos\/sage-the-smart-oven-pro\/\" \/>\n<meta property=\"og:locale\" content=\"es_ES\" \/>\n<meta property=\"og:type\" content=\"article\" \/>\n<meta property=\"og:title\" content=\"SAGE The Smart Oven Pro\" \/>\n<meta property=\"og:description\" content=\"10 FUNCIONES DE COCINA INTELIGENTES Y BOMBILLA INTERNA El Smart Oven\u00ae Pro con Element IQ\u00ae es una herramienta esencial para cualquiera que busque un horno\" \/>\n<meta property=\"og:url\" content=\"https:\/\/www.erresse-shop.it\/es\/shop\/pequenos-electrodomesticos\/hornos\/sage-the-smart-oven-pro\/\" \/>\n<meta property=\"og:site_name\" content=\"Erresse Shop\" \/>\n<meta property=\"article:modified_time\" content=\"2021-12-29T09:15:56+00:00\" \/>\n<meta property=\"og:image\" content=\"https:\/\/www.erresse-shop.it\/wp-content\/uploads\/2021\/06\/SOV820BSS.jpg\" \/>\n\t<meta property=\"og:image:width\" content=\"992\" \/>\n\t<meta property=\"og:image:height\" content=\"992\" \/>\n\t<meta property=\"og:image:type\" content=\"image\/jpeg\" \/>\n<meta name=\"twitter:card\" content=\"summary_large_image\" \/>\n<script type=\"application\/ld+json\" class=\"yoast-schema-graph\">{\"@context\":\"https:\/\/schema.org\",\"@graph\":[{\"@type\":\"WebPage\",\"@id\":\"https:\/\/www.erresse-shop.it\/es\/shop\/pequenos-electrodomesticos\/hornos\/sage-the-smart-oven-pro\/\",\"url\":\"https:\/\/www.erresse-shop.it\/es\/shop\/pequenos-electrodomesticos\/hornos\/sage-the-smart-oven-pro\/\",\"name\":\"SAGE The Smart Oven Pro - Erresse Shop\",\"isPartOf\":{\"@id\":\"https:\/\/www.erresse-shop.it\/es\/#website\"},\"datePublished\":\"2021-06-30T10:02:04+00:00\",\"dateModified\":\"2021-12-29T09:15:56+00:00\",\"description\":\"10 FUNCIONES DE COCINA INTELIGENTES Y BOMBILLA INTERNA El Smart Oven\u00ae Pro con Element IQ\u00ae es una herramienta esencial para cualquiera que busque un horno\",\"breadcrumb\":{\"@id\":\"https:\/\/www.erresse-shop.it\/es\/shop\/pequenos-electrodomesticos\/hornos\/sage-the-smart-oven-pro\/#breadcrumb\"},\"inLanguage\":\"es\",\"potentialAction\":[{\"@type\":\"ReadAction\",\"target\":[\"https:\/\/www.erresse-shop.it\/es\/shop\/pequenos-electrodomesticos\/hornos\/sage-the-smart-oven-pro\/\"]}]},{\"@type\":\"BreadcrumbList\",\"@id\":\"https:\/\/www.erresse-shop.it\/es\/shop\/pequenos-electrodomesticos\/hornos\/sage-the-smart-oven-pro\/#breadcrumb\",\"itemListElement\":[{\"@type\":\"ListItem\",\"position\":1,\"name\":\"Home\",\"item\":\"https:\/\/www.erresse-shop.it\/es\/\"},{\"@type\":\"ListItem\",\"position\":2,\"name\":\"Shop\",\"item\":\"https:\/\/www.erresse-shop.it\/es\/shop\/\"},{\"@type\":\"ListItem\",\"position\":3,\"name\":\"SAGE The Smart Oven Pro\"}]},{\"@type\":\"WebSite\",\"@id\":\"https:\/\/www.erresse-shop.it\/es\/#website\",\"url\":\"https:\/\/www.erresse-shop.it\/es\/\",\"name\":\"Erresse Shop\",\"description\":\"Articoli di qualit\u00e0 per la casa\",\"potentialAction\":[{\"@type\":\"SearchAction\",\"target\":{\"@type\":\"EntryPoint\",\"urlTemplate\":\"https:\/\/www.erresse-shop.it\/es\/?s={search_term_string}\"},\"query-input\":\"required name=search_term_string\"}],\"inLanguage\":\"es\"}]}<\/script>\n<!-- \/ Yoast SEO Premium plugin. -->","yoast_head_json":{"title":"SAGE The Smart Oven Pro - Erresse Shop","description":"10 FUNCIONES DE COCINA INTELIGENTES Y BOMBILLA INTERNA El Smart Oven\u00ae Pro con Element IQ\u00ae es una herramienta esencial para cualquiera que busque un horno","robots":{"index":"index","follow":"follow","max-snippet":"max-snippet:-1","max-image-preview":"max-image-preview:large","max-video-preview":"max-video-preview:-1"},"canonical":"https:\/\/www.erresse-shop.it\/es\/shop\/pequenos-electrodomesticos\/hornos\/sage-the-smart-oven-pro\/","og_locale":"es_ES","og_type":"article","og_title":"SAGE The Smart Oven Pro","og_description":"10 FUNCIONES DE COCINA INTELIGENTES Y BOMBILLA INTERNA El Smart Oven\u00ae Pro con Element IQ\u00ae es una herramienta esencial para cualquiera que busque un horno","og_url":"https:\/\/www.erresse-shop.it\/es\/shop\/pequenos-electrodomesticos\/hornos\/sage-the-smart-oven-pro\/","og_site_name":"Erresse Shop","article_modified_time":"2021-12-29T09:15:56+00:00","og_image":[{"width":992,"height":992,"url":"https:\/\/www.erresse-shop.it\/wp-content\/uploads\/2021\/06\/SOV820BSS.jpg","type":"image\/jpeg"}],"twitter_card":"summary_large_image","schema":{"@context":"https:\/\/schema.org","@graph":[{"@type":"WebPage","@id":"https:\/\/www.erresse-shop.it\/es\/shop\/pequenos-electrodomesticos\/hornos\/sage-the-smart-oven-pro\/","url":"https:\/\/www.erresse-shop.it\/es\/shop\/pequenos-electrodomesticos\/hornos\/sage-the-smart-oven-pro\/","name":"SAGE The Smart Oven Pro - Erresse Shop","isPartOf":{"@id":"https:\/\/www.erresse-shop.it\/es\/#website"},"datePublished":"2021-06-30T10:02:04+00:00","dateModified":"2021-12-29T09:15:56+00:00","description":"10 FUNCIONES DE COCINA INTELIGENTES Y BOMBILLA INTERNA El Smart Oven\u00ae Pro con Element IQ\u00ae es una herramienta esencial para cualquiera que busque un horno","breadcrumb":{"@id":"https:\/\/www.erresse-shop.it\/es\/shop\/pequenos-electrodomesticos\/hornos\/sage-the-smart-oven-pro\/#breadcrumb"},"inLanguage":"es","potentialAction":[{"@type":"ReadAction","target":["https:\/\/www.erresse-shop.it\/es\/shop\/pequenos-electrodomesticos\/hornos\/sage-the-smart-oven-pro\/"]}]},{"@type":"BreadcrumbList","@id":"https:\/\/www.erresse-shop.it\/es\/shop\/pequenos-electrodomesticos\/hornos\/sage-the-smart-oven-pro\/#breadcrumb","itemListElement":[{"@type":"ListItem","position":1,"name":"Home","item":"https:\/\/www.erresse-shop.it\/es\/"},{"@type":"ListItem","position":2,"name":"Shop","item":"https:\/\/www.erresse-shop.it\/es\/shop\/"},{"@type":"ListItem","position":3,"name":"SAGE The Smart Oven Pro"}]},{"@type":"WebSite","@id":"https:\/\/www.erresse-shop.it\/es\/#website","url":"https:\/\/www.erresse-shop.it\/es\/","name":"Erresse Shop","description":"Articoli di qualit\u00e0 per la casa","potentialAction":[{"@type":"SearchAction","target":{"@type":"EntryPoint","urlTemplate":"https:\/\/www.erresse-shop.it\/es\/?s={search_term_string}"},"query-input":"required name=search_term_string"}],"inLanguage":"es"}]}},"df_price":319.9,"df_sale_price":319.9,"df_regular_price":319.9,"df_image_link":"https:\/\/www.erresse-shop.it\/wp-content\/uploads\/2021\/06\/SOV820BSS-300x300.jpg","_links":{"self":[{"href":"https:\/\/www.erresse-shop.it\/es\/wp-json\/wp\/v2\/product\/116384"}],"collection":[{"href":"https:\/\/www.erresse-shop.it\/es\/wp-json\/wp\/v2\/product"}],"about":[{"href":"https:\/\/www.erresse-shop.it\/es\/wp-json\/wp\/v2\/types\/product"}],"wp:featuredmedia":[{"embeddable":true,"href":"https:\/\/www.erresse-shop.it\/es\/wp-json\/wp\/v2\/media\/116385"}],"wp:attachment":[{"href":"https:\/\/www.erresse-shop.it\/es\/wp-json\/wp\/v2\/media?parent=116384"}],"wp:term":[{"taxonomy":"product_cat","embeddable":true,"href":"https:\/\/www.erresse-shop.it\/es\/wp-json\/wp\/v2\/product_cat?post=116384"},{"taxonomy":"product_tag","embeddable":true,"href":"https:\/\/www.erresse-shop.it\/es\/wp-json\/wp\/v2\/product_tag?post=116384"}],"curies":[{"name":"wp","href":"https:\/\/api.w.org\/{rel}","templated":true}]}}