{"id":116372,"date":"2021-06-29T08:12:26","date_gmt":"2021-06-29T08:12:26","guid":{"rendered":"https:\/\/www.erresse-shop.it\/shop\/sin%20categor\u00eda\/sage-the-soft-top-pure\/"},"modified":"2023-07-08T00:16:04","modified_gmt":"2023-07-08T00:16:04","slug":"sage-the-soft-top-pure","status":"publish","type":"product","link":"https:\/\/www.erresse-shop.it\/es\/shop\/pequenos-electrodomesticos\/hervidores-electricos\/sage-the-soft-top-pure\/","title":{"rendered":"SAGE The Soft Top Pure"},"content":{"rendered":"<p><strong>VENTANA Y FILTRO MET\u00c1LICO SIN BPA<\/strong><br \/>\nEsta m\u00e1quina combina la comodidad del asa de agarre suave y la seguridad de la tapa superior blanda para garantizar que preparar su taza de t\u00e9 o caf\u00e9 sea tan relajante como beberlo. La tapa superior blanda, que se activa pulsando un bot\u00f3n, evita que el agua hirviendo salpique y libera gradualmente el vapor.<\/p>\n<p><strong>DOS VENTANAS A NIVEL DEL AGUA<\/strong><br \/>\nFabricado con materiales libres de BPA.<\/p>\n<p><strong>SOFT TOP\u2122 LID<\/strong><br \/>\nVerter una mezcla hirviendo de la tetera a la taza puede ser peligroso. Esta tapa especial libera lentamente el vapor y elimina el riesgo de salpicaduras.<\/p>\n<p><strong>MANGO ERGON\u00d3MICO<\/strong><br \/>\nCon bot\u00f3n de apertura de la tapa e interruptor de encendido iluminado.<\/p>\n<p><strong>PITCHER GRANDE<\/strong><br \/>\nJarra de 1,7 l.<\/p>\n<p><strong>COMODIDAD SIN CABLES<\/strong><br \/>\nJarra sin cable con base multidireccional de 360 grados y enrollador de cable.<\/p>\n<p><strong>ESPECIFICACIONES DEL PRODUCTO<\/strong><br \/>\n&#8211; Dimensiones (ancho x fondo x alto): 22,9 x 21,6 x 24,1 cm<br \/>\n&#8211; Garant\u00eda: 2 a\u00f1os para reparaci\u00f3n, sustituci\u00f3n o reembolso (a discreci\u00f3n de Sage Appliances)<br \/>\n&#8211; Materiales de construcci\u00f3n: Acero inoxidable<br \/>\n&#8211; Capacidad: 1,7 litros\/7 tazas<br \/>\n&#8211; Ajustes: Interruptor de encendido\/apagado iluminado<\/p>\n","protected":false},"excerpt":{"rendered":"<p>VENTANA Y FILTRO MET\u00c1LICO SIN BPA Esta m\u00e1quina combina la comodidad del asa de agarre suave y la seguridad de<\/p>\n","protected":false},"featured_media":116373,"template":"","meta":{"_acf_changed":false,"inline_featured_image":false},"product_cat":[16074,16073],"product_tag":[23912,23662,24417,16258,21033,21188,21823],"acf":[],"yoast_head":"<!-- This site is optimized with the Yoast SEO Premium plugin v18.6 (Yoast SEO v19.13) - https:\/\/yoast.com\/wordpress\/plugins\/seo\/ -->\n<title>SAGE The Soft Top Pure - Erresse Shop<\/title>\n<meta name=\"description\" content=\"VENTANA Y FILTRO MET\u00c1LICO SIN BPA Esta m\u00e1quina combina la comodidad del asa de agarre suave y la seguridad de la tapa superior blanda para garantizar que\" \/>\n<meta name=\"robots\" content=\"index, follow, max-snippet:-1, max-image-preview:large, max-video-preview:-1\" \/>\n<link rel=\"canonical\" href=\"https:\/\/www.erresse-shop.it\/es\/shop\/pequenos-electrodomesticos\/hervidores-electricos\/sage-the-soft-top-pure\/\" \/>\n<meta property=\"og:locale\" content=\"es_ES\" \/>\n<meta property=\"og:type\" content=\"article\" \/>\n<meta property=\"og:title\" content=\"SAGE The Soft Top Pure\" \/>\n<meta property=\"og:description\" content=\"VENTANA Y FILTRO MET\u00c1LICO SIN BPA Esta m\u00e1quina combina la comodidad del asa de agarre suave y la seguridad de la tapa superior blanda para garantizar que\" \/>\n<meta property=\"og:url\" content=\"https:\/\/www.erresse-shop.it\/es\/shop\/pequenos-electrodomesticos\/hervidores-electricos\/sage-the-soft-top-pure\/\" \/>\n<meta property=\"og:site_name\" content=\"Erresse Shop\" \/>\n<meta property=\"article:modified_time\" content=\"2023-07-08T00:16:04+00:00\" \/>\n<meta property=\"og:image\" content=\"https:\/\/www.erresse-shop.it\/wp-content\/uploads\/2021\/06\/SKE700BSS.jpg\" \/>\n\t<meta property=\"og:image:width\" content=\"992\" \/>\n\t<meta property=\"og:image:height\" content=\"992\" \/>\n\t<meta property=\"og:image:type\" content=\"image\/jpeg\" \/>\n<meta name=\"twitter:card\" content=\"summary_large_image\" \/>\n<script type=\"application\/ld+json\" class=\"yoast-schema-graph\">{\"@context\":\"https:\/\/schema.org\",\"@graph\":[{\"@type\":\"WebPage\",\"@id\":\"https:\/\/www.erresse-shop.it\/es\/shop\/pequenos-electrodomesticos\/hervidores-electricos\/sage-the-soft-top-pure\/\",\"url\":\"https:\/\/www.erresse-shop.it\/es\/shop\/pequenos-electrodomesticos\/hervidores-electricos\/sage-the-soft-top-pure\/\",\"name\":\"SAGE The Soft Top Pure - Erresse Shop\",\"isPartOf\":{\"@id\":\"https:\/\/www.erresse-shop.it\/es\/#website\"},\"datePublished\":\"2021-06-29T08:12:26+00:00\",\"dateModified\":\"2023-07-08T00:16:04+00:00\",\"description\":\"VENTANA Y FILTRO MET\u00c1LICO SIN BPA Esta m\u00e1quina combina la comodidad del asa de agarre suave y la seguridad de la tapa superior blanda para garantizar que\",\"breadcrumb\":{\"@id\":\"https:\/\/www.erresse-shop.it\/es\/shop\/pequenos-electrodomesticos\/hervidores-electricos\/sage-the-soft-top-pure\/#breadcrumb\"},\"inLanguage\":\"es\",\"potentialAction\":[{\"@type\":\"ReadAction\",\"target\":[\"https:\/\/www.erresse-shop.it\/es\/shop\/pequenos-electrodomesticos\/hervidores-electricos\/sage-the-soft-top-pure\/\"]}]},{\"@type\":\"BreadcrumbList\",\"@id\":\"https:\/\/www.erresse-shop.it\/es\/shop\/pequenos-electrodomesticos\/hervidores-electricos\/sage-the-soft-top-pure\/#breadcrumb\",\"itemListElement\":[{\"@type\":\"ListItem\",\"position\":1,\"name\":\"Home\",\"item\":\"https:\/\/www.erresse-shop.it\/es\/\"},{\"@type\":\"ListItem\",\"position\":2,\"name\":\"Shop\",\"item\":\"https:\/\/www.erresse-shop.it\/es\/shop\/\"},{\"@type\":\"ListItem\",\"position\":3,\"name\":\"SAGE The Soft Top Pure\"}]},{\"@type\":\"WebSite\",\"@id\":\"https:\/\/www.erresse-shop.it\/es\/#website\",\"url\":\"https:\/\/www.erresse-shop.it\/es\/\",\"name\":\"Erresse Shop\",\"description\":\"Articoli di qualit\u00e0 per la casa\",\"potentialAction\":[{\"@type\":\"SearchAction\",\"target\":{\"@type\":\"EntryPoint\",\"urlTemplate\":\"https:\/\/www.erresse-shop.it\/es\/?s={search_term_string}\"},\"query-input\":\"required name=search_term_string\"}],\"inLanguage\":\"es\"}]}<\/script>\n<!-- \/ Yoast SEO Premium plugin. -->","yoast_head_json":{"title":"SAGE The Soft Top Pure - Erresse Shop","description":"VENTANA Y FILTRO MET\u00c1LICO SIN BPA Esta m\u00e1quina combina la comodidad del asa de agarre suave y la seguridad de la tapa superior blanda para garantizar que","robots":{"index":"index","follow":"follow","max-snippet":"max-snippet:-1","max-image-preview":"max-image-preview:large","max-video-preview":"max-video-preview:-1"},"canonical":"https:\/\/www.erresse-shop.it\/es\/shop\/pequenos-electrodomesticos\/hervidores-electricos\/sage-the-soft-top-pure\/","og_locale":"es_ES","og_type":"article","og_title":"SAGE The Soft Top Pure","og_description":"VENTANA Y FILTRO MET\u00c1LICO SIN BPA Esta m\u00e1quina combina la comodidad del asa de agarre suave y la seguridad de la tapa superior blanda para garantizar que","og_url":"https:\/\/www.erresse-shop.it\/es\/shop\/pequenos-electrodomesticos\/hervidores-electricos\/sage-the-soft-top-pure\/","og_site_name":"Erresse Shop","article_modified_time":"2023-07-08T00:16:04+00:00","og_image":[{"width":992,"height":992,"url":"https:\/\/www.erresse-shop.it\/wp-content\/uploads\/2021\/06\/SKE700BSS.jpg","type":"image\/jpeg"}],"twitter_card":"summary_large_image","schema":{"@context":"https:\/\/schema.org","@graph":[{"@type":"WebPage","@id":"https:\/\/www.erresse-shop.it\/es\/shop\/pequenos-electrodomesticos\/hervidores-electricos\/sage-the-soft-top-pure\/","url":"https:\/\/www.erresse-shop.it\/es\/shop\/pequenos-electrodomesticos\/hervidores-electricos\/sage-the-soft-top-pure\/","name":"SAGE The Soft Top Pure - Erresse Shop","isPartOf":{"@id":"https:\/\/www.erresse-shop.it\/es\/#website"},"datePublished":"2021-06-29T08:12:26+00:00","dateModified":"2023-07-08T00:16:04+00:00","description":"VENTANA Y FILTRO MET\u00c1LICO SIN BPA Esta m\u00e1quina combina la comodidad del asa de agarre suave y la seguridad de la tapa superior blanda para garantizar que","breadcrumb":{"@id":"https:\/\/www.erresse-shop.it\/es\/shop\/pequenos-electrodomesticos\/hervidores-electricos\/sage-the-soft-top-pure\/#breadcrumb"},"inLanguage":"es","potentialAction":[{"@type":"ReadAction","target":["https:\/\/www.erresse-shop.it\/es\/shop\/pequenos-electrodomesticos\/hervidores-electricos\/sage-the-soft-top-pure\/"]}]},{"@type":"BreadcrumbList","@id":"https:\/\/www.erresse-shop.it\/es\/shop\/pequenos-electrodomesticos\/hervidores-electricos\/sage-the-soft-top-pure\/#breadcrumb","itemListElement":[{"@type":"ListItem","position":1,"name":"Home","item":"https:\/\/www.erresse-shop.it\/es\/"},{"@type":"ListItem","position":2,"name":"Shop","item":"https:\/\/www.erresse-shop.it\/es\/shop\/"},{"@type":"ListItem","position":3,"name":"SAGE The Soft Top Pure"}]},{"@type":"WebSite","@id":"https:\/\/www.erresse-shop.it\/es\/#website","url":"https:\/\/www.erresse-shop.it\/es\/","name":"Erresse Shop","description":"Articoli di qualit\u00e0 per la casa","potentialAction":[{"@type":"SearchAction","target":{"@type":"EntryPoint","urlTemplate":"https:\/\/www.erresse-shop.it\/es\/?s={search_term_string}"},"query-input":"required name=search_term_string"}],"inLanguage":"es"}]}},"df_price":89.95,"df_sale_price":89.95,"df_regular_price":109.9,"df_image_link":"https:\/\/www.erresse-shop.it\/wp-content\/uploads\/2021\/06\/SKE700BSS-300x300.jpg","_links":{"self":[{"href":"https:\/\/www.erresse-shop.it\/es\/wp-json\/wp\/v2\/product\/116372"}],"collection":[{"href":"https:\/\/www.erresse-shop.it\/es\/wp-json\/wp\/v2\/product"}],"about":[{"href":"https:\/\/www.erresse-shop.it\/es\/wp-json\/wp\/v2\/types\/product"}],"wp:featuredmedia":[{"embeddable":true,"href":"https:\/\/www.erresse-shop.it\/es\/wp-json\/wp\/v2\/media\/116373"}],"wp:attachment":[{"href":"https:\/\/www.erresse-shop.it\/es\/wp-json\/wp\/v2\/media?parent=116372"}],"wp:term":[{"taxonomy":"product_cat","embeddable":true,"href":"https:\/\/www.erresse-shop.it\/es\/wp-json\/wp\/v2\/product_cat?post=116372"},{"taxonomy":"product_tag","embeddable":true,"href":"https:\/\/www.erresse-shop.it\/es\/wp-json\/wp\/v2\/product_tag?post=116372"}],"curies":[{"name":"wp","href":"https:\/\/api.w.org\/{rel}","templated":true}]}}