{"id":116365,"date":"2021-06-29T07:18:38","date_gmt":"2021-06-29T07:18:38","guid":{"rendered":"https:\/\/www.erresse-shop.it\/shop\/sin%20categor\u00eda\/sage-the-milk-cafe\/"},"modified":"2021-12-22T15:45:57","modified_gmt":"2021-12-22T15:45:57","slug":"sage-the-milk-cafe","status":"publish","type":"product","link":"https:\/\/www.erresse-shop.it\/es\/shop\/pequenos-electrodomesticos\/espumadores-de-leche\/sage-the-milk-cafe\/","title":{"rendered":"SAGE The Milk Caf\u00e8"},"content":{"rendered":"<p><strong>HACE DELICIOSAS BEBIDAS L\u00c1CTEAS CALIENTES DE TEXTURA CREMOSA<\/strong><br \/>\nAtr\u00e1s quedaron los d\u00edas en que disfrutar de una bebida l\u00e1ctea caliente significaba inundar las papilas gustativas con burbujas. Ahora s\u00f3lo tiene que elegir el disco espumador de leche adecuado, a\u00f1adir leche, seleccionar la temperatura, pulsar el bot\u00f3n de inicio y prepararse para disfrutar de la bebida perfecta.<\/p>\n<p><strong>CALENTAMIENTO POR INDUCCI\u00d3N<\/strong><br \/>\nLa distribuci\u00f3n gradual y uniforme del calor en este proceso progresivo crea peque\u00f1as burbujas, perfectas para las bebidas l\u00e1cteas calientes.<\/p>\n<p><strong>DESCONEXI\u00d3N AUTOM\u00c1TICA<\/strong><br \/>\nUna vez alcanzada la temperatura deseada, el Milk Caf\u00e9 se desconecta autom\u00e1ticamente.<\/p>\n<p><strong>F\u00c1CIL DE LIMPIAR<\/strong><br \/>\nGracias al sistema de calentamiento por inducci\u00f3n, puede lavar la jarra directamente en el lavavajillas y disfrutar de su bebida de leche caliente.<\/p>\n<p><strong>TAPA DE MEDICI\u00d3N<\/strong><br \/>\nTap\u00f3n dosificador para medir y a\u00f1adir los ingredientes una vez iniciada la mezcla. Ideal para el chocolate caliente y el t\u00e9 chai.<\/p>\n<p><strong>JARRA DE GRAN CAPACIDAD<\/strong><br \/>\nCapacidad para tres tazas de leche con espuma. F\u00e1cil de limpiar, apto para el lavavajillas.<\/p>\n<p style=\"text-align: left;\"><strong>ESPECIFICACIONES DEL PRODUCTO<\/strong><br \/>\n&#8211; Dimensiones (ancho x fondo x alto): 15,5 x 16,3 x 26,2 cm<br \/>\n&#8211; Garant\u00eda: 2 a\u00f1os de garant\u00eda para reparaci\u00f3n, sustituci\u00f3n o reembolso (a discreci\u00f3n de Sage Appliances)<br \/>\n&#8211; Materiales de construcci\u00f3n: Acero inoxidable<br \/>\n&#8211; Capacidad: 740 ml\/3 tazas<br \/>\n&#8211; Ajustes: Revolver en fr\u00edo, templado, temperatura \u00f3ptima y caliente<\/p>\n","protected":false},"excerpt":{"rendered":"<p>HACE DELICIOSAS BEBIDAS L\u00c1CTEAS CALIENTES DE TEXTURA CREMOSA Atr\u00e1s quedaron los d\u00edas en que disfrutar de una bebida l\u00e1ctea caliente<\/p>\n","protected":false},"featured_media":116366,"template":"","meta":{"_acf_changed":false,"inline_featured_image":false},"product_cat":[20621,16073],"product_tag":[23912,16390,23574,16392],"acf":[],"yoast_head":"<!-- This site is optimized with the Yoast SEO Premium plugin v18.6 (Yoast SEO v19.13) - https:\/\/yoast.com\/wordpress\/plugins\/seo\/ -->\n<title>SAGE The Milk Caf\u00e8 - Erresse Shop<\/title>\n<meta name=\"description\" content=\"HACE DELICIOSAS BEBIDAS L\u00c1CTEAS CALIENTES DE TEXTURA CREMOSA Atr\u00e1s quedaron los d\u00edas en que disfrutar de una bebida l\u00e1ctea caliente significaba inundar\" \/>\n<meta name=\"robots\" content=\"index, follow, max-snippet:-1, max-image-preview:large, max-video-preview:-1\" \/>\n<link rel=\"canonical\" href=\"https:\/\/www.erresse-shop.it\/es\/shop\/pequenos-electrodomesticos\/espumadores-de-leche\/sage-the-milk-cafe\/\" \/>\n<meta property=\"og:locale\" content=\"es_ES\" \/>\n<meta property=\"og:type\" content=\"article\" \/>\n<meta property=\"og:title\" content=\"SAGE The Milk Caf\u00e8\" \/>\n<meta property=\"og:description\" content=\"HACE DELICIOSAS BEBIDAS L\u00c1CTEAS CALIENTES DE TEXTURA CREMOSA Atr\u00e1s quedaron los d\u00edas en que disfrutar de una bebida l\u00e1ctea caliente significaba inundar\" \/>\n<meta property=\"og:url\" content=\"https:\/\/www.erresse-shop.it\/es\/shop\/pequenos-electrodomesticos\/espumadores-de-leche\/sage-the-milk-cafe\/\" \/>\n<meta property=\"og:site_name\" content=\"Erresse Shop\" \/>\n<meta property=\"article:modified_time\" content=\"2021-12-22T15:45:57+00:00\" \/>\n<meta property=\"og:image\" content=\"https:\/\/www.erresse-shop.it\/wp-content\/uploads\/2021\/06\/SMF6000BSS.jpg\" \/>\n\t<meta property=\"og:image:width\" content=\"992\" \/>\n\t<meta property=\"og:image:height\" content=\"992\" \/>\n\t<meta property=\"og:image:type\" content=\"image\/jpeg\" \/>\n<meta name=\"twitter:card\" content=\"summary_large_image\" \/>\n<script type=\"application\/ld+json\" class=\"yoast-schema-graph\">{\"@context\":\"https:\/\/schema.org\",\"@graph\":[{\"@type\":\"WebPage\",\"@id\":\"https:\/\/www.erresse-shop.it\/es\/shop\/pequenos-electrodomesticos\/espumadores-de-leche\/sage-the-milk-cafe\/\",\"url\":\"https:\/\/www.erresse-shop.it\/es\/shop\/pequenos-electrodomesticos\/espumadores-de-leche\/sage-the-milk-cafe\/\",\"name\":\"SAGE The Milk Caf\u00e8 - Erresse Shop\",\"isPartOf\":{\"@id\":\"https:\/\/www.erresse-shop.it\/es\/#website\"},\"datePublished\":\"2021-06-29T07:18:38+00:00\",\"dateModified\":\"2021-12-22T15:45:57+00:00\",\"description\":\"HACE DELICIOSAS BEBIDAS L\u00c1CTEAS CALIENTES DE TEXTURA CREMOSA Atr\u00e1s quedaron los d\u00edas en que disfrutar de una bebida l\u00e1ctea caliente significaba inundar\",\"breadcrumb\":{\"@id\":\"https:\/\/www.erresse-shop.it\/es\/shop\/pequenos-electrodomesticos\/espumadores-de-leche\/sage-the-milk-cafe\/#breadcrumb\"},\"inLanguage\":\"es\",\"potentialAction\":[{\"@type\":\"ReadAction\",\"target\":[\"https:\/\/www.erresse-shop.it\/es\/shop\/pequenos-electrodomesticos\/espumadores-de-leche\/sage-the-milk-cafe\/\"]}]},{\"@type\":\"BreadcrumbList\",\"@id\":\"https:\/\/www.erresse-shop.it\/es\/shop\/pequenos-electrodomesticos\/espumadores-de-leche\/sage-the-milk-cafe\/#breadcrumb\",\"itemListElement\":[{\"@type\":\"ListItem\",\"position\":1,\"name\":\"Home\",\"item\":\"https:\/\/www.erresse-shop.it\/es\/\"},{\"@type\":\"ListItem\",\"position\":2,\"name\":\"Shop\",\"item\":\"https:\/\/www.erresse-shop.it\/es\/shop\/\"},{\"@type\":\"ListItem\",\"position\":3,\"name\":\"SAGE The Milk Caf\u00e8\"}]},{\"@type\":\"WebSite\",\"@id\":\"https:\/\/www.erresse-shop.it\/es\/#website\",\"url\":\"https:\/\/www.erresse-shop.it\/es\/\",\"name\":\"Erresse Shop\",\"description\":\"Articoli di qualit\u00e0 per la casa\",\"potentialAction\":[{\"@type\":\"SearchAction\",\"target\":{\"@type\":\"EntryPoint\",\"urlTemplate\":\"https:\/\/www.erresse-shop.it\/es\/?s={search_term_string}\"},\"query-input\":\"required name=search_term_string\"}],\"inLanguage\":\"es\"}]}<\/script>\n<!-- \/ Yoast SEO Premium plugin. -->","yoast_head_json":{"title":"SAGE The Milk Caf\u00e8 - Erresse Shop","description":"HACE DELICIOSAS BEBIDAS L\u00c1CTEAS CALIENTES DE TEXTURA CREMOSA Atr\u00e1s quedaron los d\u00edas en que disfrutar de una bebida l\u00e1ctea caliente significaba inundar","robots":{"index":"index","follow":"follow","max-snippet":"max-snippet:-1","max-image-preview":"max-image-preview:large","max-video-preview":"max-video-preview:-1"},"canonical":"https:\/\/www.erresse-shop.it\/es\/shop\/pequenos-electrodomesticos\/espumadores-de-leche\/sage-the-milk-cafe\/","og_locale":"es_ES","og_type":"article","og_title":"SAGE The Milk Caf\u00e8","og_description":"HACE DELICIOSAS BEBIDAS L\u00c1CTEAS CALIENTES DE TEXTURA CREMOSA Atr\u00e1s quedaron los d\u00edas en que disfrutar de una bebida l\u00e1ctea caliente significaba inundar","og_url":"https:\/\/www.erresse-shop.it\/es\/shop\/pequenos-electrodomesticos\/espumadores-de-leche\/sage-the-milk-cafe\/","og_site_name":"Erresse Shop","article_modified_time":"2021-12-22T15:45:57+00:00","og_image":[{"width":992,"height":992,"url":"https:\/\/www.erresse-shop.it\/wp-content\/uploads\/2021\/06\/SMF6000BSS.jpg","type":"image\/jpeg"}],"twitter_card":"summary_large_image","schema":{"@context":"https:\/\/schema.org","@graph":[{"@type":"WebPage","@id":"https:\/\/www.erresse-shop.it\/es\/shop\/pequenos-electrodomesticos\/espumadores-de-leche\/sage-the-milk-cafe\/","url":"https:\/\/www.erresse-shop.it\/es\/shop\/pequenos-electrodomesticos\/espumadores-de-leche\/sage-the-milk-cafe\/","name":"SAGE The Milk Caf\u00e8 - Erresse Shop","isPartOf":{"@id":"https:\/\/www.erresse-shop.it\/es\/#website"},"datePublished":"2021-06-29T07:18:38+00:00","dateModified":"2021-12-22T15:45:57+00:00","description":"HACE DELICIOSAS BEBIDAS L\u00c1CTEAS CALIENTES DE TEXTURA CREMOSA Atr\u00e1s quedaron los d\u00edas en que disfrutar de una bebida l\u00e1ctea caliente significaba inundar","breadcrumb":{"@id":"https:\/\/www.erresse-shop.it\/es\/shop\/pequenos-electrodomesticos\/espumadores-de-leche\/sage-the-milk-cafe\/#breadcrumb"},"inLanguage":"es","potentialAction":[{"@type":"ReadAction","target":["https:\/\/www.erresse-shop.it\/es\/shop\/pequenos-electrodomesticos\/espumadores-de-leche\/sage-the-milk-cafe\/"]}]},{"@type":"BreadcrumbList","@id":"https:\/\/www.erresse-shop.it\/es\/shop\/pequenos-electrodomesticos\/espumadores-de-leche\/sage-the-milk-cafe\/#breadcrumb","itemListElement":[{"@type":"ListItem","position":1,"name":"Home","item":"https:\/\/www.erresse-shop.it\/es\/"},{"@type":"ListItem","position":2,"name":"Shop","item":"https:\/\/www.erresse-shop.it\/es\/shop\/"},{"@type":"ListItem","position":3,"name":"SAGE The Milk Caf\u00e8"}]},{"@type":"WebSite","@id":"https:\/\/www.erresse-shop.it\/es\/#website","url":"https:\/\/www.erresse-shop.it\/es\/","name":"Erresse Shop","description":"Articoli di qualit\u00e0 per la casa","potentialAction":[{"@type":"SearchAction","target":{"@type":"EntryPoint","urlTemplate":"https:\/\/www.erresse-shop.it\/es\/?s={search_term_string}"},"query-input":"required name=search_term_string"}],"inLanguage":"es"}]}},"df_price":169.9,"df_sale_price":169.9,"df_regular_price":169.9,"df_image_link":"https:\/\/www.erresse-shop.it\/wp-content\/uploads\/2021\/06\/SMF6000BSS-300x300.jpg","_links":{"self":[{"href":"https:\/\/www.erresse-shop.it\/es\/wp-json\/wp\/v2\/product\/116365"}],"collection":[{"href":"https:\/\/www.erresse-shop.it\/es\/wp-json\/wp\/v2\/product"}],"about":[{"href":"https:\/\/www.erresse-shop.it\/es\/wp-json\/wp\/v2\/types\/product"}],"wp:featuredmedia":[{"embeddable":true,"href":"https:\/\/www.erresse-shop.it\/es\/wp-json\/wp\/v2\/media\/116366"}],"wp:attachment":[{"href":"https:\/\/www.erresse-shop.it\/es\/wp-json\/wp\/v2\/media?parent=116365"}],"wp:term":[{"taxonomy":"product_cat","embeddable":true,"href":"https:\/\/www.erresse-shop.it\/es\/wp-json\/wp\/v2\/product_cat?post=116365"},{"taxonomy":"product_tag","embeddable":true,"href":"https:\/\/www.erresse-shop.it\/es\/wp-json\/wp\/v2\/product_tag?post=116365"}],"curies":[{"name":"wp","href":"https:\/\/api.w.org\/{rel}","templated":true}]}}