{"id":116357,"date":"2021-06-28T13:57:23","date_gmt":"2021-06-28T13:57:23","guid":{"rendered":"https:\/\/www.erresse-shop.it\/shop\/sin%20categor\u00eda\/sage-precision-bewer-thermal\/"},"modified":"2024-06-28T10:31:33","modified_gmt":"2024-06-28T10:31:33","slug":"sage-precision-bewer-thermal","status":"publish","type":"product","link":"https:\/\/www.erresse-shop.it\/es\/shop\/pequenos-electrodomesticos\/maquinas-de-cafe\/filtro\/sage-precision-bewer-thermal\/","title":{"rendered":"SAGE Precision Brewer Thermal"},"content":{"rendered":"<p><strong>EXTRAER EL CAF\u00c9 FILTRADO AUTOM\u00c1TICAMENTE<\/strong><br \/>\nLa primera m\u00e1quina de caf\u00e9 de filtro del mundo con una capacidad de 1,7 litros y toda la precisi\u00f3n que necesita para preparar un excelente caf\u00e9 de filtro, de forma autom\u00e1tica. Disfrute de lo mejor de su caf\u00e9 favorito, independientemente del pa\u00eds de origen, la madurez o el grado de tueste, gracias a la precisi\u00f3n de la temperatura y el tiempo de extracci\u00f3n.<\/p>\n<p><strong>UNA NUEVA INVESTIGACI\u00d3N CONFIRMA<\/strong><br \/>\nLas diferentes formas de las cestas ofrecen diferentes sabores. Descubra el caf\u00e9 perfecto para usted con un control de precisi\u00f3n.<\/p>\n<p><strong>INCLUYE BASE PLANA Y CESTAS FILTRANTES C\u00d3NICAS<\/strong><br \/>\nPrepare en casa la cantidad de caf\u00e9 que prefiera, tal y como le guste.<\/p>\n<p><strong>6 PREAJUSTES, INCLUIDO EL EST\u00c1NDAR DE LA COPA DE ORO<\/strong><br \/>\nLos preajustes incluyen Gold, Fast, Strong, Iced y Cold Brew.<\/p>\n<p><strong>MI CERVEZA<\/strong><br \/>\nPermite personalizar cualquier par\u00e1metro, como el tiempo de preinfusi\u00f3n, la temperatura de infusi\u00f3n y la velocidad de elaboraci\u00f3n, para adaptarlo a su gusto y resaltar el sabor del tipo de caf\u00e9 espec\u00edfico utilizado, desde notas florales hasta afrutadas y terrosas.<\/p>\n<p><strong>TIEMPO DE PRE-INFUSI\u00d3N AJUSTABLE<\/strong><br \/>\nEl control ajustable permite conseguir el tiempo de preinfusi\u00f3n perfecto para el tipo de caf\u00e9 utilizado. Al final de la pre-infusi\u00f3n, el agua restante se pasa al caf\u00e9 molido para completar la preparaci\u00f3n.<\/p>\n<p><strong>TEMPERATURA DE EXTRACCI\u00d3N PRECISA<\/strong><br \/>\nEl sistema de calentamiento Thermocoil con control PID proporciona un caf\u00e9 de sabor excepcional gracias al control digital preciso de la temperatura, la velocidad de infusi\u00f3n y el tiempo de contacto entre el caf\u00e9 y el agua.<\/p>\n<p><strong>VELOCIDAD DE COCCI\u00d3N AJUSTABLE<\/strong><br \/>\nSeleccione entre 3 velocidades de infusi\u00f3n diferentes para optimizar el tiempo de contacto.<\/p>\n<p><strong>ESPECIFICACIONES DEL PRODUCTO<\/strong><br \/>\n&#8211; Dimensiones (ancho x fondo x alto): 36 x 16,8 x 39,5 cm<br \/>\n&#8211; Garant\u00eda: 2 a\u00f1os de garant\u00eda para reparaci\u00f3n, sustituci\u00f3n o reembolso (a discreci\u00f3n de Sage Appliances)<br \/>\n&#8211; Materiales de construcci\u00f3n: Acero inoxidable cepillado<br \/>\n&#8211; Capacidad: 1,7 L\/12 tazas<br \/>\n&#8211; Ajustes: Gold Cup, Fast, Strong Brew, Cold Brew, My Brew,Pour Over<\/p>\n","protected":false},"excerpt":{"rendered":"<p>EXTRAER EL CAF\u00c9 FILTRADO AUTOM\u00c1TICAMENTE La primera m\u00e1quina de caf\u00e9 de filtro del mundo con una capacidad de 1,7 litros<\/p>\n","protected":false},"featured_media":116358,"template":"","meta":{"_acf_changed":false,"inline_featured_image":false},"product_cat":[25377,16076,16073],"product_tag":[23574,16259,16398,16399,21823],"acf":[],"yoast_head":"<!-- This site is optimized with the Yoast SEO Premium plugin v18.6 (Yoast SEO v19.13) - https:\/\/yoast.com\/wordpress\/plugins\/seo\/ -->\n<title>SAGE Precision Brewer Thermal - Erresse Shop<\/title>\n<meta name=\"description\" content=\"EXTRAER EL CAF\u00c9 FILTRADO AUTOM\u00c1TICAMENTE La primera m\u00e1quina de caf\u00e9 de filtro del mundo con una capacidad de 1,7 litros y toda la precisi\u00f3n que necesita\" \/>\n<meta name=\"robots\" content=\"index, follow, max-snippet:-1, max-image-preview:large, max-video-preview:-1\" \/>\n<link rel=\"canonical\" href=\"https:\/\/www.erresse-shop.it\/es\/shop\/pequenos-electrodomesticos\/maquinas-de-cafe\/filtro\/sage-precision-bewer-thermal\/\" \/>\n<meta property=\"og:locale\" content=\"es_ES\" \/>\n<meta property=\"og:type\" content=\"article\" \/>\n<meta property=\"og:title\" content=\"SAGE Precision Brewer Thermal\" \/>\n<meta property=\"og:description\" content=\"EXTRAER EL CAF\u00c9 FILTRADO AUTOM\u00c1TICAMENTE La primera m\u00e1quina de caf\u00e9 de filtro del mundo con una capacidad de 1,7 litros y toda la precisi\u00f3n que necesita\" \/>\n<meta property=\"og:url\" content=\"https:\/\/www.erresse-shop.it\/es\/shop\/pequenos-electrodomesticos\/maquinas-de-cafe\/filtro\/sage-precision-bewer-thermal\/\" \/>\n<meta property=\"og:site_name\" content=\"Erresse Shop\" \/>\n<meta property=\"article:modified_time\" content=\"2024-06-28T10:31:33+00:00\" \/>\n<meta property=\"og:image\" content=\"https:\/\/www.erresse-shop.it\/wp-content\/uploads\/2021\/06\/SDC450BSS.jpg\" \/>\n\t<meta property=\"og:image:width\" content=\"992\" \/>\n\t<meta property=\"og:image:height\" content=\"992\" \/>\n\t<meta property=\"og:image:type\" content=\"image\/jpeg\" \/>\n<meta name=\"twitter:card\" content=\"summary_large_image\" \/>\n<script type=\"application\/ld+json\" class=\"yoast-schema-graph\">{\"@context\":\"https:\/\/schema.org\",\"@graph\":[{\"@type\":\"WebPage\",\"@id\":\"https:\/\/www.erresse-shop.it\/es\/shop\/pequenos-electrodomesticos\/maquinas-de-cafe\/filtro\/sage-precision-bewer-thermal\/\",\"url\":\"https:\/\/www.erresse-shop.it\/es\/shop\/pequenos-electrodomesticos\/maquinas-de-cafe\/filtro\/sage-precision-bewer-thermal\/\",\"name\":\"SAGE Precision Brewer Thermal - Erresse Shop\",\"isPartOf\":{\"@id\":\"https:\/\/www.erresse-shop.it\/es\/#website\"},\"datePublished\":\"2021-06-28T13:57:23+00:00\",\"dateModified\":\"2024-06-28T10:31:33+00:00\",\"description\":\"EXTRAER EL CAF\u00c9 FILTRADO AUTOM\u00c1TICAMENTE La primera m\u00e1quina de caf\u00e9 de filtro del mundo con una capacidad de 1,7 litros y toda la precisi\u00f3n que necesita\",\"breadcrumb\":{\"@id\":\"https:\/\/www.erresse-shop.it\/es\/shop\/pequenos-electrodomesticos\/maquinas-de-cafe\/filtro\/sage-precision-bewer-thermal\/#breadcrumb\"},\"inLanguage\":\"es\",\"potentialAction\":[{\"@type\":\"ReadAction\",\"target\":[\"https:\/\/www.erresse-shop.it\/es\/shop\/pequenos-electrodomesticos\/maquinas-de-cafe\/filtro\/sage-precision-bewer-thermal\/\"]}]},{\"@type\":\"BreadcrumbList\",\"@id\":\"https:\/\/www.erresse-shop.it\/es\/shop\/pequenos-electrodomesticos\/maquinas-de-cafe\/filtro\/sage-precision-bewer-thermal\/#breadcrumb\",\"itemListElement\":[{\"@type\":\"ListItem\",\"position\":1,\"name\":\"Home\",\"item\":\"https:\/\/www.erresse-shop.it\/es\/\"},{\"@type\":\"ListItem\",\"position\":2,\"name\":\"Shop\",\"item\":\"https:\/\/www.erresse-shop.it\/es\/shop\/\"},{\"@type\":\"ListItem\",\"position\":3,\"name\":\"SAGE Precision Brewer Thermal\"}]},{\"@type\":\"WebSite\",\"@id\":\"https:\/\/www.erresse-shop.it\/es\/#website\",\"url\":\"https:\/\/www.erresse-shop.it\/es\/\",\"name\":\"Erresse Shop\",\"description\":\"Articoli di qualit\u00e0 per la casa\",\"potentialAction\":[{\"@type\":\"SearchAction\",\"target\":{\"@type\":\"EntryPoint\",\"urlTemplate\":\"https:\/\/www.erresse-shop.it\/es\/?s={search_term_string}\"},\"query-input\":\"required name=search_term_string\"}],\"inLanguage\":\"es\"}]}<\/script>\n<!-- \/ Yoast SEO Premium plugin. -->","yoast_head_json":{"title":"SAGE Precision Brewer Thermal - Erresse Shop","description":"EXTRAER EL CAF\u00c9 FILTRADO AUTOM\u00c1TICAMENTE La primera m\u00e1quina de caf\u00e9 de filtro del mundo con una capacidad de 1,7 litros y toda la precisi\u00f3n que necesita","robots":{"index":"index","follow":"follow","max-snippet":"max-snippet:-1","max-image-preview":"max-image-preview:large","max-video-preview":"max-video-preview:-1"},"canonical":"https:\/\/www.erresse-shop.it\/es\/shop\/pequenos-electrodomesticos\/maquinas-de-cafe\/filtro\/sage-precision-bewer-thermal\/","og_locale":"es_ES","og_type":"article","og_title":"SAGE Precision Brewer Thermal","og_description":"EXTRAER EL CAF\u00c9 FILTRADO AUTOM\u00c1TICAMENTE La primera m\u00e1quina de caf\u00e9 de filtro del mundo con una capacidad de 1,7 litros y toda la precisi\u00f3n que necesita","og_url":"https:\/\/www.erresse-shop.it\/es\/shop\/pequenos-electrodomesticos\/maquinas-de-cafe\/filtro\/sage-precision-bewer-thermal\/","og_site_name":"Erresse Shop","article_modified_time":"2024-06-28T10:31:33+00:00","og_image":[{"width":992,"height":992,"url":"https:\/\/www.erresse-shop.it\/wp-content\/uploads\/2021\/06\/SDC450BSS.jpg","type":"image\/jpeg"}],"twitter_card":"summary_large_image","schema":{"@context":"https:\/\/schema.org","@graph":[{"@type":"WebPage","@id":"https:\/\/www.erresse-shop.it\/es\/shop\/pequenos-electrodomesticos\/maquinas-de-cafe\/filtro\/sage-precision-bewer-thermal\/","url":"https:\/\/www.erresse-shop.it\/es\/shop\/pequenos-electrodomesticos\/maquinas-de-cafe\/filtro\/sage-precision-bewer-thermal\/","name":"SAGE Precision Brewer Thermal - Erresse Shop","isPartOf":{"@id":"https:\/\/www.erresse-shop.it\/es\/#website"},"datePublished":"2021-06-28T13:57:23+00:00","dateModified":"2024-06-28T10:31:33+00:00","description":"EXTRAER EL CAF\u00c9 FILTRADO AUTOM\u00c1TICAMENTE La primera m\u00e1quina de caf\u00e9 de filtro del mundo con una capacidad de 1,7 litros y toda la precisi\u00f3n que necesita","breadcrumb":{"@id":"https:\/\/www.erresse-shop.it\/es\/shop\/pequenos-electrodomesticos\/maquinas-de-cafe\/filtro\/sage-precision-bewer-thermal\/#breadcrumb"},"inLanguage":"es","potentialAction":[{"@type":"ReadAction","target":["https:\/\/www.erresse-shop.it\/es\/shop\/pequenos-electrodomesticos\/maquinas-de-cafe\/filtro\/sage-precision-bewer-thermal\/"]}]},{"@type":"BreadcrumbList","@id":"https:\/\/www.erresse-shop.it\/es\/shop\/pequenos-electrodomesticos\/maquinas-de-cafe\/filtro\/sage-precision-bewer-thermal\/#breadcrumb","itemListElement":[{"@type":"ListItem","position":1,"name":"Home","item":"https:\/\/www.erresse-shop.it\/es\/"},{"@type":"ListItem","position":2,"name":"Shop","item":"https:\/\/www.erresse-shop.it\/es\/shop\/"},{"@type":"ListItem","position":3,"name":"SAGE Precision Brewer Thermal"}]},{"@type":"WebSite","@id":"https:\/\/www.erresse-shop.it\/es\/#website","url":"https:\/\/www.erresse-shop.it\/es\/","name":"Erresse Shop","description":"Articoli di qualit\u00e0 per la casa","potentialAction":[{"@type":"SearchAction","target":{"@type":"EntryPoint","urlTemplate":"https:\/\/www.erresse-shop.it\/es\/?s={search_term_string}"},"query-input":"required name=search_term_string"}],"inLanguage":"es"}]}},"df_price":279.95,"df_sale_price":279.95,"df_regular_price":329.9,"df_image_link":"https:\/\/www.erresse-shop.it\/wp-content\/uploads\/2021\/06\/SDC450BSS-300x300.jpg","_links":{"self":[{"href":"https:\/\/www.erresse-shop.it\/es\/wp-json\/wp\/v2\/product\/116357"}],"collection":[{"href":"https:\/\/www.erresse-shop.it\/es\/wp-json\/wp\/v2\/product"}],"about":[{"href":"https:\/\/www.erresse-shop.it\/es\/wp-json\/wp\/v2\/types\/product"}],"wp:featuredmedia":[{"embeddable":true,"href":"https:\/\/www.erresse-shop.it\/es\/wp-json\/wp\/v2\/media\/116358"}],"wp:attachment":[{"href":"https:\/\/www.erresse-shop.it\/es\/wp-json\/wp\/v2\/media?parent=116357"}],"wp:term":[{"taxonomy":"product_cat","embeddable":true,"href":"https:\/\/www.erresse-shop.it\/es\/wp-json\/wp\/v2\/product_cat?post=116357"},{"taxonomy":"product_tag","embeddable":true,"href":"https:\/\/www.erresse-shop.it\/es\/wp-json\/wp\/v2\/product_tag?post=116357"}],"curies":[{"name":"wp","href":"https:\/\/api.w.org\/{rel}","templated":true}]}}