{"id":116327,"date":"2021-06-21T12:44:28","date_gmt":"2021-06-21T12:44:28","guid":{"rendered":"https:\/\/www.erresse-shop.it\/shop\/sin%20categor\u00eda\/sage-the-bambino-plus\/"},"modified":"2024-06-11T00:03:03","modified_gmt":"2024-06-11T00:03:03","slug":"sage-the-bambino-plus","status":"publish","type":"product","link":"https:\/\/www.erresse-shop.it\/es\/shop\/pequenos-electrodomesticos\/maquinas-de-cafe\/manual-es\/sage-the-bambino-plus\/","title":{"rendered":"SAGE The Bambino Plus"},"content":{"rendered":"<p><strong>CAF\u00c9 DE CALIDAD EN UN FORMATO COMPACTO<\/strong><br \/>\nCuando se trata de caf\u00e9 de calidad, el Bambino Plus es inflexible. Gracias al portafiltro de 54 mm con una capacidad de 18 gramos y a la espumaci\u00f3n autom\u00e1tica de la leche, podr\u00e1 preparar un gran caf\u00e9 con un aroma con mucho cuerpo, igual que las m\u00e1quinas profesionales. Con un tiempo de calentamiento de s\u00f3lo 3 segundos y una extracci\u00f3n precisa, pasar\u00e1 del grano a la taza m\u00e1s r\u00e1pido que nunca. Como en su cafeter\u00eda favorita.<\/p>\n<p><strong>ESPUMADO AUTOM\u00c1TICO DE LECHE<\/strong><br \/>\nEl vaporizador autom\u00e1tico permite personalizar la espuma y la temperatura de la leche para obtener una espuma de microburbujas como en un bar, que realza el aroma del caf\u00e9 y es esencial para el arte del latte.<\/p>\n<p><strong>CALENTAMIENTO M\u00c1S R\u00c1PIDO<\/strong><br \/>\nEl innovador sistema de calentamiento ThermoJet\u00ae alcanza la temperatura ideal de extracci\u00f3n en s\u00f3lo 3 segundos. Ya no hay que esperar para disfrutar de una gran taza de caf\u00e9.<\/p>\n<p><strong>18 GRAMOS DE CAF\u00c9 PARA UN AROMA CON CUERPO<\/strong><br \/>\nLa cantidad correcta de caf\u00e9 en polvo es la base de un espresso equilibrado. El portafiltro de 54 mm con su capacidad de 18 gramos es la clave para un caf\u00e9 de tercera generaci\u00f3n sabroso y equilibrado.<\/p>\n<p><strong>LAVADO AUTOM\u00c1TICO<\/strong><br \/>\nComo el sistema de calefacci\u00f3n se enjuaga autom\u00e1ticamente despu\u00e9s de suministrar el vapor, el espresso se suministra siempre a la temperatura correcta.<\/p>\n<p><strong>Garant\u00eda:<\/strong> 2 a\u00f1os para reparaci\u00f3n, sustituci\u00f3n o reembolso (a discreci\u00f3n de Sage Appliances).<br \/>\n<strong>Materiales de construcci\u00f3n:<\/strong> Acero inoxidable<br \/>\n<strong>Capacidad del dep\u00f3sito de agua:<\/strong> 1,9 l<br \/>\n<strong>Ajustes Panel de control:<\/strong> 1 CUP, 2 CUP y botones de VAPOR<br \/>\n<strong>Temperatura y nivel de espuma de leche ajustables<\/strong><\/p>\n<p><strong>Accesorios incluidos:<\/strong><\/p>\n<ul>\n<li>Soporte de filtro de 54 mm<\/li>\n<li>Prensador de 54 mm<\/li>\n<li>Dispositivo de dosificaci\u00f3n de precisi\u00f3n el Razor\u2122<\/li>\n<li>Filtro de agua Claro Swiss<\/li>\n<li>Jarra de leche de acero inoxidable de 480 ml<\/li>\n<li>Filtro de doble pared para 1 y 2 tazas<\/li>\n<li>Accesorio de limpieza<\/li>\n<li>Disco de limpieza<\/li>\n<\/ul>\n<p><strong>Algunos v\u00eddeos de demostraci\u00f3n:<\/strong><\/p>\n<div class=\"su-youtube su-u-responsive-media-yes\"><iframe loading=\"lazy\" width=\"500\" height=\"200\" src=\"https:\/\/www.youtube.com\/embed\/RNgXOg-Gr2E?\" frameborder=\"0\" allowfullscreen allow=\"autoplay; encrypted-media; picture-in-picture\" title=\"\"><\/iframe><\/div>\n<p><a href=\"https:\/\/www.youtube.com\/watch?v=CmNGoS-B8gg\" target=\"_blank\" rel=\"noopener\">https:\/\/www.youtube.com\/watch?v=wATqZLsyqq0<br \/>\n<iframe loading=\"lazy\" title=\"Caff\u00e8 di terza generazione | Punta alla qualit\u00e0, anche a casa | Sage Appliances IT\" width=\"500\" height=\"281\" src=\"https:\/\/www.youtube.com\/embed\/RNgXOg-Gr2E?feature=oembed\" frameborder=\"0\" allow=\"accelerometer; autoplay; clipboard-write; encrypted-media; gyroscope; picture-in-picture\" allowfullscreen><\/iframe><br \/>\nhttps:\/\/www.youtube.com\/watch?v=CmNGoS-B8gg<\/a><\/p>\n<p><span style=\"text-decoration: underline;\"><strong>No se vende fuera de Europa<\/strong><\/span><\/p>\n","protected":false},"excerpt":{"rendered":"<p>CAF\u00c9 DE CALIDAD EN UN FORMATO COMPACTO Cuando se trata de caf\u00e9 de calidad, el Bambino Plus es inflexible. Gracias<\/p>\n","protected":false},"featured_media":116330,"template":"","meta":{"_acf_changed":false,"inline_featured_image":false},"product_cat":[25367,16076,16073],"product_tag":[23574,16307,16395,23583],"acf":[],"yoast_head":"<!-- This site is optimized with the Yoast SEO Premium plugin v18.6 (Yoast SEO v19.13) - https:\/\/yoast.com\/wordpress\/plugins\/seo\/ -->\n<title>SAGE The Bambino Plus - Erresse Shop<\/title>\n<meta name=\"description\" content=\"CAF\u00c9 DE CALIDAD EN UN FORMATO COMPACTO Cuando se trata de caf\u00e9 de calidad, el Bambino Plus es inflexible. Gracias al portafiltro de 54 mm con una\" \/>\n<meta name=\"robots\" content=\"index, follow, max-snippet:-1, max-image-preview:large, max-video-preview:-1\" \/>\n<link rel=\"canonical\" href=\"https:\/\/www.erresse-shop.it\/es\/shop\/pequenos-electrodomesticos\/maquinas-de-cafe\/manual-es\/sage-the-bambino-plus\/\" \/>\n<meta property=\"og:locale\" content=\"es_ES\" \/>\n<meta property=\"og:type\" content=\"article\" \/>\n<meta property=\"og:title\" content=\"SAGE The Bambino Plus\" \/>\n<meta property=\"og:description\" content=\"CAF\u00c9 DE CALIDAD EN UN FORMATO COMPACTO Cuando se trata de caf\u00e9 de calidad, el Bambino Plus es inflexible. Gracias al portafiltro de 54 mm con una\" \/>\n<meta property=\"og:url\" content=\"https:\/\/www.erresse-shop.it\/es\/shop\/pequenos-electrodomesticos\/maquinas-de-cafe\/manual-es\/sage-the-bambino-plus\/\" \/>\n<meta property=\"og:site_name\" content=\"Erresse Shop\" \/>\n<meta property=\"article:modified_time\" content=\"2024-06-11T00:03:03+00:00\" \/>\n<meta property=\"og:image\" content=\"https:\/\/www.erresse-shop.it\/wp-content\/uploads\/2021\/06\/SAGE-The-Bambino-Plus.jpg\" \/>\n\t<meta property=\"og:image:width\" content=\"992\" \/>\n\t<meta property=\"og:image:height\" content=\"992\" \/>\n\t<meta property=\"og:image:type\" content=\"image\/jpeg\" \/>\n<meta name=\"twitter:card\" content=\"summary_large_image\" \/>\n<script type=\"application\/ld+json\" class=\"yoast-schema-graph\">{\"@context\":\"https:\/\/schema.org\",\"@graph\":[{\"@type\":\"WebPage\",\"@id\":\"https:\/\/www.erresse-shop.it\/es\/shop\/pequenos-electrodomesticos\/maquinas-de-cafe\/manual-es\/sage-the-bambino-plus\/\",\"url\":\"https:\/\/www.erresse-shop.it\/es\/shop\/pequenos-electrodomesticos\/maquinas-de-cafe\/manual-es\/sage-the-bambino-plus\/\",\"name\":\"SAGE The Bambino Plus - Erresse Shop\",\"isPartOf\":{\"@id\":\"https:\/\/www.erresse-shop.it\/es\/#website\"},\"datePublished\":\"2021-06-21T12:44:28+00:00\",\"dateModified\":\"2024-06-11T00:03:03+00:00\",\"description\":\"CAF\u00c9 DE CALIDAD EN UN FORMATO COMPACTO Cuando se trata de caf\u00e9 de calidad, el Bambino Plus es inflexible. Gracias al portafiltro de 54 mm con una\",\"breadcrumb\":{\"@id\":\"https:\/\/www.erresse-shop.it\/es\/shop\/pequenos-electrodomesticos\/maquinas-de-cafe\/manual-es\/sage-the-bambino-plus\/#breadcrumb\"},\"inLanguage\":\"es\",\"potentialAction\":[{\"@type\":\"ReadAction\",\"target\":[\"https:\/\/www.erresse-shop.it\/es\/shop\/pequenos-electrodomesticos\/maquinas-de-cafe\/manual-es\/sage-the-bambino-plus\/\"]}]},{\"@type\":\"BreadcrumbList\",\"@id\":\"https:\/\/www.erresse-shop.it\/es\/shop\/pequenos-electrodomesticos\/maquinas-de-cafe\/manual-es\/sage-the-bambino-plus\/#breadcrumb\",\"itemListElement\":[{\"@type\":\"ListItem\",\"position\":1,\"name\":\"Home\",\"item\":\"https:\/\/www.erresse-shop.it\/es\/\"},{\"@type\":\"ListItem\",\"position\":2,\"name\":\"Shop\",\"item\":\"https:\/\/www.erresse-shop.it\/es\/shop\/\"},{\"@type\":\"ListItem\",\"position\":3,\"name\":\"SAGE The Bambino Plus\"}]},{\"@type\":\"WebSite\",\"@id\":\"https:\/\/www.erresse-shop.it\/es\/#website\",\"url\":\"https:\/\/www.erresse-shop.it\/es\/\",\"name\":\"Erresse Shop\",\"description\":\"Articoli di qualit\u00e0 per la casa\",\"potentialAction\":[{\"@type\":\"SearchAction\",\"target\":{\"@type\":\"EntryPoint\",\"urlTemplate\":\"https:\/\/www.erresse-shop.it\/es\/?s={search_term_string}\"},\"query-input\":\"required name=search_term_string\"}],\"inLanguage\":\"es\"}]}<\/script>\n<!-- \/ Yoast SEO Premium plugin. -->","yoast_head_json":{"title":"SAGE The Bambino Plus - Erresse Shop","description":"CAF\u00c9 DE CALIDAD EN UN FORMATO COMPACTO Cuando se trata de caf\u00e9 de calidad, el Bambino Plus es inflexible. Gracias al portafiltro de 54 mm con una","robots":{"index":"index","follow":"follow","max-snippet":"max-snippet:-1","max-image-preview":"max-image-preview:large","max-video-preview":"max-video-preview:-1"},"canonical":"https:\/\/www.erresse-shop.it\/es\/shop\/pequenos-electrodomesticos\/maquinas-de-cafe\/manual-es\/sage-the-bambino-plus\/","og_locale":"es_ES","og_type":"article","og_title":"SAGE The Bambino Plus","og_description":"CAF\u00c9 DE CALIDAD EN UN FORMATO COMPACTO Cuando se trata de caf\u00e9 de calidad, el Bambino Plus es inflexible. Gracias al portafiltro de 54 mm con una","og_url":"https:\/\/www.erresse-shop.it\/es\/shop\/pequenos-electrodomesticos\/maquinas-de-cafe\/manual-es\/sage-the-bambino-plus\/","og_site_name":"Erresse Shop","article_modified_time":"2024-06-11T00:03:03+00:00","og_image":[{"width":992,"height":992,"url":"https:\/\/www.erresse-shop.it\/wp-content\/uploads\/2021\/06\/SAGE-The-Bambino-Plus.jpg","type":"image\/jpeg"}],"twitter_card":"summary_large_image","schema":{"@context":"https:\/\/schema.org","@graph":[{"@type":"WebPage","@id":"https:\/\/www.erresse-shop.it\/es\/shop\/pequenos-electrodomesticos\/maquinas-de-cafe\/manual-es\/sage-the-bambino-plus\/","url":"https:\/\/www.erresse-shop.it\/es\/shop\/pequenos-electrodomesticos\/maquinas-de-cafe\/manual-es\/sage-the-bambino-plus\/","name":"SAGE The Bambino Plus - Erresse Shop","isPartOf":{"@id":"https:\/\/www.erresse-shop.it\/es\/#website"},"datePublished":"2021-06-21T12:44:28+00:00","dateModified":"2024-06-11T00:03:03+00:00","description":"CAF\u00c9 DE CALIDAD EN UN FORMATO COMPACTO Cuando se trata de caf\u00e9 de calidad, el Bambino Plus es inflexible. Gracias al portafiltro de 54 mm con una","breadcrumb":{"@id":"https:\/\/www.erresse-shop.it\/es\/shop\/pequenos-electrodomesticos\/maquinas-de-cafe\/manual-es\/sage-the-bambino-plus\/#breadcrumb"},"inLanguage":"es","potentialAction":[{"@type":"ReadAction","target":["https:\/\/www.erresse-shop.it\/es\/shop\/pequenos-electrodomesticos\/maquinas-de-cafe\/manual-es\/sage-the-bambino-plus\/"]}]},{"@type":"BreadcrumbList","@id":"https:\/\/www.erresse-shop.it\/es\/shop\/pequenos-electrodomesticos\/maquinas-de-cafe\/manual-es\/sage-the-bambino-plus\/#breadcrumb","itemListElement":[{"@type":"ListItem","position":1,"name":"Home","item":"https:\/\/www.erresse-shop.it\/es\/"},{"@type":"ListItem","position":2,"name":"Shop","item":"https:\/\/www.erresse-shop.it\/es\/shop\/"},{"@type":"ListItem","position":3,"name":"SAGE The Bambino Plus"}]},{"@type":"WebSite","@id":"https:\/\/www.erresse-shop.it\/es\/#website","url":"https:\/\/www.erresse-shop.it\/es\/","name":"Erresse Shop","description":"Articoli di qualit\u00e0 per la casa","potentialAction":[{"@type":"SearchAction","target":{"@type":"EntryPoint","urlTemplate":"https:\/\/www.erresse-shop.it\/es\/?s={search_term_string}"},"query-input":"required name=search_term_string"}],"inLanguage":"es"}]}},"df_price":429.95,"df_sale_price":429.95,"df_regular_price":529.9,"df_image_link":"https:\/\/www.erresse-shop.it\/wp-content\/uploads\/2021\/06\/SAGE-The-Bambino-Plus-300x300.jpg","_links":{"self":[{"href":"https:\/\/www.erresse-shop.it\/es\/wp-json\/wp\/v2\/product\/116327"}],"collection":[{"href":"https:\/\/www.erresse-shop.it\/es\/wp-json\/wp\/v2\/product"}],"about":[{"href":"https:\/\/www.erresse-shop.it\/es\/wp-json\/wp\/v2\/types\/product"}],"wp:featuredmedia":[{"embeddable":true,"href":"https:\/\/www.erresse-shop.it\/es\/wp-json\/wp\/v2\/media\/116330"}],"wp:attachment":[{"href":"https:\/\/www.erresse-shop.it\/es\/wp-json\/wp\/v2\/media?parent=116327"}],"wp:term":[{"taxonomy":"product_cat","embeddable":true,"href":"https:\/\/www.erresse-shop.it\/es\/wp-json\/wp\/v2\/product_cat?post=116327"},{"taxonomy":"product_tag","embeddable":true,"href":"https:\/\/www.erresse-shop.it\/es\/wp-json\/wp\/v2\/product_tag?post=116327"}],"curies":[{"name":"wp","href":"https:\/\/api.w.org\/{rel}","templated":true}]}}