{"id":116241,"date":"2021-04-26T13:37:05","date_gmt":"2021-04-26T13:37:05","guid":{"rendered":"https:\/\/www.erresse-shop.it\/shop\/sin%20categor\u00eda\/vulcanus-mesa-de-trabajo\/"},"modified":"2022-09-14T14:33:38","modified_gmt":"2022-09-14T14:33:38","slug":"vulcanus-mesa-de-trabajo","status":"publish","type":"product","link":"https:\/\/www.erresse-shop.it\/es\/shop\/pequenos-electrodomesticos\/parrillas-y-barbacoas\/vulcanus-mesa-de-trabajo\/","title":{"rendered":"VULCANUS Mesa de Trabajo"},"content":{"rendered":"<p>EL PRECIO INCLUYE EL ENV\u00cdO EN PALETAS.<br \/>\nEL PRODUCTO SE VENDE S\u00d3LO EN ITALIA (para el resto de pa\u00edses, contactar con info@erresse-shop.it).<\/p>\n<p>Para un resultado profesional se necesitan herramientas profesionales. En la encimera de haya maciza podr\u00e1 preparar c\u00f3modamente su comida favorita. En la parte inferior se puede guardar una peque\u00f1a reserva de le\u00f1a o un compartimento para la vajilla o las materias primas (aceite, ajo, etc.). Si buscas un resultado perfecto, esto es imprescindible.<\/p>\n<p><span style=\"color: #3366ff;\"><a style=\"color: #3366ff; text-decoration: underline;\" href=\"https:\/\/www.youtube.com\/watch?v=EP49PQiobzA\" target=\"_blank\" rel=\"noopener\">Design, functionality and quality<\/a><\/span><br \/>\n<span style=\"text-decoration: underline;\"><span style=\"color: #3366ff; text-decoration: underline;\"><a style=\"color: #3366ff; text-decoration: underline;\" href=\"https:\/\/www.youtube.com\/watch?v=ajRJiqeFDe8\" target=\"_blank\" rel=\"noopener\">Become the grill king<\/a><\/span><\/span><br \/>\n<span style=\"text-decoration: underline;\"><span style=\"color: #3366ff; text-decoration: underline;\"><a style=\"color: #3366ff; text-decoration: underline;\" href=\"https:\/\/www.youtube.com\/watch?v=qz3XD_fKR9s\" target=\"_blank\" rel=\"noopener\">Vulcanus grill production<\/a><\/span><\/span><br \/>\n<span style=\"text-decoration: underline;\"><span style=\"color: #3366ff; text-decoration: underline;\"><a style=\"color: #3366ff; text-decoration: underline;\" href=\"https:\/\/www.youtube.com\/watch?v=2jNPui2tOJc\" target=\"_blank\" rel=\"noopener\">Vulcanus grill technology<\/a><\/span><\/span><\/p>\n<div class=\"su-youtube su-u-responsive-media-yes\"><iframe loading=\"lazy\" width=\"200\" height=\"200\" src=\"https:\/\/www.youtube.com\/embed\/_KjVwJwYFrk?\" frameborder=\"0\" allowfullscreen allow=\"autoplay; encrypted-media; picture-in-picture\" title=\"\"><\/iframe><\/div>\n<p><strong>Garant\u00eda:<\/strong> pedestal 5 a\u00f1os; encimera 2 a\u00f1os.<br \/>\n<strong>Material:<\/strong> Cor-Ten, haya.<br \/>\n<strong>Acabado:<\/strong> p\u00e1tina, aceite.<\/p>\n","protected":false},"excerpt":{"rendered":"<p>EL PRECIO INCLUYE EL ENV\u00cdO EN PALETAS. EL PRODUCTO SE VENDE S\u00d3LO EN ITALIA (para el resto de pa\u00edses, contactar<\/p>\n","protected":false},"featured_media":502580,"template":"","meta":{"_acf_changed":false,"inline_featured_image":false},"product_cat":[16083,16073],"product_tag":[16167,16369,16138],"acf":[],"yoast_head":"<!-- This site is optimized with the Yoast SEO Premium plugin v18.6 (Yoast SEO v19.13) - https:\/\/yoast.com\/wordpress\/plugins\/seo\/ -->\n<title>VULCANUS Mesa de Trabajo - Erresse Shop<\/title>\n<meta name=\"description\" content=\"EL PRECIO INCLUYE EL ENV\u00cdO EN PALETAS. EL PRODUCTO SE VENDE S\u00d3LO EN ITALIA (para el resto de pa\u00edses, contactar con info@erresse-shop.it). Para un\" \/>\n<meta name=\"robots\" content=\"index, follow, max-snippet:-1, max-image-preview:large, max-video-preview:-1\" \/>\n<link rel=\"canonical\" href=\"https:\/\/www.erresse-shop.it\/es\/shop\/pequenos-electrodomesticos\/parrillas-y-barbacoas\/vulcanus-mesa-de-trabajo\/\" \/>\n<meta property=\"og:locale\" content=\"es_ES\" \/>\n<meta property=\"og:type\" content=\"article\" \/>\n<meta property=\"og:title\" content=\"VULCANUS Mesa de Trabajo\" \/>\n<meta property=\"og:description\" content=\"EL PRECIO INCLUYE EL ENV\u00cdO EN PALETAS. EL PRODUCTO SE VENDE S\u00d3LO EN ITALIA (para el resto de pa\u00edses, contactar con info@erresse-shop.it). Para un\" \/>\n<meta property=\"og:url\" content=\"https:\/\/www.erresse-shop.it\/es\/shop\/pequenos-electrodomesticos\/parrillas-y-barbacoas\/vulcanus-mesa-de-trabajo\/\" \/>\n<meta property=\"og:site_name\" content=\"Erresse Shop\" \/>\n<meta property=\"article:modified_time\" content=\"2022-09-14T14:33:38+00:00\" \/>\n<meta property=\"og:image\" content=\"https:\/\/www.erresse-shop.it\/wp-content\/uploads\/2021\/04\/VULCANUS-Tavolo-da-Lavoro-1.jpg\" \/>\n\t<meta property=\"og:image:width\" content=\"800\" \/>\n\t<meta property=\"og:image:height\" content=\"800\" \/>\n\t<meta property=\"og:image:type\" content=\"image\/jpeg\" \/>\n<meta name=\"twitter:card\" content=\"summary_large_image\" \/>\n<script type=\"application\/ld+json\" class=\"yoast-schema-graph\">{\"@context\":\"https:\/\/schema.org\",\"@graph\":[{\"@type\":\"WebPage\",\"@id\":\"https:\/\/www.erresse-shop.it\/es\/shop\/pequenos-electrodomesticos\/parrillas-y-barbacoas\/vulcanus-mesa-de-trabajo\/\",\"url\":\"https:\/\/www.erresse-shop.it\/es\/shop\/pequenos-electrodomesticos\/parrillas-y-barbacoas\/vulcanus-mesa-de-trabajo\/\",\"name\":\"VULCANUS Mesa de Trabajo - Erresse Shop\",\"isPartOf\":{\"@id\":\"https:\/\/www.erresse-shop.it\/es\/#website\"},\"datePublished\":\"2021-04-26T13:37:05+00:00\",\"dateModified\":\"2022-09-14T14:33:38+00:00\",\"description\":\"EL PRECIO INCLUYE EL ENV\u00cdO EN PALETAS. EL PRODUCTO SE VENDE S\u00d3LO EN ITALIA (para el resto de pa\u00edses, contactar con info@erresse-shop.it). Para un\",\"breadcrumb\":{\"@id\":\"https:\/\/www.erresse-shop.it\/es\/shop\/pequenos-electrodomesticos\/parrillas-y-barbacoas\/vulcanus-mesa-de-trabajo\/#breadcrumb\"},\"inLanguage\":\"es\",\"potentialAction\":[{\"@type\":\"ReadAction\",\"target\":[\"https:\/\/www.erresse-shop.it\/es\/shop\/pequenos-electrodomesticos\/parrillas-y-barbacoas\/vulcanus-mesa-de-trabajo\/\"]}]},{\"@type\":\"BreadcrumbList\",\"@id\":\"https:\/\/www.erresse-shop.it\/es\/shop\/pequenos-electrodomesticos\/parrillas-y-barbacoas\/vulcanus-mesa-de-trabajo\/#breadcrumb\",\"itemListElement\":[{\"@type\":\"ListItem\",\"position\":1,\"name\":\"Home\",\"item\":\"https:\/\/www.erresse-shop.it\/es\/\"},{\"@type\":\"ListItem\",\"position\":2,\"name\":\"Shop\",\"item\":\"https:\/\/www.erresse-shop.it\/es\/shop\/\"},{\"@type\":\"ListItem\",\"position\":3,\"name\":\"VULCANUS Mesa de Trabajo\"}]},{\"@type\":\"WebSite\",\"@id\":\"https:\/\/www.erresse-shop.it\/es\/#website\",\"url\":\"https:\/\/www.erresse-shop.it\/es\/\",\"name\":\"Erresse Shop\",\"description\":\"Articoli di qualit\u00e0 per la casa\",\"potentialAction\":[{\"@type\":\"SearchAction\",\"target\":{\"@type\":\"EntryPoint\",\"urlTemplate\":\"https:\/\/www.erresse-shop.it\/es\/?s={search_term_string}\"},\"query-input\":\"required name=search_term_string\"}],\"inLanguage\":\"es\"}]}<\/script>\n<!-- \/ Yoast SEO Premium plugin. -->","yoast_head_json":{"title":"VULCANUS Mesa de Trabajo - Erresse Shop","description":"EL PRECIO INCLUYE EL ENV\u00cdO EN PALETAS. EL PRODUCTO SE VENDE S\u00d3LO EN ITALIA (para el resto de pa\u00edses, contactar con info@erresse-shop.it). Para un","robots":{"index":"index","follow":"follow","max-snippet":"max-snippet:-1","max-image-preview":"max-image-preview:large","max-video-preview":"max-video-preview:-1"},"canonical":"https:\/\/www.erresse-shop.it\/es\/shop\/pequenos-electrodomesticos\/parrillas-y-barbacoas\/vulcanus-mesa-de-trabajo\/","og_locale":"es_ES","og_type":"article","og_title":"VULCANUS Mesa de Trabajo","og_description":"EL PRECIO INCLUYE EL ENV\u00cdO EN PALETAS. EL PRODUCTO SE VENDE S\u00d3LO EN ITALIA (para el resto de pa\u00edses, contactar con info@erresse-shop.it). Para un","og_url":"https:\/\/www.erresse-shop.it\/es\/shop\/pequenos-electrodomesticos\/parrillas-y-barbacoas\/vulcanus-mesa-de-trabajo\/","og_site_name":"Erresse Shop","article_modified_time":"2022-09-14T14:33:38+00:00","og_image":[{"width":800,"height":800,"url":"https:\/\/www.erresse-shop.it\/wp-content\/uploads\/2021\/04\/VULCANUS-Tavolo-da-Lavoro-1.jpg","type":"image\/jpeg"}],"twitter_card":"summary_large_image","schema":{"@context":"https:\/\/schema.org","@graph":[{"@type":"WebPage","@id":"https:\/\/www.erresse-shop.it\/es\/shop\/pequenos-electrodomesticos\/parrillas-y-barbacoas\/vulcanus-mesa-de-trabajo\/","url":"https:\/\/www.erresse-shop.it\/es\/shop\/pequenos-electrodomesticos\/parrillas-y-barbacoas\/vulcanus-mesa-de-trabajo\/","name":"VULCANUS Mesa de Trabajo - Erresse Shop","isPartOf":{"@id":"https:\/\/www.erresse-shop.it\/es\/#website"},"datePublished":"2021-04-26T13:37:05+00:00","dateModified":"2022-09-14T14:33:38+00:00","description":"EL PRECIO INCLUYE EL ENV\u00cdO EN PALETAS. EL PRODUCTO SE VENDE S\u00d3LO EN ITALIA (para el resto de pa\u00edses, contactar con info@erresse-shop.it). Para un","breadcrumb":{"@id":"https:\/\/www.erresse-shop.it\/es\/shop\/pequenos-electrodomesticos\/parrillas-y-barbacoas\/vulcanus-mesa-de-trabajo\/#breadcrumb"},"inLanguage":"es","potentialAction":[{"@type":"ReadAction","target":["https:\/\/www.erresse-shop.it\/es\/shop\/pequenos-electrodomesticos\/parrillas-y-barbacoas\/vulcanus-mesa-de-trabajo\/"]}]},{"@type":"BreadcrumbList","@id":"https:\/\/www.erresse-shop.it\/es\/shop\/pequenos-electrodomesticos\/parrillas-y-barbacoas\/vulcanus-mesa-de-trabajo\/#breadcrumb","itemListElement":[{"@type":"ListItem","position":1,"name":"Home","item":"https:\/\/www.erresse-shop.it\/es\/"},{"@type":"ListItem","position":2,"name":"Shop","item":"https:\/\/www.erresse-shop.it\/es\/shop\/"},{"@type":"ListItem","position":3,"name":"VULCANUS Mesa de Trabajo"}]},{"@type":"WebSite","@id":"https:\/\/www.erresse-shop.it\/es\/#website","url":"https:\/\/www.erresse-shop.it\/es\/","name":"Erresse Shop","description":"Articoli di qualit\u00e0 per la casa","potentialAction":[{"@type":"SearchAction","target":{"@type":"EntryPoint","urlTemplate":"https:\/\/www.erresse-shop.it\/es\/?s={search_term_string}"},"query-input":"required name=search_term_string"}],"inLanguage":"es"}]}},"df_price":990,"df_sale_price":990,"df_regular_price":990,"df_image_link":"https:\/\/www.erresse-shop.it\/wp-content\/uploads\/2021\/04\/VULCANUS-Tavolo-da-Lavoroo-300x300.jpg","_links":{"self":[{"href":"https:\/\/www.erresse-shop.it\/es\/wp-json\/wp\/v2\/product\/116241"}],"collection":[{"href":"https:\/\/www.erresse-shop.it\/es\/wp-json\/wp\/v2\/product"}],"about":[{"href":"https:\/\/www.erresse-shop.it\/es\/wp-json\/wp\/v2\/types\/product"}],"wp:featuredmedia":[{"embeddable":true,"href":"https:\/\/www.erresse-shop.it\/es\/wp-json\/wp\/v2\/media\/502580"}],"wp:attachment":[{"href":"https:\/\/www.erresse-shop.it\/es\/wp-json\/wp\/v2\/media?parent=116241"}],"wp:term":[{"taxonomy":"product_cat","embeddable":true,"href":"https:\/\/www.erresse-shop.it\/es\/wp-json\/wp\/v2\/product_cat?post=116241"},{"taxonomy":"product_tag","embeddable":true,"href":"https:\/\/www.erresse-shop.it\/es\/wp-json\/wp\/v2\/product_tag?post=116241"}],"curies":[{"name":"wp","href":"https:\/\/api.w.org\/{rel}","templated":true}]}}