{"id":116227,"date":"2021-04-26T13:06:00","date_gmt":"2021-04-26T13:06:00","guid":{"rendered":"https:\/\/www.erresse-shop.it\/shop\/sin%20categor\u00eda\/vulcanus-grill-pro730-chef\/"},"modified":"2022-09-14T14:33:23","modified_gmt":"2022-09-14T14:33:23","slug":"vulcanus-grill-pro730-chef","status":"publish","type":"product","link":"https:\/\/www.erresse-shop.it\/es\/shop\/pequenos-electrodomesticos\/parrillas-y-barbacoas\/vulcanus-grill-pro730-chef\/","title":{"rendered":"VULCANUS Grill Pro730 Chef"},"content":{"rendered":"<p><span style=\"text-decoration: underline;\"><strong>EL PRECIO INCLUYE EL ENV\u00cdO EN PALETAS.<\/strong><\/span><br \/>\n<span style=\"text-decoration: underline;\"><strong>EL PRODUCTO SE VENDE S\u00d3LO EN ITALIA (para el resto de pa\u00edses, contactar con info@erresse-shop.it).<\/strong><\/span><\/p>\n<p>Parrilla de pie como los maestros. El <strong>Vulcanus Pro730 Chef<\/strong> (superficie de cocci\u00f3n 73&#215;73 cm) incluye la exclusiva base que ofrece un amplio espacio para los alimentos, los platos o la madera.<\/p>\n<p>Las <strong>barbacoas Vulcanus<\/strong> tienen un lujoso dise\u00f1o patentado. Est\u00e1n fabricados con una aleaci\u00f3n met\u00e1lica COR-TEN y est\u00e1n equipados con una placa de almacenamiento de calor. Esto asegura una mejor circulaci\u00f3n del aire caliente dentro de la barbacoa.<br \/>\nTambi\u00e9n garantiza un calor uniforme y el ahorro de le\u00f1a. La superficie de cocci\u00f3n cuadrada es hasta 1\/3 mayor que la circular. La propia placa del grill est\u00e1 dividida en dos zonas de cocci\u00f3n, lo que permite asar carne y preparar verduras al mismo tiempo.<\/p>\n<p>La base elevada ofrece m\u00e1s espacio para guardar la madera, la vajilla y las herramientas. Podemos preparar y decorar nuestros platos cerca de la placa de cocci\u00f3n.<br \/>\nPlaca de cocci\u00f3n de 12 mm de grosor, aprobada por la UE para alimentos.<br \/>\nSistema de goteo de grasa y escoria para una cocci\u00f3n sana y sin carcin\u00f3genos. Sistema sencillo de recogida de cenizas.<\/p>\n<p>\u00bfQu\u00e9 variedades de madera puedo utilizar en el Vulcanus?<br \/>\nTodos los tipos de madera dura son adecuados, siempre que tengan un contenido de humedad residual inferior al 20%. Por lo tanto, la madera debe estar bastante seca. La madera h\u00fameda libera humo y alquitr\u00e1n durante la combusti\u00f3n, lo que aumenta el consumo y disminuye el poder calor\u00edfico. Recomendamos madera seca con un corte de 33 cm, que puedes conseguir en cualquier tienda de bricolaje. Tambi\u00e9n puedes utilizar carb\u00f3n vegetal.<\/p>\n<p><span style=\"color: #3366ff;\"><a style=\"color: #3366ff; text-decoration: underline;\" href=\"https:\/\/www.youtube.com\/watch?v=EP49PQiobzA\" target=\"_blank\" rel=\"noopener\">Design, functionality and quality<\/a><\/span><br \/>\n<span style=\"text-decoration: underline;\"><span style=\"color: #3366ff; text-decoration: underline;\"><a style=\"color: #3366ff; text-decoration: underline;\" href=\"https:\/\/www.youtube.com\/watch?v=ajRJiqeFDe8\" target=\"_blank\" rel=\"noopener\">Become the grill king<\/a><\/span><\/span><br \/>\n<span style=\"text-decoration: underline;\"><span style=\"color: #3366ff; text-decoration: underline;\"><a style=\"color: #3366ff; text-decoration: underline;\" href=\"https:\/\/www.youtube.com\/watch?v=qz3XD_fKR9s\" target=\"_blank\" rel=\"noopener\">Vulcanus grill production<\/a><\/span><\/span><br \/>\n<span style=\"text-decoration: underline;\"><span style=\"color: #3366ff; text-decoration: underline;\"><a style=\"color: #3366ff; text-decoration: underline;\" href=\"https:\/\/www.youtube.com\/watch?v=2jNPui2tOJc\" target=\"_blank\" rel=\"noopener\">Vulcanus grill technology<\/a><\/span><\/span><\/p>\n<div class=\"su-youtube su-u-responsive-media-yes\"><iframe loading=\"lazy\" width=\"200\" height=\"200\" src=\"https:\/\/www.youtube.com\/embed\/_KjVwJwYFrk?\" frameborder=\"0\" allowfullscreen allow=\"autoplay; encrypted-media; picture-in-picture\" title=\"\"><\/iframe><\/div>\n<p><strong>Garant\u00eda:<\/strong> 5 a\u00f1os<br \/>\n<strong>Material:<\/strong> acero Cor-Ten italiano (cuerpo) y acero para calderas (placa)<br \/>\n<strong>Acabado:<\/strong> P\u00e1tina, aceite<\/p>\n","protected":false},"excerpt":{"rendered":"<p>EL PRECIO INCLUYE EL ENV\u00cdO EN PALETAS. EL PRODUCTO SE VENDE S\u00d3LO EN ITALIA (para el resto de pa\u00edses, contactar<\/p>\n","protected":false},"featured_media":502548,"template":"","meta":{"_acf_changed":false,"inline_featured_image":false},"product_cat":[16083,16073],"product_tag":[16167,16369,16138],"acf":[],"yoast_head":"<!-- This site is optimized with the Yoast SEO Premium plugin v18.6 (Yoast SEO v19.13) - https:\/\/yoast.com\/wordpress\/plugins\/seo\/ -->\n<title>VULCANUS Grill Pro730 Chef - Erresse Shop<\/title>\n<meta name=\"description\" content=\"EL PRECIO INCLUYE EL ENV\u00cdO EN PALETAS. EL PRODUCTO SE VENDE S\u00d3LO EN ITALIA (para el resto de pa\u00edses, contactar con info@erresse-shop.it). Parrilla de pie\" \/>\n<meta name=\"robots\" content=\"index, follow, max-snippet:-1, max-image-preview:large, max-video-preview:-1\" \/>\n<link rel=\"canonical\" href=\"https:\/\/www.erresse-shop.it\/es\/shop\/pequenos-electrodomesticos\/parrillas-y-barbacoas\/vulcanus-grill-pro730-chef\/\" \/>\n<meta property=\"og:locale\" content=\"es_ES\" \/>\n<meta property=\"og:type\" content=\"article\" \/>\n<meta property=\"og:title\" content=\"VULCANUS Grill Pro730 Chef\" \/>\n<meta property=\"og:description\" content=\"EL PRECIO INCLUYE EL ENV\u00cdO EN PALETAS. EL PRODUCTO SE VENDE S\u00d3LO EN ITALIA (para el resto de pa\u00edses, contactar con info@erresse-shop.it). Parrilla de pie\" \/>\n<meta property=\"og:url\" content=\"https:\/\/www.erresse-shop.it\/es\/shop\/pequenos-electrodomesticos\/parrillas-y-barbacoas\/vulcanus-grill-pro730-chef\/\" \/>\n<meta property=\"og:site_name\" content=\"Erresse Shop\" \/>\n<meta property=\"article:modified_time\" content=\"2022-09-14T14:33:23+00:00\" \/>\n<meta property=\"og:image\" content=\"https:\/\/www.erresse-shop.it\/wp-content\/uploads\/2021\/04\/VULCANUS-Grill-Pro-730-Chef-1.jpg\" \/>\n\t<meta property=\"og:image:width\" content=\"800\" \/>\n\t<meta property=\"og:image:height\" content=\"800\" \/>\n\t<meta property=\"og:image:type\" content=\"image\/jpeg\" \/>\n<meta name=\"twitter:card\" content=\"summary_large_image\" \/>\n<script type=\"application\/ld+json\" class=\"yoast-schema-graph\">{\"@context\":\"https:\/\/schema.org\",\"@graph\":[{\"@type\":\"WebPage\",\"@id\":\"https:\/\/www.erresse-shop.it\/es\/shop\/pequenos-electrodomesticos\/parrillas-y-barbacoas\/vulcanus-grill-pro730-chef\/\",\"url\":\"https:\/\/www.erresse-shop.it\/es\/shop\/pequenos-electrodomesticos\/parrillas-y-barbacoas\/vulcanus-grill-pro730-chef\/\",\"name\":\"VULCANUS Grill Pro730 Chef - Erresse Shop\",\"isPartOf\":{\"@id\":\"https:\/\/www.erresse-shop.it\/es\/#website\"},\"datePublished\":\"2021-04-26T13:06:00+00:00\",\"dateModified\":\"2022-09-14T14:33:23+00:00\",\"description\":\"EL PRECIO INCLUYE EL ENV\u00cdO EN PALETAS. EL PRODUCTO SE VENDE S\u00d3LO EN ITALIA (para el resto de pa\u00edses, contactar con info@erresse-shop.it). Parrilla de pie\",\"breadcrumb\":{\"@id\":\"https:\/\/www.erresse-shop.it\/es\/shop\/pequenos-electrodomesticos\/parrillas-y-barbacoas\/vulcanus-grill-pro730-chef\/#breadcrumb\"},\"inLanguage\":\"es\",\"potentialAction\":[{\"@type\":\"ReadAction\",\"target\":[\"https:\/\/www.erresse-shop.it\/es\/shop\/pequenos-electrodomesticos\/parrillas-y-barbacoas\/vulcanus-grill-pro730-chef\/\"]}]},{\"@type\":\"BreadcrumbList\",\"@id\":\"https:\/\/www.erresse-shop.it\/es\/shop\/pequenos-electrodomesticos\/parrillas-y-barbacoas\/vulcanus-grill-pro730-chef\/#breadcrumb\",\"itemListElement\":[{\"@type\":\"ListItem\",\"position\":1,\"name\":\"Home\",\"item\":\"https:\/\/www.erresse-shop.it\/es\/\"},{\"@type\":\"ListItem\",\"position\":2,\"name\":\"Shop\",\"item\":\"https:\/\/www.erresse-shop.it\/es\/shop\/\"},{\"@type\":\"ListItem\",\"position\":3,\"name\":\"VULCANUS Grill Pro730 Chef\"}]},{\"@type\":\"WebSite\",\"@id\":\"https:\/\/www.erresse-shop.it\/es\/#website\",\"url\":\"https:\/\/www.erresse-shop.it\/es\/\",\"name\":\"Erresse Shop\",\"description\":\"Articoli di qualit\u00e0 per la casa\",\"potentialAction\":[{\"@type\":\"SearchAction\",\"target\":{\"@type\":\"EntryPoint\",\"urlTemplate\":\"https:\/\/www.erresse-shop.it\/es\/?s={search_term_string}\"},\"query-input\":\"required name=search_term_string\"}],\"inLanguage\":\"es\"}]}<\/script>\n<!-- \/ Yoast SEO Premium plugin. -->","yoast_head_json":{"title":"VULCANUS Grill Pro730 Chef - Erresse Shop","description":"EL PRECIO INCLUYE EL ENV\u00cdO EN PALETAS. EL PRODUCTO SE VENDE S\u00d3LO EN ITALIA (para el resto de pa\u00edses, contactar con info@erresse-shop.it). Parrilla de pie","robots":{"index":"index","follow":"follow","max-snippet":"max-snippet:-1","max-image-preview":"max-image-preview:large","max-video-preview":"max-video-preview:-1"},"canonical":"https:\/\/www.erresse-shop.it\/es\/shop\/pequenos-electrodomesticos\/parrillas-y-barbacoas\/vulcanus-grill-pro730-chef\/","og_locale":"es_ES","og_type":"article","og_title":"VULCANUS Grill Pro730 Chef","og_description":"EL PRECIO INCLUYE EL ENV\u00cdO EN PALETAS. EL PRODUCTO SE VENDE S\u00d3LO EN ITALIA (para el resto de pa\u00edses, contactar con info@erresse-shop.it). Parrilla de pie","og_url":"https:\/\/www.erresse-shop.it\/es\/shop\/pequenos-electrodomesticos\/parrillas-y-barbacoas\/vulcanus-grill-pro730-chef\/","og_site_name":"Erresse Shop","article_modified_time":"2022-09-14T14:33:23+00:00","og_image":[{"width":800,"height":800,"url":"https:\/\/www.erresse-shop.it\/wp-content\/uploads\/2021\/04\/VULCANUS-Grill-Pro-730-Chef-1.jpg","type":"image\/jpeg"}],"twitter_card":"summary_large_image","schema":{"@context":"https:\/\/schema.org","@graph":[{"@type":"WebPage","@id":"https:\/\/www.erresse-shop.it\/es\/shop\/pequenos-electrodomesticos\/parrillas-y-barbacoas\/vulcanus-grill-pro730-chef\/","url":"https:\/\/www.erresse-shop.it\/es\/shop\/pequenos-electrodomesticos\/parrillas-y-barbacoas\/vulcanus-grill-pro730-chef\/","name":"VULCANUS Grill Pro730 Chef - Erresse Shop","isPartOf":{"@id":"https:\/\/www.erresse-shop.it\/es\/#website"},"datePublished":"2021-04-26T13:06:00+00:00","dateModified":"2022-09-14T14:33:23+00:00","description":"EL PRECIO INCLUYE EL ENV\u00cdO EN PALETAS. EL PRODUCTO SE VENDE S\u00d3LO EN ITALIA (para el resto de pa\u00edses, contactar con info@erresse-shop.it). Parrilla de pie","breadcrumb":{"@id":"https:\/\/www.erresse-shop.it\/es\/shop\/pequenos-electrodomesticos\/parrillas-y-barbacoas\/vulcanus-grill-pro730-chef\/#breadcrumb"},"inLanguage":"es","potentialAction":[{"@type":"ReadAction","target":["https:\/\/www.erresse-shop.it\/es\/shop\/pequenos-electrodomesticos\/parrillas-y-barbacoas\/vulcanus-grill-pro730-chef\/"]}]},{"@type":"BreadcrumbList","@id":"https:\/\/www.erresse-shop.it\/es\/shop\/pequenos-electrodomesticos\/parrillas-y-barbacoas\/vulcanus-grill-pro730-chef\/#breadcrumb","itemListElement":[{"@type":"ListItem","position":1,"name":"Home","item":"https:\/\/www.erresse-shop.it\/es\/"},{"@type":"ListItem","position":2,"name":"Shop","item":"https:\/\/www.erresse-shop.it\/es\/shop\/"},{"@type":"ListItem","position":3,"name":"VULCANUS Grill Pro730 Chef"}]},{"@type":"WebSite","@id":"https:\/\/www.erresse-shop.it\/es\/#website","url":"https:\/\/www.erresse-shop.it\/es\/","name":"Erresse Shop","description":"Articoli di qualit\u00e0 per la casa","potentialAction":[{"@type":"SearchAction","target":{"@type":"EntryPoint","urlTemplate":"https:\/\/www.erresse-shop.it\/es\/?s={search_term_string}"},"query-input":"required name=search_term_string"}],"inLanguage":"es"}]}},"df_price":2390,"df_sale_price":2390,"df_regular_price":2390,"df_image_link":"https:\/\/www.erresse-shop.it\/wp-content\/uploads\/2021\/04\/VULCANUS-Grill-Pro730-Chef-300x300.jpg","_links":{"self":[{"href":"https:\/\/www.erresse-shop.it\/es\/wp-json\/wp\/v2\/product\/116227"}],"collection":[{"href":"https:\/\/www.erresse-shop.it\/es\/wp-json\/wp\/v2\/product"}],"about":[{"href":"https:\/\/www.erresse-shop.it\/es\/wp-json\/wp\/v2\/types\/product"}],"wp:featuredmedia":[{"embeddable":true,"href":"https:\/\/www.erresse-shop.it\/es\/wp-json\/wp\/v2\/media\/502548"}],"wp:attachment":[{"href":"https:\/\/www.erresse-shop.it\/es\/wp-json\/wp\/v2\/media?parent=116227"}],"wp:term":[{"taxonomy":"product_cat","embeddable":true,"href":"https:\/\/www.erresse-shop.it\/es\/wp-json\/wp\/v2\/product_cat?post=116227"},{"taxonomy":"product_tag","embeddable":true,"href":"https:\/\/www.erresse-shop.it\/es\/wp-json\/wp\/v2\/product_tag?post=116227"}],"curies":[{"name":"wp","href":"https:\/\/api.w.org\/{rel}","templated":true}]}}