{"id":115733,"date":"2020-06-16T12:49:38","date_gmt":"2020-06-16T12:49:38","guid":{"rendered":"https:\/\/www.erresse-shop.it\/shop\/sin%20categor\u00eda\/le-creuset-bandeja-tarta-tatin-28-cm-volcanico\/"},"modified":"2021-12-22T15:43:44","modified_gmt":"2021-12-22T15:43:44","slug":"le-creuset-bandeja-tarta-tatin-28-cm-volcanico","status":"publish","type":"product","link":"https:\/\/www.erresse-shop.it\/es\/shop\/sartenes-y-ollas\/ollas-y-bandejas-de-horno\/le-creuset-bandeja-tarta-tatin-28-cm-volcanico\/","title":{"rendered":"LE CREUSET Bandeja Tarta Tatin 28 cm Volcanico"},"content":{"rendered":"<p>Las recetas de tarta Tatin requieren caramelizar los ingredientes al fuego antes de cubrirlos con una masa y trasladar todo al horno. Gracias a su estructura de hierro fundido de primera clase, esta fuente soporta el horno, los fogones e, incluso, el grill. Es ideal para gratinar, preparar quiches, hacer postres e, incluso, cocinar carnes.<\/p>\n<p><strong>Detalles del Producto<\/strong><br \/>\nLimpieza r\u00e1pida: el interior esmaltado claro facilita la limpieza.<\/p>\n<p>Incre\u00edblemente pr\u00e1ctico: apto para el horno, los fogones, las placas de inducci\u00f3n y el grill.<\/p>\n<p>Comida exquisita: la estructura de hierro fundido conserva el calor para cocinar y dorar de manera uniforme. Tus deliciosas elaboraciones permanecer\u00e1n calientes en la mesa durante m\u00e1s tiempo.<\/p>\n<p>Agarre f\u00e1cil: las asas c\u00f3modas y elegantes permiten levantarlo sin riesgos.<\/p>\n<p>No al sobrecalentamiento: cocina a fuego medio o bajo constante para cuidar el hierro fundido y disfrutar de unos resultados deliciosos.<\/p>\n<p>T\u00fa decides: est\u00e1 disponible en varios tama\u00f1os para adaptarse a las necesidades de tu cocina.<\/p>\n<p><strong>Material:<\/strong> Hierro Fundido Esmaltado<br \/>\n<strong>Fabricado en:<\/strong> Francia<br \/>\n<strong>Garant\u00eda:<\/strong> Garant\u00eda de por Vida<\/p>\n<p><strong>Fuente de Calor<\/strong><br \/>\nParrilla<br \/>\nHorno<br \/>\nPlaca el\u00e9ctrica<br \/>\nVitrocer\u00e1mica<br \/>\nGas<br \/>\nPlaca de inducci\u00f3n<\/p>\n<p><strong>Dimensiones<\/strong><br \/>\nCapacidad: 2.6 l<br \/>\nLongitud: 36.3 cm<br \/>\nAncho: 29.1 cm<br \/>\nAltura: 5 cm<br \/>\nProfundidad: 4.5 cm<\/p>\n<p><strong>Usos y Cuidados<\/strong><br \/>\nCompatible con el congelador<\/p>\n<p>Lavaplatos<\/p>\n<p>\u00a1Disfruta desempaquetando tu nueva adquisici\u00f3n! (Y aseg\u00farate de retirar todas las etiquetas y envoltorios).<\/p>\n<p>Lava tu producto Le Creuset con agua caliente y jab\u00f3n, acl\u00e1ralo y s\u00e9calo bien.<\/p>\n<p>Prot\u00e9gete: usa guantes de horno siempre que manipules recipientes calientes.<\/p>\n<p>Te recomendamos utilizar herramientas de silicona, madera o pl\u00e1stico resistentes al calor de Le Creuset. NO utilices cuchillos ni utensilios met\u00e1licos, ya que podr\u00edan rayar y dejar marcas en la superficie esmaltada del producto.<\/p>\n<p>Usa el producto en el fog\u00f3n del tama\u00f1o m\u00e1s adecuado: la comida se cocinar\u00e1 de manera m\u00e1s uniforme y reducir\u00e1s el riesgo de da\u00f1ar las asas y los laterales. Esto es especialmente importante en el caso de placas de inducci\u00f3n: si utilizas un fog\u00f3n de tama\u00f1o inadecuado, existe el riesgo de que no \u201creconozca\u201d el producto.<\/p>\n<p>Cocinar a fuego medio o bajo te permite lograr los mejores resultados, incluso para fre\u00edr y marcar. Si quieres cocinar platos deliciosos de manera uniforme, deja que el recipiente se caliente gradualmente. Si necesitas utilizar fuego fuerte, disminuye la intensidad cuando alcances el calor deseado.<\/p>\n<p>Nunca deslices el producto sobre unos fogones\/una placa con cubierta de cristal, ya que podr\u00edas da\u00f1ar tanto el producto como el cristal. En su lugar, levanta siempre el producto para ponerlo y quitarlo o cambiarlo de lugar.<\/p>\n<p>Espera a que el producto se enfr\u00ede antes de comenzar a limpiarlo.<\/p>\n<p>Retira los restos de la base y los laterales del producto con un pa\u00f1o o servilleta. Si hay comida pegada, llena el producto con agua caliente y jab\u00f3n, deja que se reblandezca durante 15 o 20 minutos y, a continuaci\u00f3n, l\u00e1valo como de costumbre.<\/p>\n<p>No utilices agentes de limpieza abrasivos ni estropajos o escobillas met\u00e1licos sobre ninguna de las superficies.<\/p>\n<p>S\u00e9calo bien tras el lavado y gu\u00e1rdalo en un lugar seco.<\/p>\n","protected":false},"excerpt":{"rendered":"<p>Las recetas de tarta Tatin requieren caramelizar los ingredientes al fuego antes de cubrirlos con una masa y trasladar todo<\/p>\n","protected":false},"featured_media":475710,"template":"","meta":{"_acf_changed":false,"inline_featured_image":false},"product_cat":[16068,16058],"product_tag":[25090,16251,16248,16158,16654,25023],"acf":[],"yoast_head":"<!-- This site is optimized with the Yoast SEO Premium plugin v18.6 (Yoast SEO v19.13) - https:\/\/yoast.com\/wordpress\/plugins\/seo\/ -->\n<title>LE CREUSET Bandeja Tarta Tatin 28 cm Volcanico - Erresse Shop<\/title>\n<meta name=\"description\" content=\"Las recetas de tarta Tatin requieren caramelizar los ingredientes al fuego antes de cubrirlos con una masa y trasladar todo al horno. Gracias a su\" \/>\n<meta name=\"robots\" content=\"index, follow, max-snippet:-1, max-image-preview:large, max-video-preview:-1\" \/>\n<link rel=\"canonical\" href=\"https:\/\/www.erresse-shop.it\/es\/shop\/sartenes-y-ollas\/ollas-y-bandejas-de-horno\/le-creuset-bandeja-tarta-tatin-28-cm-volcanico\/\" \/>\n<meta property=\"og:locale\" content=\"es_ES\" \/>\n<meta property=\"og:type\" content=\"article\" \/>\n<meta property=\"og:title\" content=\"LE CREUSET Bandeja Tarta Tatin 28 cm Volcanico\" \/>\n<meta property=\"og:description\" content=\"Las recetas de tarta Tatin requieren caramelizar los ingredientes al fuego antes de cubrirlos con una masa y trasladar todo al horno. Gracias a su\" \/>\n<meta property=\"og:url\" content=\"https:\/\/www.erresse-shop.it\/es\/shop\/sartenes-y-ollas\/ollas-y-bandejas-de-horno\/le-creuset-bandeja-tarta-tatin-28-cm-volcanico\/\" \/>\n<meta property=\"og:site_name\" content=\"Erresse Shop\" \/>\n<meta property=\"article:modified_time\" content=\"2021-12-22T15:43:44+00:00\" \/>\n<meta property=\"og:image\" content=\"https:\/\/www.erresse-shop.it\/wp-content\/uploads\/2020\/06\/LE-CREUSET-Tortiera-Tarte-Tatin-in-Ghisa-28-cm-Arancio.png\" \/>\n\t<meta property=\"og:image:width\" content=\"800\" \/>\n\t<meta property=\"og:image:height\" content=\"800\" \/>\n\t<meta property=\"og:image:type\" content=\"image\/png\" \/>\n<meta name=\"twitter:card\" content=\"summary_large_image\" \/>\n<script type=\"application\/ld+json\" class=\"yoast-schema-graph\">{\"@context\":\"https:\/\/schema.org\",\"@graph\":[{\"@type\":\"WebPage\",\"@id\":\"https:\/\/www.erresse-shop.it\/es\/shop\/sartenes-y-ollas\/ollas-y-bandejas-de-horno\/le-creuset-bandeja-tarta-tatin-28-cm-volcanico\/\",\"url\":\"https:\/\/www.erresse-shop.it\/es\/shop\/sartenes-y-ollas\/ollas-y-bandejas-de-horno\/le-creuset-bandeja-tarta-tatin-28-cm-volcanico\/\",\"name\":\"LE CREUSET Bandeja Tarta Tatin 28 cm Volcanico - Erresse Shop\",\"isPartOf\":{\"@id\":\"https:\/\/www.erresse-shop.it\/es\/#website\"},\"datePublished\":\"2020-06-16T12:49:38+00:00\",\"dateModified\":\"2021-12-22T15:43:44+00:00\",\"description\":\"Las recetas de tarta Tatin requieren caramelizar los ingredientes al fuego antes de cubrirlos con una masa y trasladar todo al horno. Gracias a su\",\"breadcrumb\":{\"@id\":\"https:\/\/www.erresse-shop.it\/es\/shop\/sartenes-y-ollas\/ollas-y-bandejas-de-horno\/le-creuset-bandeja-tarta-tatin-28-cm-volcanico\/#breadcrumb\"},\"inLanguage\":\"es\",\"potentialAction\":[{\"@type\":\"ReadAction\",\"target\":[\"https:\/\/www.erresse-shop.it\/es\/shop\/sartenes-y-ollas\/ollas-y-bandejas-de-horno\/le-creuset-bandeja-tarta-tatin-28-cm-volcanico\/\"]}]},{\"@type\":\"BreadcrumbList\",\"@id\":\"https:\/\/www.erresse-shop.it\/es\/shop\/sartenes-y-ollas\/ollas-y-bandejas-de-horno\/le-creuset-bandeja-tarta-tatin-28-cm-volcanico\/#breadcrumb\",\"itemListElement\":[{\"@type\":\"ListItem\",\"position\":1,\"name\":\"Home\",\"item\":\"https:\/\/www.erresse-shop.it\/es\/\"},{\"@type\":\"ListItem\",\"position\":2,\"name\":\"Shop\",\"item\":\"https:\/\/www.erresse-shop.it\/es\/shop\/\"},{\"@type\":\"ListItem\",\"position\":3,\"name\":\"LE CREUSET Bandeja Tarta Tatin 28 cm Volcanico\"}]},{\"@type\":\"WebSite\",\"@id\":\"https:\/\/www.erresse-shop.it\/es\/#website\",\"url\":\"https:\/\/www.erresse-shop.it\/es\/\",\"name\":\"Erresse Shop\",\"description\":\"Articoli di qualit\u00e0 per la casa\",\"potentialAction\":[{\"@type\":\"SearchAction\",\"target\":{\"@type\":\"EntryPoint\",\"urlTemplate\":\"https:\/\/www.erresse-shop.it\/es\/?s={search_term_string}\"},\"query-input\":\"required name=search_term_string\"}],\"inLanguage\":\"es\"}]}<\/script>\n<!-- \/ Yoast SEO Premium plugin. -->","yoast_head_json":{"title":"LE CREUSET Bandeja Tarta Tatin 28 cm Volcanico - Erresse Shop","description":"Las recetas de tarta Tatin requieren caramelizar los ingredientes al fuego antes de cubrirlos con una masa y trasladar todo al horno. Gracias a su","robots":{"index":"index","follow":"follow","max-snippet":"max-snippet:-1","max-image-preview":"max-image-preview:large","max-video-preview":"max-video-preview:-1"},"canonical":"https:\/\/www.erresse-shop.it\/es\/shop\/sartenes-y-ollas\/ollas-y-bandejas-de-horno\/le-creuset-bandeja-tarta-tatin-28-cm-volcanico\/","og_locale":"es_ES","og_type":"article","og_title":"LE CREUSET Bandeja Tarta Tatin 28 cm Volcanico","og_description":"Las recetas de tarta Tatin requieren caramelizar los ingredientes al fuego antes de cubrirlos con una masa y trasladar todo al horno. Gracias a su","og_url":"https:\/\/www.erresse-shop.it\/es\/shop\/sartenes-y-ollas\/ollas-y-bandejas-de-horno\/le-creuset-bandeja-tarta-tatin-28-cm-volcanico\/","og_site_name":"Erresse Shop","article_modified_time":"2021-12-22T15:43:44+00:00","og_image":[{"width":800,"height":800,"url":"https:\/\/www.erresse-shop.it\/wp-content\/uploads\/2020\/06\/LE-CREUSET-Tortiera-Tarte-Tatin-in-Ghisa-28-cm-Arancio.png","type":"image\/png"}],"twitter_card":"summary_large_image","schema":{"@context":"https:\/\/schema.org","@graph":[{"@type":"WebPage","@id":"https:\/\/www.erresse-shop.it\/es\/shop\/sartenes-y-ollas\/ollas-y-bandejas-de-horno\/le-creuset-bandeja-tarta-tatin-28-cm-volcanico\/","url":"https:\/\/www.erresse-shop.it\/es\/shop\/sartenes-y-ollas\/ollas-y-bandejas-de-horno\/le-creuset-bandeja-tarta-tatin-28-cm-volcanico\/","name":"LE CREUSET Bandeja Tarta Tatin 28 cm Volcanico - Erresse Shop","isPartOf":{"@id":"https:\/\/www.erresse-shop.it\/es\/#website"},"datePublished":"2020-06-16T12:49:38+00:00","dateModified":"2021-12-22T15:43:44+00:00","description":"Las recetas de tarta Tatin requieren caramelizar los ingredientes al fuego antes de cubrirlos con una masa y trasladar todo al horno. Gracias a su","breadcrumb":{"@id":"https:\/\/www.erresse-shop.it\/es\/shop\/sartenes-y-ollas\/ollas-y-bandejas-de-horno\/le-creuset-bandeja-tarta-tatin-28-cm-volcanico\/#breadcrumb"},"inLanguage":"es","potentialAction":[{"@type":"ReadAction","target":["https:\/\/www.erresse-shop.it\/es\/shop\/sartenes-y-ollas\/ollas-y-bandejas-de-horno\/le-creuset-bandeja-tarta-tatin-28-cm-volcanico\/"]}]},{"@type":"BreadcrumbList","@id":"https:\/\/www.erresse-shop.it\/es\/shop\/sartenes-y-ollas\/ollas-y-bandejas-de-horno\/le-creuset-bandeja-tarta-tatin-28-cm-volcanico\/#breadcrumb","itemListElement":[{"@type":"ListItem","position":1,"name":"Home","item":"https:\/\/www.erresse-shop.it\/es\/"},{"@type":"ListItem","position":2,"name":"Shop","item":"https:\/\/www.erresse-shop.it\/es\/shop\/"},{"@type":"ListItem","position":3,"name":"LE CREUSET Bandeja Tarta Tatin 28 cm Volcanico"}]},{"@type":"WebSite","@id":"https:\/\/www.erresse-shop.it\/es\/#website","url":"https:\/\/www.erresse-shop.it\/es\/","name":"Erresse Shop","description":"Articoli di qualit\u00e0 per la casa","potentialAction":[{"@type":"SearchAction","target":{"@type":"EntryPoint","urlTemplate":"https:\/\/www.erresse-shop.it\/es\/?s={search_term_string}"},"query-input":"required name=search_term_string"}],"inLanguage":"es"}]}},"df_price":80.55,"df_sale_price":80.55,"df_regular_price":179,"df_image_link":"https:\/\/www.erresse-shop.it\/wp-content\/uploads\/2020\/06\/LE-CREUSET-Tortiera-Tarte-Tatin-in-Ghisa-28-cm-Arancio-300x300.jpg","_links":{"self":[{"href":"https:\/\/www.erresse-shop.it\/es\/wp-json\/wp\/v2\/product\/115733"}],"collection":[{"href":"https:\/\/www.erresse-shop.it\/es\/wp-json\/wp\/v2\/product"}],"about":[{"href":"https:\/\/www.erresse-shop.it\/es\/wp-json\/wp\/v2\/types\/product"}],"wp:featuredmedia":[{"embeddable":true,"href":"https:\/\/www.erresse-shop.it\/es\/wp-json\/wp\/v2\/media\/475710"}],"wp:attachment":[{"href":"https:\/\/www.erresse-shop.it\/es\/wp-json\/wp\/v2\/media?parent=115733"}],"wp:term":[{"taxonomy":"product_cat","embeddable":true,"href":"https:\/\/www.erresse-shop.it\/es\/wp-json\/wp\/v2\/product_cat?post=115733"},{"taxonomy":"product_tag","embeddable":true,"href":"https:\/\/www.erresse-shop.it\/es\/wp-json\/wp\/v2\/product_tag?post=115733"}],"curies":[{"name":"wp","href":"https:\/\/api.w.org\/{rel}","templated":true}]}}