{"id":115650,"date":"2020-02-20T10:54:54","date_gmt":"2020-02-20T10:54:54","guid":{"rendered":"https:\/\/www.erresse-shop.it\/?post_type=product&#038;p=115650"},"modified":"2024-04-08T00:05:24","modified_gmt":"2024-04-08T00:05:24","slug":"zafferano-poldina-pro-xxl-lampara-terra-de-mesa-gris-oscuro","status":"publish","type":"product","link":"https:\/\/www.erresse-shop.it\/es\/shop\/mobiliario\/lamparas\/zafferano-poldina-pro-xxl-lampara-terra-de-mesa-gris-oscuro\/","title":{"rendered":"ZAFFERANO Poldina PRO XXL L\u00e1mpara Terra\/de Mesa Gris Oscuro"},"content":{"rendered":"<p>La Poldina Pro XXL tiene la misma funcionalidad que la Poldina Pro en las versiones maxi, de suelo y de mesa. La recarga es siempre por contacto, pero la duraci\u00f3n aumenta a 15 horas cuando se utiliza con la m\u00e1xima intensidad de luz. Es regulable, con la opci\u00f3n de blanco din\u00e1mico en dos pasos (2700 &#8211; 3000K). El grado de protecci\u00f3n es siempre IP54 (totalmente ensamblado), por lo que es adecuado para su uso en interiores y exteriores.<\/p>\n<p><strong>FUNCI\u00d3N DE SELECCI\u00d3N DE LA TEMPERATURA DEL COLOR<\/strong><br \/>\nPuede elegir una luz m\u00e1s o menos c\u00e1lida, entre las opciones 2700 y 3000K. La diferente tonalidad de la luz se denomina &#8220;temperatura de color&#8221; y se mide con grados Kelvin (K): 2700K significa luz c\u00e1lida, 4000K corresponde a una luz completamente blanca, 6500K significa luz fr\u00eda, blanca azulada.<\/p>\n<ul>\n<li>Con la l\u00e1mpara apagada, pulse ligeramente durante 4 segundos hasta que se encienda un LED azul fijo.<\/li>\n<li>Un toque r\u00e1pido en el panel t\u00e1ctil cambia la temperatura del color de la l\u00e1mpara.<\/li>\n<li>Presiona la luz durante 4 segundos para memorizar la nueva temperatura de color y apaga la l\u00e1mpara.<\/li>\n<\/ul>\n<p><strong>Grado de protecci\u00f3n IP65<\/strong><br \/>\nEl \u00edndice de protecci\u00f3n IP es un par\u00e1metro internacional que clasifica el grado de protecci\u00f3n de una luminaria contra la intrusi\u00f3n de part\u00edculas s\u00f3lidas y l\u00edquidas. La nueva Poldina ha superado las nuevas pruebas de laboratorio y, por lo tanto, ahora tiene una clase de protecci\u00f3n superior: IP65.<\/p>\n<p><strong>Funci\u00f3n de memoria de regulaci\u00f3n<\/strong><br \/>\nEsta funci\u00f3n almacena los pasos de regulaci\u00f3n: cada vez que se encienda la luminaria, la intensidad de la luz no ser\u00e1 la m\u00e1xima, sino que corresponder\u00e1 a la previamente ajustada.<\/p>\n<p><strong>DIMENSIONES<\/strong><br \/>\n<strong>Altura:<\/strong> Max 1500 mm &#8211; Min 690 mm<br \/>\n<strong>Di\u00e1metro:<\/strong> 280 mm<\/p>\n","protected":false},"excerpt":{"rendered":"<p>La Poldina Pro XXL tiene la misma funcionalidad que la Poldina Pro en las versiones maxi, de suelo y de<\/p>\n","protected":false},"featured_media":115651,"template":"","meta":{"_acf_changed":false,"inline_featured_image":false},"product_cat":[16017,16016],"product_tag":[25029,16110,16149,16236,16237,16327,16328,24605,25023],"acf":[],"yoast_head":"<!-- This site is optimized with the Yoast SEO Premium plugin v18.6 (Yoast SEO v19.13) - https:\/\/yoast.com\/wordpress\/plugins\/seo\/ -->\n<title>ZAFFERANO Poldina PRO XXL L\u00e1mpara Terra\/de Mesa Gris Oscuro - Erresse Shop<\/title>\n<meta name=\"description\" content=\"La Poldina Pro XXL tiene la misma funcionalidad que la Poldina Pro en las versiones maxi, de suelo y de mesa. La recarga es siempre por contacto, pero la\" \/>\n<meta name=\"robots\" content=\"index, follow, max-snippet:-1, max-image-preview:large, max-video-preview:-1\" \/>\n<link rel=\"canonical\" href=\"https:\/\/www.erresse-shop.it\/es\/shop\/mobiliario\/lamparas\/zafferano-poldina-pro-xxl-lampara-terra-de-mesa-gris-oscuro\/\" \/>\n<meta property=\"og:locale\" content=\"es_ES\" \/>\n<meta property=\"og:type\" content=\"article\" \/>\n<meta property=\"og:title\" content=\"ZAFFERANO Poldina PRO XXL L\u00e1mpara Terra\/de Mesa Gris Oscuro\" \/>\n<meta property=\"og:description\" content=\"La Poldina Pro XXL tiene la misma funcionalidad que la Poldina Pro en las versiones maxi, de suelo y de mesa. La recarga es siempre por contacto, pero la\" \/>\n<meta property=\"og:url\" content=\"https:\/\/www.erresse-shop.it\/es\/shop\/mobiliario\/lamparas\/zafferano-poldina-pro-xxl-lampara-terra-de-mesa-gris-oscuro\/\" \/>\n<meta property=\"og:site_name\" content=\"Erresse Shop\" \/>\n<meta property=\"article:modified_time\" content=\"2024-04-08T00:05:24+00:00\" \/>\n<meta property=\"og:image\" content=\"https:\/\/www.erresse-shop.it\/wp-content\/uploads\/2020\/02\/lampada-da-tavolo-poldina-grigio.jpg\" \/>\n\t<meta property=\"og:image:width\" content=\"500\" \/>\n\t<meta property=\"og:image:height\" content=\"583\" \/>\n\t<meta property=\"og:image:type\" content=\"image\/jpeg\" \/>\n<meta name=\"twitter:card\" content=\"summary_large_image\" \/>\n<script type=\"application\/ld+json\" class=\"yoast-schema-graph\">{\"@context\":\"https:\/\/schema.org\",\"@graph\":[{\"@type\":\"WebPage\",\"@id\":\"https:\/\/www.erresse-shop.it\/es\/shop\/mobiliario\/lamparas\/zafferano-poldina-pro-xxl-lampara-terra-de-mesa-gris-oscuro\/\",\"url\":\"https:\/\/www.erresse-shop.it\/es\/shop\/mobiliario\/lamparas\/zafferano-poldina-pro-xxl-lampara-terra-de-mesa-gris-oscuro\/\",\"name\":\"ZAFFERANO Poldina PRO XXL L\u00e1mpara Terra\/de Mesa Gris Oscuro - Erresse Shop\",\"isPartOf\":{\"@id\":\"https:\/\/www.erresse-shop.it\/es\/#website\"},\"datePublished\":\"2020-02-20T10:54:54+00:00\",\"dateModified\":\"2024-04-08T00:05:24+00:00\",\"description\":\"La Poldina Pro XXL tiene la misma funcionalidad que la Poldina Pro en las versiones maxi, de suelo y de mesa. La recarga es siempre por contacto, pero la\",\"breadcrumb\":{\"@id\":\"https:\/\/www.erresse-shop.it\/es\/shop\/mobiliario\/lamparas\/zafferano-poldina-pro-xxl-lampara-terra-de-mesa-gris-oscuro\/#breadcrumb\"},\"inLanguage\":\"es\",\"potentialAction\":[{\"@type\":\"ReadAction\",\"target\":[\"https:\/\/www.erresse-shop.it\/es\/shop\/mobiliario\/lamparas\/zafferano-poldina-pro-xxl-lampara-terra-de-mesa-gris-oscuro\/\"]}]},{\"@type\":\"BreadcrumbList\",\"@id\":\"https:\/\/www.erresse-shop.it\/es\/shop\/mobiliario\/lamparas\/zafferano-poldina-pro-xxl-lampara-terra-de-mesa-gris-oscuro\/#breadcrumb\",\"itemListElement\":[{\"@type\":\"ListItem\",\"position\":1,\"name\":\"Home\",\"item\":\"https:\/\/www.erresse-shop.it\/es\/\"},{\"@type\":\"ListItem\",\"position\":2,\"name\":\"Shop\",\"item\":\"https:\/\/www.erresse-shop.it\/es\/shop\/\"},{\"@type\":\"ListItem\",\"position\":3,\"name\":\"ZAFFERANO Poldina PRO XXL L\u00e1mpara Terra\/de Mesa Gris Oscuro\"}]},{\"@type\":\"WebSite\",\"@id\":\"https:\/\/www.erresse-shop.it\/es\/#website\",\"url\":\"https:\/\/www.erresse-shop.it\/es\/\",\"name\":\"Erresse Shop\",\"description\":\"Articoli di qualit\u00e0 per la casa\",\"potentialAction\":[{\"@type\":\"SearchAction\",\"target\":{\"@type\":\"EntryPoint\",\"urlTemplate\":\"https:\/\/www.erresse-shop.it\/es\/?s={search_term_string}\"},\"query-input\":\"required name=search_term_string\"}],\"inLanguage\":\"es\"}]}<\/script>\n<!-- \/ Yoast SEO Premium plugin. -->","yoast_head_json":{"title":"ZAFFERANO Poldina PRO XXL L\u00e1mpara Terra\/de Mesa Gris Oscuro - Erresse Shop","description":"La Poldina Pro XXL tiene la misma funcionalidad que la Poldina Pro en las versiones maxi, de suelo y de mesa. La recarga es siempre por contacto, pero la","robots":{"index":"index","follow":"follow","max-snippet":"max-snippet:-1","max-image-preview":"max-image-preview:large","max-video-preview":"max-video-preview:-1"},"canonical":"https:\/\/www.erresse-shop.it\/es\/shop\/mobiliario\/lamparas\/zafferano-poldina-pro-xxl-lampara-terra-de-mesa-gris-oscuro\/","og_locale":"es_ES","og_type":"article","og_title":"ZAFFERANO Poldina PRO XXL L\u00e1mpara Terra\/de Mesa Gris Oscuro","og_description":"La Poldina Pro XXL tiene la misma funcionalidad que la Poldina Pro en las versiones maxi, de suelo y de mesa. La recarga es siempre por contacto, pero la","og_url":"https:\/\/www.erresse-shop.it\/es\/shop\/mobiliario\/lamparas\/zafferano-poldina-pro-xxl-lampara-terra-de-mesa-gris-oscuro\/","og_site_name":"Erresse Shop","article_modified_time":"2024-04-08T00:05:24+00:00","og_image":[{"width":500,"height":583,"url":"https:\/\/www.erresse-shop.it\/wp-content\/uploads\/2020\/02\/lampada-da-tavolo-poldina-grigio.jpg","type":"image\/jpeg"}],"twitter_card":"summary_large_image","schema":{"@context":"https:\/\/schema.org","@graph":[{"@type":"WebPage","@id":"https:\/\/www.erresse-shop.it\/es\/shop\/mobiliario\/lamparas\/zafferano-poldina-pro-xxl-lampara-terra-de-mesa-gris-oscuro\/","url":"https:\/\/www.erresse-shop.it\/es\/shop\/mobiliario\/lamparas\/zafferano-poldina-pro-xxl-lampara-terra-de-mesa-gris-oscuro\/","name":"ZAFFERANO Poldina PRO XXL L\u00e1mpara Terra\/de Mesa Gris Oscuro - Erresse Shop","isPartOf":{"@id":"https:\/\/www.erresse-shop.it\/es\/#website"},"datePublished":"2020-02-20T10:54:54+00:00","dateModified":"2024-04-08T00:05:24+00:00","description":"La Poldina Pro XXL tiene la misma funcionalidad que la Poldina Pro en las versiones maxi, de suelo y de mesa. La recarga es siempre por contacto, pero la","breadcrumb":{"@id":"https:\/\/www.erresse-shop.it\/es\/shop\/mobiliario\/lamparas\/zafferano-poldina-pro-xxl-lampara-terra-de-mesa-gris-oscuro\/#breadcrumb"},"inLanguage":"es","potentialAction":[{"@type":"ReadAction","target":["https:\/\/www.erresse-shop.it\/es\/shop\/mobiliario\/lamparas\/zafferano-poldina-pro-xxl-lampara-terra-de-mesa-gris-oscuro\/"]}]},{"@type":"BreadcrumbList","@id":"https:\/\/www.erresse-shop.it\/es\/shop\/mobiliario\/lamparas\/zafferano-poldina-pro-xxl-lampara-terra-de-mesa-gris-oscuro\/#breadcrumb","itemListElement":[{"@type":"ListItem","position":1,"name":"Home","item":"https:\/\/www.erresse-shop.it\/es\/"},{"@type":"ListItem","position":2,"name":"Shop","item":"https:\/\/www.erresse-shop.it\/es\/shop\/"},{"@type":"ListItem","position":3,"name":"ZAFFERANO Poldina PRO XXL L\u00e1mpara Terra\/de Mesa Gris Oscuro"}]},{"@type":"WebSite","@id":"https:\/\/www.erresse-shop.it\/es\/#website","url":"https:\/\/www.erresse-shop.it\/es\/","name":"Erresse Shop","description":"Articoli di qualit\u00e0 per la casa","potentialAction":[{"@type":"SearchAction","target":{"@type":"EntryPoint","urlTemplate":"https:\/\/www.erresse-shop.it\/es\/?s={search_term_string}"},"query-input":"required name=search_term_string"}],"inLanguage":"es"}]}},"df_price":171,"df_sale_price":171,"df_regular_price":380,"df_image_link":"https:\/\/www.erresse-shop.it\/wp-content\/uploads\/2020\/02\/lampada-da-tavolo-poldina-grigio-257x300.jpg","_links":{"self":[{"href":"https:\/\/www.erresse-shop.it\/es\/wp-json\/wp\/v2\/product\/115650"}],"collection":[{"href":"https:\/\/www.erresse-shop.it\/es\/wp-json\/wp\/v2\/product"}],"about":[{"href":"https:\/\/www.erresse-shop.it\/es\/wp-json\/wp\/v2\/types\/product"}],"wp:featuredmedia":[{"embeddable":true,"href":"https:\/\/www.erresse-shop.it\/es\/wp-json\/wp\/v2\/media\/115651"}],"wp:attachment":[{"href":"https:\/\/www.erresse-shop.it\/es\/wp-json\/wp\/v2\/media?parent=115650"}],"wp:term":[{"taxonomy":"product_cat","embeddable":true,"href":"https:\/\/www.erresse-shop.it\/es\/wp-json\/wp\/v2\/product_cat?post=115650"},{"taxonomy":"product_tag","embeddable":true,"href":"https:\/\/www.erresse-shop.it\/es\/wp-json\/wp\/v2\/product_tag?post=115650"}],"curies":[{"name":"wp","href":"https:\/\/api.w.org\/{rel}","templated":true}]}}