{"id":115227,"date":"2017-08-28T16:13:06","date_gmt":"2017-08-28T16:13:06","guid":{"rendered":"https:\/\/www.erresse-shop.it\/shop\/sincategorizar\/zafferano-melting-pot-juego-de-6-vasos-verdeamatista\/"},"modified":"2024-07-05T14:51:19","modified_gmt":"2024-07-05T14:51:19","slug":"zafferano-melting-pot-juego-de-6-vasos-verdeamatista","status":"publish","type":"product","link":"https:\/\/www.erresse-shop.it\/es\/shop\/tabla\/vasos\/zafferano-melting-pot-juego-de-6-vasos-verdeamatista\/","title":{"rendered":"ZAFFERANO Melting Pot Juego de 6 Vasos VerdeAmatista"},"content":{"rendered":"<p>El dise\u00f1o y la funcionalidad inspiran el trabajo de <strong>Federico de Majo<\/strong>, cuyas creaciones van desde las l\u00edneas m\u00e1s tradicionales hasta otras de alto contenido t\u00e9cnico, que expresan el gusto por la innovaci\u00f3n y la investigaci\u00f3n de productos.<\/p>\n<p>Con Zafferano, la experiencia de la fabricaci\u00f3n de vidrio se une a la cultura del vino. <strong>La historia de Federico de Majo comienza en la cristaler\u00eda familiar de Murano.<\/strong> Fue aqu\u00ed, a mediados de los a\u00f1os 70, donde Federico de Majo comenz\u00f3 a dedicarse con pasi\u00f3n al vidrio soplado y art\u00edstico. M\u00e1s tarde, su atenci\u00f3n y su gusto por el buen beber le hicieron desear fundar una empresa dedicada a la investigaci\u00f3n y producci\u00f3n de copas de degustaci\u00f3n.<\/p>\n<p>Las colecciones de Zafferano son <strong>sopladas a boca y hechas a mano<\/strong> por artesanos que siguen trabajando como anta\u00f1o. Este trabajo artesanal hace que cada pieza sea \u00fanica y diferente de las dem\u00e1s, y por ello a\u00fan m\u00e1s preciosa. El logotipo caracter\u00edstico, con la copa y la Z de Azafr\u00e1n en su interior, certifica que el producto est\u00e1 hecho a mano.<\/p>\n<p>Diferentes mezclas de colecciones, con una contaminaci\u00f3n de formas y colores -de moda y con propuestas monocolor o bicolor- que en su mezcla producen efectos y soluciones cada vez diferentes y sorprendentes Melting Pot: un enfoque innovador de la vajilla. Se proponen tres mezclas diferentes de colecciones, con contaminaci\u00f3n de formas y colores -de moda y con propuestas monocolor o bicolor- que en su mezcla producen efectos y soluciones diferentes y sorprendentes cada vez. Esta novedad en la propuesta de colecciones surge de la observaci\u00f3n de la realidad. Al igual que la realidad en la que vivimos es el resultado de una mezcla de elementos que interact\u00faan incesantemente entre s\u00ed en nuevas combinaciones, nuestras nuevas propuestas de colecci\u00f3n traducen la contemporaneidad de la vida cotidiana. Por lo tanto, ya no es s\u00f3lo una variedad de formas y colores en las diferentes l\u00edneas de productos, sino un paso m\u00e1s all\u00e1. Para el envasado de estos surtidos, Zafferano seleccionar\u00e1 al azar: tres vasos de las colecciones Perle, Tirache, Bon Bon y Gessato y tres vasos de las colecciones Veneziano, Barocco, Provenzale, Big John y Mr.<\/p>\n<p><strong>Cristaler\u00eda art\u00edstica<\/strong><\/p>\n<p>La l\u00ednea Perle consigue efectos extraordinariamente fascinantes gracias a la mezcla de transparencias y pasta de vidrio, obtenida a trav\u00e9s de un proceso art\u00edstico especial, realizado totalmente a mano y h\u00e1bilmente interpretado por el tacto de h\u00e1biles maestros vidrieros. Es un proceso antiguo, el de la espiral aplicada y rota, que Federico de Majo ha retomado para dise\u00f1ar esta colecci\u00f3n, haciendo que estos productos sean \u00fanicos y valiosos.<br \/>\nCada gesto de las distintas fases de la obra es irrepetible, la cantidad de vidrio extra\u00eddo para las piezas aplicadas en caliente no puede ser siempre dosificada de la misma manera por la, aunque experta, mano del hombre; las propias formas, siempre similares, gozan de esa singularidad, dada por la mano de obra, que hace que cada producto de esta colecci\u00f3n no sea exactamente reproducible.<\/p>\n","protected":false},"excerpt":{"rendered":"<p>El dise\u00f1o y la funcionalidad inspiran el trabajo de Federico de Majo, cuyas creaciones van desde las l\u00edneas m\u00e1s tradicionales<\/p>\n","protected":false},"featured_media":115228,"template":"","meta":{"_acf_changed":false,"inline_featured_image":false},"product_cat":[16027,16028],"product_tag":[16303,16323,24605,16282,16117,16308],"acf":[],"yoast_head":"<!-- This site is optimized with the Yoast SEO Premium plugin v18.6 (Yoast SEO v19.13) - https:\/\/yoast.com\/wordpress\/plugins\/seo\/ -->\n<title>ZAFFERANO Melting Pot Juego de 6 Vasos VerdeAmatista - Erresse Shop<\/title>\n<meta name=\"description\" content=\"El dise\u00f1o y la funcionalidad inspiran el trabajo de Federico de Majo, cuyas creaciones van desde las l\u00edneas m\u00e1s tradicionales hasta otras de alto\" \/>\n<meta name=\"robots\" content=\"index, follow, max-snippet:-1, max-image-preview:large, max-video-preview:-1\" \/>\n<link rel=\"canonical\" href=\"https:\/\/www.erresse-shop.it\/es\/shop\/tabla\/vasos\/zafferano-melting-pot-juego-de-6-vasos-verdeamatista\/\" \/>\n<meta property=\"og:locale\" content=\"es_ES\" \/>\n<meta property=\"og:type\" content=\"article\" \/>\n<meta property=\"og:title\" content=\"ZAFFERANO Melting Pot Juego de 6 Vasos VerdeAmatista\" \/>\n<meta property=\"og:description\" content=\"El dise\u00f1o y la funcionalidad inspiran el trabajo de Federico de Majo, cuyas creaciones van desde las l\u00edneas m\u00e1s tradicionales hasta otras de alto\" \/>\n<meta property=\"og:url\" content=\"https:\/\/www.erresse-shop.it\/es\/shop\/tabla\/vasos\/zafferano-melting-pot-juego-de-6-vasos-verdeamatista\/\" \/>\n<meta property=\"og:site_name\" content=\"Erresse Shop\" \/>\n<meta property=\"article:modified_time\" content=\"2024-07-05T14:51:19+00:00\" \/>\n<meta property=\"og:image\" content=\"https:\/\/www.erresse-shop.it\/wp-content\/uploads\/2017\/08\/products-melting20pot20verde-ametista_2.jpg\" \/>\n\t<meta property=\"og:image:width\" content=\"768\" \/>\n\t<meta property=\"og:image:height\" content=\"1032\" \/>\n\t<meta property=\"og:image:type\" content=\"image\/jpeg\" \/>\n<meta name=\"twitter:card\" content=\"summary_large_image\" \/>\n<script type=\"application\/ld+json\" class=\"yoast-schema-graph\">{\"@context\":\"https:\/\/schema.org\",\"@graph\":[{\"@type\":\"WebPage\",\"@id\":\"https:\/\/www.erresse-shop.it\/es\/shop\/tabla\/vasos\/zafferano-melting-pot-juego-de-6-vasos-verdeamatista\/\",\"url\":\"https:\/\/www.erresse-shop.it\/es\/shop\/tabla\/vasos\/zafferano-melting-pot-juego-de-6-vasos-verdeamatista\/\",\"name\":\"ZAFFERANO Melting Pot Juego de 6 Vasos VerdeAmatista - Erresse Shop\",\"isPartOf\":{\"@id\":\"https:\/\/www.erresse-shop.it\/es\/#website\"},\"datePublished\":\"2017-08-28T16:13:06+00:00\",\"dateModified\":\"2024-07-05T14:51:19+00:00\",\"description\":\"El dise\u00f1o y la funcionalidad inspiran el trabajo de Federico de Majo, cuyas creaciones van desde las l\u00edneas m\u00e1s tradicionales hasta otras de alto\",\"breadcrumb\":{\"@id\":\"https:\/\/www.erresse-shop.it\/es\/shop\/tabla\/vasos\/zafferano-melting-pot-juego-de-6-vasos-verdeamatista\/#breadcrumb\"},\"inLanguage\":\"es\",\"potentialAction\":[{\"@type\":\"ReadAction\",\"target\":[\"https:\/\/www.erresse-shop.it\/es\/shop\/tabla\/vasos\/zafferano-melting-pot-juego-de-6-vasos-verdeamatista\/\"]}]},{\"@type\":\"BreadcrumbList\",\"@id\":\"https:\/\/www.erresse-shop.it\/es\/shop\/tabla\/vasos\/zafferano-melting-pot-juego-de-6-vasos-verdeamatista\/#breadcrumb\",\"itemListElement\":[{\"@type\":\"ListItem\",\"position\":1,\"name\":\"Home\",\"item\":\"https:\/\/www.erresse-shop.it\/es\/\"},{\"@type\":\"ListItem\",\"position\":2,\"name\":\"Shop\",\"item\":\"https:\/\/www.erresse-shop.it\/es\/shop\/\"},{\"@type\":\"ListItem\",\"position\":3,\"name\":\"ZAFFERANO Melting Pot Juego de 6 Vasos VerdeAmatista\"}]},{\"@type\":\"WebSite\",\"@id\":\"https:\/\/www.erresse-shop.it\/es\/#website\",\"url\":\"https:\/\/www.erresse-shop.it\/es\/\",\"name\":\"Erresse Shop\",\"description\":\"Articoli di qualit\u00e0 per la casa\",\"potentialAction\":[{\"@type\":\"SearchAction\",\"target\":{\"@type\":\"EntryPoint\",\"urlTemplate\":\"https:\/\/www.erresse-shop.it\/es\/?s={search_term_string}\"},\"query-input\":\"required name=search_term_string\"}],\"inLanguage\":\"es\"}]}<\/script>\n<!-- \/ Yoast SEO Premium plugin. -->","yoast_head_json":{"title":"ZAFFERANO Melting Pot Juego de 6 Vasos VerdeAmatista - Erresse Shop","description":"El dise\u00f1o y la funcionalidad inspiran el trabajo de Federico de Majo, cuyas creaciones van desde las l\u00edneas m\u00e1s tradicionales hasta otras de alto","robots":{"index":"index","follow":"follow","max-snippet":"max-snippet:-1","max-image-preview":"max-image-preview:large","max-video-preview":"max-video-preview:-1"},"canonical":"https:\/\/www.erresse-shop.it\/es\/shop\/tabla\/vasos\/zafferano-melting-pot-juego-de-6-vasos-verdeamatista\/","og_locale":"es_ES","og_type":"article","og_title":"ZAFFERANO Melting Pot Juego de 6 Vasos VerdeAmatista","og_description":"El dise\u00f1o y la funcionalidad inspiran el trabajo de Federico de Majo, cuyas creaciones van desde las l\u00edneas m\u00e1s tradicionales hasta otras de alto","og_url":"https:\/\/www.erresse-shop.it\/es\/shop\/tabla\/vasos\/zafferano-melting-pot-juego-de-6-vasos-verdeamatista\/","og_site_name":"Erresse Shop","article_modified_time":"2024-07-05T14:51:19+00:00","og_image":[{"width":768,"height":1032,"url":"https:\/\/www.erresse-shop.it\/wp-content\/uploads\/2017\/08\/products-melting20pot20verde-ametista_2.jpg","type":"image\/jpeg"}],"twitter_card":"summary_large_image","schema":{"@context":"https:\/\/schema.org","@graph":[{"@type":"WebPage","@id":"https:\/\/www.erresse-shop.it\/es\/shop\/tabla\/vasos\/zafferano-melting-pot-juego-de-6-vasos-verdeamatista\/","url":"https:\/\/www.erresse-shop.it\/es\/shop\/tabla\/vasos\/zafferano-melting-pot-juego-de-6-vasos-verdeamatista\/","name":"ZAFFERANO Melting Pot Juego de 6 Vasos VerdeAmatista - Erresse Shop","isPartOf":{"@id":"https:\/\/www.erresse-shop.it\/es\/#website"},"datePublished":"2017-08-28T16:13:06+00:00","dateModified":"2024-07-05T14:51:19+00:00","description":"El dise\u00f1o y la funcionalidad inspiran el trabajo de Federico de Majo, cuyas creaciones van desde las l\u00edneas m\u00e1s tradicionales hasta otras de alto","breadcrumb":{"@id":"https:\/\/www.erresse-shop.it\/es\/shop\/tabla\/vasos\/zafferano-melting-pot-juego-de-6-vasos-verdeamatista\/#breadcrumb"},"inLanguage":"es","potentialAction":[{"@type":"ReadAction","target":["https:\/\/www.erresse-shop.it\/es\/shop\/tabla\/vasos\/zafferano-melting-pot-juego-de-6-vasos-verdeamatista\/"]}]},{"@type":"BreadcrumbList","@id":"https:\/\/www.erresse-shop.it\/es\/shop\/tabla\/vasos\/zafferano-melting-pot-juego-de-6-vasos-verdeamatista\/#breadcrumb","itemListElement":[{"@type":"ListItem","position":1,"name":"Home","item":"https:\/\/www.erresse-shop.it\/es\/"},{"@type":"ListItem","position":2,"name":"Shop","item":"https:\/\/www.erresse-shop.it\/es\/shop\/"},{"@type":"ListItem","position":3,"name":"ZAFFERANO Melting Pot Juego de 6 Vasos VerdeAmatista"}]},{"@type":"WebSite","@id":"https:\/\/www.erresse-shop.it\/es\/#website","url":"https:\/\/www.erresse-shop.it\/es\/","name":"Erresse Shop","description":"Articoli di qualit\u00e0 per la casa","potentialAction":[{"@type":"SearchAction","target":{"@type":"EntryPoint","urlTemplate":"https:\/\/www.erresse-shop.it\/es\/?s={search_term_string}"},"query-input":"required name=search_term_string"}],"inLanguage":"es"}]}},"df_price":54.95,"df_sale_price":54.95,"df_regular_price":85,"df_image_link":"https:\/\/www.erresse-shop.it\/wp-content\/uploads\/2017\/08\/products-melting20pot20verde-ametista_2-223x300.jpg","_links":{"self":[{"href":"https:\/\/www.erresse-shop.it\/es\/wp-json\/wp\/v2\/product\/115227"}],"collection":[{"href":"https:\/\/www.erresse-shop.it\/es\/wp-json\/wp\/v2\/product"}],"about":[{"href":"https:\/\/www.erresse-shop.it\/es\/wp-json\/wp\/v2\/types\/product"}],"wp:featuredmedia":[{"embeddable":true,"href":"https:\/\/www.erresse-shop.it\/es\/wp-json\/wp\/v2\/media\/115228"}],"wp:attachment":[{"href":"https:\/\/www.erresse-shop.it\/es\/wp-json\/wp\/v2\/media?parent=115227"}],"wp:term":[{"taxonomy":"product_cat","embeddable":true,"href":"https:\/\/www.erresse-shop.it\/es\/wp-json\/wp\/v2\/product_cat?post=115227"},{"taxonomy":"product_tag","embeddable":true,"href":"https:\/\/www.erresse-shop.it\/es\/wp-json\/wp\/v2\/product_tag?post=115227"}],"curies":[{"name":"wp","href":"https:\/\/api.w.org\/{rel}","templated":true}]}}