{"id":115186,"date":"2014-06-21T18:05:41","date_gmt":"2014-06-21T18:05:41","guid":{"rendered":"https:\/\/www.erresse-shop.it\/shop\/sincategorizar\/zafferano-vem-5600-juego-6-juego-de-6-calices-de-champagne\/"},"modified":"2021-12-22T15:41:31","modified_gmt":"2021-12-22T15:41:31","slug":"zafferano-vem-5600-juego-6-juego-de-6-calices-de-champagne","status":"publish","type":"product","link":"https:\/\/www.erresse-shop.it\/es\/shop\/tabla\/vino\/calices\/zafferano-vem-5600-juego-6-juego-de-6-calices-de-champagne\/","title":{"rendered":"ZAFFERANO VEM 5600 Juego 6 Juego de 6 C\u00e1lices de Champagne"},"content":{"rendered":"<p>El dise\u00f1o y la funcionalidad inspiran el trabajo de<strong> Federico de Majo<\/strong>, cuyas creaciones van desde las l\u00edneas m\u00e1s tradicionales hasta otras de alto contenido t\u00e9cnico, que expresan el gusto por la innovaci\u00f3n y la investigaci\u00f3n de productos.<\/p>\n<p>Con Zafferano, la experiencia de la fabricaci\u00f3n de vidrio se une a la cultura del vino. <strong>La historia de Federico de Majo comienza en la cristaler\u00eda familiar de Murano<\/strong>. Fue aqu\u00ed, a mediados de los a\u00f1os 70, donde Federico de Majo comenz\u00f3 a dedicarse con pasi\u00f3n al vidrio soplado y art\u00edstico. M\u00e1s tarde, su atenci\u00f3n y su gusto por el buen beber le llevaron a crear una empresa dedicada a la investigaci\u00f3n y producci\u00f3n de copas de degustaci\u00f3n.<\/p>\n<p><strong>VEM<\/strong><br \/>\nLas formas sinuosas de esta l\u00ednea no descuidan la vocaci\u00f3n t\u00e9cnica de realzar los aspectos sensoriales de estos vasos.<br \/>\nEmpezando por los tama\u00f1os m\u00e1s peque\u00f1os, aptos para burbujas con aromas primarios, pasamos a las flautas generosas para realzar la potencia de los champanes y los m\u00e9todos cl\u00e1sicos, tanto de a\u00f1ada como de crianza, y finalmente a los dos \u00faltimos tama\u00f1os que dan cabida a importantes tintos envejecidos y amplifican sus aromas con su capacidad y gran superficie de contacto.<\/p>\n","protected":false},"excerpt":{"rendered":"<p>El dise\u00f1o y la funcionalidad inspiran el trabajo de Federico de Majo, cuyas creaciones van desde las l\u00edneas m\u00e1s tradicionales<\/p>\n","protected":false},"featured_media":431164,"template":"","meta":{"_acf_changed":false,"inline_featured_image":false},"product_cat":[16052,16027,16051],"product_tag":[25029,16319,16303,16307,16120,16117,16322,21823,25023,16308,23684],"acf":[],"yoast_head":"<!-- This site is optimized with the Yoast SEO Premium plugin v18.6 (Yoast SEO v19.13) - https:\/\/yoast.com\/wordpress\/plugins\/seo\/ -->\n<title>ZAFFERANO VEM 5600 Juego 6 Juego de 6 C\u00e1lices de Champagne - Erresse Shop<\/title>\n<meta name=\"description\" content=\"El dise\u00f1o y la funcionalidad inspiran el trabajo de Federico de Majo, cuyas creaciones van desde las l\u00edneas m\u00e1s tradicionales hasta otras de alto\" \/>\n<meta name=\"robots\" content=\"index, follow, max-snippet:-1, max-image-preview:large, max-video-preview:-1\" \/>\n<link rel=\"canonical\" href=\"https:\/\/www.erresse-shop.it\/es\/shop\/tabla\/vino\/calices\/zafferano-vem-5600-juego-6-juego-de-6-calices-de-champagne\/\" \/>\n<meta property=\"og:locale\" content=\"es_ES\" \/>\n<meta property=\"og:type\" content=\"article\" \/>\n<meta property=\"og:title\" content=\"ZAFFERANO VEM 5600 Juego 6 Juego de 6 C\u00e1lices de Champagne\" \/>\n<meta property=\"og:description\" content=\"El dise\u00f1o y la funcionalidad inspiran el trabajo de Federico de Majo, cuyas creaciones van desde las l\u00edneas m\u00e1s tradicionales hasta otras de alto\" \/>\n<meta property=\"og:url\" content=\"https:\/\/www.erresse-shop.it\/es\/shop\/tabla\/vino\/calices\/zafferano-vem-5600-juego-6-juego-de-6-calices-de-champagne\/\" \/>\n<meta property=\"og:site_name\" content=\"Erresse Shop\" \/>\n<meta property=\"article:modified_time\" content=\"2021-12-22T15:41:31+00:00\" \/>\n<meta property=\"og:image\" content=\"https:\/\/www.erresse-shop.it\/wp-content\/uploads\/2014\/06\/ZAFFERANO-VEM-5600.jpg\" \/>\n\t<meta property=\"og:image:width\" content=\"800\" \/>\n\t<meta property=\"og:image:height\" content=\"800\" \/>\n\t<meta property=\"og:image:type\" content=\"image\/jpeg\" \/>\n<meta name=\"twitter:card\" content=\"summary_large_image\" \/>\n<script type=\"application\/ld+json\" class=\"yoast-schema-graph\">{\"@context\":\"https:\/\/schema.org\",\"@graph\":[{\"@type\":\"WebPage\",\"@id\":\"https:\/\/www.erresse-shop.it\/es\/shop\/tabla\/vino\/calices\/zafferano-vem-5600-juego-6-juego-de-6-calices-de-champagne\/\",\"url\":\"https:\/\/www.erresse-shop.it\/es\/shop\/tabla\/vino\/calices\/zafferano-vem-5600-juego-6-juego-de-6-calices-de-champagne\/\",\"name\":\"ZAFFERANO VEM 5600 Juego 6 Juego de 6 C\u00e1lices de Champagne - Erresse Shop\",\"isPartOf\":{\"@id\":\"https:\/\/www.erresse-shop.it\/es\/#website\"},\"datePublished\":\"2014-06-21T18:05:41+00:00\",\"dateModified\":\"2021-12-22T15:41:31+00:00\",\"description\":\"El dise\u00f1o y la funcionalidad inspiran el trabajo de Federico de Majo, cuyas creaciones van desde las l\u00edneas m\u00e1s tradicionales hasta otras de alto\",\"breadcrumb\":{\"@id\":\"https:\/\/www.erresse-shop.it\/es\/shop\/tabla\/vino\/calices\/zafferano-vem-5600-juego-6-juego-de-6-calices-de-champagne\/#breadcrumb\"},\"inLanguage\":\"es\",\"potentialAction\":[{\"@type\":\"ReadAction\",\"target\":[\"https:\/\/www.erresse-shop.it\/es\/shop\/tabla\/vino\/calices\/zafferano-vem-5600-juego-6-juego-de-6-calices-de-champagne\/\"]}]},{\"@type\":\"BreadcrumbList\",\"@id\":\"https:\/\/www.erresse-shop.it\/es\/shop\/tabla\/vino\/calices\/zafferano-vem-5600-juego-6-juego-de-6-calices-de-champagne\/#breadcrumb\",\"itemListElement\":[{\"@type\":\"ListItem\",\"position\":1,\"name\":\"Home\",\"item\":\"https:\/\/www.erresse-shop.it\/es\/\"},{\"@type\":\"ListItem\",\"position\":2,\"name\":\"Shop\",\"item\":\"https:\/\/www.erresse-shop.it\/es\/shop\/\"},{\"@type\":\"ListItem\",\"position\":3,\"name\":\"ZAFFERANO VEM 5600 Juego 6 Juego de 6 C\u00e1lices de Champagne\"}]},{\"@type\":\"WebSite\",\"@id\":\"https:\/\/www.erresse-shop.it\/es\/#website\",\"url\":\"https:\/\/www.erresse-shop.it\/es\/\",\"name\":\"Erresse Shop\",\"description\":\"Articoli di qualit\u00e0 per la casa\",\"potentialAction\":[{\"@type\":\"SearchAction\",\"target\":{\"@type\":\"EntryPoint\",\"urlTemplate\":\"https:\/\/www.erresse-shop.it\/es\/?s={search_term_string}\"},\"query-input\":\"required name=search_term_string\"}],\"inLanguage\":\"es\"}]}<\/script>\n<!-- \/ Yoast SEO Premium plugin. -->","yoast_head_json":{"title":"ZAFFERANO VEM 5600 Juego 6 Juego de 6 C\u00e1lices de Champagne - Erresse Shop","description":"El dise\u00f1o y la funcionalidad inspiran el trabajo de Federico de Majo, cuyas creaciones van desde las l\u00edneas m\u00e1s tradicionales hasta otras de alto","robots":{"index":"index","follow":"follow","max-snippet":"max-snippet:-1","max-image-preview":"max-image-preview:large","max-video-preview":"max-video-preview:-1"},"canonical":"https:\/\/www.erresse-shop.it\/es\/shop\/tabla\/vino\/calices\/zafferano-vem-5600-juego-6-juego-de-6-calices-de-champagne\/","og_locale":"es_ES","og_type":"article","og_title":"ZAFFERANO VEM 5600 Juego 6 Juego de 6 C\u00e1lices de Champagne","og_description":"El dise\u00f1o y la funcionalidad inspiran el trabajo de Federico de Majo, cuyas creaciones van desde las l\u00edneas m\u00e1s tradicionales hasta otras de alto","og_url":"https:\/\/www.erresse-shop.it\/es\/shop\/tabla\/vino\/calices\/zafferano-vem-5600-juego-6-juego-de-6-calices-de-champagne\/","og_site_name":"Erresse Shop","article_modified_time":"2021-12-22T15:41:31+00:00","og_image":[{"width":800,"height":800,"url":"https:\/\/www.erresse-shop.it\/wp-content\/uploads\/2014\/06\/ZAFFERANO-VEM-5600.jpg","type":"image\/jpeg"}],"twitter_card":"summary_large_image","schema":{"@context":"https:\/\/schema.org","@graph":[{"@type":"WebPage","@id":"https:\/\/www.erresse-shop.it\/es\/shop\/tabla\/vino\/calices\/zafferano-vem-5600-juego-6-juego-de-6-calices-de-champagne\/","url":"https:\/\/www.erresse-shop.it\/es\/shop\/tabla\/vino\/calices\/zafferano-vem-5600-juego-6-juego-de-6-calices-de-champagne\/","name":"ZAFFERANO VEM 5600 Juego 6 Juego de 6 C\u00e1lices de Champagne - Erresse Shop","isPartOf":{"@id":"https:\/\/www.erresse-shop.it\/es\/#website"},"datePublished":"2014-06-21T18:05:41+00:00","dateModified":"2021-12-22T15:41:31+00:00","description":"El dise\u00f1o y la funcionalidad inspiran el trabajo de Federico de Majo, cuyas creaciones van desde las l\u00edneas m\u00e1s tradicionales hasta otras de alto","breadcrumb":{"@id":"https:\/\/www.erresse-shop.it\/es\/shop\/tabla\/vino\/calices\/zafferano-vem-5600-juego-6-juego-de-6-calices-de-champagne\/#breadcrumb"},"inLanguage":"es","potentialAction":[{"@type":"ReadAction","target":["https:\/\/www.erresse-shop.it\/es\/shop\/tabla\/vino\/calices\/zafferano-vem-5600-juego-6-juego-de-6-calices-de-champagne\/"]}]},{"@type":"BreadcrumbList","@id":"https:\/\/www.erresse-shop.it\/es\/shop\/tabla\/vino\/calices\/zafferano-vem-5600-juego-6-juego-de-6-calices-de-champagne\/#breadcrumb","itemListElement":[{"@type":"ListItem","position":1,"name":"Home","item":"https:\/\/www.erresse-shop.it\/es\/"},{"@type":"ListItem","position":2,"name":"Shop","item":"https:\/\/www.erresse-shop.it\/es\/shop\/"},{"@type":"ListItem","position":3,"name":"ZAFFERANO VEM 5600 Juego 6 Juego de 6 C\u00e1lices de Champagne"}]},{"@type":"WebSite","@id":"https:\/\/www.erresse-shop.it\/es\/#website","url":"https:\/\/www.erresse-shop.it\/es\/","name":"Erresse Shop","description":"Articoli di qualit\u00e0 per la casa","potentialAction":[{"@type":"SearchAction","target":{"@type":"EntryPoint","urlTemplate":"https:\/\/www.erresse-shop.it\/es\/?s={search_term_string}"},"query-input":"required name=search_term_string"}],"inLanguage":"es"}]}},"df_price":26.1,"df_sale_price":26.1,"df_regular_price":58,"df_image_link":"https:\/\/www.erresse-shop.it\/wp-content\/uploads\/2014\/06\/ZAFFERANO-VEM-5600-300x300.jpg","_links":{"self":[{"href":"https:\/\/www.erresse-shop.it\/es\/wp-json\/wp\/v2\/product\/115186"}],"collection":[{"href":"https:\/\/www.erresse-shop.it\/es\/wp-json\/wp\/v2\/product"}],"about":[{"href":"https:\/\/www.erresse-shop.it\/es\/wp-json\/wp\/v2\/types\/product"}],"wp:featuredmedia":[{"embeddable":true,"href":"https:\/\/www.erresse-shop.it\/es\/wp-json\/wp\/v2\/media\/431164"}],"wp:attachment":[{"href":"https:\/\/www.erresse-shop.it\/es\/wp-json\/wp\/v2\/media?parent=115186"}],"wp:term":[{"taxonomy":"product_cat","embeddable":true,"href":"https:\/\/www.erresse-shop.it\/es\/wp-json\/wp\/v2\/product_cat?post=115186"},{"taxonomy":"product_tag","embeddable":true,"href":"https:\/\/www.erresse-shop.it\/es\/wp-json\/wp\/v2\/product_tag?post=115186"}],"curies":[{"name":"wp","href":"https:\/\/api.w.org\/{rel}","templated":true}]}}