{"id":115169,"date":"2014-03-18T17:28:45","date_gmt":"2014-03-18T17:28:45","guid":{"rendered":"https:\/\/www.erresse-shop.it\/shop\/sincategorizar\/zafferano-perle-jarra-transparente\/"},"modified":"2024-07-05T14:51:45","modified_gmt":"2024-07-05T14:51:45","slug":"zafferano-perle-jarra-transparente","status":"publish","type":"product","link":"https:\/\/www.erresse-shop.it\/es\/shop\/tabla\/jarras-garaffas-botellas\/zafferano-perle-jarra-transparente\/","title":{"rendered":"ZAFFERANO Perle Jarra Transparente"},"content":{"rendered":"<p>El dise\u00f1o y la funcionalidad inspiran el trabajo de <strong>Federico de Majo<\/strong>, cuyas creaciones van desde las l\u00edneas m\u00e1s tradicionales hasta otras de alto contenido t\u00e9cnico, que expresan el <strong>gusto por la innovaci\u00f3n y la investigaci\u00f3n de productos<\/strong>.<\/p>\n<p>Con Zafferano, la experiencia de la fabricaci\u00f3n de vidrio se une a la cultura del vino. <strong>La historia de Federico de Majo comienza en la cristaler\u00eda familiar de Murano.<\/strong> Fue aqu\u00ed, a mediados de los a\u00f1os 70, donde Federico de Majo comenz\u00f3 a dedicarse con pasi\u00f3n al vidrio soplado y art\u00edstico. M\u00e1s tarde, su atenci\u00f3n y su gusto por el buen beber le hicieron desear fundar una empresa dedicada a la investigaci\u00f3n y producci\u00f3n de copas de degustaci\u00f3n.<\/p>\n<p>Las colecciones de Zafferano son <strong>sopladas a boca y hechas a mano<\/strong> por artesanos que siguen trabajando como anta\u00f1o. Este trabajo artesanal hace que cada pieza sea \u00fanica y diferente de las dem\u00e1s, y por ello a\u00fan m\u00e1s preciosa. El logotipo caracter\u00edstico, con la copa y la Z de azafr\u00e1n en el interior, certifica que el producto est\u00e1 hecho a mano.<\/p>\n<p>Mezcla de transparencias y pasta de vidrio, las <strong>Perla<\/strong>\u00a0de Federico de Majo combinan materiales \u00fanicos con una antigua y h\u00e1bil elaboraci\u00f3n realizada totalmente a mano.<\/p>\n","protected":false},"excerpt":{"rendered":"<p>El dise\u00f1o y la funcionalidad inspiran el trabajo de Federico de Majo, cuyas creaciones van desde las l\u00edneas m\u00e1s tradicionales<\/p>\n","protected":false},"featured_media":431109,"template":"","meta":{"_acf_changed":false,"inline_featured_image":false},"product_cat":[16029,16027],"product_tag":[25029,16303,16314,16304,24605,16282,25023,16308],"acf":[],"yoast_head":"<!-- This site is optimized with the Yoast SEO Premium plugin v18.6 (Yoast SEO v19.13) - https:\/\/yoast.com\/wordpress\/plugins\/seo\/ -->\n<title>ZAFFERANO Perle Jarra Transparente - Erresse Shop<\/title>\n<meta name=\"description\" content=\"El dise\u00f1o y la funcionalidad inspiran el trabajo de Federico de Majo, cuyas creaciones van desde las l\u00edneas m\u00e1s tradicionales hasta otras de alto\" \/>\n<meta name=\"robots\" content=\"index, follow, max-snippet:-1, max-image-preview:large, max-video-preview:-1\" \/>\n<link rel=\"canonical\" href=\"https:\/\/www.erresse-shop.it\/es\/shop\/tabla\/jarras-garaffas-botellas\/zafferano-perle-jarra-transparente\/\" \/>\n<meta property=\"og:locale\" content=\"es_ES\" \/>\n<meta property=\"og:type\" content=\"article\" \/>\n<meta property=\"og:title\" content=\"ZAFFERANO Perle Jarra Transparente\" \/>\n<meta property=\"og:description\" content=\"El dise\u00f1o y la funcionalidad inspiran el trabajo de Federico de Majo, cuyas creaciones van desde las l\u00edneas m\u00e1s tradicionales hasta otras de alto\" \/>\n<meta property=\"og:url\" content=\"https:\/\/www.erresse-shop.it\/es\/shop\/tabla\/jarras-garaffas-botellas\/zafferano-perle-jarra-transparente\/\" \/>\n<meta property=\"og:site_name\" content=\"Erresse Shop\" \/>\n<meta property=\"article:modified_time\" content=\"2024-07-05T14:51:45+00:00\" \/>\n<meta property=\"og:image\" content=\"https:\/\/www.erresse-shop.it\/wp-content\/uploads\/2014\/03\/ZAFFERANO-Caraffa-vetro-perle-trasparente.jpg\" \/>\n\t<meta property=\"og:image:width\" content=\"800\" \/>\n\t<meta property=\"og:image:height\" content=\"800\" \/>\n\t<meta property=\"og:image:type\" content=\"image\/jpeg\" \/>\n<meta name=\"twitter:card\" content=\"summary_large_image\" \/>\n<script type=\"application\/ld+json\" class=\"yoast-schema-graph\">{\"@context\":\"https:\/\/schema.org\",\"@graph\":[{\"@type\":\"WebPage\",\"@id\":\"https:\/\/www.erresse-shop.it\/es\/shop\/tabla\/jarras-garaffas-botellas\/zafferano-perle-jarra-transparente\/\",\"url\":\"https:\/\/www.erresse-shop.it\/es\/shop\/tabla\/jarras-garaffas-botellas\/zafferano-perle-jarra-transparente\/\",\"name\":\"ZAFFERANO Perle Jarra Transparente - Erresse Shop\",\"isPartOf\":{\"@id\":\"https:\/\/www.erresse-shop.it\/es\/#website\"},\"datePublished\":\"2014-03-18T17:28:45+00:00\",\"dateModified\":\"2024-07-05T14:51:45+00:00\",\"description\":\"El dise\u00f1o y la funcionalidad inspiran el trabajo de Federico de Majo, cuyas creaciones van desde las l\u00edneas m\u00e1s tradicionales hasta otras de alto\",\"breadcrumb\":{\"@id\":\"https:\/\/www.erresse-shop.it\/es\/shop\/tabla\/jarras-garaffas-botellas\/zafferano-perle-jarra-transparente\/#breadcrumb\"},\"inLanguage\":\"es\",\"potentialAction\":[{\"@type\":\"ReadAction\",\"target\":[\"https:\/\/www.erresse-shop.it\/es\/shop\/tabla\/jarras-garaffas-botellas\/zafferano-perle-jarra-transparente\/\"]}]},{\"@type\":\"BreadcrumbList\",\"@id\":\"https:\/\/www.erresse-shop.it\/es\/shop\/tabla\/jarras-garaffas-botellas\/zafferano-perle-jarra-transparente\/#breadcrumb\",\"itemListElement\":[{\"@type\":\"ListItem\",\"position\":1,\"name\":\"Home\",\"item\":\"https:\/\/www.erresse-shop.it\/es\/\"},{\"@type\":\"ListItem\",\"position\":2,\"name\":\"Shop\",\"item\":\"https:\/\/www.erresse-shop.it\/es\/shop\/\"},{\"@type\":\"ListItem\",\"position\":3,\"name\":\"ZAFFERANO Perle Jarra Transparente\"}]},{\"@type\":\"WebSite\",\"@id\":\"https:\/\/www.erresse-shop.it\/es\/#website\",\"url\":\"https:\/\/www.erresse-shop.it\/es\/\",\"name\":\"Erresse Shop\",\"description\":\"Articoli di qualit\u00e0 per la casa\",\"potentialAction\":[{\"@type\":\"SearchAction\",\"target\":{\"@type\":\"EntryPoint\",\"urlTemplate\":\"https:\/\/www.erresse-shop.it\/es\/?s={search_term_string}\"},\"query-input\":\"required name=search_term_string\"}],\"inLanguage\":\"es\"}]}<\/script>\n<!-- \/ Yoast SEO Premium plugin. -->","yoast_head_json":{"title":"ZAFFERANO Perle Jarra Transparente - Erresse Shop","description":"El dise\u00f1o y la funcionalidad inspiran el trabajo de Federico de Majo, cuyas creaciones van desde las l\u00edneas m\u00e1s tradicionales hasta otras de alto","robots":{"index":"index","follow":"follow","max-snippet":"max-snippet:-1","max-image-preview":"max-image-preview:large","max-video-preview":"max-video-preview:-1"},"canonical":"https:\/\/www.erresse-shop.it\/es\/shop\/tabla\/jarras-garaffas-botellas\/zafferano-perle-jarra-transparente\/","og_locale":"es_ES","og_type":"article","og_title":"ZAFFERANO Perle Jarra Transparente","og_description":"El dise\u00f1o y la funcionalidad inspiran el trabajo de Federico de Majo, cuyas creaciones van desde las l\u00edneas m\u00e1s tradicionales hasta otras de alto","og_url":"https:\/\/www.erresse-shop.it\/es\/shop\/tabla\/jarras-garaffas-botellas\/zafferano-perle-jarra-transparente\/","og_site_name":"Erresse Shop","article_modified_time":"2024-07-05T14:51:45+00:00","og_image":[{"width":800,"height":800,"url":"https:\/\/www.erresse-shop.it\/wp-content\/uploads\/2014\/03\/ZAFFERANO-Caraffa-vetro-perle-trasparente.jpg","type":"image\/jpeg"}],"twitter_card":"summary_large_image","schema":{"@context":"https:\/\/schema.org","@graph":[{"@type":"WebPage","@id":"https:\/\/www.erresse-shop.it\/es\/shop\/tabla\/jarras-garaffas-botellas\/zafferano-perle-jarra-transparente\/","url":"https:\/\/www.erresse-shop.it\/es\/shop\/tabla\/jarras-garaffas-botellas\/zafferano-perle-jarra-transparente\/","name":"ZAFFERANO Perle Jarra Transparente - Erresse Shop","isPartOf":{"@id":"https:\/\/www.erresse-shop.it\/es\/#website"},"datePublished":"2014-03-18T17:28:45+00:00","dateModified":"2024-07-05T14:51:45+00:00","description":"El dise\u00f1o y la funcionalidad inspiran el trabajo de Federico de Majo, cuyas creaciones van desde las l\u00edneas m\u00e1s tradicionales hasta otras de alto","breadcrumb":{"@id":"https:\/\/www.erresse-shop.it\/es\/shop\/tabla\/jarras-garaffas-botellas\/zafferano-perle-jarra-transparente\/#breadcrumb"},"inLanguage":"es","potentialAction":[{"@type":"ReadAction","target":["https:\/\/www.erresse-shop.it\/es\/shop\/tabla\/jarras-garaffas-botellas\/zafferano-perle-jarra-transparente\/"]}]},{"@type":"BreadcrumbList","@id":"https:\/\/www.erresse-shop.it\/es\/shop\/tabla\/jarras-garaffas-botellas\/zafferano-perle-jarra-transparente\/#breadcrumb","itemListElement":[{"@type":"ListItem","position":1,"name":"Home","item":"https:\/\/www.erresse-shop.it\/es\/"},{"@type":"ListItem","position":2,"name":"Shop","item":"https:\/\/www.erresse-shop.it\/es\/shop\/"},{"@type":"ListItem","position":3,"name":"ZAFFERANO Perle Jarra Transparente"}]},{"@type":"WebSite","@id":"https:\/\/www.erresse-shop.it\/es\/#website","url":"https:\/\/www.erresse-shop.it\/es\/","name":"Erresse Shop","description":"Articoli di qualit\u00e0 per la casa","potentialAction":[{"@type":"SearchAction","target":{"@type":"EntryPoint","urlTemplate":"https:\/\/www.erresse-shop.it\/es\/?s={search_term_string}"},"query-input":"required name=search_term_string"}],"inLanguage":"es"}]}},"df_price":38.7,"df_sale_price":38.7,"df_regular_price":86,"df_image_link":"https:\/\/www.erresse-shop.it\/wp-content\/uploads\/2014\/03\/ZAFFERANO-Caraffa-vetro-perle-trasparente-300x300.jpg","_links":{"self":[{"href":"https:\/\/www.erresse-shop.it\/es\/wp-json\/wp\/v2\/product\/115169"}],"collection":[{"href":"https:\/\/www.erresse-shop.it\/es\/wp-json\/wp\/v2\/product"}],"about":[{"href":"https:\/\/www.erresse-shop.it\/es\/wp-json\/wp\/v2\/types\/product"}],"wp:featuredmedia":[{"embeddable":true,"href":"https:\/\/www.erresse-shop.it\/es\/wp-json\/wp\/v2\/media\/431109"}],"wp:attachment":[{"href":"https:\/\/www.erresse-shop.it\/es\/wp-json\/wp\/v2\/media?parent=115169"}],"wp:term":[{"taxonomy":"product_cat","embeddable":true,"href":"https:\/\/www.erresse-shop.it\/es\/wp-json\/wp\/v2\/product_cat?post=115169"},{"taxonomy":"product_tag","embeddable":true,"href":"https:\/\/www.erresse-shop.it\/es\/wp-json\/wp\/v2\/product_tag?post=115169"}],"curies":[{"name":"wp","href":"https:\/\/api.w.org\/{rel}","templated":true}]}}