{"id":115163,"date":"2013-10-26T18:12:44","date_gmt":"2013-10-26T18:12:44","guid":{"rendered":"https:\/\/www.erresse-shop.it\/shop\/sincategorizar\/zafferano-nuove-esperienze-juego-6-calices-barolo\/"},"modified":"2024-04-08T00:04:13","modified_gmt":"2024-04-08T00:04:13","slug":"zafferano-nuove-esperienze-juego-6-calices-barolo","status":"publish","type":"product","link":"https:\/\/www.erresse-shop.it\/es\/shop\/tabla\/vino\/calices\/zafferano-nuove-esperienze-juego-6-calices-barolo\/","title":{"rendered":"ZAFFERANO Nuove Esperienze Juego 6 C\u00e1lices Barolo"},"content":{"rendered":"<p>El dise\u00f1o y la funcionalidad inspiran el trabajo de <strong>Federico de Majo<\/strong>, cuyas creaciones van desde las l\u00edneas m\u00e1s tradicionales hasta otras de alto contenido t\u00e9cnico, que expresan el gusto por la innovaci\u00f3n y la investigaci\u00f3n de productos.<\/p>\n<p>Con Zafferano, la experiencia de la fabricaci\u00f3n de vidrio se une a la cultura del vino. La historia de Federico de Majo comienza en la cristaler\u00eda familiar de Murano. Fue aqu\u00ed, a mediados de los a\u00f1os 70, donde Federico de Majo comenz\u00f3 a dedicarse con pasi\u00f3n al vidrio soplado y art\u00edstico. M\u00e1s tarde, su atenci\u00f3n y su gusto por el buen beber le llevaron a crear una empresa dedicada a la investigaci\u00f3n y producci\u00f3n de copas de degustaci\u00f3n.<\/p>\n<p><strong>EXPERIENCIAS &#8211; NUEVAS EXPERIENCIAS<\/strong><br \/>\n<em>&#8220;Hablar de la concepci\u00f3n y fabricaci\u00f3n de estas gafas es quiz\u00e1 el mayor placer para m\u00ed. Buscaba una idea que no repitiera la \u00fanica costumbre formalmente agradable de tantos vasos existentes.<\/em><br \/>\n<em>Se me ocurri\u00f3 sentada en un escritorio en una habitaci\u00f3n de Morgan&#8217;s en Madison. Afuera llov\u00eda, una mir\u00edada de c\u00edrculos conc\u00e9ntricos vibraba en el espejo de los charcos: un pensamiento concreto, inmediato, realizado&#8221;.<\/em> Federico de Majo<\/p>\n<p>Estos vasos, con su gran superficie de contacto y la particular ondulaci\u00f3n en la base del bebedero, son experiencias \u00fanicas. La amplitud de la superficie, aumentada por las ondulaciones, favorece la centrifugaci\u00f3n, la oxigenaci\u00f3n y el proceso evolutivo del vino, que desde el reducido ambiente de la botella, en el que ha permanecido durante mucho tiempo, se dirige hacia una condici\u00f3n de perfecta bebibilidad.<br \/>\nEstas mismas ondulaciones permiten observar los tonos y reflejos del vino sin tener que inclinar la copa.<br \/>\nLa colecci\u00f3n &#8220;Esperienze&#8221;, para la que se ha solicitado una patente, est\u00e1 dise\u00f1ada por Federico de Majo, fabricada con vidrio de sonido superior y disponible en dos versiones: soplado a boca (Esperienze) y con ejecuci\u00f3n mec\u00e1nica (Nuove Esperienze).<br \/>\nPor sus especificaciones t\u00e9cnicas, as\u00ed como por su est\u00e9tica, las copas &#8220;Esperienze&#8221; son un apreciado instrumento de degustaci\u00f3n, frecuentemente seleccionado para realzar la excelencia de la producci\u00f3n vin\u00edcola internacional y para acompa\u00f1ar prestigiosos eventos enogastron\u00f3micos, entre ellos Vinitaly en Verona.<\/p>\n","protected":false},"excerpt":{"rendered":"<p>El dise\u00f1o y la funcionalidad inspiran el trabajo de Federico de Majo, cuyas creaciones van desde las l\u00edneas m\u00e1s tradicionales<\/p>\n","protected":false},"featured_media":115165,"template":"","meta":{"_acf_changed":false,"inline_featured_image":false},"product_cat":[16052,16027,16051],"product_tag":[25029,16312,16303,16307,16120,16117,21823,25023,16308,23684],"acf":[],"yoast_head":"<!-- This site is optimized with the Yoast SEO Premium plugin v18.6 (Yoast SEO v19.13) - https:\/\/yoast.com\/wordpress\/plugins\/seo\/ -->\n<title>ZAFFERANO Nuove Esperienze Juego 6 C\u00e1lices Barolo - Erresse Shop<\/title>\n<meta name=\"description\" content=\"El dise\u00f1o y la funcionalidad inspiran el trabajo de Federico de Majo, cuyas creaciones van desde las l\u00edneas m\u00e1s tradicionales hasta otras de alto\" \/>\n<meta name=\"robots\" content=\"index, follow, max-snippet:-1, max-image-preview:large, max-video-preview:-1\" \/>\n<link rel=\"canonical\" href=\"https:\/\/www.erresse-shop.it\/es\/shop\/tabla\/vino\/calices\/zafferano-nuove-esperienze-juego-6-calices-barolo\/\" \/>\n<meta property=\"og:locale\" content=\"es_ES\" \/>\n<meta property=\"og:type\" content=\"article\" \/>\n<meta property=\"og:title\" content=\"ZAFFERANO Nuove Esperienze Juego 6 C\u00e1lices Barolo\" \/>\n<meta property=\"og:description\" content=\"El dise\u00f1o y la funcionalidad inspiran el trabajo de Federico de Majo, cuyas creaciones van desde las l\u00edneas m\u00e1s tradicionales hasta otras de alto\" \/>\n<meta property=\"og:url\" content=\"https:\/\/www.erresse-shop.it\/es\/shop\/tabla\/vino\/calices\/zafferano-nuove-esperienze-juego-6-calices-barolo\/\" \/>\n<meta property=\"og:site_name\" content=\"Erresse Shop\" \/>\n<meta property=\"article:modified_time\" content=\"2024-04-08T00:04:13+00:00\" \/>\n<meta property=\"og:image\" content=\"https:\/\/www.erresse-shop.it\/wp-content\/uploads\/2013\/10\/ZAFFERANO-6-Calici-Barolo-Esperienze.jpg\" \/>\n\t<meta property=\"og:image:width\" content=\"1000\" \/>\n\t<meta property=\"og:image:height\" content=\"1000\" \/>\n\t<meta property=\"og:image:type\" content=\"image\/jpeg\" \/>\n<meta name=\"twitter:card\" content=\"summary_large_image\" \/>\n<script type=\"application\/ld+json\" class=\"yoast-schema-graph\">{\"@context\":\"https:\/\/schema.org\",\"@graph\":[{\"@type\":\"WebPage\",\"@id\":\"https:\/\/www.erresse-shop.it\/es\/shop\/tabla\/vino\/calices\/zafferano-nuove-esperienze-juego-6-calices-barolo\/\",\"url\":\"https:\/\/www.erresse-shop.it\/es\/shop\/tabla\/vino\/calices\/zafferano-nuove-esperienze-juego-6-calices-barolo\/\",\"name\":\"ZAFFERANO Nuove Esperienze Juego 6 C\u00e1lices Barolo - Erresse Shop\",\"isPartOf\":{\"@id\":\"https:\/\/www.erresse-shop.it\/es\/#website\"},\"datePublished\":\"2013-10-26T18:12:44+00:00\",\"dateModified\":\"2024-04-08T00:04:13+00:00\",\"description\":\"El dise\u00f1o y la funcionalidad inspiran el trabajo de Federico de Majo, cuyas creaciones van desde las l\u00edneas m\u00e1s tradicionales hasta otras de alto\",\"breadcrumb\":{\"@id\":\"https:\/\/www.erresse-shop.it\/es\/shop\/tabla\/vino\/calices\/zafferano-nuove-esperienze-juego-6-calices-barolo\/#breadcrumb\"},\"inLanguage\":\"es\",\"potentialAction\":[{\"@type\":\"ReadAction\",\"target\":[\"https:\/\/www.erresse-shop.it\/es\/shop\/tabla\/vino\/calices\/zafferano-nuove-esperienze-juego-6-calices-barolo\/\"]}]},{\"@type\":\"BreadcrumbList\",\"@id\":\"https:\/\/www.erresse-shop.it\/es\/shop\/tabla\/vino\/calices\/zafferano-nuove-esperienze-juego-6-calices-barolo\/#breadcrumb\",\"itemListElement\":[{\"@type\":\"ListItem\",\"position\":1,\"name\":\"Home\",\"item\":\"https:\/\/www.erresse-shop.it\/es\/\"},{\"@type\":\"ListItem\",\"position\":2,\"name\":\"Shop\",\"item\":\"https:\/\/www.erresse-shop.it\/es\/shop\/\"},{\"@type\":\"ListItem\",\"position\":3,\"name\":\"ZAFFERANO Nuove Esperienze Juego 6 C\u00e1lices Barolo\"}]},{\"@type\":\"WebSite\",\"@id\":\"https:\/\/www.erresse-shop.it\/es\/#website\",\"url\":\"https:\/\/www.erresse-shop.it\/es\/\",\"name\":\"Erresse Shop\",\"description\":\"Articoli di qualit\u00e0 per la casa\",\"potentialAction\":[{\"@type\":\"SearchAction\",\"target\":{\"@type\":\"EntryPoint\",\"urlTemplate\":\"https:\/\/www.erresse-shop.it\/es\/?s={search_term_string}\"},\"query-input\":\"required name=search_term_string\"}],\"inLanguage\":\"es\"}]}<\/script>\n<!-- \/ Yoast SEO Premium plugin. -->","yoast_head_json":{"title":"ZAFFERANO Nuove Esperienze Juego 6 C\u00e1lices Barolo - Erresse Shop","description":"El dise\u00f1o y la funcionalidad inspiran el trabajo de Federico de Majo, cuyas creaciones van desde las l\u00edneas m\u00e1s tradicionales hasta otras de alto","robots":{"index":"index","follow":"follow","max-snippet":"max-snippet:-1","max-image-preview":"max-image-preview:large","max-video-preview":"max-video-preview:-1"},"canonical":"https:\/\/www.erresse-shop.it\/es\/shop\/tabla\/vino\/calices\/zafferano-nuove-esperienze-juego-6-calices-barolo\/","og_locale":"es_ES","og_type":"article","og_title":"ZAFFERANO Nuove Esperienze Juego 6 C\u00e1lices Barolo","og_description":"El dise\u00f1o y la funcionalidad inspiran el trabajo de Federico de Majo, cuyas creaciones van desde las l\u00edneas m\u00e1s tradicionales hasta otras de alto","og_url":"https:\/\/www.erresse-shop.it\/es\/shop\/tabla\/vino\/calices\/zafferano-nuove-esperienze-juego-6-calices-barolo\/","og_site_name":"Erresse Shop","article_modified_time":"2024-04-08T00:04:13+00:00","og_image":[{"width":1000,"height":1000,"url":"https:\/\/www.erresse-shop.it\/wp-content\/uploads\/2013\/10\/ZAFFERANO-6-Calici-Barolo-Esperienze.jpg","type":"image\/jpeg"}],"twitter_card":"summary_large_image","schema":{"@context":"https:\/\/schema.org","@graph":[{"@type":"WebPage","@id":"https:\/\/www.erresse-shop.it\/es\/shop\/tabla\/vino\/calices\/zafferano-nuove-esperienze-juego-6-calices-barolo\/","url":"https:\/\/www.erresse-shop.it\/es\/shop\/tabla\/vino\/calices\/zafferano-nuove-esperienze-juego-6-calices-barolo\/","name":"ZAFFERANO Nuove Esperienze Juego 6 C\u00e1lices Barolo - Erresse Shop","isPartOf":{"@id":"https:\/\/www.erresse-shop.it\/es\/#website"},"datePublished":"2013-10-26T18:12:44+00:00","dateModified":"2024-04-08T00:04:13+00:00","description":"El dise\u00f1o y la funcionalidad inspiran el trabajo de Federico de Majo, cuyas creaciones van desde las l\u00edneas m\u00e1s tradicionales hasta otras de alto","breadcrumb":{"@id":"https:\/\/www.erresse-shop.it\/es\/shop\/tabla\/vino\/calices\/zafferano-nuove-esperienze-juego-6-calices-barolo\/#breadcrumb"},"inLanguage":"es","potentialAction":[{"@type":"ReadAction","target":["https:\/\/www.erresse-shop.it\/es\/shop\/tabla\/vino\/calices\/zafferano-nuove-esperienze-juego-6-calices-barolo\/"]}]},{"@type":"BreadcrumbList","@id":"https:\/\/www.erresse-shop.it\/es\/shop\/tabla\/vino\/calices\/zafferano-nuove-esperienze-juego-6-calices-barolo\/#breadcrumb","itemListElement":[{"@type":"ListItem","position":1,"name":"Home","item":"https:\/\/www.erresse-shop.it\/es\/"},{"@type":"ListItem","position":2,"name":"Shop","item":"https:\/\/www.erresse-shop.it\/es\/shop\/"},{"@type":"ListItem","position":3,"name":"ZAFFERANO Nuove Esperienze Juego 6 C\u00e1lices Barolo"}]},{"@type":"WebSite","@id":"https:\/\/www.erresse-shop.it\/es\/#website","url":"https:\/\/www.erresse-shop.it\/es\/","name":"Erresse Shop","description":"Articoli di qualit\u00e0 per la casa","potentialAction":[{"@type":"SearchAction","target":{"@type":"EntryPoint","urlTemplate":"https:\/\/www.erresse-shop.it\/es\/?s={search_term_string}"},"query-input":"required name=search_term_string"}],"inLanguage":"es"}]}},"df_price":28.8,"df_sale_price":28.8,"df_regular_price":64,"df_image_link":"https:\/\/www.erresse-shop.it\/wp-content\/uploads\/2013\/10\/ZAFFERANO-6-Calici-Barolo-Esperienze-300x300.jpg","_links":{"self":[{"href":"https:\/\/www.erresse-shop.it\/es\/wp-json\/wp\/v2\/product\/115163"}],"collection":[{"href":"https:\/\/www.erresse-shop.it\/es\/wp-json\/wp\/v2\/product"}],"about":[{"href":"https:\/\/www.erresse-shop.it\/es\/wp-json\/wp\/v2\/types\/product"}],"wp:featuredmedia":[{"embeddable":true,"href":"https:\/\/www.erresse-shop.it\/es\/wp-json\/wp\/v2\/media\/115165"}],"wp:attachment":[{"href":"https:\/\/www.erresse-shop.it\/es\/wp-json\/wp\/v2\/media?parent=115163"}],"wp:term":[{"taxonomy":"product_cat","embeddable":true,"href":"https:\/\/www.erresse-shop.it\/es\/wp-json\/wp\/v2\/product_cat?post=115163"},{"taxonomy":"product_tag","embeddable":true,"href":"https:\/\/www.erresse-shop.it\/es\/wp-json\/wp\/v2\/product_tag?post=115163"}],"curies":[{"name":"wp","href":"https:\/\/api.w.org\/{rel}","templated":true}]}}