{"id":114932,"date":"2020-08-06T08:50:13","date_gmt":"2020-08-06T08:50:13","guid":{"rendered":"https:\/\/www.erresse-shop.it\/shop\/sincategorizar\/marcato-maquina-de-pasta-electrica-pf-220v\/"},"modified":"2021-12-22T15:39:49","modified_gmt":"2021-12-22T15:39:49","slug":"marcato-maquina-de-pasta-fresca","status":"publish","type":"product","link":"https:\/\/www.erresse-shop.it\/es\/shop\/cocina\/maquinas-de-pasta\/marcato-maquina-de-pasta-fresca\/","title":{"rendered":"MARCATO M\u00e1quina de Pasta Fresca"},"content":{"rendered":"<p>Amasa pan, pizza y pasta en 3 minutos. La \u00fanica batidora que amasa como si fuera a mano.<br \/>\nAmasa hasta 750 g. Libro de recetas incluido.<br \/>\nConector de bayoneta compatible con los accesorios de pasta fresca.<\/p>\n<p>R\u00e1pido, compacto y multifuncional. Pasta Fresca es la extraordinaria batidora de Marcato dise\u00f1ada para hacer la masa perfecta para pasta, pan y pizza en casa. En s\u00f3lo 3 minutos, Pasta Fresca puede amasar 500 g de harina (750 g de masa total despu\u00e9s de a\u00f1adir todos los ingredientes) con el mismo resultado que se obtendr\u00eda a mano: una masa compacta, el\u00e1stica y homog\u00e9nea. La versatilidad de Pasta Fresca es excepcional, gracias a la conexi\u00f3n de bayoneta compatible con los accesorios Marcato para pasta fresca incluidos en el paquete. El pr\u00e1ctico manual de instrucciones y el libro de recetas para pasta, pan, pizza y galletas est\u00e1n incluidos en el paquete. Pasta Fresca es un producto original de Marcato, fabricado \u00edntegramente en Italia. Desde 1930, los productos Marcato est\u00e1n presentes en las cocinas de todos aquellos que han redescubierto el placer de una alimentaci\u00f3n sana y genuina. Un aut\u00e9ntico producto &#8220;Made in Italy&#8221; que destaca por el estilo de su dise\u00f1o, la calidad de sus detalles y su durabilidad.<\/p>\n<p><strong>Contenido del paquete:<\/strong><\/p>\n<p>AE-150-FET: accesorio para fettuccine<br \/>\nAE-150-TAG: accesorio para fideos<br \/>\nAE-150-SFO: accesorio de pasteler\u00eda<br \/>\nBatidora de pasta; Cable de alimentaci\u00f3n; Manual con libro de recetas<\/p>\n<p><span style=\"text-decoration: underline;\"><strong>No disponible fuera de Europa<\/strong><\/span><\/p>\n","protected":false},"excerpt":{"rendered":"<p>Amasa pan, pizza y pasta en 3 minutos. La \u00fanica batidora que amasa como si fuera a mano. Amasa hasta<\/p>\n","protected":false},"featured_media":114948,"template":"","meta":{"_acf_changed":false,"inline_featured_image":false},"product_cat":[16040,16056],"product_tag":[16279,16275,16280],"acf":[],"yoast_head":"<!-- This site is optimized with the Yoast SEO Premium plugin v18.6 (Yoast SEO v19.13) - https:\/\/yoast.com\/wordpress\/plugins\/seo\/ -->\n<title>MARCATO M\u00e1quina de Pasta Fresca - Erresse Shop<\/title>\n<meta name=\"description\" content=\"Amasa pan, pizza y pasta en 3 minutos. La \u00fanica batidora que amasa como si fuera a mano. Amasa hasta 750 g. Libro de recetas incluido. Conector de\" \/>\n<meta name=\"robots\" content=\"index, follow, max-snippet:-1, max-image-preview:large, max-video-preview:-1\" \/>\n<link rel=\"canonical\" href=\"https:\/\/www.erresse-shop.it\/es\/shop\/cocina\/maquinas-de-pasta\/marcato-maquina-de-pasta-fresca\/\" \/>\n<meta property=\"og:locale\" content=\"es_ES\" \/>\n<meta property=\"og:type\" content=\"article\" \/>\n<meta property=\"og:title\" content=\"MARCATO M\u00e1quina de Pasta Fresca\" \/>\n<meta property=\"og:description\" content=\"Amasa pan, pizza y pasta en 3 minutos. La \u00fanica batidora que amasa como si fuera a mano. Amasa hasta 750 g. Libro de recetas incluido. Conector de\" \/>\n<meta property=\"og:url\" content=\"https:\/\/www.erresse-shop.it\/es\/shop\/cocina\/maquinas-de-pasta\/marcato-maquina-de-pasta-fresca\/\" \/>\n<meta property=\"og:site_name\" content=\"Erresse Shop\" \/>\n<meta property=\"article:modified_time\" content=\"2021-12-22T15:39:49+00:00\" \/>\n<meta property=\"og:image\" content=\"https:\/\/www.erresse-shop.it\/wp-content\/uploads\/2020\/08\/MARCATO-Macchina-per-Pasta-Elettrica.jpg\" \/>\n\t<meta property=\"og:image:width\" content=\"1000\" \/>\n\t<meta property=\"og:image:height\" content=\"1000\" \/>\n\t<meta property=\"og:image:type\" content=\"image\/jpeg\" \/>\n<meta name=\"twitter:card\" content=\"summary_large_image\" \/>\n<script type=\"application\/ld+json\" class=\"yoast-schema-graph\">{\"@context\":\"https:\/\/schema.org\",\"@graph\":[{\"@type\":\"WebPage\",\"@id\":\"https:\/\/www.erresse-shop.it\/es\/shop\/cocina\/maquinas-de-pasta\/marcato-maquina-de-pasta-fresca\/\",\"url\":\"https:\/\/www.erresse-shop.it\/es\/shop\/cocina\/maquinas-de-pasta\/marcato-maquina-de-pasta-fresca\/\",\"name\":\"MARCATO M\u00e1quina de Pasta Fresca - Erresse Shop\",\"isPartOf\":{\"@id\":\"https:\/\/www.erresse-shop.it\/es\/#website\"},\"datePublished\":\"2020-08-06T08:50:13+00:00\",\"dateModified\":\"2021-12-22T15:39:49+00:00\",\"description\":\"Amasa pan, pizza y pasta en 3 minutos. La \u00fanica batidora que amasa como si fuera a mano. Amasa hasta 750 g. Libro de recetas incluido. Conector de\",\"breadcrumb\":{\"@id\":\"https:\/\/www.erresse-shop.it\/es\/shop\/cocina\/maquinas-de-pasta\/marcato-maquina-de-pasta-fresca\/#breadcrumb\"},\"inLanguage\":\"es\",\"potentialAction\":[{\"@type\":\"ReadAction\",\"target\":[\"https:\/\/www.erresse-shop.it\/es\/shop\/cocina\/maquinas-de-pasta\/marcato-maquina-de-pasta-fresca\/\"]}]},{\"@type\":\"BreadcrumbList\",\"@id\":\"https:\/\/www.erresse-shop.it\/es\/shop\/cocina\/maquinas-de-pasta\/marcato-maquina-de-pasta-fresca\/#breadcrumb\",\"itemListElement\":[{\"@type\":\"ListItem\",\"position\":1,\"name\":\"Home\",\"item\":\"https:\/\/www.erresse-shop.it\/es\/\"},{\"@type\":\"ListItem\",\"position\":2,\"name\":\"Shop\",\"item\":\"https:\/\/www.erresse-shop.it\/es\/shop\/\"},{\"@type\":\"ListItem\",\"position\":3,\"name\":\"MARCATO M\u00e1quina de Pasta Fresca\"}]},{\"@type\":\"WebSite\",\"@id\":\"https:\/\/www.erresse-shop.it\/es\/#website\",\"url\":\"https:\/\/www.erresse-shop.it\/es\/\",\"name\":\"Erresse Shop\",\"description\":\"Articoli di qualit\u00e0 per la casa\",\"potentialAction\":[{\"@type\":\"SearchAction\",\"target\":{\"@type\":\"EntryPoint\",\"urlTemplate\":\"https:\/\/www.erresse-shop.it\/es\/?s={search_term_string}\"},\"query-input\":\"required name=search_term_string\"}],\"inLanguage\":\"es\"}]}<\/script>\n<!-- \/ Yoast SEO Premium plugin. -->","yoast_head_json":{"title":"MARCATO M\u00e1quina de Pasta Fresca - Erresse Shop","description":"Amasa pan, pizza y pasta en 3 minutos. La \u00fanica batidora que amasa como si fuera a mano. Amasa hasta 750 g. Libro de recetas incluido. Conector de","robots":{"index":"index","follow":"follow","max-snippet":"max-snippet:-1","max-image-preview":"max-image-preview:large","max-video-preview":"max-video-preview:-1"},"canonical":"https:\/\/www.erresse-shop.it\/es\/shop\/cocina\/maquinas-de-pasta\/marcato-maquina-de-pasta-fresca\/","og_locale":"es_ES","og_type":"article","og_title":"MARCATO M\u00e1quina de Pasta Fresca","og_description":"Amasa pan, pizza y pasta en 3 minutos. La \u00fanica batidora que amasa como si fuera a mano. Amasa hasta 750 g. Libro de recetas incluido. Conector de","og_url":"https:\/\/www.erresse-shop.it\/es\/shop\/cocina\/maquinas-de-pasta\/marcato-maquina-de-pasta-fresca\/","og_site_name":"Erresse Shop","article_modified_time":"2021-12-22T15:39:49+00:00","og_image":[{"width":1000,"height":1000,"url":"https:\/\/www.erresse-shop.it\/wp-content\/uploads\/2020\/08\/MARCATO-Macchina-per-Pasta-Elettrica.jpg","type":"image\/jpeg"}],"twitter_card":"summary_large_image","schema":{"@context":"https:\/\/schema.org","@graph":[{"@type":"WebPage","@id":"https:\/\/www.erresse-shop.it\/es\/shop\/cocina\/maquinas-de-pasta\/marcato-maquina-de-pasta-fresca\/","url":"https:\/\/www.erresse-shop.it\/es\/shop\/cocina\/maquinas-de-pasta\/marcato-maquina-de-pasta-fresca\/","name":"MARCATO M\u00e1quina de Pasta Fresca - Erresse Shop","isPartOf":{"@id":"https:\/\/www.erresse-shop.it\/es\/#website"},"datePublished":"2020-08-06T08:50:13+00:00","dateModified":"2021-12-22T15:39:49+00:00","description":"Amasa pan, pizza y pasta en 3 minutos. La \u00fanica batidora que amasa como si fuera a mano. Amasa hasta 750 g. Libro de recetas incluido. Conector de","breadcrumb":{"@id":"https:\/\/www.erresse-shop.it\/es\/shop\/cocina\/maquinas-de-pasta\/marcato-maquina-de-pasta-fresca\/#breadcrumb"},"inLanguage":"es","potentialAction":[{"@type":"ReadAction","target":["https:\/\/www.erresse-shop.it\/es\/shop\/cocina\/maquinas-de-pasta\/marcato-maquina-de-pasta-fresca\/"]}]},{"@type":"BreadcrumbList","@id":"https:\/\/www.erresse-shop.it\/es\/shop\/cocina\/maquinas-de-pasta\/marcato-maquina-de-pasta-fresca\/#breadcrumb","itemListElement":[{"@type":"ListItem","position":1,"name":"Home","item":"https:\/\/www.erresse-shop.it\/es\/"},{"@type":"ListItem","position":2,"name":"Shop","item":"https:\/\/www.erresse-shop.it\/es\/shop\/"},{"@type":"ListItem","position":3,"name":"MARCATO M\u00e1quina de Pasta Fresca"}]},{"@type":"WebSite","@id":"https:\/\/www.erresse-shop.it\/es\/#website","url":"https:\/\/www.erresse-shop.it\/es\/","name":"Erresse Shop","description":"Articoli di qualit\u00e0 per la casa","potentialAction":[{"@type":"SearchAction","target":{"@type":"EntryPoint","urlTemplate":"https:\/\/www.erresse-shop.it\/es\/?s={search_term_string}"},"query-input":"required name=search_term_string"}],"inLanguage":"es"}]}},"df_price":246.45,"df_sale_price":246.45,"df_regular_price":492.9,"df_image_link":"https:\/\/www.erresse-shop.it\/wp-content\/uploads\/2020\/08\/MARCATO-Macchina-per-Pasta-Elettrica-300x300.jpg","_links":{"self":[{"href":"https:\/\/www.erresse-shop.it\/es\/wp-json\/wp\/v2\/product\/114932"}],"collection":[{"href":"https:\/\/www.erresse-shop.it\/es\/wp-json\/wp\/v2\/product"}],"about":[{"href":"https:\/\/www.erresse-shop.it\/es\/wp-json\/wp\/v2\/types\/product"}],"wp:featuredmedia":[{"embeddable":true,"href":"https:\/\/www.erresse-shop.it\/es\/wp-json\/wp\/v2\/media\/114948"}],"wp:attachment":[{"href":"https:\/\/www.erresse-shop.it\/es\/wp-json\/wp\/v2\/media?parent=114932"}],"wp:term":[{"taxonomy":"product_cat","embeddable":true,"href":"https:\/\/www.erresse-shop.it\/es\/wp-json\/wp\/v2\/product_cat?post=114932"},{"taxonomy":"product_tag","embeddable":true,"href":"https:\/\/www.erresse-shop.it\/es\/wp-json\/wp\/v2\/product_tag?post=114932"}],"curies":[{"name":"wp","href":"https:\/\/api.w.org\/{rel}","templated":true}]}}