{"id":114831,"date":"2021-06-04T14:43:58","date_gmt":"2021-06-04T14:43:58","guid":{"rendered":"https:\/\/www.erresse-shop.it\/shop\/sincategorizar\/les-jardins-de-la-comtesse-cesta-de-pcnic-4-personas-marine\/"},"modified":"2025-06-12T00:37:56","modified_gmt":"2025-06-12T00:37:56","slug":"les-jardins-de-la-comtesse-cesta-de-pcnic-4-personas-marine","status":"publish","type":"product","link":"https:\/\/www.erresse-shop.it\/es\/shop\/tabla\/cestas-de-picnic\/les-jardins-de-la-comtesse-cesta-de-pcnic-4-personas-marine\/","title":{"rendered":"LES JARDINS DE LA COMTESSE Cesta de Pcnic 4 Personas Marine"},"content":{"rendered":"<p>La cesta de picnic <strong>&#8220;Marine&#8221;<\/strong> es \u00fanica y original con sus correas azules.<br \/>\nOriginal en el exterior: las cuerdas hacen juego con el mimbre lacado en blanco natural. Los tirantes azules y el mantel azul y blanco le dan un toque ex\u00f3tico que recuerda a las profundidades del oc\u00e9ano.<br \/>\nElegante por dentro con su tejido azul con rayas blancas y tirantes blancos.<br \/>\nEst\u00e1 de moda, es chic y sofisticado con su combinaci\u00f3n de cubiertos de acero inoxidable y platos de cer\u00e1mica con monograma.<\/p>\n<p>Esta cesta est\u00e1 pensada para familias numerosas y amigos a los que les gusta reunirse para compartir un momento festivo en el campo, en las dunas o en el agua. Al igual que nuestras otras cestas, esta cesta de picnic est\u00e1 hecha a mano con ramas de sauce y cuerda. Toda la base tiene un compartimento isot\u00e9rmico para mantener la comida y la bebida frescas. Viene con un bonito mantel de picnic de la misma tela con un lado impermeable.<\/p>\n<p>Se puede transportar f\u00e1cilmente gracias a su asa central o a la correa de tela azul marino ajustable para llevarla c\u00f3modamente al hombro. Sus platos, vasos, cubiertos y accesorios son aptos para el lavavajillas.<\/p>\n<ul>\n<li>Un compartimento isot\u00e9rmico<\/li>\n<li>1 tela con el lado azul impermeable con rayas blancas,<\/li>\n<li>4 platos de cer\u00e1mica con monograma de 20 cm de di\u00e1metro,<\/li>\n<li>4 juegos completos de cubiertos de metal en un bolsillo,<\/li>\n<li>4 copas de cristal (12 cl)<\/li>\n<li>1 abridor de botellas, sacacorchos de acero galvanizado<\/li>\n<li>1 juego de salero y pimentero de metal,<\/li>\n<li>4 servilletas azules con rayas blancas (35 x 35 cm)<\/li>\n<li>2 corbatas para una botella<\/li>\n<li>2 lazos en el lado de la tela con velcro para insertar un pa\u00f1o<\/li>\n<li>1 bolsa peque\u00f1a para guardar los platos sucios<\/li>\n<\/ul>\n<p>Dimensiones: 50 x 35 x 26 cm<br \/>\nPeso: 6,620 kg<\/p>\n","protected":false},"excerpt":{"rendered":"<p>La cesta de picnic &#8220;Marine&#8221; es \u00fanica y original con sus correas azules. Original en el exterior: las cuerdas hacen<\/p>\n","protected":false},"featured_media":114836,"template":"","meta":{"_acf_changed":false,"inline_featured_image":false},"product_cat":[16038,16027],"product_tag":[16167,16225,16261,24605],"acf":[],"yoast_head":"<!-- This site is optimized with the Yoast SEO Premium plugin v18.6 (Yoast SEO v19.13) - https:\/\/yoast.com\/wordpress\/plugins\/seo\/ -->\n<title>LES JARDINS DE LA COMTESSE Cesta de Pcnic 4 Personas Marine - Erresse Shop<\/title>\n<meta name=\"description\" content=\"La cesta de picnic &quot;Marine&quot; es \u00fanica y original con sus correas azules. Original en el exterior: las cuerdas hacen juego con el mimbre lacado en blanco\" \/>\n<meta name=\"robots\" content=\"index, follow, max-snippet:-1, max-image-preview:large, max-video-preview:-1\" \/>\n<link rel=\"canonical\" href=\"https:\/\/www.erresse-shop.it\/es\/shop\/tabla\/cestas-de-picnic\/les-jardins-de-la-comtesse-cesta-de-pcnic-4-personas-marine\/\" \/>\n<meta property=\"og:locale\" content=\"es_ES\" \/>\n<meta property=\"og:type\" content=\"article\" \/>\n<meta property=\"og:title\" content=\"LES JARDINS DE LA COMTESSE Cesta de Pcnic 4 Personas Marine\" \/>\n<meta property=\"og:description\" content=\"La cesta de picnic &quot;Marine&quot; es \u00fanica y original con sus correas azules. Original en el exterior: las cuerdas hacen juego con el mimbre lacado en blanco\" \/>\n<meta property=\"og:url\" content=\"https:\/\/www.erresse-shop.it\/es\/shop\/tabla\/cestas-de-picnic\/les-jardins-de-la-comtesse-cesta-de-pcnic-4-personas-marine\/\" \/>\n<meta property=\"og:site_name\" content=\"Erresse Shop\" \/>\n<meta property=\"article:modified_time\" content=\"2025-06-12T00:37:56+00:00\" \/>\n<meta property=\"og:image\" content=\"https:\/\/www.erresse-shop.it\/wp-content\/uploads\/2021\/06\/LES-JARDINS-DE-LA-COMTESSE-Cestino-Picnic-Marine.jpg\" \/>\n\t<meta property=\"og:image:width\" content=\"1000\" \/>\n\t<meta property=\"og:image:height\" content=\"1000\" \/>\n\t<meta property=\"og:image:type\" content=\"image\/jpeg\" \/>\n<meta name=\"twitter:card\" content=\"summary_large_image\" \/>\n<script type=\"application\/ld+json\" class=\"yoast-schema-graph\">{\"@context\":\"https:\/\/schema.org\",\"@graph\":[{\"@type\":\"WebPage\",\"@id\":\"https:\/\/www.erresse-shop.it\/es\/shop\/tabla\/cestas-de-picnic\/les-jardins-de-la-comtesse-cesta-de-pcnic-4-personas-marine\/\",\"url\":\"https:\/\/www.erresse-shop.it\/es\/shop\/tabla\/cestas-de-picnic\/les-jardins-de-la-comtesse-cesta-de-pcnic-4-personas-marine\/\",\"name\":\"LES JARDINS DE LA COMTESSE Cesta de Pcnic 4 Personas Marine - Erresse Shop\",\"isPartOf\":{\"@id\":\"https:\/\/www.erresse-shop.it\/es\/#website\"},\"datePublished\":\"2021-06-04T14:43:58+00:00\",\"dateModified\":\"2025-06-12T00:37:56+00:00\",\"description\":\"La cesta de picnic \\\"Marine\\\" es \u00fanica y original con sus correas azules. Original en el exterior: las cuerdas hacen juego con el mimbre lacado en blanco\",\"breadcrumb\":{\"@id\":\"https:\/\/www.erresse-shop.it\/es\/shop\/tabla\/cestas-de-picnic\/les-jardins-de-la-comtesse-cesta-de-pcnic-4-personas-marine\/#breadcrumb\"},\"inLanguage\":\"es\",\"potentialAction\":[{\"@type\":\"ReadAction\",\"target\":[\"https:\/\/www.erresse-shop.it\/es\/shop\/tabla\/cestas-de-picnic\/les-jardins-de-la-comtesse-cesta-de-pcnic-4-personas-marine\/\"]}]},{\"@type\":\"BreadcrumbList\",\"@id\":\"https:\/\/www.erresse-shop.it\/es\/shop\/tabla\/cestas-de-picnic\/les-jardins-de-la-comtesse-cesta-de-pcnic-4-personas-marine\/#breadcrumb\",\"itemListElement\":[{\"@type\":\"ListItem\",\"position\":1,\"name\":\"Home\",\"item\":\"https:\/\/www.erresse-shop.it\/es\/\"},{\"@type\":\"ListItem\",\"position\":2,\"name\":\"Shop\",\"item\":\"https:\/\/www.erresse-shop.it\/es\/shop\/\"},{\"@type\":\"ListItem\",\"position\":3,\"name\":\"LES JARDINS DE LA COMTESSE Cesta de Pcnic 4 Personas Marine\"}]},{\"@type\":\"WebSite\",\"@id\":\"https:\/\/www.erresse-shop.it\/es\/#website\",\"url\":\"https:\/\/www.erresse-shop.it\/es\/\",\"name\":\"Erresse Shop\",\"description\":\"Articoli di qualit\u00e0 per la casa\",\"potentialAction\":[{\"@type\":\"SearchAction\",\"target\":{\"@type\":\"EntryPoint\",\"urlTemplate\":\"https:\/\/www.erresse-shop.it\/es\/?s={search_term_string}\"},\"query-input\":\"required name=search_term_string\"}],\"inLanguage\":\"es\"}]}<\/script>\n<!-- \/ Yoast SEO Premium plugin. -->","yoast_head_json":{"title":"LES JARDINS DE LA COMTESSE Cesta de Pcnic 4 Personas Marine - Erresse Shop","description":"La cesta de picnic \"Marine\" es \u00fanica y original con sus correas azules. Original en el exterior: las cuerdas hacen juego con el mimbre lacado en blanco","robots":{"index":"index","follow":"follow","max-snippet":"max-snippet:-1","max-image-preview":"max-image-preview:large","max-video-preview":"max-video-preview:-1"},"canonical":"https:\/\/www.erresse-shop.it\/es\/shop\/tabla\/cestas-de-picnic\/les-jardins-de-la-comtesse-cesta-de-pcnic-4-personas-marine\/","og_locale":"es_ES","og_type":"article","og_title":"LES JARDINS DE LA COMTESSE Cesta de Pcnic 4 Personas Marine","og_description":"La cesta de picnic \"Marine\" es \u00fanica y original con sus correas azules. Original en el exterior: las cuerdas hacen juego con el mimbre lacado en blanco","og_url":"https:\/\/www.erresse-shop.it\/es\/shop\/tabla\/cestas-de-picnic\/les-jardins-de-la-comtesse-cesta-de-pcnic-4-personas-marine\/","og_site_name":"Erresse Shop","article_modified_time":"2025-06-12T00:37:56+00:00","og_image":[{"width":1000,"height":1000,"url":"https:\/\/www.erresse-shop.it\/wp-content\/uploads\/2021\/06\/LES-JARDINS-DE-LA-COMTESSE-Cestino-Picnic-Marine.jpg","type":"image\/jpeg"}],"twitter_card":"summary_large_image","schema":{"@context":"https:\/\/schema.org","@graph":[{"@type":"WebPage","@id":"https:\/\/www.erresse-shop.it\/es\/shop\/tabla\/cestas-de-picnic\/les-jardins-de-la-comtesse-cesta-de-pcnic-4-personas-marine\/","url":"https:\/\/www.erresse-shop.it\/es\/shop\/tabla\/cestas-de-picnic\/les-jardins-de-la-comtesse-cesta-de-pcnic-4-personas-marine\/","name":"LES JARDINS DE LA COMTESSE Cesta de Pcnic 4 Personas Marine - Erresse Shop","isPartOf":{"@id":"https:\/\/www.erresse-shop.it\/es\/#website"},"datePublished":"2021-06-04T14:43:58+00:00","dateModified":"2025-06-12T00:37:56+00:00","description":"La cesta de picnic \"Marine\" es \u00fanica y original con sus correas azules. Original en el exterior: las cuerdas hacen juego con el mimbre lacado en blanco","breadcrumb":{"@id":"https:\/\/www.erresse-shop.it\/es\/shop\/tabla\/cestas-de-picnic\/les-jardins-de-la-comtesse-cesta-de-pcnic-4-personas-marine\/#breadcrumb"},"inLanguage":"es","potentialAction":[{"@type":"ReadAction","target":["https:\/\/www.erresse-shop.it\/es\/shop\/tabla\/cestas-de-picnic\/les-jardins-de-la-comtesse-cesta-de-pcnic-4-personas-marine\/"]}]},{"@type":"BreadcrumbList","@id":"https:\/\/www.erresse-shop.it\/es\/shop\/tabla\/cestas-de-picnic\/les-jardins-de-la-comtesse-cesta-de-pcnic-4-personas-marine\/#breadcrumb","itemListElement":[{"@type":"ListItem","position":1,"name":"Home","item":"https:\/\/www.erresse-shop.it\/es\/"},{"@type":"ListItem","position":2,"name":"Shop","item":"https:\/\/www.erresse-shop.it\/es\/shop\/"},{"@type":"ListItem","position":3,"name":"LES JARDINS DE LA COMTESSE Cesta de Pcnic 4 Personas Marine"}]},{"@type":"WebSite","@id":"https:\/\/www.erresse-shop.it\/es\/#website","url":"https:\/\/www.erresse-shop.it\/es\/","name":"Erresse Shop","description":"Articoli di qualit\u00e0 per la casa","potentialAction":[{"@type":"SearchAction","target":{"@type":"EntryPoint","urlTemplate":"https:\/\/www.erresse-shop.it\/es\/?s={search_term_string}"},"query-input":"required name=search_term_string"}],"inLanguage":"es"}]}},"df_price":109,"df_sale_price":109,"df_regular_price":159,"df_image_link":"https:\/\/www.erresse-shop.it\/wp-content\/uploads\/2021\/06\/LES-JARDINS-DE-LA-COMTESSE-Cestino-Picnic-Marine-300x300.jpg","_links":{"self":[{"href":"https:\/\/www.erresse-shop.it\/es\/wp-json\/wp\/v2\/product\/114831"}],"collection":[{"href":"https:\/\/www.erresse-shop.it\/es\/wp-json\/wp\/v2\/product"}],"about":[{"href":"https:\/\/www.erresse-shop.it\/es\/wp-json\/wp\/v2\/types\/product"}],"wp:featuredmedia":[{"embeddable":true,"href":"https:\/\/www.erresse-shop.it\/es\/wp-json\/wp\/v2\/media\/114836"}],"wp:attachment":[{"href":"https:\/\/www.erresse-shop.it\/es\/wp-json\/wp\/v2\/media?parent=114831"}],"wp:term":[{"taxonomy":"product_cat","embeddable":true,"href":"https:\/\/www.erresse-shop.it\/es\/wp-json\/wp\/v2\/product_cat?post=114831"},{"taxonomy":"product_tag","embeddable":true,"href":"https:\/\/www.erresse-shop.it\/es\/wp-json\/wp\/v2\/product_tag?post=114831"}],"curies":[{"name":"wp","href":"https:\/\/api.w.org\/{rel}","templated":true}]}}