{"id":114819,"date":"2021-07-01T09:32:41","date_gmt":"2021-07-01T09:32:41","guid":{"rendered":"https:\/\/www.erresse-shop.it\/shop\/sincategorizar\/les-jardins-de-la-comtesse-cesta-de-pcnic-4-personas-fontainebleau\/"},"modified":"2021-12-22T15:39:02","modified_gmt":"2021-12-22T15:39:02","slug":"les-jardins-de-la-comtesse-cesta-de-pcnic-4-personas-fontainebleau","status":"publish","type":"product","link":"https:\/\/www.erresse-shop.it\/es\/shop\/tabla\/cestas-de-picnic\/les-jardins-de-la-comtesse-cesta-de-pcnic-4-personas-fontainebleau\/","title":{"rendered":"LES JARDINS DE LA COMTESSE Cesta de Pcnic 4 Personas Fontainebleau"},"content":{"rendered":"<p>\u00a1Una cesta de picnic que har\u00e1 las delicias de los enamorados con los amigos o la familia!<br \/>\nLa cesta de picnic &#8220;Fontainebleau&#8221; est\u00e1 hecha a mano con mimbre natural. Est\u00e1 dise\u00f1ado para 4 personas, para que tus comidas de fin de semana con amigos o familia en un parque o en la playa sean sublimes. Elegante y pr\u00e1ctica, en el interior de la cesta &#8220;Fontainebleau&#8221; encontrar\u00e1 4 compartimentos para guardar las gafas, as\u00ed como un compartimento isot\u00e9rmico con cremallera. Este compartimento ser\u00e1 muy pr\u00e1ctico para mantener la comida fr\u00eda o caliente mientras encuentras el lugar perfecto para hacer tu picnic. Coloca una botella en su interior, gracias a las correas del compartimento isot\u00e9rmico.<br \/>\nLa cesta &#8220;Fontainebleau&#8221; est\u00e1 forrada de tela de algod\u00f3n, con rayas verticales azules y blancas que le dan un toque muy moderno.<br \/>\nDispone de una correa para el hombro que facilita su transporte al hombro. Por lo dem\u00e1s, su elegante asa de polipiel azul en la parte superior permite llevarla como una maleta.<\/p>\n<p>Lo has adivinado, adem\u00e1s de ser el accesorio de moda del verano, esta cesta te ser\u00e1 muy \u00fatil para pasar el tiempo al aire libre en torno a la comida.<\/p>\n<ul>\n<li>4 platos de porcelana blanca, di\u00e1metro 20,5 cm.<\/li>\n<li>4 servilletas,<\/li>\n<li>4 copas de vino de cristal (12 cl),<\/li>\n<li>4 juegos completos de cubiertos de acero inoxidable<\/li>\n<li>1 salero \/ 1 pimentero<\/li>\n<li>1 sacacorchos\/abridor de botellas<\/li>\n<li>1 bolsa peque\u00f1a para guardar los platos sucios<\/li>\n<\/ul>\n<p>&#8211; Longitud: 51 cm<br \/>\n&#8211; Anchura: 36 cm<br \/>\n&#8211; Altura: 22 cm<br \/>\n&#8211; Peso: 3.800 g<\/p>\n","protected":false},"excerpt":{"rendered":"<p>\u00a1Una cesta de picnic que har\u00e1 las delicias de los enamorados con los amigos o la familia! La cesta de<\/p>\n","protected":false},"featured_media":114820,"template":"","meta":{"_acf_changed":false,"inline_featured_image":false},"product_cat":[16038,16027],"product_tag":[25039,16167,16225,24399,16261,24605,25023],"acf":[],"yoast_head":"<!-- This site is optimized with the Yoast SEO Premium plugin v18.6 (Yoast SEO v19.13) - https:\/\/yoast.com\/wordpress\/plugins\/seo\/ -->\n<title>LES JARDINS DE LA COMTESSE Cesta de Pcnic 4 Personas Fontainebleau - Erresse Shop<\/title>\n<meta name=\"description\" content=\"\u00a1Una cesta de picnic que har\u00e1 las delicias de los enamorados con los amigos o la familia! La cesta de picnic &quot;Fontainebleau&quot; est\u00e1 hecha a mano con mimbre\" \/>\n<meta name=\"robots\" content=\"index, follow, max-snippet:-1, max-image-preview:large, max-video-preview:-1\" \/>\n<link rel=\"canonical\" href=\"https:\/\/www.erresse-shop.it\/es\/shop\/tabla\/cestas-de-picnic\/les-jardins-de-la-comtesse-cesta-de-pcnic-4-personas-fontainebleau\/\" \/>\n<meta property=\"og:locale\" content=\"es_ES\" \/>\n<meta property=\"og:type\" content=\"article\" \/>\n<meta property=\"og:title\" content=\"LES JARDINS DE LA COMTESSE Cesta de Pcnic 4 Personas Fontainebleau\" \/>\n<meta property=\"og:description\" content=\"\u00a1Una cesta de picnic que har\u00e1 las delicias de los enamorados con los amigos o la familia! La cesta de picnic &quot;Fontainebleau&quot; est\u00e1 hecha a mano con mimbre\" \/>\n<meta property=\"og:url\" content=\"https:\/\/www.erresse-shop.it\/es\/shop\/tabla\/cestas-de-picnic\/les-jardins-de-la-comtesse-cesta-de-pcnic-4-personas-fontainebleau\/\" \/>\n<meta property=\"og:site_name\" content=\"Erresse Shop\" \/>\n<meta property=\"article:modified_time\" content=\"2021-12-22T15:39:02+00:00\" \/>\n<meta property=\"og:image\" content=\"https:\/\/www.erresse-shop.it\/wp-content\/uploads\/2021\/07\/P-4000.jpg\" \/>\n\t<meta property=\"og:image:width\" content=\"1299\" \/>\n\t<meta property=\"og:image:height\" content=\"1394\" \/>\n\t<meta property=\"og:image:type\" content=\"image\/jpeg\" \/>\n<meta name=\"twitter:card\" content=\"summary_large_image\" \/>\n<script type=\"application\/ld+json\" class=\"yoast-schema-graph\">{\"@context\":\"https:\/\/schema.org\",\"@graph\":[{\"@type\":\"WebPage\",\"@id\":\"https:\/\/www.erresse-shop.it\/es\/shop\/tabla\/cestas-de-picnic\/les-jardins-de-la-comtesse-cesta-de-pcnic-4-personas-fontainebleau\/\",\"url\":\"https:\/\/www.erresse-shop.it\/es\/shop\/tabla\/cestas-de-picnic\/les-jardins-de-la-comtesse-cesta-de-pcnic-4-personas-fontainebleau\/\",\"name\":\"LES JARDINS DE LA COMTESSE Cesta de Pcnic 4 Personas Fontainebleau - Erresse Shop\",\"isPartOf\":{\"@id\":\"https:\/\/www.erresse-shop.it\/es\/#website\"},\"datePublished\":\"2021-07-01T09:32:41+00:00\",\"dateModified\":\"2021-12-22T15:39:02+00:00\",\"description\":\"\u00a1Una cesta de picnic que har\u00e1 las delicias de los enamorados con los amigos o la familia! La cesta de picnic \\\"Fontainebleau\\\" est\u00e1 hecha a mano con mimbre\",\"breadcrumb\":{\"@id\":\"https:\/\/www.erresse-shop.it\/es\/shop\/tabla\/cestas-de-picnic\/les-jardins-de-la-comtesse-cesta-de-pcnic-4-personas-fontainebleau\/#breadcrumb\"},\"inLanguage\":\"es\",\"potentialAction\":[{\"@type\":\"ReadAction\",\"target\":[\"https:\/\/www.erresse-shop.it\/es\/shop\/tabla\/cestas-de-picnic\/les-jardins-de-la-comtesse-cesta-de-pcnic-4-personas-fontainebleau\/\"]}]},{\"@type\":\"BreadcrumbList\",\"@id\":\"https:\/\/www.erresse-shop.it\/es\/shop\/tabla\/cestas-de-picnic\/les-jardins-de-la-comtesse-cesta-de-pcnic-4-personas-fontainebleau\/#breadcrumb\",\"itemListElement\":[{\"@type\":\"ListItem\",\"position\":1,\"name\":\"Home\",\"item\":\"https:\/\/www.erresse-shop.it\/es\/\"},{\"@type\":\"ListItem\",\"position\":2,\"name\":\"Shop\",\"item\":\"https:\/\/www.erresse-shop.it\/es\/shop\/\"},{\"@type\":\"ListItem\",\"position\":3,\"name\":\"LES JARDINS DE LA COMTESSE Cesta de Pcnic 4 Personas Fontainebleau\"}]},{\"@type\":\"WebSite\",\"@id\":\"https:\/\/www.erresse-shop.it\/es\/#website\",\"url\":\"https:\/\/www.erresse-shop.it\/es\/\",\"name\":\"Erresse Shop\",\"description\":\"Articoli di qualit\u00e0 per la casa\",\"potentialAction\":[{\"@type\":\"SearchAction\",\"target\":{\"@type\":\"EntryPoint\",\"urlTemplate\":\"https:\/\/www.erresse-shop.it\/es\/?s={search_term_string}\"},\"query-input\":\"required name=search_term_string\"}],\"inLanguage\":\"es\"}]}<\/script>\n<!-- \/ Yoast SEO Premium plugin. -->","yoast_head_json":{"title":"LES JARDINS DE LA COMTESSE Cesta de Pcnic 4 Personas Fontainebleau - Erresse Shop","description":"\u00a1Una cesta de picnic que har\u00e1 las delicias de los enamorados con los amigos o la familia! La cesta de picnic \"Fontainebleau\" est\u00e1 hecha a mano con mimbre","robots":{"index":"index","follow":"follow","max-snippet":"max-snippet:-1","max-image-preview":"max-image-preview:large","max-video-preview":"max-video-preview:-1"},"canonical":"https:\/\/www.erresse-shop.it\/es\/shop\/tabla\/cestas-de-picnic\/les-jardins-de-la-comtesse-cesta-de-pcnic-4-personas-fontainebleau\/","og_locale":"es_ES","og_type":"article","og_title":"LES JARDINS DE LA COMTESSE Cesta de Pcnic 4 Personas Fontainebleau","og_description":"\u00a1Una cesta de picnic que har\u00e1 las delicias de los enamorados con los amigos o la familia! La cesta de picnic \"Fontainebleau\" est\u00e1 hecha a mano con mimbre","og_url":"https:\/\/www.erresse-shop.it\/es\/shop\/tabla\/cestas-de-picnic\/les-jardins-de-la-comtesse-cesta-de-pcnic-4-personas-fontainebleau\/","og_site_name":"Erresse Shop","article_modified_time":"2021-12-22T15:39:02+00:00","og_image":[{"width":1299,"height":1394,"url":"https:\/\/www.erresse-shop.it\/wp-content\/uploads\/2021\/07\/P-4000.jpg","type":"image\/jpeg"}],"twitter_card":"summary_large_image","schema":{"@context":"https:\/\/schema.org","@graph":[{"@type":"WebPage","@id":"https:\/\/www.erresse-shop.it\/es\/shop\/tabla\/cestas-de-picnic\/les-jardins-de-la-comtesse-cesta-de-pcnic-4-personas-fontainebleau\/","url":"https:\/\/www.erresse-shop.it\/es\/shop\/tabla\/cestas-de-picnic\/les-jardins-de-la-comtesse-cesta-de-pcnic-4-personas-fontainebleau\/","name":"LES JARDINS DE LA COMTESSE Cesta de Pcnic 4 Personas Fontainebleau - Erresse Shop","isPartOf":{"@id":"https:\/\/www.erresse-shop.it\/es\/#website"},"datePublished":"2021-07-01T09:32:41+00:00","dateModified":"2021-12-22T15:39:02+00:00","description":"\u00a1Una cesta de picnic que har\u00e1 las delicias de los enamorados con los amigos o la familia! La cesta de picnic \"Fontainebleau\" est\u00e1 hecha a mano con mimbre","breadcrumb":{"@id":"https:\/\/www.erresse-shop.it\/es\/shop\/tabla\/cestas-de-picnic\/les-jardins-de-la-comtesse-cesta-de-pcnic-4-personas-fontainebleau\/#breadcrumb"},"inLanguage":"es","potentialAction":[{"@type":"ReadAction","target":["https:\/\/www.erresse-shop.it\/es\/shop\/tabla\/cestas-de-picnic\/les-jardins-de-la-comtesse-cesta-de-pcnic-4-personas-fontainebleau\/"]}]},{"@type":"BreadcrumbList","@id":"https:\/\/www.erresse-shop.it\/es\/shop\/tabla\/cestas-de-picnic\/les-jardins-de-la-comtesse-cesta-de-pcnic-4-personas-fontainebleau\/#breadcrumb","itemListElement":[{"@type":"ListItem","position":1,"name":"Home","item":"https:\/\/www.erresse-shop.it\/es\/"},{"@type":"ListItem","position":2,"name":"Shop","item":"https:\/\/www.erresse-shop.it\/es\/shop\/"},{"@type":"ListItem","position":3,"name":"LES JARDINS DE LA COMTESSE Cesta de Pcnic 4 Personas Fontainebleau"}]},{"@type":"WebSite","@id":"https:\/\/www.erresse-shop.it\/es\/#website","url":"https:\/\/www.erresse-shop.it\/es\/","name":"Erresse Shop","description":"Articoli di qualit\u00e0 per la casa","potentialAction":[{"@type":"SearchAction","target":{"@type":"EntryPoint","urlTemplate":"https:\/\/www.erresse-shop.it\/es\/?s={search_term_string}"},"query-input":"required name=search_term_string"}],"inLanguage":"es"}]}},"df_price":127.8,"df_sale_price":127.8,"df_regular_price":149.9,"df_image_link":"https:\/\/www.erresse-shop.it\/wp-content\/uploads\/2021\/07\/P-4000-280x300.jpg","_links":{"self":[{"href":"https:\/\/www.erresse-shop.it\/es\/wp-json\/wp\/v2\/product\/114819"}],"collection":[{"href":"https:\/\/www.erresse-shop.it\/es\/wp-json\/wp\/v2\/product"}],"about":[{"href":"https:\/\/www.erresse-shop.it\/es\/wp-json\/wp\/v2\/types\/product"}],"wp:featuredmedia":[{"embeddable":true,"href":"https:\/\/www.erresse-shop.it\/es\/wp-json\/wp\/v2\/media\/114820"}],"wp:attachment":[{"href":"https:\/\/www.erresse-shop.it\/es\/wp-json\/wp\/v2\/media?parent=114819"}],"wp:term":[{"taxonomy":"product_cat","embeddable":true,"href":"https:\/\/www.erresse-shop.it\/es\/wp-json\/wp\/v2\/product_cat?post=114819"},{"taxonomy":"product_tag","embeddable":true,"href":"https:\/\/www.erresse-shop.it\/es\/wp-json\/wp\/v2\/product_tag?post=114819"}],"curies":[{"name":"wp","href":"https:\/\/api.w.org\/{rel}","templated":true}]}}