{"id":114814,"date":"2021-07-01T09:57:11","date_gmt":"2021-07-01T09:57:11","guid":{"rendered":"https:\/\/www.erresse-shop.it\/shop\/sincategorizar\/les-jardins-de-la-comtesse-cesta-de-pcnic-4-personas-marly\/"},"modified":"2021-12-22T15:38:59","modified_gmt":"2021-12-22T15:38:59","slug":"les-jardins-de-la-comtesse-cesta-de-pcnic-4-personas-marly","status":"publish","type":"product","link":"https:\/\/www.erresse-shop.it\/es\/shop\/tabla\/cestas-de-picnic\/les-jardins-de-la-comtesse-cesta-de-pcnic-4-personas-marly\/","title":{"rendered":"LES JARDINS DE LA COMTESSE Cesta de Pcnic 4 Personas Marly"},"content":{"rendered":"<p>La cesta de picnic de mimbre <strong>&#8220;Marly&#8221;<\/strong> es pr\u00e1ctica, con un amplio y elegante compartimento isot\u00e9rmico y un interior de azulejos rojos y blancos.<br \/>\nElegante y cl\u00e1sica, esta cesta de mimbre patinado le acompa\u00f1ar\u00e1 en todas sus comidas al aire libre.<\/p>\n<p><strong>Contenido:<\/strong><\/p>\n<ul>\n<li>4 platos de cer\u00e1mica de color crema con el escudo de Les Jardins de la Comtesse, de 20 cm de di\u00e1metro<\/li>\n<li>4 copas de vino de cristal (12 cl),<\/li>\n<li>4 juegos completos de cubiertos de acero inoxidable con mangos de melamina blanca.<\/li>\n<li>1 juego de aceitera y pimentero,<\/li>\n<li>1 sacacorchos\/abridor de botellas blanco<\/li>\n<li>2 amarres para mantener una botella dentro del compartimento isot\u00e9rmico.<\/li>\n<li>1 bolsa peque\u00f1a para guardar los platos sucios<\/li>\n<\/ul>\n<p>Sus platos, vasos, cubiertos y accesorios son aptos para el lavavajillas.<br \/>\nDimensiones: 46 x 31 x 20 cm.<br \/>\nPeso: 4200 gr.<\/p>\n","protected":false},"excerpt":{"rendered":"<p>La cesta de picnic de mimbre &#8220;Marly&#8221; es pr\u00e1ctica, con un amplio y elegante compartimento isot\u00e9rmico y un interior de<\/p>\n","protected":false},"featured_media":114815,"template":"","meta":{"_acf_changed":false,"inline_featured_image":false},"product_cat":[16038,16027],"product_tag":[25039,16167,16225,24399,16261,24605,25023],"acf":[],"yoast_head":"<!-- This site is optimized with the Yoast SEO Premium plugin v18.6 (Yoast SEO v19.13) - https:\/\/yoast.com\/wordpress\/plugins\/seo\/ -->\n<title>LES JARDINS DE LA COMTESSE Cesta de Pcnic 4 Personas Marly - Erresse Shop<\/title>\n<meta name=\"description\" content=\"La cesta de picnic de mimbre &quot;Marly&quot; es pr\u00e1ctica, con un amplio y elegante compartimento isot\u00e9rmico y un interior de azulejos rojos y blancos. Elegante y\" \/>\n<meta name=\"robots\" content=\"index, follow, max-snippet:-1, max-image-preview:large, max-video-preview:-1\" \/>\n<link rel=\"canonical\" href=\"https:\/\/www.erresse-shop.it\/es\/shop\/tabla\/cestas-de-picnic\/les-jardins-de-la-comtesse-cesta-de-pcnic-4-personas-marly\/\" \/>\n<meta property=\"og:locale\" content=\"es_ES\" \/>\n<meta property=\"og:type\" content=\"article\" \/>\n<meta property=\"og:title\" content=\"LES JARDINS DE LA COMTESSE Cesta de Pcnic 4 Personas Marly\" \/>\n<meta property=\"og:description\" content=\"La cesta de picnic de mimbre &quot;Marly&quot; es pr\u00e1ctica, con un amplio y elegante compartimento isot\u00e9rmico y un interior de azulejos rojos y blancos. Elegante y\" \/>\n<meta property=\"og:url\" content=\"https:\/\/www.erresse-shop.it\/es\/shop\/tabla\/cestas-de-picnic\/les-jardins-de-la-comtesse-cesta-de-pcnic-4-personas-marly\/\" \/>\n<meta property=\"og:site_name\" content=\"Erresse Shop\" \/>\n<meta property=\"article:modified_time\" content=\"2021-12-22T15:38:59+00:00\" \/>\n<meta property=\"og:image\" content=\"https:\/\/www.erresse-shop.it\/wp-content\/uploads\/2021\/07\/P-1914.jpg\" \/>\n\t<meta property=\"og:image:width\" content=\"860\" \/>\n\t<meta property=\"og:image:height\" content=\"1000\" \/>\n\t<meta property=\"og:image:type\" content=\"image\/jpeg\" \/>\n<meta name=\"twitter:card\" content=\"summary_large_image\" \/>\n<script type=\"application\/ld+json\" class=\"yoast-schema-graph\">{\"@context\":\"https:\/\/schema.org\",\"@graph\":[{\"@type\":\"WebPage\",\"@id\":\"https:\/\/www.erresse-shop.it\/es\/shop\/tabla\/cestas-de-picnic\/les-jardins-de-la-comtesse-cesta-de-pcnic-4-personas-marly\/\",\"url\":\"https:\/\/www.erresse-shop.it\/es\/shop\/tabla\/cestas-de-picnic\/les-jardins-de-la-comtesse-cesta-de-pcnic-4-personas-marly\/\",\"name\":\"LES JARDINS DE LA COMTESSE Cesta de Pcnic 4 Personas Marly - Erresse Shop\",\"isPartOf\":{\"@id\":\"https:\/\/www.erresse-shop.it\/es\/#website\"},\"datePublished\":\"2021-07-01T09:57:11+00:00\",\"dateModified\":\"2021-12-22T15:38:59+00:00\",\"description\":\"La cesta de picnic de mimbre \\\"Marly\\\" es pr\u00e1ctica, con un amplio y elegante compartimento isot\u00e9rmico y un interior de azulejos rojos y blancos. Elegante y\",\"breadcrumb\":{\"@id\":\"https:\/\/www.erresse-shop.it\/es\/shop\/tabla\/cestas-de-picnic\/les-jardins-de-la-comtesse-cesta-de-pcnic-4-personas-marly\/#breadcrumb\"},\"inLanguage\":\"es\",\"potentialAction\":[{\"@type\":\"ReadAction\",\"target\":[\"https:\/\/www.erresse-shop.it\/es\/shop\/tabla\/cestas-de-picnic\/les-jardins-de-la-comtesse-cesta-de-pcnic-4-personas-marly\/\"]}]},{\"@type\":\"BreadcrumbList\",\"@id\":\"https:\/\/www.erresse-shop.it\/es\/shop\/tabla\/cestas-de-picnic\/les-jardins-de-la-comtesse-cesta-de-pcnic-4-personas-marly\/#breadcrumb\",\"itemListElement\":[{\"@type\":\"ListItem\",\"position\":1,\"name\":\"Home\",\"item\":\"https:\/\/www.erresse-shop.it\/es\/\"},{\"@type\":\"ListItem\",\"position\":2,\"name\":\"Shop\",\"item\":\"https:\/\/www.erresse-shop.it\/es\/shop\/\"},{\"@type\":\"ListItem\",\"position\":3,\"name\":\"LES JARDINS DE LA COMTESSE Cesta de Pcnic 4 Personas Marly\"}]},{\"@type\":\"WebSite\",\"@id\":\"https:\/\/www.erresse-shop.it\/es\/#website\",\"url\":\"https:\/\/www.erresse-shop.it\/es\/\",\"name\":\"Erresse Shop\",\"description\":\"Articoli di qualit\u00e0 per la casa\",\"potentialAction\":[{\"@type\":\"SearchAction\",\"target\":{\"@type\":\"EntryPoint\",\"urlTemplate\":\"https:\/\/www.erresse-shop.it\/es\/?s={search_term_string}\"},\"query-input\":\"required name=search_term_string\"}],\"inLanguage\":\"es\"}]}<\/script>\n<!-- \/ Yoast SEO Premium plugin. -->","yoast_head_json":{"title":"LES JARDINS DE LA COMTESSE Cesta de Pcnic 4 Personas Marly - Erresse Shop","description":"La cesta de picnic de mimbre \"Marly\" es pr\u00e1ctica, con un amplio y elegante compartimento isot\u00e9rmico y un interior de azulejos rojos y blancos. Elegante y","robots":{"index":"index","follow":"follow","max-snippet":"max-snippet:-1","max-image-preview":"max-image-preview:large","max-video-preview":"max-video-preview:-1"},"canonical":"https:\/\/www.erresse-shop.it\/es\/shop\/tabla\/cestas-de-picnic\/les-jardins-de-la-comtesse-cesta-de-pcnic-4-personas-marly\/","og_locale":"es_ES","og_type":"article","og_title":"LES JARDINS DE LA COMTESSE Cesta de Pcnic 4 Personas Marly","og_description":"La cesta de picnic de mimbre \"Marly\" es pr\u00e1ctica, con un amplio y elegante compartimento isot\u00e9rmico y un interior de azulejos rojos y blancos. Elegante y","og_url":"https:\/\/www.erresse-shop.it\/es\/shop\/tabla\/cestas-de-picnic\/les-jardins-de-la-comtesse-cesta-de-pcnic-4-personas-marly\/","og_site_name":"Erresse Shop","article_modified_time":"2021-12-22T15:38:59+00:00","og_image":[{"width":860,"height":1000,"url":"https:\/\/www.erresse-shop.it\/wp-content\/uploads\/2021\/07\/P-1914.jpg","type":"image\/jpeg"}],"twitter_card":"summary_large_image","schema":{"@context":"https:\/\/schema.org","@graph":[{"@type":"WebPage","@id":"https:\/\/www.erresse-shop.it\/es\/shop\/tabla\/cestas-de-picnic\/les-jardins-de-la-comtesse-cesta-de-pcnic-4-personas-marly\/","url":"https:\/\/www.erresse-shop.it\/es\/shop\/tabla\/cestas-de-picnic\/les-jardins-de-la-comtesse-cesta-de-pcnic-4-personas-marly\/","name":"LES JARDINS DE LA COMTESSE Cesta de Pcnic 4 Personas Marly - Erresse Shop","isPartOf":{"@id":"https:\/\/www.erresse-shop.it\/es\/#website"},"datePublished":"2021-07-01T09:57:11+00:00","dateModified":"2021-12-22T15:38:59+00:00","description":"La cesta de picnic de mimbre \"Marly\" es pr\u00e1ctica, con un amplio y elegante compartimento isot\u00e9rmico y un interior de azulejos rojos y blancos. Elegante y","breadcrumb":{"@id":"https:\/\/www.erresse-shop.it\/es\/shop\/tabla\/cestas-de-picnic\/les-jardins-de-la-comtesse-cesta-de-pcnic-4-personas-marly\/#breadcrumb"},"inLanguage":"es","potentialAction":[{"@type":"ReadAction","target":["https:\/\/www.erresse-shop.it\/es\/shop\/tabla\/cestas-de-picnic\/les-jardins-de-la-comtesse-cesta-de-pcnic-4-personas-marly\/"]}]},{"@type":"BreadcrumbList","@id":"https:\/\/www.erresse-shop.it\/es\/shop\/tabla\/cestas-de-picnic\/les-jardins-de-la-comtesse-cesta-de-pcnic-4-personas-marly\/#breadcrumb","itemListElement":[{"@type":"ListItem","position":1,"name":"Home","item":"https:\/\/www.erresse-shop.it\/es\/"},{"@type":"ListItem","position":2,"name":"Shop","item":"https:\/\/www.erresse-shop.it\/es\/shop\/"},{"@type":"ListItem","position":3,"name":"LES JARDINS DE LA COMTESSE Cesta de Pcnic 4 Personas Marly"}]},{"@type":"WebSite","@id":"https:\/\/www.erresse-shop.it\/es\/#website","url":"https:\/\/www.erresse-shop.it\/es\/","name":"Erresse Shop","description":"Articoli di qualit\u00e0 per la casa","potentialAction":[{"@type":"SearchAction","target":{"@type":"EntryPoint","urlTemplate":"https:\/\/www.erresse-shop.it\/es\/?s={search_term_string}"},"query-input":"required name=search_term_string"}],"inLanguage":"es"}]}},"df_price":98.8,"df_sale_price":98.8,"df_regular_price":119,"df_image_link":"https:\/\/www.erresse-shop.it\/wp-content\/uploads\/2021\/07\/P-1914-258x300.jpg","_links":{"self":[{"href":"https:\/\/www.erresse-shop.it\/es\/wp-json\/wp\/v2\/product\/114814"}],"collection":[{"href":"https:\/\/www.erresse-shop.it\/es\/wp-json\/wp\/v2\/product"}],"about":[{"href":"https:\/\/www.erresse-shop.it\/es\/wp-json\/wp\/v2\/types\/product"}],"wp:featuredmedia":[{"embeddable":true,"href":"https:\/\/www.erresse-shop.it\/es\/wp-json\/wp\/v2\/media\/114815"}],"wp:attachment":[{"href":"https:\/\/www.erresse-shop.it\/es\/wp-json\/wp\/v2\/media?parent=114814"}],"wp:term":[{"taxonomy":"product_cat","embeddable":true,"href":"https:\/\/www.erresse-shop.it\/es\/wp-json\/wp\/v2\/product_cat?post=114814"},{"taxonomy":"product_tag","embeddable":true,"href":"https:\/\/www.erresse-shop.it\/es\/wp-json\/wp\/v2\/product_tag?post=114814"}],"curies":[{"name":"wp","href":"https:\/\/api.w.org\/{rel}","templated":true}]}}