{"id":114660,"date":"2020-05-22T10:11:18","date_gmt":"2020-05-22T10:11:18","guid":{"rendered":"https:\/\/www.erresse-shop.it\/shop\/sincategorizar\/le-creuset-cazo-con-mango-de-madera-18-cm-cereza\/"},"modified":"2021-12-22T15:38:19","modified_gmt":"2021-12-22T15:38:19","slug":"le-creuset-cazo-con-mango-de-madera-18-cm-cereza","status":"publish","type":"product","link":"https:\/\/www.erresse-shop.it\/es\/shop\/sartenes-y-ollas\/ollas-y-cacerolas\/le-creuset-cazo-con-mango-de-madera-18-cm-cereza\/","title":{"rendered":"LE CREUSET Cazo con Mango de Madera 18 cm Cereza"},"content":{"rendered":"<p>Este cazo resulta muy pr\u00e1ctico a la hora de cocinar platos que requieran m\u00e1s atenci\u00f3n. Tanto para reducir una salsa potente como para cocinar una crema delicada, el hierro fundido permite que los alimentos se calienten de manera uniforme. La tapa incorpora un sistema de ventilaci\u00f3n que evita que el cazo rebose. Los dos bordes vertedores permiten servir con comodidad y sin goteos.<\/p>\n<p><strong>Detalles del Producto<\/strong><br \/>\nLimpieza r\u00e1pida: el interior esmaltado claro facilita la limpieza.<\/p>\n<p>Comida exquisita: la estructura de hierro fundido conserva el calor para cocinar y dorar de manera uniforme. Tus deliciosas elaboraciones permanecer\u00e1n calientes en la mesa durante m\u00e1s tiempo.<\/p>\n<p>Retiene la humedad: nuestra tapa encaja a la perfecci\u00f3n para impedir que los jugos se evaporen, realzar el sabor y contribuir a que la comida se cocine a la perfecci\u00f3n.<\/p>\n<p>En todo lo alto: la tapa incorpora un sistema de ventilaci\u00f3n que evita que el contenido rebose.<\/p>\n<p>Aspecto cl\u00e1sico: el mango de madera presenta un aspecto elegante y no se calienta.<\/p>\n<p>Una ayuda extra: el asa auxiliar te permite levantarlo y moverlo entre los fogones, el horno y la mesa f\u00e1cilmente.<\/p>\n<p>No al sobrecalentamiento: cocina a fuego medio o bajo constante para cuidar el hierro fundido y disfrutar de unos resultados deliciosos.<\/p>\n<p><strong>Material:<\/strong> Hierro Fundido Esmaltado<br \/>\n<strong>Fabricado en:<\/strong> Francia<br \/>\n<strong>Garant\u00eda:<\/strong> Garant\u00eda de por Vida<\/p>\n<p><strong>Fuente de Calor<\/strong><br \/>\nPlaca el\u00e9ctrica<br \/>\nVitrocer\u00e1mica<br \/>\nGas<br \/>\nPlaca de inducci\u00f3n<\/p>\n<p><strong>Dimensiones<\/strong><br \/>\nCapacidad: 1.8 l<br \/>\nLongitud: 38 cm<br \/>\nAncho: 19.3 cm<br \/>\nAltura: 14.2 cm<br \/>\nProfundidad: 9.2 cm<\/p>\n<p><strong>Usos y Cuidados<\/strong><br \/>\nCompatible con el congelador<\/p>\n<p>\u00a1Disfruta desempaquetando tu nueva adquisici\u00f3n! (Y aseg\u00farate de retirar todas las etiquetas y envoltorios).<\/p>\n<p>Lava tu producto Le Creuset con agua caliente y jab\u00f3n, acl\u00e1ralo y s\u00e9calo bien.<\/p>\n<p>Prot\u00e9gete: usa guantes de horno siempre que manipules recipientes calientes.<\/p>\n<p>Te recomendamos utilizar herramientas de silicona, madera o pl\u00e1stico resistentes al calor de Le Creuset. NO utilices cuchillos ni utensilios met\u00e1licos, ya que podr\u00edan rayar y dejar marcas en la superficie esmaltada del producto.<\/p>\n<p>Usa el producto en el fog\u00f3n del tama\u00f1o m\u00e1s adecuado: la comida se cocinar\u00e1 de manera m\u00e1s uniforme y reducir\u00e1s el riesgo de da\u00f1ar las asas y los laterales. Esto es especialmente importante en el caso de placas de inducci\u00f3n: si utilizas un fog\u00f3n de tama\u00f1o inadecuado, existe el riesgo de que no \u201creconozca\u201d el producto.<\/p>\n<p>Cocinar a fuego medio o bajo te permite lograr los mejores resultados, incluso para fre\u00edr y marcar. Si quieres cocinar platos deliciosos de manera uniforme, deja que el recipiente se caliente gradualmente. Si necesitas utilizar fuego fuerte, disminuye la intensidad cuando alcances el calor deseado.<\/p>\n<p>Nunca deslices el producto sobre unos fogones\/una placa con cubierta de cristal, ya que podr\u00edas da\u00f1ar tanto el producto como el cristal. En su lugar, levanta siempre el producto para ponerlo y quitarlo o cambiarlo de lugar.<\/p>\n<p>Espera a que el producto se enfr\u00ede antes de comenzar a limpiarlo.<\/p>\n<p>Retira los restos de la base y los laterales del producto con un pa\u00f1o o servilleta. Si hay comida pegada, llena el producto con agua caliente y jab\u00f3n, deja que se reblandezca durante 15 o 20 minutos y, a continuaci\u00f3n, l\u00e1valo como de costumbre.<\/p>\n<p>No utilices agentes de limpieza abrasivos ni estropajos o escobillas met\u00e1licos sobre ninguna de las superficies.<\/p>\n<p>S\u00e9calo bien tras el lavado y gu\u00e1rdalo en un lugar seco.<\/p>\n","protected":false},"excerpt":{"rendered":"<p>Este cazo resulta muy pr\u00e1ctico a la hora de cocinar platos que requieran m\u00e1s atenci\u00f3n. Tanto para reducir una salsa<\/p>\n","protected":false},"featured_media":477861,"template":"","meta":{"_acf_changed":false,"inline_featured_image":false},"product_cat":[16067,16058],"product_tag":[25090,16111,16251,16248,16158,16654,25023],"acf":[],"yoast_head":"<!-- This site is optimized with the Yoast SEO Premium plugin v18.6 (Yoast SEO v19.13) - https:\/\/yoast.com\/wordpress\/plugins\/seo\/ -->\n<title>LE CREUSET Cazo con Mango de Madera 18 cm Cereza - Erresse Shop<\/title>\n<meta name=\"description\" content=\"Este cazo resulta muy pr\u00e1ctico a la hora de cocinar platos que requieran m\u00e1s atenci\u00f3n. Tanto para reducir una salsa potente como para cocinar una crema\" \/>\n<meta name=\"robots\" content=\"index, follow, max-snippet:-1, max-image-preview:large, max-video-preview:-1\" \/>\n<link rel=\"canonical\" href=\"https:\/\/www.erresse-shop.it\/es\/shop\/sartenes-y-ollas\/ollas-y-cacerolas\/le-creuset-cazo-con-mango-de-madera-18-cm-cereza\/\" \/>\n<meta property=\"og:locale\" content=\"es_ES\" \/>\n<meta property=\"og:type\" content=\"article\" \/>\n<meta property=\"og:title\" content=\"LE CREUSET Cazo con Mango de Madera 18 cm Cereza\" \/>\n<meta property=\"og:description\" content=\"Este cazo resulta muy pr\u00e1ctico a la hora de cocinar platos que requieran m\u00e1s atenci\u00f3n. Tanto para reducir una salsa potente como para cocinar una crema\" \/>\n<meta property=\"og:url\" content=\"https:\/\/www.erresse-shop.it\/es\/shop\/sartenes-y-ollas\/ollas-y-cacerolas\/le-creuset-cazo-con-mango-de-madera-18-cm-cereza\/\" \/>\n<meta property=\"og:site_name\" content=\"Erresse Shop\" \/>\n<meta property=\"article:modified_time\" content=\"2021-12-22T15:38:19+00:00\" \/>\n<meta property=\"og:image\" content=\"https:\/\/www.erresse-shop.it\/wp-content\/uploads\/2020\/05\/LE-CREUSET-Casseruola-in-Ghisa-Manico-in-Legno-18-cm-Ciliegia.png\" \/>\n\t<meta property=\"og:image:width\" content=\"800\" \/>\n\t<meta property=\"og:image:height\" content=\"800\" \/>\n\t<meta property=\"og:image:type\" content=\"image\/png\" \/>\n<meta name=\"twitter:card\" content=\"summary_large_image\" \/>\n<script type=\"application\/ld+json\" class=\"yoast-schema-graph\">{\"@context\":\"https:\/\/schema.org\",\"@graph\":[{\"@type\":\"WebPage\",\"@id\":\"https:\/\/www.erresse-shop.it\/es\/shop\/sartenes-y-ollas\/ollas-y-cacerolas\/le-creuset-cazo-con-mango-de-madera-18-cm-cereza\/\",\"url\":\"https:\/\/www.erresse-shop.it\/es\/shop\/sartenes-y-ollas\/ollas-y-cacerolas\/le-creuset-cazo-con-mango-de-madera-18-cm-cereza\/\",\"name\":\"LE CREUSET Cazo con Mango de Madera 18 cm Cereza - Erresse Shop\",\"isPartOf\":{\"@id\":\"https:\/\/www.erresse-shop.it\/es\/#website\"},\"datePublished\":\"2020-05-22T10:11:18+00:00\",\"dateModified\":\"2021-12-22T15:38:19+00:00\",\"description\":\"Este cazo resulta muy pr\u00e1ctico a la hora de cocinar platos que requieran m\u00e1s atenci\u00f3n. Tanto para reducir una salsa potente como para cocinar una crema\",\"breadcrumb\":{\"@id\":\"https:\/\/www.erresse-shop.it\/es\/shop\/sartenes-y-ollas\/ollas-y-cacerolas\/le-creuset-cazo-con-mango-de-madera-18-cm-cereza\/#breadcrumb\"},\"inLanguage\":\"es\",\"potentialAction\":[{\"@type\":\"ReadAction\",\"target\":[\"https:\/\/www.erresse-shop.it\/es\/shop\/sartenes-y-ollas\/ollas-y-cacerolas\/le-creuset-cazo-con-mango-de-madera-18-cm-cereza\/\"]}]},{\"@type\":\"BreadcrumbList\",\"@id\":\"https:\/\/www.erresse-shop.it\/es\/shop\/sartenes-y-ollas\/ollas-y-cacerolas\/le-creuset-cazo-con-mango-de-madera-18-cm-cereza\/#breadcrumb\",\"itemListElement\":[{\"@type\":\"ListItem\",\"position\":1,\"name\":\"Home\",\"item\":\"https:\/\/www.erresse-shop.it\/es\/\"},{\"@type\":\"ListItem\",\"position\":2,\"name\":\"Shop\",\"item\":\"https:\/\/www.erresse-shop.it\/es\/shop\/\"},{\"@type\":\"ListItem\",\"position\":3,\"name\":\"LE CREUSET Cazo con Mango de Madera 18 cm Cereza\"}]},{\"@type\":\"WebSite\",\"@id\":\"https:\/\/www.erresse-shop.it\/es\/#website\",\"url\":\"https:\/\/www.erresse-shop.it\/es\/\",\"name\":\"Erresse Shop\",\"description\":\"Articoli di qualit\u00e0 per la casa\",\"potentialAction\":[{\"@type\":\"SearchAction\",\"target\":{\"@type\":\"EntryPoint\",\"urlTemplate\":\"https:\/\/www.erresse-shop.it\/es\/?s={search_term_string}\"},\"query-input\":\"required name=search_term_string\"}],\"inLanguage\":\"es\"}]}<\/script>\n<!-- \/ Yoast SEO Premium plugin. -->","yoast_head_json":{"title":"LE CREUSET Cazo con Mango de Madera 18 cm Cereza - Erresse Shop","description":"Este cazo resulta muy pr\u00e1ctico a la hora de cocinar platos que requieran m\u00e1s atenci\u00f3n. Tanto para reducir una salsa potente como para cocinar una crema","robots":{"index":"index","follow":"follow","max-snippet":"max-snippet:-1","max-image-preview":"max-image-preview:large","max-video-preview":"max-video-preview:-1"},"canonical":"https:\/\/www.erresse-shop.it\/es\/shop\/sartenes-y-ollas\/ollas-y-cacerolas\/le-creuset-cazo-con-mango-de-madera-18-cm-cereza\/","og_locale":"es_ES","og_type":"article","og_title":"LE CREUSET Cazo con Mango de Madera 18 cm Cereza","og_description":"Este cazo resulta muy pr\u00e1ctico a la hora de cocinar platos que requieran m\u00e1s atenci\u00f3n. Tanto para reducir una salsa potente como para cocinar una crema","og_url":"https:\/\/www.erresse-shop.it\/es\/shop\/sartenes-y-ollas\/ollas-y-cacerolas\/le-creuset-cazo-con-mango-de-madera-18-cm-cereza\/","og_site_name":"Erresse Shop","article_modified_time":"2021-12-22T15:38:19+00:00","og_image":[{"width":800,"height":800,"url":"https:\/\/www.erresse-shop.it\/wp-content\/uploads\/2020\/05\/LE-CREUSET-Casseruola-in-Ghisa-Manico-in-Legno-18-cm-Ciliegia.png","type":"image\/png"}],"twitter_card":"summary_large_image","schema":{"@context":"https:\/\/schema.org","@graph":[{"@type":"WebPage","@id":"https:\/\/www.erresse-shop.it\/es\/shop\/sartenes-y-ollas\/ollas-y-cacerolas\/le-creuset-cazo-con-mango-de-madera-18-cm-cereza\/","url":"https:\/\/www.erresse-shop.it\/es\/shop\/sartenes-y-ollas\/ollas-y-cacerolas\/le-creuset-cazo-con-mango-de-madera-18-cm-cereza\/","name":"LE CREUSET Cazo con Mango de Madera 18 cm Cereza - Erresse Shop","isPartOf":{"@id":"https:\/\/www.erresse-shop.it\/es\/#website"},"datePublished":"2020-05-22T10:11:18+00:00","dateModified":"2021-12-22T15:38:19+00:00","description":"Este cazo resulta muy pr\u00e1ctico a la hora de cocinar platos que requieran m\u00e1s atenci\u00f3n. Tanto para reducir una salsa potente como para cocinar una crema","breadcrumb":{"@id":"https:\/\/www.erresse-shop.it\/es\/shop\/sartenes-y-ollas\/ollas-y-cacerolas\/le-creuset-cazo-con-mango-de-madera-18-cm-cereza\/#breadcrumb"},"inLanguage":"es","potentialAction":[{"@type":"ReadAction","target":["https:\/\/www.erresse-shop.it\/es\/shop\/sartenes-y-ollas\/ollas-y-cacerolas\/le-creuset-cazo-con-mango-de-madera-18-cm-cereza\/"]}]},{"@type":"BreadcrumbList","@id":"https:\/\/www.erresse-shop.it\/es\/shop\/sartenes-y-ollas\/ollas-y-cacerolas\/le-creuset-cazo-con-mango-de-madera-18-cm-cereza\/#breadcrumb","itemListElement":[{"@type":"ListItem","position":1,"name":"Home","item":"https:\/\/www.erresse-shop.it\/es\/"},{"@type":"ListItem","position":2,"name":"Shop","item":"https:\/\/www.erresse-shop.it\/es\/shop\/"},{"@type":"ListItem","position":3,"name":"LE CREUSET Cazo con Mango de Madera 18 cm Cereza"}]},{"@type":"WebSite","@id":"https:\/\/www.erresse-shop.it\/es\/#website","url":"https:\/\/www.erresse-shop.it\/es\/","name":"Erresse Shop","description":"Articoli di qualit\u00e0 per la casa","potentialAction":[{"@type":"SearchAction","target":{"@type":"EntryPoint","urlTemplate":"https:\/\/www.erresse-shop.it\/es\/?s={search_term_string}"},"query-input":"required name=search_term_string"}],"inLanguage":"es"}]}},"df_price":153.3,"df_sale_price":153.3,"df_regular_price":219,"df_image_link":"https:\/\/www.erresse-shop.it\/wp-content\/uploads\/2020\/05\/LE-CREUSET-Casseruola-in-Ghisa-Manico-in-Legno-18-cm-Ciliegia-300x300.jpg","_links":{"self":[{"href":"https:\/\/www.erresse-shop.it\/es\/wp-json\/wp\/v2\/product\/114660"}],"collection":[{"href":"https:\/\/www.erresse-shop.it\/es\/wp-json\/wp\/v2\/product"}],"about":[{"href":"https:\/\/www.erresse-shop.it\/es\/wp-json\/wp\/v2\/types\/product"}],"wp:featuredmedia":[{"embeddable":true,"href":"https:\/\/www.erresse-shop.it\/es\/wp-json\/wp\/v2\/media\/477861"}],"wp:attachment":[{"href":"https:\/\/www.erresse-shop.it\/es\/wp-json\/wp\/v2\/media?parent=114660"}],"wp:term":[{"taxonomy":"product_cat","embeddable":true,"href":"https:\/\/www.erresse-shop.it\/es\/wp-json\/wp\/v2\/product_cat?post=114660"},{"taxonomy":"product_tag","embeddable":true,"href":"https:\/\/www.erresse-shop.it\/es\/wp-json\/wp\/v2\/product_tag?post=114660"}],"curies":[{"name":"wp","href":"https:\/\/api.w.org\/{rel}","templated":true}]}}