{"id":114617,"date":"2019-01-25T18:01:00","date_gmt":"2019-01-25T18:01:00","guid":{"rendered":"https:\/\/www.erresse-shop.it\/shop\/sincategorizar\/le-creuset-crepera-27-cm-negro-mate\/"},"modified":"2021-12-22T15:38:00","modified_gmt":"2021-12-22T15:38:00","slug":"le-creuset-crepera-27-cm-negro-mate","status":"publish","type":"product","link":"https:\/\/www.erresse-shop.it\/es\/shop\/sartenes-y-ollas\/moldes-para-pasteles-y-creperas\/le-creuset-crepera-27-cm-negro-mate\/","title":{"rendered":"LE CREUSET Crepera 27 cm Negro Mate"},"content":{"rendered":"<p>Esta sart\u00e9n tiene la forma ideal para preparar crepes y tortitas en su punto y sin que se peguen. El hierro fundido de la crepera tiene mucho que ver: garantiza que el calor se reparta de manera uniforme para que obtengas unos resultados espectaculares. Adem\u00e1s, es tan vers\u00e1til Tambi\u00e9n resulta ideal para marcar, dorar y fre\u00edr toda clase de alimentos.<\/p>\n<p><strong>Detalles del Producto<\/strong><br \/>\nIncre\u00edblemente pr\u00e1ctico: apto para el horno, los fogones, las placas de inducci\u00f3n y el grill.<\/p>\n<p>Comida exquisita: la estructura de hierro fundido conserva el calor para cocinar y dorar de manera uniforme. Tus deliciosas elaboraciones permanecer\u00e1n calientes en la mesa durante m\u00e1s tiempo.<\/p>\n<p>No al sobrecalentamiento: cocina a fuego medio o bajo constante para cuidar el hierro fundido y disfrutar de unos resultados deliciosos.<\/p>\n<p>Resiste bien el paso del tiempo: el esmalte interior desarrolla una p\u00e1tina natural que se comporta como una superficie antiadherente. Adem\u00e1s, su acabado tambi\u00e9n ofrece unas incre\u00edbles propiedades antiadherentes que requieren menos ali\u00f1os. Limpia el producto \u00fanicamente con agua y jab\u00f3n para que la p\u00e1tina pueda desarrollarse.<\/p>\n<p><strong>Material:<\/strong> Hierro Fundido Esmaltado<br \/>\n<strong>Fabricado en:<\/strong> Francia<br \/>\n<strong>Garant\u00eda:<\/strong> Garant\u00eda de por Vida<\/p>\n<p><strong>Fuente de Calor<\/strong><br \/>\nHorno<br \/>\nParrilla<br \/>\nPlaca el\u00e9ctrica<br \/>\nVitrocer\u00e1mica<br \/>\nGas<br \/>\nPlaca de inducci\u00f3n<br \/>\nfreezerCompatible<\/p>\n<p><strong>Dimensiones<\/strong><br \/>\nLongitud: 40.2 cm<br \/>\nAncho: 26.9 cm<br \/>\nAltura: 5.3 cm<br \/>\nProfundidad: 0.7 mm<\/p>\n<p><strong>Usos y Cuidados<\/strong><br \/>\nCompatible con el congelador<\/p>\n<p>Lavaplatos<\/p>\n<p>\u00a1Disfruta desempaquetando tu nueva adquisici\u00f3n! (Y aseg\u00farate de retirar todas las etiquetas y envoltorios).<\/p>\n<p>Lava tu producto Le Creuset con agua caliente y jab\u00f3n, acl\u00e1ralo y s\u00e9calo bien.<\/p>\n<p>Prot\u00e9gete: usa guantes de horno siempre que manipules recipientes calientes.<\/p>\n<p>Te recomendamos utilizar herramientas de silicona, madera o pl\u00e1stico resistentes al calor de Le Creuset. NO utilices cuchillos ni utensilios met\u00e1licos, ya que podr\u00edan rayar y dejar marcas en la superficie esmaltada del producto.<\/p>\n<p>Usa el producto en el fog\u00f3n del tama\u00f1o m\u00e1s adecuado: la comida se cocinar\u00e1 de manera m\u00e1s uniforme y reducir\u00e1s el riesgo de da\u00f1ar las asas y los laterales. Esto es especialmente importante en el caso de placas de inducci\u00f3n: si utilizas un fog\u00f3n de tama\u00f1o inadecuado, existe el riesgo de que no \u201creconozca\u201d el producto.<\/p>\n<p>Cocinar a fuego medio o bajo te permite lograr los mejores resultados, incluso para fre\u00edr y marcar. Si quieres cocinar platos deliciosos de manera uniforme, deja que el recipiente se caliente gradualmente. Si necesitas utilizar fuego fuerte, disminuye la intensidad cuando alcances el calor deseado.<\/p>\n<p>Nunca deslices el producto sobre unos fogones\/una placa con cubierta de cristal, ya que podr\u00edas da\u00f1ar tanto el producto como el cristal. En su lugar, levanta siempre el producto para ponerlo y quitarlo o cambiarlo de lugar.<\/p>\n<p>Espera a que el producto se enfr\u00ede antes de comenzar a limpiarlo.<\/p>\n<p>Retira los restos de la base y los laterales del producto con un pa\u00f1o o servilleta. Si hay comida pegada, llena el producto con agua caliente y jab\u00f3n, deja que se reblandezca durante 15 o 20 minutos y, a continuaci\u00f3n, l\u00e1valo como de costumbre.<\/p>\n<p>No utilices agentes de limpieza abrasivos ni estropajos o escobillas met\u00e1licos sobre ninguna de las superficies.<\/p>\n<p>S\u00e9calo bien tras el lavado y gu\u00e1rdalo en un lugar seco.<\/p>\n","protected":false},"excerpt":{"rendered":"<p>Esta sart\u00e9n tiene la forma ideal para preparar crepes y tortitas en su punto y sin que se peguen. El<\/p>\n","protected":false},"featured_media":498603,"template":"","meta":{"_acf_changed":false,"inline_featured_image":false},"product_cat":[16063,16058],"product_tag":[16251,16158,16654],"acf":[],"yoast_head":"<!-- This site is optimized with the Yoast SEO Premium plugin v18.6 (Yoast SEO v19.13) - https:\/\/yoast.com\/wordpress\/plugins\/seo\/ -->\n<title>LE CREUSET Crepera 27 cm Negro Mate - Erresse Shop<\/title>\n<meta name=\"description\" content=\"Esta sart\u00e9n tiene la forma ideal para preparar crepes y tortitas en su punto y sin que se peguen. El hierro fundido de la crepera tiene mucho que ver:\" \/>\n<meta name=\"robots\" content=\"index, follow, max-snippet:-1, max-image-preview:large, max-video-preview:-1\" \/>\n<link rel=\"canonical\" href=\"https:\/\/www.erresse-shop.it\/es\/shop\/sartenes-y-ollas\/moldes-para-pasteles-y-creperas\/le-creuset-crepera-27-cm-negro-mate\/\" \/>\n<meta property=\"og:locale\" content=\"es_ES\" \/>\n<meta property=\"og:type\" content=\"article\" \/>\n<meta property=\"og:title\" content=\"LE CREUSET Crepera 27 cm Negro Mate\" \/>\n<meta property=\"og:description\" content=\"Esta sart\u00e9n tiene la forma ideal para preparar crepes y tortitas en su punto y sin que se peguen. El hierro fundido de la crepera tiene mucho que ver:\" \/>\n<meta property=\"og:url\" content=\"https:\/\/www.erresse-shop.it\/es\/shop\/sartenes-y-ollas\/moldes-para-pasteles-y-creperas\/le-creuset-crepera-27-cm-negro-mate\/\" \/>\n<meta property=\"og:site_name\" content=\"Erresse Shop\" \/>\n<meta property=\"article:modified_time\" content=\"2021-12-22T15:38:00+00:00\" \/>\n<meta property=\"og:image\" content=\"https:\/\/www.erresse-shop.it\/wp-content\/uploads\/2019\/01\/LE-CREUSET-Crepiera-in-Ghisa-27-cm-Nero.png\" \/>\n\t<meta property=\"og:image:width\" content=\"800\" \/>\n\t<meta property=\"og:image:height\" content=\"800\" \/>\n\t<meta property=\"og:image:type\" content=\"image\/png\" \/>\n<meta name=\"twitter:card\" content=\"summary_large_image\" \/>\n<script type=\"application\/ld+json\" class=\"yoast-schema-graph\">{\"@context\":\"https:\/\/schema.org\",\"@graph\":[{\"@type\":\"WebPage\",\"@id\":\"https:\/\/www.erresse-shop.it\/es\/shop\/sartenes-y-ollas\/moldes-para-pasteles-y-creperas\/le-creuset-crepera-27-cm-negro-mate\/\",\"url\":\"https:\/\/www.erresse-shop.it\/es\/shop\/sartenes-y-ollas\/moldes-para-pasteles-y-creperas\/le-creuset-crepera-27-cm-negro-mate\/\",\"name\":\"LE CREUSET Crepera 27 cm Negro Mate - Erresse Shop\",\"isPartOf\":{\"@id\":\"https:\/\/www.erresse-shop.it\/es\/#website\"},\"datePublished\":\"2019-01-25T18:01:00+00:00\",\"dateModified\":\"2021-12-22T15:38:00+00:00\",\"description\":\"Esta sart\u00e9n tiene la forma ideal para preparar crepes y tortitas en su punto y sin que se peguen. El hierro fundido de la crepera tiene mucho que ver:\",\"breadcrumb\":{\"@id\":\"https:\/\/www.erresse-shop.it\/es\/shop\/sartenes-y-ollas\/moldes-para-pasteles-y-creperas\/le-creuset-crepera-27-cm-negro-mate\/#breadcrumb\"},\"inLanguage\":\"es\",\"potentialAction\":[{\"@type\":\"ReadAction\",\"target\":[\"https:\/\/www.erresse-shop.it\/es\/shop\/sartenes-y-ollas\/moldes-para-pasteles-y-creperas\/le-creuset-crepera-27-cm-negro-mate\/\"]}]},{\"@type\":\"BreadcrumbList\",\"@id\":\"https:\/\/www.erresse-shop.it\/es\/shop\/sartenes-y-ollas\/moldes-para-pasteles-y-creperas\/le-creuset-crepera-27-cm-negro-mate\/#breadcrumb\",\"itemListElement\":[{\"@type\":\"ListItem\",\"position\":1,\"name\":\"Home\",\"item\":\"https:\/\/www.erresse-shop.it\/es\/\"},{\"@type\":\"ListItem\",\"position\":2,\"name\":\"Shop\",\"item\":\"https:\/\/www.erresse-shop.it\/es\/shop\/\"},{\"@type\":\"ListItem\",\"position\":3,\"name\":\"LE CREUSET Crepera 27 cm Negro Mate\"}]},{\"@type\":\"WebSite\",\"@id\":\"https:\/\/www.erresse-shop.it\/es\/#website\",\"url\":\"https:\/\/www.erresse-shop.it\/es\/\",\"name\":\"Erresse Shop\",\"description\":\"Articoli di qualit\u00e0 per la casa\",\"potentialAction\":[{\"@type\":\"SearchAction\",\"target\":{\"@type\":\"EntryPoint\",\"urlTemplate\":\"https:\/\/www.erresse-shop.it\/es\/?s={search_term_string}\"},\"query-input\":\"required name=search_term_string\"}],\"inLanguage\":\"es\"}]}<\/script>\n<!-- \/ Yoast SEO Premium plugin. -->","yoast_head_json":{"title":"LE CREUSET Crepera 27 cm Negro Mate - Erresse Shop","description":"Esta sart\u00e9n tiene la forma ideal para preparar crepes y tortitas en su punto y sin que se peguen. El hierro fundido de la crepera tiene mucho que ver:","robots":{"index":"index","follow":"follow","max-snippet":"max-snippet:-1","max-image-preview":"max-image-preview:large","max-video-preview":"max-video-preview:-1"},"canonical":"https:\/\/www.erresse-shop.it\/es\/shop\/sartenes-y-ollas\/moldes-para-pasteles-y-creperas\/le-creuset-crepera-27-cm-negro-mate\/","og_locale":"es_ES","og_type":"article","og_title":"LE CREUSET Crepera 27 cm Negro Mate","og_description":"Esta sart\u00e9n tiene la forma ideal para preparar crepes y tortitas en su punto y sin que se peguen. El hierro fundido de la crepera tiene mucho que ver:","og_url":"https:\/\/www.erresse-shop.it\/es\/shop\/sartenes-y-ollas\/moldes-para-pasteles-y-creperas\/le-creuset-crepera-27-cm-negro-mate\/","og_site_name":"Erresse Shop","article_modified_time":"2021-12-22T15:38:00+00:00","og_image":[{"width":800,"height":800,"url":"https:\/\/www.erresse-shop.it\/wp-content\/uploads\/2019\/01\/LE-CREUSET-Crepiera-in-Ghisa-27-cm-Nero.png","type":"image\/png"}],"twitter_card":"summary_large_image","schema":{"@context":"https:\/\/schema.org","@graph":[{"@type":"WebPage","@id":"https:\/\/www.erresse-shop.it\/es\/shop\/sartenes-y-ollas\/moldes-para-pasteles-y-creperas\/le-creuset-crepera-27-cm-negro-mate\/","url":"https:\/\/www.erresse-shop.it\/es\/shop\/sartenes-y-ollas\/moldes-para-pasteles-y-creperas\/le-creuset-crepera-27-cm-negro-mate\/","name":"LE CREUSET Crepera 27 cm Negro Mate - Erresse Shop","isPartOf":{"@id":"https:\/\/www.erresse-shop.it\/es\/#website"},"datePublished":"2019-01-25T18:01:00+00:00","dateModified":"2021-12-22T15:38:00+00:00","description":"Esta sart\u00e9n tiene la forma ideal para preparar crepes y tortitas en su punto y sin que se peguen. El hierro fundido de la crepera tiene mucho que ver:","breadcrumb":{"@id":"https:\/\/www.erresse-shop.it\/es\/shop\/sartenes-y-ollas\/moldes-para-pasteles-y-creperas\/le-creuset-crepera-27-cm-negro-mate\/#breadcrumb"},"inLanguage":"es","potentialAction":[{"@type":"ReadAction","target":["https:\/\/www.erresse-shop.it\/es\/shop\/sartenes-y-ollas\/moldes-para-pasteles-y-creperas\/le-creuset-crepera-27-cm-negro-mate\/"]}]},{"@type":"BreadcrumbList","@id":"https:\/\/www.erresse-shop.it\/es\/shop\/sartenes-y-ollas\/moldes-para-pasteles-y-creperas\/le-creuset-crepera-27-cm-negro-mate\/#breadcrumb","itemListElement":[{"@type":"ListItem","position":1,"name":"Home","item":"https:\/\/www.erresse-shop.it\/es\/"},{"@type":"ListItem","position":2,"name":"Shop","item":"https:\/\/www.erresse-shop.it\/es\/shop\/"},{"@type":"ListItem","position":3,"name":"LE CREUSET Crepera 27 cm Negro Mate"}]},{"@type":"WebSite","@id":"https:\/\/www.erresse-shop.it\/es\/#website","url":"https:\/\/www.erresse-shop.it\/es\/","name":"Erresse Shop","description":"Articoli di qualit\u00e0 per la casa","potentialAction":[{"@type":"SearchAction","target":{"@type":"EntryPoint","urlTemplate":"https:\/\/www.erresse-shop.it\/es\/?s={search_term_string}"},"query-input":"required name=search_term_string"}],"inLanguage":"es"}]}},"df_price":65.25,"df_sale_price":65.25,"df_regular_price":145,"df_image_link":"https:\/\/www.erresse-shop.it\/wp-content\/uploads\/2019\/01\/LE-CREUSET-Crepiera-in-Ghisa-27-cm-Nero-300x300.jpg","_links":{"self":[{"href":"https:\/\/www.erresse-shop.it\/es\/wp-json\/wp\/v2\/product\/114617"}],"collection":[{"href":"https:\/\/www.erresse-shop.it\/es\/wp-json\/wp\/v2\/product"}],"about":[{"href":"https:\/\/www.erresse-shop.it\/es\/wp-json\/wp\/v2\/types\/product"}],"wp:featuredmedia":[{"embeddable":true,"href":"https:\/\/www.erresse-shop.it\/es\/wp-json\/wp\/v2\/media\/498603"}],"wp:attachment":[{"href":"https:\/\/www.erresse-shop.it\/es\/wp-json\/wp\/v2\/media?parent=114617"}],"wp:term":[{"taxonomy":"product_cat","embeddable":true,"href":"https:\/\/www.erresse-shop.it\/es\/wp-json\/wp\/v2\/product_cat?post=114617"},{"taxonomy":"product_tag","embeddable":true,"href":"https:\/\/www.erresse-shop.it\/es\/wp-json\/wp\/v2\/product_tag?post=114617"}],"curies":[{"name":"wp","href":"https:\/\/api.w.org\/{rel}","templated":true}]}}