{"id":114543,"date":"2020-06-03T09:40:16","date_gmt":"2020-06-03T09:40:16","guid":{"rendered":"https:\/\/www.erresse-shop.it\/shop\/sincategorizar\/le-creuset-lm-250-sacacorchos-palanca-con-corta-capsulas-2\/"},"modified":"2022-03-21T14:21:15","modified_gmt":"2022-03-21T14:21:15","slug":"le-creuset-lm-250-sacacorchos-palanca-con-corta-capsulas-2","status":"publish","type":"product","link":"https:\/\/www.erresse-shop.it\/es\/shop\/tabla\/vino\/sacacorchos\/le-creuset-lm-250-sacacorchos-palanca-con-corta-capsulas-2\/","title":{"rendered":"LE CREUSET LM 250 Sacacorchos Palanca con Corta C\u00e1psulas"},"content":{"rendered":"<p>Rendimiento incomparable. Sometido a rigurosas pruebas. Admirado por todos. Esta magistral pieza de ingenier\u00eda te permite abrir las botellas de vino como nunca antes. La innovadora tecnolog\u00eda de rotaci\u00f3n de este dise\u00f1o renovado del sacacorchos de palanca original de Herbert Allen descorcha las botellas sin ninguna dificultad.<\/p>\n<p><strong>Detalles del Producto<\/strong><br \/>\n<strong>Material:<\/strong> Termopl\u00e1stico<br \/>\n<strong>Garant\u00eda:<\/strong> 10 A\u00f1os<\/p>\n<p><strong>Dimensiones<\/strong><br \/>\nLongitud: 18.9 cm<br \/>\nAncho: 14.7 cm<br \/>\nAltura: 3.5 cm<\/p>\n<p>Usos y Cuidados<br \/>\nAntes de usar nuestros accesorios de vino por primera vez, consulta siempre las instrucciones espec\u00edficas para tu modelo.<\/p>\n<p>Ten cuidado al limpiarlo: el extremo del sacacorchos est\u00e1 afilado.<\/p>\n<p>Limpia el sacacorchos de vez en cuando con un pa\u00f1o h\u00famedo o agua caliente y jab\u00f3n.<\/p>\n<p>S\u00e9calo bien tras el lavado y gu\u00e1rdalo en un lugar seco.<\/p>\n<p>Retira la c\u00e1psula que cubre el corcho y comprueba que el borde y el cuello de la botella no est\u00e9n desconchados ni agrietados.<\/p>\n<p>Sujeta la botella sobre una superficie s\u00f3lida y plana al descorcharla.<\/p>\n<p>Ten cuidado al abrirla: el extremo del sacacorchos est\u00e1 afilado. Aseg\u00farate siempre de que el sacacorchos est\u00e9 bien insertado en el cuello de la botella antes de abrirla.<\/p>\n<p>\u00bfLa espiral del sacacorchos est\u00e1 desgastada? Desenrosca la tapa cromada protectora, retira la espiral vieja y, a continuaci\u00f3n, inserta la espiral nueva y cambia la tapa protectora. En primer lugar, consulta siempre las instrucciones espec\u00edficas para tu modelo.<\/p>\n","protected":false},"excerpt":{"rendered":"<p>Rendimiento incomparable. Sometido a rigurosas pruebas. Admirado por todos. Esta magistral pieza de ingenier\u00eda te permite abrir las botellas de<\/p>\n","protected":false},"featured_media":180453,"template":"","meta":{"_acf_changed":false,"inline_featured_image":false},"product_cat":[16053,16027,16051],"product_tag":[21203,21202,16886,21204,16247,21205,16246,16887,23684],"acf":[],"yoast_head":"<!-- This site is optimized with the Yoast SEO Premium plugin v18.6 (Yoast SEO v19.13) - https:\/\/yoast.com\/wordpress\/plugins\/seo\/ -->\n<title>LE CREUSET LM 250 Sacacorchos Palanca con Corta C\u00e1psulas - Erresse Shop<\/title>\n<meta name=\"description\" content=\"Rendimiento incomparable. Sometido a rigurosas pruebas. Admirado por todos. Esta magistral pieza de ingenier\u00eda te permite abrir las botellas de vino como\" \/>\n<meta name=\"robots\" content=\"index, follow, max-snippet:-1, max-image-preview:large, max-video-preview:-1\" \/>\n<link rel=\"canonical\" href=\"https:\/\/www.erresse-shop.it\/es\/shop\/tabla\/vino\/sacacorchos\/le-creuset-lm-250-sacacorchos-palanca-con-corta-capsulas-2\/\" \/>\n<meta property=\"og:locale\" content=\"es_ES\" \/>\n<meta property=\"og:type\" content=\"article\" \/>\n<meta property=\"og:title\" content=\"LE CREUSET LM 250 Sacacorchos Palanca con Corta C\u00e1psulas\" \/>\n<meta property=\"og:description\" content=\"Rendimiento incomparable. Sometido a rigurosas pruebas. Admirado por todos. Esta magistral pieza de ingenier\u00eda te permite abrir las botellas de vino como\" \/>\n<meta property=\"og:url\" content=\"https:\/\/www.erresse-shop.it\/es\/shop\/tabla\/vino\/sacacorchos\/le-creuset-lm-250-sacacorchos-palanca-con-corta-capsulas-2\/\" \/>\n<meta property=\"og:site_name\" content=\"Erresse Shop\" \/>\n<meta property=\"article:modified_time\" content=\"2022-03-21T14:21:15+00:00\" \/>\n<meta property=\"og:image\" content=\"https:\/\/www.erresse-shop.it\/wp-content\/uploads\/2020\/06\/LE-CREUSET-Cavatappi-LM250-Nero-2.jpg\" \/>\n\t<meta property=\"og:image:width\" content=\"800\" \/>\n\t<meta property=\"og:image:height\" content=\"800\" \/>\n\t<meta property=\"og:image:type\" content=\"image\/jpeg\" \/>\n<meta name=\"twitter:card\" content=\"summary_large_image\" \/>\n<script type=\"application\/ld+json\" class=\"yoast-schema-graph\">{\"@context\":\"https:\/\/schema.org\",\"@graph\":[{\"@type\":\"WebPage\",\"@id\":\"https:\/\/www.erresse-shop.it\/es\/shop\/tabla\/vino\/sacacorchos\/le-creuset-lm-250-sacacorchos-palanca-con-corta-capsulas-2\/\",\"url\":\"https:\/\/www.erresse-shop.it\/es\/shop\/tabla\/vino\/sacacorchos\/le-creuset-lm-250-sacacorchos-palanca-con-corta-capsulas-2\/\",\"name\":\"LE CREUSET LM 250 Sacacorchos Palanca con Corta C\u00e1psulas - Erresse Shop\",\"isPartOf\":{\"@id\":\"https:\/\/www.erresse-shop.it\/es\/#website\"},\"datePublished\":\"2020-06-03T09:40:16+00:00\",\"dateModified\":\"2022-03-21T14:21:15+00:00\",\"description\":\"Rendimiento incomparable. Sometido a rigurosas pruebas. Admirado por todos. Esta magistral pieza de ingenier\u00eda te permite abrir las botellas de vino como\",\"breadcrumb\":{\"@id\":\"https:\/\/www.erresse-shop.it\/es\/shop\/tabla\/vino\/sacacorchos\/le-creuset-lm-250-sacacorchos-palanca-con-corta-capsulas-2\/#breadcrumb\"},\"inLanguage\":\"es\",\"potentialAction\":[{\"@type\":\"ReadAction\",\"target\":[\"https:\/\/www.erresse-shop.it\/es\/shop\/tabla\/vino\/sacacorchos\/le-creuset-lm-250-sacacorchos-palanca-con-corta-capsulas-2\/\"]}]},{\"@type\":\"BreadcrumbList\",\"@id\":\"https:\/\/www.erresse-shop.it\/es\/shop\/tabla\/vino\/sacacorchos\/le-creuset-lm-250-sacacorchos-palanca-con-corta-capsulas-2\/#breadcrumb\",\"itemListElement\":[{\"@type\":\"ListItem\",\"position\":1,\"name\":\"Home\",\"item\":\"https:\/\/www.erresse-shop.it\/es\/\"},{\"@type\":\"ListItem\",\"position\":2,\"name\":\"Shop\",\"item\":\"https:\/\/www.erresse-shop.it\/es\/shop\/\"},{\"@type\":\"ListItem\",\"position\":3,\"name\":\"LE CREUSET LM 250 Sacacorchos Palanca con Corta C\u00e1psulas\"}]},{\"@type\":\"WebSite\",\"@id\":\"https:\/\/www.erresse-shop.it\/es\/#website\",\"url\":\"https:\/\/www.erresse-shop.it\/es\/\",\"name\":\"Erresse Shop\",\"description\":\"Articoli di qualit\u00e0 per la casa\",\"potentialAction\":[{\"@type\":\"SearchAction\",\"target\":{\"@type\":\"EntryPoint\",\"urlTemplate\":\"https:\/\/www.erresse-shop.it\/es\/?s={search_term_string}\"},\"query-input\":\"required name=search_term_string\"}],\"inLanguage\":\"es\"}]}<\/script>\n<!-- \/ Yoast SEO Premium plugin. -->","yoast_head_json":{"title":"LE CREUSET LM 250 Sacacorchos Palanca con Corta C\u00e1psulas - Erresse Shop","description":"Rendimiento incomparable. Sometido a rigurosas pruebas. Admirado por todos. Esta magistral pieza de ingenier\u00eda te permite abrir las botellas de vino como","robots":{"index":"index","follow":"follow","max-snippet":"max-snippet:-1","max-image-preview":"max-image-preview:large","max-video-preview":"max-video-preview:-1"},"canonical":"https:\/\/www.erresse-shop.it\/es\/shop\/tabla\/vino\/sacacorchos\/le-creuset-lm-250-sacacorchos-palanca-con-corta-capsulas-2\/","og_locale":"es_ES","og_type":"article","og_title":"LE CREUSET LM 250 Sacacorchos Palanca con Corta C\u00e1psulas","og_description":"Rendimiento incomparable. Sometido a rigurosas pruebas. Admirado por todos. Esta magistral pieza de ingenier\u00eda te permite abrir las botellas de vino como","og_url":"https:\/\/www.erresse-shop.it\/es\/shop\/tabla\/vino\/sacacorchos\/le-creuset-lm-250-sacacorchos-palanca-con-corta-capsulas-2\/","og_site_name":"Erresse Shop","article_modified_time":"2022-03-21T14:21:15+00:00","og_image":[{"width":800,"height":800,"url":"https:\/\/www.erresse-shop.it\/wp-content\/uploads\/2020\/06\/LE-CREUSET-Cavatappi-LM250-Nero-2.jpg","type":"image\/jpeg"}],"twitter_card":"summary_large_image","schema":{"@context":"https:\/\/schema.org","@graph":[{"@type":"WebPage","@id":"https:\/\/www.erresse-shop.it\/es\/shop\/tabla\/vino\/sacacorchos\/le-creuset-lm-250-sacacorchos-palanca-con-corta-capsulas-2\/","url":"https:\/\/www.erresse-shop.it\/es\/shop\/tabla\/vino\/sacacorchos\/le-creuset-lm-250-sacacorchos-palanca-con-corta-capsulas-2\/","name":"LE CREUSET LM 250 Sacacorchos Palanca con Corta C\u00e1psulas - Erresse Shop","isPartOf":{"@id":"https:\/\/www.erresse-shop.it\/es\/#website"},"datePublished":"2020-06-03T09:40:16+00:00","dateModified":"2022-03-21T14:21:15+00:00","description":"Rendimiento incomparable. Sometido a rigurosas pruebas. Admirado por todos. Esta magistral pieza de ingenier\u00eda te permite abrir las botellas de vino como","breadcrumb":{"@id":"https:\/\/www.erresse-shop.it\/es\/shop\/tabla\/vino\/sacacorchos\/le-creuset-lm-250-sacacorchos-palanca-con-corta-capsulas-2\/#breadcrumb"},"inLanguage":"es","potentialAction":[{"@type":"ReadAction","target":["https:\/\/www.erresse-shop.it\/es\/shop\/tabla\/vino\/sacacorchos\/le-creuset-lm-250-sacacorchos-palanca-con-corta-capsulas-2\/"]}]},{"@type":"BreadcrumbList","@id":"https:\/\/www.erresse-shop.it\/es\/shop\/tabla\/vino\/sacacorchos\/le-creuset-lm-250-sacacorchos-palanca-con-corta-capsulas-2\/#breadcrumb","itemListElement":[{"@type":"ListItem","position":1,"name":"Home","item":"https:\/\/www.erresse-shop.it\/es\/"},{"@type":"ListItem","position":2,"name":"Shop","item":"https:\/\/www.erresse-shop.it\/es\/shop\/"},{"@type":"ListItem","position":3,"name":"LE CREUSET LM 250 Sacacorchos Palanca con Corta C\u00e1psulas"}]},{"@type":"WebSite","@id":"https:\/\/www.erresse-shop.it\/es\/#website","url":"https:\/\/www.erresse-shop.it\/es\/","name":"Erresse Shop","description":"Articoli di qualit\u00e0 per la casa","potentialAction":[{"@type":"SearchAction","target":{"@type":"EntryPoint","urlTemplate":"https:\/\/www.erresse-shop.it\/es\/?s={search_term_string}"},"query-input":"required name=search_term_string"}],"inLanguage":"es"}]}},"df_price":80.5,"df_sale_price":80.5,"df_regular_price":115,"df_image_link":"https:\/\/www.erresse-shop.it\/wp-content\/uploads\/2020\/06\/LE-CREUSET-Cavatappi-LM250-Nero-2-300x300.jpg","_links":{"self":[{"href":"https:\/\/www.erresse-shop.it\/es\/wp-json\/wp\/v2\/product\/114543"}],"collection":[{"href":"https:\/\/www.erresse-shop.it\/es\/wp-json\/wp\/v2\/product"}],"about":[{"href":"https:\/\/www.erresse-shop.it\/es\/wp-json\/wp\/v2\/types\/product"}],"wp:featuredmedia":[{"embeddable":true,"href":"https:\/\/www.erresse-shop.it\/es\/wp-json\/wp\/v2\/media\/180453"}],"wp:attachment":[{"href":"https:\/\/www.erresse-shop.it\/es\/wp-json\/wp\/v2\/media?parent=114543"}],"wp:term":[{"taxonomy":"product_cat","embeddable":true,"href":"https:\/\/www.erresse-shop.it\/es\/wp-json\/wp\/v2\/product_cat?post=114543"},{"taxonomy":"product_tag","embeddable":true,"href":"https:\/\/www.erresse-shop.it\/es\/wp-json\/wp\/v2\/product_tag?post=114543"}],"curies":[{"name":"wp","href":"https:\/\/api.w.org\/{rel}","templated":true}]}}