{"id":114517,"date":"2020-01-30T15:33:56","date_gmt":"2020-01-30T15:33:56","guid":{"rendered":"https:\/\/www.erresse-shop.it\/shop\/sincategorizar\/le-creuset-sarten-wok-de-aluminio-antiadherente-28-cm\/"},"modified":"2021-12-22T15:37:28","modified_gmt":"2021-12-22T15:37:28","slug":"le-creuset-sarten-wok-de-aluminio-antiadherente-28-cm","status":"publish","type":"product","link":"https:\/\/www.erresse-shop.it\/es\/shop\/sartenes-y-ollas\/wok-es\/le-creuset-sarten-wok-de-aluminio-antiadherente-28-cm\/","title":{"rendered":"LE CREUSET Sart\u00e9n Wok de Aluminio Antiadherente 28 cm"},"content":{"rendered":"<p>Este incre\u00edble wok incorpora nuestro mejor revestimiento antiadherente hasta la fecha. Prepara platos cl\u00e1sicos de la cocina asi\u00e1tica y mucho m\u00e1s con este wok, ideal para un uso diario hasta en las cocinas m\u00e1s exigentes. Las asas de los laterales te permiten levantarlo con comodidad. \u00bfPor qu\u00e9 no lo llevas hasta la mesa para que se sirvan los propios comensales?<\/p>\n<p><strong>Detalles del Producto<\/strong><br \/>\nComplementos ideales: alcanza nuevas cotas de sabor complementando tus recipientes con nuestras tapas de cristal, que se venden por separado.<\/p>\n<p>Se limpian f\u00e1cilmente: nuestros recipientes antiadherentes evitan que la comida se pegue, as\u00ed que limpiarlos no supone un esfuerzo.<\/p>\n<p>Nuestro mejor revestimiento antiadherente, testado, de confianza y con garant\u00eda de por vida, es ahora cuatro veces m\u00e1s resistente. (Laboratorios independientes han comprobado su resistencia a la abrasi\u00f3n de utensilios met\u00e1licos).<\/p>\n<p>Ultrarresistentes: su estructura reforzada por anodizado permite la distribuci\u00f3n y conducci\u00f3n eficientes del calor para cocinar de manera uniforme.<\/p>\n<p>Duran m\u00e1s: nuestros recipientes resisten la abrasi\u00f3n y est\u00e1n dise\u00f1ados para formar parte de tu cocina durante a\u00f1os.<\/p>\n<p>Cocina m\u00e1s sana: nuestra s\u00f3lida superficie antiadherente libre de PFOA soporta toda clase de cocciones, incluso sin aceite.<\/p>\n<p><strong>Material:<\/strong> Aluminio forjado anodizado<br \/>\n<strong>Garant\u00eda:<\/strong> Garant\u00eda de por Vida<\/p>\n<p><strong>Fuente de Calor<\/strong><br \/>\nParrilla<br \/>\nHorno<br \/>\nPlaca el\u00e9ctrica<br \/>\nVitrocer\u00e1mica<br \/>\nGas<br \/>\nPlaca de inducci\u00f3n<\/p>\n<p><strong>Dimensiones<\/strong><br \/>\nCapacidad: 3.9 l<br \/>\nLongitud: 37.5 cm<br \/>\nAncho: 29.1 cm<br \/>\nAltura: 9 cm<\/p>\n<p><strong>Usos y Cuidados<\/strong><br \/>\nCompatible con el congelador<\/p>\n<p>Lavaplatos<\/p>\n<p>\u00a1Disfruta desempaquetando tu nueva adquisici\u00f3n! (Y aseg\u00farate de retirar todas las etiquetas y envoltorios).<\/p>\n<p>Lava tu producto Le Creuset con agua caliente y jab\u00f3n, acl\u00e1ralo y s\u00e9calo bien.<\/p>\n<p>Frota la totalidad de la superficie interior antiadherente con aceite vegetal y un pa\u00f1o suave para acondicionarla. Cuando hayas terminado, aclara el producto con agua caliente y s\u00e9calo bien.<\/p>\n<p>NO acondiciones la capa exterior negra.<\/p>\n<p>Prot\u00e9gete: usa guantes de horno siempre que manipules recipientes calientes.<\/p>\n<p>Para cocinar, te recomendamos utilizar herramientas de silicona, madera o pl\u00e1stico resistentes al calor de Le Creuset. Puedes utilizar utensilios de metal con cuidado. No los emplees con fuerza ni rasques la superficie antiadherente con ellos. Evita golpear tus utensilios met\u00e1licos sobre el borde superior de los productos con revestimiento antiadherente para no estropearlos. NO utilices batidoras o mezcladores manuales el\u00e9ctricos o a pilas, cuchillos ni herramientas o utensilios afilados en el interior de tus ollas y sartenes con revestimiento antiadherente, ya que la superficie podr\u00eda sufrir da\u00f1os.<\/p>\n<p>Usa el producto en el fog\u00f3n del tama\u00f1o m\u00e1s adecuado: la comida se cocinar\u00e1 de manera m\u00e1s uniforme y reducir\u00e1s el riesgo de da\u00f1ar las asas y los laterales. Esto es especialmente importante en el caso de placas de inducci\u00f3n: si utilizas un fog\u00f3n de tama\u00f1o inadecuado, existe el riesgo de que no \u201creconozca\u201d el producto.<\/p>\n<p>Cocinar a fuego medio o bajo te permite lograr los mejores resultados, incluso para fre\u00edr y marcar. Si quieres cocinar platos deliciosos de manera uniforme, deja que el recipiente se caliente gradualmente. Si necesitas utilizar fuego fuerte, disminuye la intensidad cuando alcances el calor deseado.<\/p>\n<p>Si vas a cocinar sin aceite u otras grasas, precalienta el producto a fuego medio durante alrededor de 2 minutos. A continuaci\u00f3n, a\u00f1ade la comida. No dejes el producto sin supervisi\u00f3n ni permitas que la superficie antiadherente seca se sobrecaliente, ya que podr\u00edan ocasionarse da\u00f1os.<\/p>\n<p>Cocinar ingredientes con bajo punto de humeo (como el aceite de oliva) a temperaturas m\u00e1s elevadas puede producir manchas y da\u00f1os permanentes en la superficie antiadherente. No utilices aceites en espray, ya que su punto de humeo es bajo.<\/p>\n<p>Si usas una placa de inducci\u00f3n, evita la funci\u00f3n \u201cbooster\u201d, que solo debe usarse para calentar r\u00e1pidamente grandes vol\u00famenes de agua.<\/p>\n<p>Nunca deslices el producto sobre unos fogones\/una placa con cubierta de cristal, ya que podr\u00edas da\u00f1ar tanto el producto como el cristal. En su lugar, levanta siempre el producto para ponerlo y quitarlo o cambiarlo de lugar.<\/p>\n<p>Al utilizarlo bajo el grill, deja siempre un espacio de al menos 6,5 cm entre la fuente de calor y la parte superior del producto.<\/p>\n<p>Para obtener los mejores resultados, coloca el producto en una bandeja o rejilla. Nunca sit\u00faes el producto sobre el suelo inferior del horno: la temperatura puede aumentar provocando una cocci\u00f3n m\u00e1s r\u00e1pida y descontrolada que podr\u00eda causar da\u00f1os.<\/p>\n<p>Deja enfriar el producto unos minutos siempre antes de limpiarlo. No lo sumerjas ni llenes con agua fr\u00eda cuando est\u00e9 caliente: los cambios excesivos de temperatura en la superficie podr\u00edan da\u00f1arlo.<\/p>\n<p>Recomendamos lavarlo a mano con agua caliente y jab\u00f3n en lugar de introducirlo en el lavavajillas para alargar la vida del revestimiento antiadherente.<\/p>\n<p>No utilices agentes de limpieza abrasivos ni estropajos o escobillas met\u00e1licos sobre ninguna de las superficies.<\/p>\n","protected":false},"excerpt":{"rendered":"<p>Este incre\u00edble wok incorpora nuestro mejor revestimiento antiadherente hasta la fecha. Prepara platos cl\u00e1sicos de la cocina asi\u00e1tica y mucho<\/p>\n","protected":false},"featured_media":181563,"template":"","meta":{"_acf_changed":false,"inline_featured_image":false},"product_cat":[16058,16062],"product_tag":[25090,16110,25023,16239],"acf":[],"yoast_head":"<!-- This site is optimized with the Yoast SEO Premium plugin v18.6 (Yoast SEO v19.13) - https:\/\/yoast.com\/wordpress\/plugins\/seo\/ -->\n<title>LE CREUSET Sart\u00e9n Wok de Aluminio Antiadherente 28 cm - Erresse Shop<\/title>\n<meta name=\"description\" content=\"Este incre\u00edble wok incorpora nuestro mejor revestimiento antiadherente hasta la fecha. Prepara platos cl\u00e1sicos de la cocina asi\u00e1tica y mucho m\u00e1s con este\" \/>\n<meta name=\"robots\" content=\"index, follow, max-snippet:-1, max-image-preview:large, max-video-preview:-1\" \/>\n<link rel=\"canonical\" href=\"https:\/\/www.erresse-shop.it\/es\/shop\/sartenes-y-ollas\/wok-es\/le-creuset-sarten-wok-de-aluminio-antiadherente-28-cm\/\" \/>\n<meta property=\"og:locale\" content=\"es_ES\" \/>\n<meta property=\"og:type\" content=\"article\" \/>\n<meta property=\"og:title\" content=\"LE CREUSET Sart\u00e9n Wok de Aluminio Antiadherente 28 cm\" \/>\n<meta property=\"og:description\" content=\"Este incre\u00edble wok incorpora nuestro mejor revestimiento antiadherente hasta la fecha. Prepara platos cl\u00e1sicos de la cocina asi\u00e1tica y mucho m\u00e1s con este\" \/>\n<meta property=\"og:url\" content=\"https:\/\/www.erresse-shop.it\/es\/shop\/sartenes-y-ollas\/wok-es\/le-creuset-sarten-wok-de-aluminio-antiadherente-28-cm\/\" \/>\n<meta property=\"og:site_name\" content=\"Erresse Shop\" \/>\n<meta property=\"article:modified_time\" content=\"2021-12-22T15:37:28+00:00\" \/>\n<meta property=\"og:image\" content=\"https:\/\/www.erresse-shop.it\/wp-content\/uploads\/2020\/01\/LE-CREUSET-Wok-Alluminio-4.jpg\" \/>\n\t<meta property=\"og:image:width\" content=\"800\" \/>\n\t<meta property=\"og:image:height\" content=\"800\" \/>\n\t<meta property=\"og:image:type\" content=\"image\/jpeg\" \/>\n<meta name=\"twitter:card\" content=\"summary_large_image\" \/>\n<script type=\"application\/ld+json\" class=\"yoast-schema-graph\">{\"@context\":\"https:\/\/schema.org\",\"@graph\":[{\"@type\":\"WebPage\",\"@id\":\"https:\/\/www.erresse-shop.it\/es\/shop\/sartenes-y-ollas\/wok-es\/le-creuset-sarten-wok-de-aluminio-antiadherente-28-cm\/\",\"url\":\"https:\/\/www.erresse-shop.it\/es\/shop\/sartenes-y-ollas\/wok-es\/le-creuset-sarten-wok-de-aluminio-antiadherente-28-cm\/\",\"name\":\"LE CREUSET Sart\u00e9n Wok de Aluminio Antiadherente 28 cm - Erresse Shop\",\"isPartOf\":{\"@id\":\"https:\/\/www.erresse-shop.it\/es\/#website\"},\"datePublished\":\"2020-01-30T15:33:56+00:00\",\"dateModified\":\"2021-12-22T15:37:28+00:00\",\"description\":\"Este incre\u00edble wok incorpora nuestro mejor revestimiento antiadherente hasta la fecha. Prepara platos cl\u00e1sicos de la cocina asi\u00e1tica y mucho m\u00e1s con este\",\"breadcrumb\":{\"@id\":\"https:\/\/www.erresse-shop.it\/es\/shop\/sartenes-y-ollas\/wok-es\/le-creuset-sarten-wok-de-aluminio-antiadherente-28-cm\/#breadcrumb\"},\"inLanguage\":\"es\",\"potentialAction\":[{\"@type\":\"ReadAction\",\"target\":[\"https:\/\/www.erresse-shop.it\/es\/shop\/sartenes-y-ollas\/wok-es\/le-creuset-sarten-wok-de-aluminio-antiadherente-28-cm\/\"]}]},{\"@type\":\"BreadcrumbList\",\"@id\":\"https:\/\/www.erresse-shop.it\/es\/shop\/sartenes-y-ollas\/wok-es\/le-creuset-sarten-wok-de-aluminio-antiadherente-28-cm\/#breadcrumb\",\"itemListElement\":[{\"@type\":\"ListItem\",\"position\":1,\"name\":\"Home\",\"item\":\"https:\/\/www.erresse-shop.it\/es\/\"},{\"@type\":\"ListItem\",\"position\":2,\"name\":\"Shop\",\"item\":\"https:\/\/www.erresse-shop.it\/es\/shop\/\"},{\"@type\":\"ListItem\",\"position\":3,\"name\":\"LE CREUSET Sart\u00e9n Wok de Aluminio Antiadherente 28 cm\"}]},{\"@type\":\"WebSite\",\"@id\":\"https:\/\/www.erresse-shop.it\/es\/#website\",\"url\":\"https:\/\/www.erresse-shop.it\/es\/\",\"name\":\"Erresse Shop\",\"description\":\"Articoli di qualit\u00e0 per la casa\",\"potentialAction\":[{\"@type\":\"SearchAction\",\"target\":{\"@type\":\"EntryPoint\",\"urlTemplate\":\"https:\/\/www.erresse-shop.it\/es\/?s={search_term_string}\"},\"query-input\":\"required name=search_term_string\"}],\"inLanguage\":\"es\"}]}<\/script>\n<!-- \/ Yoast SEO Premium plugin. -->","yoast_head_json":{"title":"LE CREUSET Sart\u00e9n Wok de Aluminio Antiadherente 28 cm - Erresse Shop","description":"Este incre\u00edble wok incorpora nuestro mejor revestimiento antiadherente hasta la fecha. Prepara platos cl\u00e1sicos de la cocina asi\u00e1tica y mucho m\u00e1s con este","robots":{"index":"index","follow":"follow","max-snippet":"max-snippet:-1","max-image-preview":"max-image-preview:large","max-video-preview":"max-video-preview:-1"},"canonical":"https:\/\/www.erresse-shop.it\/es\/shop\/sartenes-y-ollas\/wok-es\/le-creuset-sarten-wok-de-aluminio-antiadherente-28-cm\/","og_locale":"es_ES","og_type":"article","og_title":"LE CREUSET Sart\u00e9n Wok de Aluminio Antiadherente 28 cm","og_description":"Este incre\u00edble wok incorpora nuestro mejor revestimiento antiadherente hasta la fecha. Prepara platos cl\u00e1sicos de la cocina asi\u00e1tica y mucho m\u00e1s con este","og_url":"https:\/\/www.erresse-shop.it\/es\/shop\/sartenes-y-ollas\/wok-es\/le-creuset-sarten-wok-de-aluminio-antiadherente-28-cm\/","og_site_name":"Erresse Shop","article_modified_time":"2021-12-22T15:37:28+00:00","og_image":[{"width":800,"height":800,"url":"https:\/\/www.erresse-shop.it\/wp-content\/uploads\/2020\/01\/LE-CREUSET-Wok-Alluminio-4.jpg","type":"image\/jpeg"}],"twitter_card":"summary_large_image","schema":{"@context":"https:\/\/schema.org","@graph":[{"@type":"WebPage","@id":"https:\/\/www.erresse-shop.it\/es\/shop\/sartenes-y-ollas\/wok-es\/le-creuset-sarten-wok-de-aluminio-antiadherente-28-cm\/","url":"https:\/\/www.erresse-shop.it\/es\/shop\/sartenes-y-ollas\/wok-es\/le-creuset-sarten-wok-de-aluminio-antiadherente-28-cm\/","name":"LE CREUSET Sart\u00e9n Wok de Aluminio Antiadherente 28 cm - Erresse Shop","isPartOf":{"@id":"https:\/\/www.erresse-shop.it\/es\/#website"},"datePublished":"2020-01-30T15:33:56+00:00","dateModified":"2021-12-22T15:37:28+00:00","description":"Este incre\u00edble wok incorpora nuestro mejor revestimiento antiadherente hasta la fecha. Prepara platos cl\u00e1sicos de la cocina asi\u00e1tica y mucho m\u00e1s con este","breadcrumb":{"@id":"https:\/\/www.erresse-shop.it\/es\/shop\/sartenes-y-ollas\/wok-es\/le-creuset-sarten-wok-de-aluminio-antiadherente-28-cm\/#breadcrumb"},"inLanguage":"es","potentialAction":[{"@type":"ReadAction","target":["https:\/\/www.erresse-shop.it\/es\/shop\/sartenes-y-ollas\/wok-es\/le-creuset-sarten-wok-de-aluminio-antiadherente-28-cm\/"]}]},{"@type":"BreadcrumbList","@id":"https:\/\/www.erresse-shop.it\/es\/shop\/sartenes-y-ollas\/wok-es\/le-creuset-sarten-wok-de-aluminio-antiadherente-28-cm\/#breadcrumb","itemListElement":[{"@type":"ListItem","position":1,"name":"Home","item":"https:\/\/www.erresse-shop.it\/es\/"},{"@type":"ListItem","position":2,"name":"Shop","item":"https:\/\/www.erresse-shop.it\/es\/shop\/"},{"@type":"ListItem","position":3,"name":"LE CREUSET Sart\u00e9n Wok de Aluminio Antiadherente 28 cm"}]},{"@type":"WebSite","@id":"https:\/\/www.erresse-shop.it\/es\/#website","url":"https:\/\/www.erresse-shop.it\/es\/","name":"Erresse Shop","description":"Articoli di qualit\u00e0 per la casa","potentialAction":[{"@type":"SearchAction","target":{"@type":"EntryPoint","urlTemplate":"https:\/\/www.erresse-shop.it\/es\/?s={search_term_string}"},"query-input":"required name=search_term_string"}],"inLanguage":"es"}]}},"df_price":129.98,"df_sale_price":129.98,"df_regular_price":219.95,"df_image_link":"https:\/\/www.erresse-shop.it\/wp-content\/uploads\/2020\/01\/LE-CREUSET-Wok-Alluminio-4-300x300.jpg","_links":{"self":[{"href":"https:\/\/www.erresse-shop.it\/es\/wp-json\/wp\/v2\/product\/114517"}],"collection":[{"href":"https:\/\/www.erresse-shop.it\/es\/wp-json\/wp\/v2\/product"}],"about":[{"href":"https:\/\/www.erresse-shop.it\/es\/wp-json\/wp\/v2\/types\/product"}],"wp:featuredmedia":[{"embeddable":true,"href":"https:\/\/www.erresse-shop.it\/es\/wp-json\/wp\/v2\/media\/181563"}],"wp:attachment":[{"href":"https:\/\/www.erresse-shop.it\/es\/wp-json\/wp\/v2\/media?parent=114517"}],"wp:term":[{"taxonomy":"product_cat","embeddable":true,"href":"https:\/\/www.erresse-shop.it\/es\/wp-json\/wp\/v2\/product_cat?post=114517"},{"taxonomy":"product_tag","embeddable":true,"href":"https:\/\/www.erresse-shop.it\/es\/wp-json\/wp\/v2\/product_tag?post=114517"}],"curies":[{"name":"wp","href":"https:\/\/api.w.org\/{rel}","templated":true}]}}