{"id":114504,"date":"2020-01-30T14:27:34","date_gmt":"2020-01-30T14:27:34","guid":{"rendered":"https:\/\/www.erresse-shop.it\/shop\/sincategorizar\/le-creuset-sarten-baja-de-aluminio-antiadherente-28-cm\/"},"modified":"2024-05-17T09:35:27","modified_gmt":"2024-05-17T09:35:27","slug":"le-creuset-sarten-baja-de-aluminio-antiadherente-28-cm","status":"publish","type":"product","link":"https:\/\/www.erresse-shop.it\/es\/shop\/sartenes-y-ollas\/sartenes\/le-creuset-sarten-baja-de-aluminio-antiadherente-28-cm\/","title":{"rendered":"LE CREUSET Sart\u00e9n baja de aluminio antiadherente 28 cm"},"content":{"rendered":"<p>Indispensable en la cocina, esta sart\u00e9n poco profunda antiadherente es una herramienta muy vers\u00e1til. Con nuestro mejor revestimiento antiadherente y un exterior duradero y f\u00e1cil de limpiar, es f\u00e1cil de usar y perfecto para cualquier fuente de calor. Con sus l\u00edneas limpias y elegantes, ser\u00e1 un complemento espectacular para tu cocina.<\/p>\n<ul>\n<li>Accesorios perfectos: consigue sabores y aromas extraordinarios a\u00f1adiendo tapas de cristal, disponibles por separado, a tus cacerolas favoritas.<\/li>\n<li>Limpieza impecable: nuestros productos antiadherentes evitan que los alimentos se peguen para facilitar la limpieza.<\/li>\n<li>Nuestro mejor revestimiento antiadherente: probado, fiable, garantizado de por vida y cuatro veces m\u00e1s resistente. (probado en un laboratorio independiente con pruebas de resistencia a la abrasi\u00f3n de herramientas met\u00e1licas).<\/li>\n<li>Resistencia extrema: la estructura anodizada ofrece una conducci\u00f3n y distribuci\u00f3n eficiente del calor para una cocci\u00f3n uniforme.<\/li>\n<li>Mayor durabilidad: nuestras sartenes resistentes a la abrasi\u00f3n est\u00e1n hechas para hacerte compa\u00f1\u00eda en la cocina durante a\u00f1os.<\/li>\n<li>Cocina m\u00e1s saludable: nuestro revestimiento antiadherente no contiene PFOA y soporta todo tipo de frituras, incluso sin aceite ni grasa.<\/li>\n<li>Nuestros productos se fabrican con los mejores materiales en f\u00e1bricas ubicadas en todo el mundo para garantizar la calidad que espera de Le Creuset.<\/li>\n<\/ul>\n<p><strong>Material:<\/strong> aluminio antiadherente<br \/>\n<strong>Garant\u00eda:<\/strong> de por vida<\/p>\n<p><span style=\"text-decoration: underline;\"><strong>Fuentes de calor permitidas:<\/strong><\/span><\/p>\n<ul>\n<li>Horno modo grill<\/li>\n<li>Horno<\/li>\n<li>Cocina el\u00e9ctrica<\/li>\n<li>Vidrio cer\u00e1mico<\/li>\n<li>Encimera de gas<\/li>\n<li>Placa de inducci\u00f3n<\/li>\n<\/ul>\n<p><span style=\"text-decoration: underline;\"><strong>Limpieza:<\/strong><\/span><\/p>\n<ul>\n<li>Antes de lavar, deje que el producto se enfr\u00ede completamente durante unos minutos. No lo sumerjas ni lo llenes de agua fr\u00eda cuando est\u00e9 caliente: las variaciones bruscas de temperatura en la superficie pueden da\u00f1ar el producto.<\/li>\n<li>Para que el revestimiento antiadherente dure m\u00e1s, recomendamos lavarlo a mano con agua tibia y jab\u00f3n, en lugar de lavarlo en el lavavajillas.<\/li>\n<li>No utilice limpiadores abrasivos ni metales, estropajos ni cepillos muy duros y r\u00edgidos para limpiar ninguna de las superficies.<\/li>\n<\/ul>\n","protected":false},"excerpt":{"rendered":"<p>Indispensable en la cocina, esta sart\u00e9n poco profunda antiadherente es una herramienta muy vers\u00e1til. Con nuestro mejor revestimiento antiadherente y<\/p>\n","protected":false},"featured_media":181297,"template":"","meta":{"_acf_changed":false,"inline_featured_image":false},"product_cat":[16066,16058],"product_tag":[25090,16110,16160,25023],"acf":[],"yoast_head":"<!-- This site is optimized with the Yoast SEO Premium plugin v18.6 (Yoast SEO v19.13) - https:\/\/yoast.com\/wordpress\/plugins\/seo\/ -->\n<title>LE CREUSET Sart\u00e9n baja de aluminio antiadherente 28 cm - Erresse Shop<\/title>\n<meta name=\"description\" content=\"Indispensable en la cocina, esta sart\u00e9n poco profunda antiadherente es una herramienta muy vers\u00e1til. Con nuestro mejor revestimiento antiadherente y un\" \/>\n<meta name=\"robots\" content=\"index, follow, max-snippet:-1, max-image-preview:large, max-video-preview:-1\" \/>\n<link rel=\"canonical\" href=\"https:\/\/www.erresse-shop.it\/es\/shop\/sartenes-y-ollas\/sartenes\/le-creuset-sarten-baja-de-aluminio-antiadherente-28-cm\/\" \/>\n<meta property=\"og:locale\" content=\"es_ES\" \/>\n<meta property=\"og:type\" content=\"article\" \/>\n<meta property=\"og:title\" content=\"LE CREUSET Sart\u00e9n baja de aluminio antiadherente 28 cm\" \/>\n<meta property=\"og:description\" content=\"Indispensable en la cocina, esta sart\u00e9n poco profunda antiadherente es una herramienta muy vers\u00e1til. Con nuestro mejor revestimiento antiadherente y un\" \/>\n<meta property=\"og:url\" content=\"https:\/\/www.erresse-shop.it\/es\/shop\/sartenes-y-ollas\/sartenes\/le-creuset-sarten-baja-de-aluminio-antiadherente-28-cm\/\" \/>\n<meta property=\"og:site_name\" content=\"Erresse Shop\" \/>\n<meta property=\"article:modified_time\" content=\"2024-05-17T09:35:27+00:00\" \/>\n<meta property=\"og:image\" content=\"https:\/\/www.erresse-shop.it\/wp-content\/uploads\/2020\/06\/LE-CREUSET-Padella-Bassa-Alluminio-Antiaderente-6.jpg\" \/>\n\t<meta property=\"og:image:width\" content=\"800\" \/>\n\t<meta property=\"og:image:height\" content=\"800\" \/>\n\t<meta property=\"og:image:type\" content=\"image\/jpeg\" \/>\n<meta name=\"twitter:card\" content=\"summary_large_image\" \/>\n<script type=\"application\/ld+json\" class=\"yoast-schema-graph\">{\"@context\":\"https:\/\/schema.org\",\"@graph\":[{\"@type\":\"WebPage\",\"@id\":\"https:\/\/www.erresse-shop.it\/es\/shop\/sartenes-y-ollas\/sartenes\/le-creuset-sarten-baja-de-aluminio-antiadherente-28-cm\/\",\"url\":\"https:\/\/www.erresse-shop.it\/es\/shop\/sartenes-y-ollas\/sartenes\/le-creuset-sarten-baja-de-aluminio-antiadherente-28-cm\/\",\"name\":\"LE CREUSET Sart\u00e9n baja de aluminio antiadherente 28 cm - Erresse Shop\",\"isPartOf\":{\"@id\":\"https:\/\/www.erresse-shop.it\/es\/#website\"},\"datePublished\":\"2020-01-30T14:27:34+00:00\",\"dateModified\":\"2024-05-17T09:35:27+00:00\",\"description\":\"Indispensable en la cocina, esta sart\u00e9n poco profunda antiadherente es una herramienta muy vers\u00e1til. Con nuestro mejor revestimiento antiadherente y un\",\"breadcrumb\":{\"@id\":\"https:\/\/www.erresse-shop.it\/es\/shop\/sartenes-y-ollas\/sartenes\/le-creuset-sarten-baja-de-aluminio-antiadherente-28-cm\/#breadcrumb\"},\"inLanguage\":\"es\",\"potentialAction\":[{\"@type\":\"ReadAction\",\"target\":[\"https:\/\/www.erresse-shop.it\/es\/shop\/sartenes-y-ollas\/sartenes\/le-creuset-sarten-baja-de-aluminio-antiadherente-28-cm\/\"]}]},{\"@type\":\"BreadcrumbList\",\"@id\":\"https:\/\/www.erresse-shop.it\/es\/shop\/sartenes-y-ollas\/sartenes\/le-creuset-sarten-baja-de-aluminio-antiadherente-28-cm\/#breadcrumb\",\"itemListElement\":[{\"@type\":\"ListItem\",\"position\":1,\"name\":\"Home\",\"item\":\"https:\/\/www.erresse-shop.it\/es\/\"},{\"@type\":\"ListItem\",\"position\":2,\"name\":\"Shop\",\"item\":\"https:\/\/www.erresse-shop.it\/es\/shop\/\"},{\"@type\":\"ListItem\",\"position\":3,\"name\":\"LE CREUSET Sart\u00e9n baja de aluminio antiadherente 28 cm\"}]},{\"@type\":\"WebSite\",\"@id\":\"https:\/\/www.erresse-shop.it\/es\/#website\",\"url\":\"https:\/\/www.erresse-shop.it\/es\/\",\"name\":\"Erresse Shop\",\"description\":\"Articoli di qualit\u00e0 per la casa\",\"potentialAction\":[{\"@type\":\"SearchAction\",\"target\":{\"@type\":\"EntryPoint\",\"urlTemplate\":\"https:\/\/www.erresse-shop.it\/es\/?s={search_term_string}\"},\"query-input\":\"required name=search_term_string\"}],\"inLanguage\":\"es\"}]}<\/script>\n<!-- \/ Yoast SEO Premium plugin. -->","yoast_head_json":{"title":"LE CREUSET Sart\u00e9n baja de aluminio antiadherente 28 cm - Erresse Shop","description":"Indispensable en la cocina, esta sart\u00e9n poco profunda antiadherente es una herramienta muy vers\u00e1til. Con nuestro mejor revestimiento antiadherente y un","robots":{"index":"index","follow":"follow","max-snippet":"max-snippet:-1","max-image-preview":"max-image-preview:large","max-video-preview":"max-video-preview:-1"},"canonical":"https:\/\/www.erresse-shop.it\/es\/shop\/sartenes-y-ollas\/sartenes\/le-creuset-sarten-baja-de-aluminio-antiadherente-28-cm\/","og_locale":"es_ES","og_type":"article","og_title":"LE CREUSET Sart\u00e9n baja de aluminio antiadherente 28 cm","og_description":"Indispensable en la cocina, esta sart\u00e9n poco profunda antiadherente es una herramienta muy vers\u00e1til. Con nuestro mejor revestimiento antiadherente y un","og_url":"https:\/\/www.erresse-shop.it\/es\/shop\/sartenes-y-ollas\/sartenes\/le-creuset-sarten-baja-de-aluminio-antiadherente-28-cm\/","og_site_name":"Erresse Shop","article_modified_time":"2024-05-17T09:35:27+00:00","og_image":[{"width":800,"height":800,"url":"https:\/\/www.erresse-shop.it\/wp-content\/uploads\/2020\/06\/LE-CREUSET-Padella-Bassa-Alluminio-Antiaderente-6.jpg","type":"image\/jpeg"}],"twitter_card":"summary_large_image","schema":{"@context":"https:\/\/schema.org","@graph":[{"@type":"WebPage","@id":"https:\/\/www.erresse-shop.it\/es\/shop\/sartenes-y-ollas\/sartenes\/le-creuset-sarten-baja-de-aluminio-antiadherente-28-cm\/","url":"https:\/\/www.erresse-shop.it\/es\/shop\/sartenes-y-ollas\/sartenes\/le-creuset-sarten-baja-de-aluminio-antiadherente-28-cm\/","name":"LE CREUSET Sart\u00e9n baja de aluminio antiadherente 28 cm - Erresse Shop","isPartOf":{"@id":"https:\/\/www.erresse-shop.it\/es\/#website"},"datePublished":"2020-01-30T14:27:34+00:00","dateModified":"2024-05-17T09:35:27+00:00","description":"Indispensable en la cocina, esta sart\u00e9n poco profunda antiadherente es una herramienta muy vers\u00e1til. Con nuestro mejor revestimiento antiadherente y un","breadcrumb":{"@id":"https:\/\/www.erresse-shop.it\/es\/shop\/sartenes-y-ollas\/sartenes\/le-creuset-sarten-baja-de-aluminio-antiadherente-28-cm\/#breadcrumb"},"inLanguage":"es","potentialAction":[{"@type":"ReadAction","target":["https:\/\/www.erresse-shop.it\/es\/shop\/sartenes-y-ollas\/sartenes\/le-creuset-sarten-baja-de-aluminio-antiadherente-28-cm\/"]}]},{"@type":"BreadcrumbList","@id":"https:\/\/www.erresse-shop.it\/es\/shop\/sartenes-y-ollas\/sartenes\/le-creuset-sarten-baja-de-aluminio-antiadherente-28-cm\/#breadcrumb","itemListElement":[{"@type":"ListItem","position":1,"name":"Home","item":"https:\/\/www.erresse-shop.it\/es\/"},{"@type":"ListItem","position":2,"name":"Shop","item":"https:\/\/www.erresse-shop.it\/es\/shop\/"},{"@type":"ListItem","position":3,"name":"LE CREUSET Sart\u00e9n baja de aluminio antiadherente 28 cm"}]},{"@type":"WebSite","@id":"https:\/\/www.erresse-shop.it\/es\/#website","url":"https:\/\/www.erresse-shop.it\/es\/","name":"Erresse Shop","description":"Articoli di qualit\u00e0 per la casa","potentialAction":[{"@type":"SearchAction","target":{"@type":"EntryPoint","urlTemplate":"https:\/\/www.erresse-shop.it\/es\/?s={search_term_string}"},"query-input":"required name=search_term_string"}],"inLanguage":"es"}]}},"df_price":99.95,"df_sale_price":99.95,"df_regular_price":165,"df_image_link":"https:\/\/www.erresse-shop.it\/wp-content\/uploads\/2020\/06\/LE-CREUSET-Padella-Bassa-Alluminio-Antiaderente-6-300x300.jpg","_links":{"self":[{"href":"https:\/\/www.erresse-shop.it\/es\/wp-json\/wp\/v2\/product\/114504"}],"collection":[{"href":"https:\/\/www.erresse-shop.it\/es\/wp-json\/wp\/v2\/product"}],"about":[{"href":"https:\/\/www.erresse-shop.it\/es\/wp-json\/wp\/v2\/types\/product"}],"wp:featuredmedia":[{"embeddable":true,"href":"https:\/\/www.erresse-shop.it\/es\/wp-json\/wp\/v2\/media\/181297"}],"wp:attachment":[{"href":"https:\/\/www.erresse-shop.it\/es\/wp-json\/wp\/v2\/media?parent=114504"}],"wp:term":[{"taxonomy":"product_cat","embeddable":true,"href":"https:\/\/www.erresse-shop.it\/es\/wp-json\/wp\/v2\/product_cat?post=114504"},{"taxonomy":"product_tag","embeddable":true,"href":"https:\/\/www.erresse-shop.it\/es\/wp-json\/wp\/v2\/product_tag?post=114504"}],"curies":[{"name":"wp","href":"https:\/\/api.w.org\/{rel}","templated":true}]}}