{"id":112860,"date":"2021-03-22T14:46:17","date_gmt":"2021-03-22T14:46:17","guid":{"rendered":"https:\/\/www.erresse-shop.it\/shop\/uncategorized\/carlo-moretti-jarron-naran-i-piccoli-cristal-de-murano\/"},"modified":"2023-06-05T08:39:19","modified_gmt":"2023-06-05T08:39:19","slug":"carlo-moretti-jarron-naran-i-piccoli-cristal-de-murano","status":"publish","type":"product","link":"https:\/\/www.erresse-shop.it\/es\/shop\/mobiliario\/jarrones\/carlo-moretti-jarron-naran-i-piccoli-cristal-de-murano\/","title":{"rendered":"CARLO MORETTI Jarr\u00f3n Naran I Piccoli Cristal de Murano"},"content":{"rendered":"<p>Jarrones de cristal de Murano soplados a boca y acabados a mano, con aplicaciones en caliente de diversos elementos decorativos.<\/p>\n<p>Los jarrones I Piccoli nacen del deseo de proponer objetos de dise\u00f1o de dimensiones reducidas, pero siempre elegantes y con impacto visual. La idea b\u00e1sica es &#8220;peque\u00f1o pero precioso&#8221;: gracias a una altura de 17 cent\u00edmetros, estos jarrones son adecuados para embellecer cualquier rinc\u00f3n de la casa d\u00e1ndole color, luz y elegancia.<\/p>\n<p>El vidrio y el cristal de Murano: elementos de valor totalmente italianos que encuentran su m\u00e1xima expresi\u00f3n en las preciosas colecciones dise\u00f1adas por Carlo Moretti, empresa con sede en las peque\u00f1as islas que conforman Murano. El prestigio de esta empresa de Murano se debe a la gran maestr\u00eda en el uso del vidrio y el cristal, este \u00faltimo de mayor resistencia debido a la adici\u00f3n de plomo en la mezcla.<\/p>\n<p><span style=\"text-decoration: underline;\"><strong>Edici\u00f3n limitada: \u00a1s\u00f3lo 333 unidades en todo el mundo!<\/strong><\/span><br \/>\n<span style=\"text-decoration: underline;\"><strong>Jarr\u00f3n de cristal de Murano trabajado y pintado totalmente a mano. Por ello, cada pieza es \u00fanica e inimitable.<\/strong><\/span><\/p>\n","protected":false},"excerpt":{"rendered":"<p>Jarrones de cristal de Murano soplados a boca y acabados a mano, con aplicaciones en caliente de diversos elementos decorativos.<\/p>\n","protected":false},"featured_media":112849,"template":"","meta":{"_acf_changed":false,"inline_featured_image":false},"product_cat":[16024,16016],"product_tag":[16119,16122,16121,24682,16307,16120],"acf":[],"yoast_head":"<!-- This site is optimized with the Yoast SEO Premium plugin v18.6 (Yoast SEO v19.13) - https:\/\/yoast.com\/wordpress\/plugins\/seo\/ -->\n<title>CARLO MORETTI Jarr\u00f3n Naran I Piccoli Cristal de Murano - Erresse Shop<\/title>\n<meta name=\"description\" content=\"Jarrones de cristal de Murano soplados a boca y acabados a mano, con aplicaciones en caliente de diversos elementos decorativos. Los jarrones I Piccoli\" \/>\n<meta name=\"robots\" content=\"index, follow, max-snippet:-1, max-image-preview:large, max-video-preview:-1\" \/>\n<link rel=\"canonical\" href=\"https:\/\/www.erresse-shop.it\/es\/shop\/mobiliario\/jarrones\/carlo-moretti-jarron-naran-i-piccoli-cristal-de-murano\/\" \/>\n<meta property=\"og:locale\" content=\"es_ES\" \/>\n<meta property=\"og:type\" content=\"article\" \/>\n<meta property=\"og:title\" content=\"CARLO MORETTI Jarr\u00f3n Naran I Piccoli Cristal de Murano\" \/>\n<meta property=\"og:description\" content=\"Jarrones de cristal de Murano soplados a boca y acabados a mano, con aplicaciones en caliente de diversos elementos decorativos. Los jarrones I Piccoli\" \/>\n<meta property=\"og:url\" content=\"https:\/\/www.erresse-shop.it\/es\/shop\/mobiliario\/jarrones\/carlo-moretti-jarron-naran-i-piccoli-cristal-de-murano\/\" \/>\n<meta property=\"og:site_name\" content=\"Erresse Shop\" \/>\n<meta property=\"article:modified_time\" content=\"2023-06-05T08:39:19+00:00\" \/>\n<meta property=\"og:image\" content=\"https:\/\/www.erresse-shop.it\/wp-content\/uploads\/2021\/03\/I-Piccoli-Vaso-Naran.jpg\" \/>\n\t<meta property=\"og:image:width\" content=\"1000\" \/>\n\t<meta property=\"og:image:height\" content=\"1000\" \/>\n\t<meta property=\"og:image:type\" content=\"image\/jpeg\" \/>\n<meta name=\"twitter:card\" content=\"summary_large_image\" \/>\n<script type=\"application\/ld+json\" class=\"yoast-schema-graph\">{\"@context\":\"https:\/\/schema.org\",\"@graph\":[{\"@type\":\"WebPage\",\"@id\":\"https:\/\/www.erresse-shop.it\/es\/shop\/mobiliario\/jarrones\/carlo-moretti-jarron-naran-i-piccoli-cristal-de-murano\/\",\"url\":\"https:\/\/www.erresse-shop.it\/es\/shop\/mobiliario\/jarrones\/carlo-moretti-jarron-naran-i-piccoli-cristal-de-murano\/\",\"name\":\"CARLO MORETTI Jarr\u00f3n Naran I Piccoli Cristal de Murano - Erresse Shop\",\"isPartOf\":{\"@id\":\"https:\/\/www.erresse-shop.it\/es\/#website\"},\"datePublished\":\"2021-03-22T14:46:17+00:00\",\"dateModified\":\"2023-06-05T08:39:19+00:00\",\"description\":\"Jarrones de cristal de Murano soplados a boca y acabados a mano, con aplicaciones en caliente de diversos elementos decorativos. Los jarrones I Piccoli\",\"breadcrumb\":{\"@id\":\"https:\/\/www.erresse-shop.it\/es\/shop\/mobiliario\/jarrones\/carlo-moretti-jarron-naran-i-piccoli-cristal-de-murano\/#breadcrumb\"},\"inLanguage\":\"es\",\"potentialAction\":[{\"@type\":\"ReadAction\",\"target\":[\"https:\/\/www.erresse-shop.it\/es\/shop\/mobiliario\/jarrones\/carlo-moretti-jarron-naran-i-piccoli-cristal-de-murano\/\"]}]},{\"@type\":\"BreadcrumbList\",\"@id\":\"https:\/\/www.erresse-shop.it\/es\/shop\/mobiliario\/jarrones\/carlo-moretti-jarron-naran-i-piccoli-cristal-de-murano\/#breadcrumb\",\"itemListElement\":[{\"@type\":\"ListItem\",\"position\":1,\"name\":\"Home\",\"item\":\"https:\/\/www.erresse-shop.it\/es\/\"},{\"@type\":\"ListItem\",\"position\":2,\"name\":\"Shop\",\"item\":\"https:\/\/www.erresse-shop.it\/es\/shop\/\"},{\"@type\":\"ListItem\",\"position\":3,\"name\":\"CARLO MORETTI Jarr\u00f3n Naran I Piccoli Cristal de Murano\"}]},{\"@type\":\"WebSite\",\"@id\":\"https:\/\/www.erresse-shop.it\/es\/#website\",\"url\":\"https:\/\/www.erresse-shop.it\/es\/\",\"name\":\"Erresse Shop\",\"description\":\"Articoli di qualit\u00e0 per la casa\",\"potentialAction\":[{\"@type\":\"SearchAction\",\"target\":{\"@type\":\"EntryPoint\",\"urlTemplate\":\"https:\/\/www.erresse-shop.it\/es\/?s={search_term_string}\"},\"query-input\":\"required name=search_term_string\"}],\"inLanguage\":\"es\"}]}<\/script>\n<!-- \/ Yoast SEO Premium plugin. -->","yoast_head_json":{"title":"CARLO MORETTI Jarr\u00f3n Naran I Piccoli Cristal de Murano - Erresse Shop","description":"Jarrones de cristal de Murano soplados a boca y acabados a mano, con aplicaciones en caliente de diversos elementos decorativos. Los jarrones I Piccoli","robots":{"index":"index","follow":"follow","max-snippet":"max-snippet:-1","max-image-preview":"max-image-preview:large","max-video-preview":"max-video-preview:-1"},"canonical":"https:\/\/www.erresse-shop.it\/es\/shop\/mobiliario\/jarrones\/carlo-moretti-jarron-naran-i-piccoli-cristal-de-murano\/","og_locale":"es_ES","og_type":"article","og_title":"CARLO MORETTI Jarr\u00f3n Naran I Piccoli Cristal de Murano","og_description":"Jarrones de cristal de Murano soplados a boca y acabados a mano, con aplicaciones en caliente de diversos elementos decorativos. Los jarrones I Piccoli","og_url":"https:\/\/www.erresse-shop.it\/es\/shop\/mobiliario\/jarrones\/carlo-moretti-jarron-naran-i-piccoli-cristal-de-murano\/","og_site_name":"Erresse Shop","article_modified_time":"2023-06-05T08:39:19+00:00","og_image":[{"width":1000,"height":1000,"url":"https:\/\/www.erresse-shop.it\/wp-content\/uploads\/2021\/03\/I-Piccoli-Vaso-Naran.jpg","type":"image\/jpeg"}],"twitter_card":"summary_large_image","schema":{"@context":"https:\/\/schema.org","@graph":[{"@type":"WebPage","@id":"https:\/\/www.erresse-shop.it\/es\/shop\/mobiliario\/jarrones\/carlo-moretti-jarron-naran-i-piccoli-cristal-de-murano\/","url":"https:\/\/www.erresse-shop.it\/es\/shop\/mobiliario\/jarrones\/carlo-moretti-jarron-naran-i-piccoli-cristal-de-murano\/","name":"CARLO MORETTI Jarr\u00f3n Naran I Piccoli Cristal de Murano - Erresse Shop","isPartOf":{"@id":"https:\/\/www.erresse-shop.it\/es\/#website"},"datePublished":"2021-03-22T14:46:17+00:00","dateModified":"2023-06-05T08:39:19+00:00","description":"Jarrones de cristal de Murano soplados a boca y acabados a mano, con aplicaciones en caliente de diversos elementos decorativos. Los jarrones I Piccoli","breadcrumb":{"@id":"https:\/\/www.erresse-shop.it\/es\/shop\/mobiliario\/jarrones\/carlo-moretti-jarron-naran-i-piccoli-cristal-de-murano\/#breadcrumb"},"inLanguage":"es","potentialAction":[{"@type":"ReadAction","target":["https:\/\/www.erresse-shop.it\/es\/shop\/mobiliario\/jarrones\/carlo-moretti-jarron-naran-i-piccoli-cristal-de-murano\/"]}]},{"@type":"BreadcrumbList","@id":"https:\/\/www.erresse-shop.it\/es\/shop\/mobiliario\/jarrones\/carlo-moretti-jarron-naran-i-piccoli-cristal-de-murano\/#breadcrumb","itemListElement":[{"@type":"ListItem","position":1,"name":"Home","item":"https:\/\/www.erresse-shop.it\/es\/"},{"@type":"ListItem","position":2,"name":"Shop","item":"https:\/\/www.erresse-shop.it\/es\/shop\/"},{"@type":"ListItem","position":3,"name":"CARLO MORETTI Jarr\u00f3n Naran I Piccoli Cristal de Murano"}]},{"@type":"WebSite","@id":"https:\/\/www.erresse-shop.it\/es\/#website","url":"https:\/\/www.erresse-shop.it\/es\/","name":"Erresse Shop","description":"Articoli di qualit\u00e0 per la casa","potentialAction":[{"@type":"SearchAction","target":{"@type":"EntryPoint","urlTemplate":"https:\/\/www.erresse-shop.it\/es\/?s={search_term_string}"},"query-input":"required name=search_term_string"}],"inLanguage":"es"}]}},"df_price":229.35000000000002,"df_sale_price":229.35000000000002,"df_regular_price":417,"df_image_link":"https:\/\/www.erresse-shop.it\/wp-content\/uploads\/2021\/03\/I-Piccoli-Vaso-Naran-300x300.jpg","_links":{"self":[{"href":"https:\/\/www.erresse-shop.it\/es\/wp-json\/wp\/v2\/product\/112860"}],"collection":[{"href":"https:\/\/www.erresse-shop.it\/es\/wp-json\/wp\/v2\/product"}],"about":[{"href":"https:\/\/www.erresse-shop.it\/es\/wp-json\/wp\/v2\/types\/product"}],"wp:featuredmedia":[{"embeddable":true,"href":"https:\/\/www.erresse-shop.it\/es\/wp-json\/wp\/v2\/media\/112849"}],"wp:attachment":[{"href":"https:\/\/www.erresse-shop.it\/es\/wp-json\/wp\/v2\/media?parent=112860"}],"wp:term":[{"taxonomy":"product_cat","embeddable":true,"href":"https:\/\/www.erresse-shop.it\/es\/wp-json\/wp\/v2\/product_cat?post=112860"},{"taxonomy":"product_tag","embeddable":true,"href":"https:\/\/www.erresse-shop.it\/es\/wp-json\/wp\/v2\/product_tag?post=112860"}],"curies":[{"name":"wp","href":"https:\/\/api.w.org\/{rel}","templated":true}]}}