{"id":112833,"date":"2021-06-22T12:19:32","date_gmt":"2021-06-22T12:19:32","guid":{"rendered":"https:\/\/www.erresse-shop.it\/shop\/uncategorized\/carlo-moretti-bicchiere-bora-cristallo-di-murano-set-6-pezzi-miks\/"},"modified":"2023-06-05T08:43:41","modified_gmt":"2023-06-05T08:43:41","slug":"carlo-moretti-vasos-bora-de-cristal-de-murano-6-piezas-miks","status":"publish","type":"product","link":"https:\/\/www.erresse-shop.it\/es\/shop\/tabla\/vasos\/carlo-moretti-vasos-bora-de-cristal-de-murano-6-piezas-miks\/","title":{"rendered":"CARLO MORETTI Vasos Bora de Cristal de Murano 6 Piezas Miks"},"content":{"rendered":"<p>Vasos de secci\u00f3n ovalada irregular, inclinados, en cristal de Murano, soplados a boca y acabados a mano alzada en diversos motivos decorativos aplicados en caliente de: murrina, juncos, festones, manchas, bandas, anillos y espirales de colores, hojas de oro y plata, colores transparentes y en pasta. Firmado y fechado.<\/p>\n<p>Los vasos Bora se fabrican utilizando \u00fanicamente cristal de Murano transparente y se trabajan de forma irregular y de tal manera que crean un plano inclinado que reproduce el efecto de la bora, el viento t\u00edpico de las regiones del noreste de Italia. Todos los vasos est\u00e1n hechos a mano, soplados a boca y acabados con motivos decorativos aplicados en caliente de bandas, murralla, manchas y anillos.<\/p>\n<p>El vidrio y el cristal de Murano: elementos de valor totalmente italianos que encuentran su m\u00e1xima expresi\u00f3n en las preciosas colecciones dise\u00f1adas por Carlo Moretti, empresa con sede en las peque\u00f1as islas que conforman Murano. El prestigio de esta empresa de Murano se debe a la gran maestr\u00eda en el uso del vidrio y el cristal, este \u00faltimo de mayor resistencia debido a la adici\u00f3n de plomo en la mezcla.<\/p>\n<p><span style=\"text-decoration: underline;\"><strong>Vidrio de Murano trabajado y pintado totalmente a mano. Por ello, cada pieza es \u00fanica e inimitable. <\/strong><\/span><br \/>\n<span style=\"text-decoration: underline;\"><strong>Cantidad: 6 vasos<\/strong><\/span><\/p>\n<p>Contiene los vasos 997.50, 997.51, 997.52, 12.997.2, 12.997.3, 12.997.1<\/p>\n","protected":false},"excerpt":{"rendered":"<p>Vasos de secci\u00f3n ovalada irregular, inclinados, en cristal de Murano, soplados a boca y acabados a mano alzada en diversos<\/p>\n","protected":false},"featured_media":112834,"template":"","meta":{"_acf_changed":false,"inline_featured_image":false},"product_cat":[16027,16028],"product_tag":[16119,16307,16120,16117,16118],"acf":[],"yoast_head":"<!-- This site is optimized with the Yoast SEO Premium plugin v18.6 (Yoast SEO v19.13) - https:\/\/yoast.com\/wordpress\/plugins\/seo\/ -->\n<title>CARLO MORETTI Vasos Bora de Cristal de Murano 6 Piezas Miks - Erresse Shop<\/title>\n<meta name=\"description\" content=\"Vasos de secci\u00f3n ovalada irregular, inclinados, en cristal de Murano, soplados a boca y acabados a mano alzada en diversos motivos decorativos aplicados\" \/>\n<meta name=\"robots\" content=\"index, follow, max-snippet:-1, max-image-preview:large, max-video-preview:-1\" \/>\n<link rel=\"canonical\" href=\"https:\/\/www.erresse-shop.it\/es\/shop\/tabla\/vasos\/carlo-moretti-vasos-bora-de-cristal-de-murano-6-piezas-miks\/\" \/>\n<meta property=\"og:locale\" content=\"es_ES\" \/>\n<meta property=\"og:type\" content=\"article\" \/>\n<meta property=\"og:title\" content=\"CARLO MORETTI Vasos Bora de Cristal de Murano 6 Piezas Miks\" \/>\n<meta property=\"og:description\" content=\"Vasos de secci\u00f3n ovalada irregular, inclinados, en cristal de Murano, soplados a boca y acabados a mano alzada en diversos motivos decorativos aplicados\" \/>\n<meta property=\"og:url\" content=\"https:\/\/www.erresse-shop.it\/es\/shop\/tabla\/vasos\/carlo-moretti-vasos-bora-de-cristal-de-murano-6-piezas-miks\/\" \/>\n<meta property=\"og:site_name\" content=\"Erresse Shop\" \/>\n<meta property=\"article:modified_time\" content=\"2023-06-05T08:43:41+00:00\" \/>\n<meta property=\"og:image\" content=\"https:\/\/www.erresse-shop.it\/wp-content\/uploads\/2021\/06\/Mix.jpg\" \/>\n\t<meta property=\"og:image:width\" content=\"924\" \/>\n\t<meta property=\"og:image:height\" content=\"845\" \/>\n\t<meta property=\"og:image:type\" content=\"image\/jpeg\" \/>\n<meta name=\"twitter:card\" content=\"summary_large_image\" \/>\n<script type=\"application\/ld+json\" class=\"yoast-schema-graph\">{\"@context\":\"https:\/\/schema.org\",\"@graph\":[{\"@type\":\"WebPage\",\"@id\":\"https:\/\/www.erresse-shop.it\/es\/shop\/tabla\/vasos\/carlo-moretti-vasos-bora-de-cristal-de-murano-6-piezas-miks\/\",\"url\":\"https:\/\/www.erresse-shop.it\/es\/shop\/tabla\/vasos\/carlo-moretti-vasos-bora-de-cristal-de-murano-6-piezas-miks\/\",\"name\":\"CARLO MORETTI Vasos Bora de Cristal de Murano 6 Piezas Miks - Erresse Shop\",\"isPartOf\":{\"@id\":\"https:\/\/www.erresse-shop.it\/es\/#website\"},\"datePublished\":\"2021-06-22T12:19:32+00:00\",\"dateModified\":\"2023-06-05T08:43:41+00:00\",\"description\":\"Vasos de secci\u00f3n ovalada irregular, inclinados, en cristal de Murano, soplados a boca y acabados a mano alzada en diversos motivos decorativos aplicados\",\"breadcrumb\":{\"@id\":\"https:\/\/www.erresse-shop.it\/es\/shop\/tabla\/vasos\/carlo-moretti-vasos-bora-de-cristal-de-murano-6-piezas-miks\/#breadcrumb\"},\"inLanguage\":\"es\",\"potentialAction\":[{\"@type\":\"ReadAction\",\"target\":[\"https:\/\/www.erresse-shop.it\/es\/shop\/tabla\/vasos\/carlo-moretti-vasos-bora-de-cristal-de-murano-6-piezas-miks\/\"]}]},{\"@type\":\"BreadcrumbList\",\"@id\":\"https:\/\/www.erresse-shop.it\/es\/shop\/tabla\/vasos\/carlo-moretti-vasos-bora-de-cristal-de-murano-6-piezas-miks\/#breadcrumb\",\"itemListElement\":[{\"@type\":\"ListItem\",\"position\":1,\"name\":\"Home\",\"item\":\"https:\/\/www.erresse-shop.it\/es\/\"},{\"@type\":\"ListItem\",\"position\":2,\"name\":\"Shop\",\"item\":\"https:\/\/www.erresse-shop.it\/es\/shop\/\"},{\"@type\":\"ListItem\",\"position\":3,\"name\":\"CARLO MORETTI Vasos Bora de Cristal de Murano 6 Piezas Miks\"}]},{\"@type\":\"WebSite\",\"@id\":\"https:\/\/www.erresse-shop.it\/es\/#website\",\"url\":\"https:\/\/www.erresse-shop.it\/es\/\",\"name\":\"Erresse Shop\",\"description\":\"Articoli di qualit\u00e0 per la casa\",\"potentialAction\":[{\"@type\":\"SearchAction\",\"target\":{\"@type\":\"EntryPoint\",\"urlTemplate\":\"https:\/\/www.erresse-shop.it\/es\/?s={search_term_string}\"},\"query-input\":\"required name=search_term_string\"}],\"inLanguage\":\"es\"}]}<\/script>\n<!-- \/ Yoast SEO Premium plugin. -->","yoast_head_json":{"title":"CARLO MORETTI Vasos Bora de Cristal de Murano 6 Piezas Miks - Erresse Shop","description":"Vasos de secci\u00f3n ovalada irregular, inclinados, en cristal de Murano, soplados a boca y acabados a mano alzada en diversos motivos decorativos aplicados","robots":{"index":"index","follow":"follow","max-snippet":"max-snippet:-1","max-image-preview":"max-image-preview:large","max-video-preview":"max-video-preview:-1"},"canonical":"https:\/\/www.erresse-shop.it\/es\/shop\/tabla\/vasos\/carlo-moretti-vasos-bora-de-cristal-de-murano-6-piezas-miks\/","og_locale":"es_ES","og_type":"article","og_title":"CARLO MORETTI Vasos Bora de Cristal de Murano 6 Piezas Miks","og_description":"Vasos de secci\u00f3n ovalada irregular, inclinados, en cristal de Murano, soplados a boca y acabados a mano alzada en diversos motivos decorativos aplicados","og_url":"https:\/\/www.erresse-shop.it\/es\/shop\/tabla\/vasos\/carlo-moretti-vasos-bora-de-cristal-de-murano-6-piezas-miks\/","og_site_name":"Erresse Shop","article_modified_time":"2023-06-05T08:43:41+00:00","og_image":[{"width":924,"height":845,"url":"https:\/\/www.erresse-shop.it\/wp-content\/uploads\/2021\/06\/Mix.jpg","type":"image\/jpeg"}],"twitter_card":"summary_large_image","schema":{"@context":"https:\/\/schema.org","@graph":[{"@type":"WebPage","@id":"https:\/\/www.erresse-shop.it\/es\/shop\/tabla\/vasos\/carlo-moretti-vasos-bora-de-cristal-de-murano-6-piezas-miks\/","url":"https:\/\/www.erresse-shop.it\/es\/shop\/tabla\/vasos\/carlo-moretti-vasos-bora-de-cristal-de-murano-6-piezas-miks\/","name":"CARLO MORETTI Vasos Bora de Cristal de Murano 6 Piezas Miks - Erresse Shop","isPartOf":{"@id":"https:\/\/www.erresse-shop.it\/es\/#website"},"datePublished":"2021-06-22T12:19:32+00:00","dateModified":"2023-06-05T08:43:41+00:00","description":"Vasos de secci\u00f3n ovalada irregular, inclinados, en cristal de Murano, soplados a boca y acabados a mano alzada en diversos motivos decorativos aplicados","breadcrumb":{"@id":"https:\/\/www.erresse-shop.it\/es\/shop\/tabla\/vasos\/carlo-moretti-vasos-bora-de-cristal-de-murano-6-piezas-miks\/#breadcrumb"},"inLanguage":"es","potentialAction":[{"@type":"ReadAction","target":["https:\/\/www.erresse-shop.it\/es\/shop\/tabla\/vasos\/carlo-moretti-vasos-bora-de-cristal-de-murano-6-piezas-miks\/"]}]},{"@type":"BreadcrumbList","@id":"https:\/\/www.erresse-shop.it\/es\/shop\/tabla\/vasos\/carlo-moretti-vasos-bora-de-cristal-de-murano-6-piezas-miks\/#breadcrumb","itemListElement":[{"@type":"ListItem","position":1,"name":"Home","item":"https:\/\/www.erresse-shop.it\/es\/"},{"@type":"ListItem","position":2,"name":"Shop","item":"https:\/\/www.erresse-shop.it\/es\/shop\/"},{"@type":"ListItem","position":3,"name":"CARLO MORETTI Vasos Bora de Cristal de Murano 6 Piezas Miks"}]},{"@type":"WebSite","@id":"https:\/\/www.erresse-shop.it\/es\/#website","url":"https:\/\/www.erresse-shop.it\/es\/","name":"Erresse Shop","description":"Articoli di qualit\u00e0 per la casa","potentialAction":[{"@type":"SearchAction","target":{"@type":"EntryPoint","urlTemplate":"https:\/\/www.erresse-shop.it\/es\/?s={search_term_string}"},"query-input":"required name=search_term_string"}],"inLanguage":"es"}]}},"df_price":425.70000000000005,"df_sale_price":425.70000000000005,"df_regular_price":774,"df_image_link":"https:\/\/www.erresse-shop.it\/wp-content\/uploads\/2021\/06\/Mix-300x274.jpg","_links":{"self":[{"href":"https:\/\/www.erresse-shop.it\/es\/wp-json\/wp\/v2\/product\/112833"}],"collection":[{"href":"https:\/\/www.erresse-shop.it\/es\/wp-json\/wp\/v2\/product"}],"about":[{"href":"https:\/\/www.erresse-shop.it\/es\/wp-json\/wp\/v2\/types\/product"}],"wp:featuredmedia":[{"embeddable":true,"href":"https:\/\/www.erresse-shop.it\/es\/wp-json\/wp\/v2\/media\/112834"}],"wp:attachment":[{"href":"https:\/\/www.erresse-shop.it\/es\/wp-json\/wp\/v2\/media?parent=112833"}],"wp:term":[{"taxonomy":"product_cat","embeddable":true,"href":"https:\/\/www.erresse-shop.it\/es\/wp-json\/wp\/v2\/product_cat?post=112833"},{"taxonomy":"product_tag","embeddable":true,"href":"https:\/\/www.erresse-shop.it\/es\/wp-json\/wp\/v2\/product_tag?post=112833"}],"curies":[{"name":"wp","href":"https:\/\/api.w.org\/{rel}","templated":true}]}}