{"id":112779,"date":"2021-06-23T10:50:19","date_gmt":"2021-06-23T10:50:19","guid":{"rendered":"https:\/\/www.erresse-shop.it\/shop\/uncategorized\/carlo-moretti-vaso-bora-de-cristal-de-murano-13-6\/"},"modified":"2024-11-11T00:00:21","modified_gmt":"2024-11-11T00:00:21","slug":"carlo-moretti-vaso-bora-de-cristal-de-murano-13-6","status":"publish","type":"product","link":"https:\/\/www.erresse-shop.it\/es\/shop\/tabla\/vasos\/carlo-moretti-vaso-bora-de-cristal-de-murano-13-6\/","title":{"rendered":"CARLO MORETTI Vaso Bora de Cristal de Murano"},"content":{"rendered":"<p>Vasos de secci\u00f3n ovalada irregular, inclinados, en cristal de Murano, soplados a boca y acabados a mano alzada en diversos motivos decorativos aplicados en caliente de: murrina, juncos, festones, manchas, bandas, anillos y espirales de colores, hojas de oro y plata, colores transparentes y en pasta. Firmado y fechado.<\/p>\n<p>Los vasos Bora se fabrican utilizando \u00fanicamente cristal de Murano transparente y se trabajan de forma irregular y de tal manera que crean un plano inclinado que reproduce el efecto de la bora, el viento t\u00edpico de las regiones del noreste de Italia. Todos los vasos est\u00e1n hechos a mano, soplados a boca y acabados con motivos decorativos aplicados en caliente de bandas, murralla, manchas y anillos.<\/p>\n<p>El vidrio y el cristal de Murano: elementos de valor totalmente italianos que encuentran su m\u00e1xima expresi\u00f3n en las preciosas colecciones dise\u00f1adas por Carlo Moretti, empresa con sede en las peque\u00f1as islas que conforman Murano. El prestigio de esta empresa de Murano se debe a la gran maestr\u00eda en el uso del vidrio y el cristal, este \u00faltimo de mayor resistencia debido a la adici\u00f3n de plomo en la mezcla.<\/p>\n<p><span style=\"text-decoration: underline;\"><strong>Vaso de Murano trabajado y pintado totalmente a mano. Por ello, cada pieza es \u00fanica e inimitable. <\/strong><\/span><br \/>\n<span style=\"text-decoration: underline;\"><strong>Pida m\u00e1s vasos de Carlo Moretti para tener una colecci\u00f3n \u00fanica.<\/strong><\/span><\/p>\n<p><span style=\"text-decoration: underline;\"><strong>Cantidad: 1 vaso<\/strong><\/span><\/p>\n","protected":false},"excerpt":{"rendered":"<p>Vasos de secci\u00f3n ovalada irregular, inclinados, en cristal de Murano, soplados a boca y acabados a mano alzada en diversos<\/p>\n","protected":false},"featured_media":112780,"template":"","meta":{"_acf_changed":false,"inline_featured_image":false},"product_cat":[16027,16028],"product_tag":[25039,23912,16119,24399,24682,16307,16120,16117,16118,25023],"acf":[],"yoast_head":"<!-- This site is optimized with the Yoast SEO Premium plugin v18.6 (Yoast SEO v19.13) - https:\/\/yoast.com\/wordpress\/plugins\/seo\/ -->\n<title>CARLO MORETTI Vaso Bora de Cristal de Murano - Erresse Shop<\/title>\n<meta name=\"description\" content=\"Vasos de secci\u00f3n ovalada irregular, inclinados, en cristal de Murano, soplados a boca y acabados a mano alzada en diversos motivos decorativos aplicados\" \/>\n<meta name=\"robots\" content=\"index, follow, max-snippet:-1, max-image-preview:large, max-video-preview:-1\" \/>\n<link rel=\"canonical\" href=\"https:\/\/www.erresse-shop.it\/es\/shop\/tabla\/vasos\/carlo-moretti-vaso-bora-de-cristal-de-murano-13-6\/\" \/>\n<meta property=\"og:locale\" content=\"es_ES\" \/>\n<meta property=\"og:type\" content=\"article\" \/>\n<meta property=\"og:title\" content=\"CARLO MORETTI Vaso Bora de Cristal de Murano\" \/>\n<meta property=\"og:description\" content=\"Vasos de secci\u00f3n ovalada irregular, inclinados, en cristal de Murano, soplados a boca y acabados a mano alzada en diversos motivos decorativos aplicados\" \/>\n<meta property=\"og:url\" content=\"https:\/\/www.erresse-shop.it\/es\/shop\/tabla\/vasos\/carlo-moretti-vaso-bora-de-cristal-de-murano-13-6\/\" \/>\n<meta property=\"og:site_name\" content=\"Erresse Shop\" \/>\n<meta property=\"article:modified_time\" content=\"2024-11-11T00:00:21+00:00\" \/>\n<meta property=\"og:image\" content=\"https:\/\/www.erresse-shop.it\/wp-content\/uploads\/2021\/06\/15.997.6.jpg\" \/>\n\t<meta property=\"og:image:width\" content=\"1000\" \/>\n\t<meta property=\"og:image:height\" content=\"1000\" \/>\n\t<meta property=\"og:image:type\" content=\"image\/jpeg\" \/>\n<meta name=\"twitter:card\" content=\"summary_large_image\" \/>\n<script type=\"application\/ld+json\" class=\"yoast-schema-graph\">{\"@context\":\"https:\/\/schema.org\",\"@graph\":[{\"@type\":\"WebPage\",\"@id\":\"https:\/\/www.erresse-shop.it\/es\/shop\/tabla\/vasos\/carlo-moretti-vaso-bora-de-cristal-de-murano-13-6\/\",\"url\":\"https:\/\/www.erresse-shop.it\/es\/shop\/tabla\/vasos\/carlo-moretti-vaso-bora-de-cristal-de-murano-13-6\/\",\"name\":\"CARLO MORETTI Vaso Bora de Cristal de Murano - Erresse Shop\",\"isPartOf\":{\"@id\":\"https:\/\/www.erresse-shop.it\/es\/#website\"},\"datePublished\":\"2021-06-23T10:50:19+00:00\",\"dateModified\":\"2024-11-11T00:00:21+00:00\",\"description\":\"Vasos de secci\u00f3n ovalada irregular, inclinados, en cristal de Murano, soplados a boca y acabados a mano alzada en diversos motivos decorativos aplicados\",\"breadcrumb\":{\"@id\":\"https:\/\/www.erresse-shop.it\/es\/shop\/tabla\/vasos\/carlo-moretti-vaso-bora-de-cristal-de-murano-13-6\/#breadcrumb\"},\"inLanguage\":\"es\",\"potentialAction\":[{\"@type\":\"ReadAction\",\"target\":[\"https:\/\/www.erresse-shop.it\/es\/shop\/tabla\/vasos\/carlo-moretti-vaso-bora-de-cristal-de-murano-13-6\/\"]}]},{\"@type\":\"BreadcrumbList\",\"@id\":\"https:\/\/www.erresse-shop.it\/es\/shop\/tabla\/vasos\/carlo-moretti-vaso-bora-de-cristal-de-murano-13-6\/#breadcrumb\",\"itemListElement\":[{\"@type\":\"ListItem\",\"position\":1,\"name\":\"Home\",\"item\":\"https:\/\/www.erresse-shop.it\/es\/\"},{\"@type\":\"ListItem\",\"position\":2,\"name\":\"Shop\",\"item\":\"https:\/\/www.erresse-shop.it\/es\/shop\/\"},{\"@type\":\"ListItem\",\"position\":3,\"name\":\"CARLO MORETTI Vaso Bora de Cristal de Murano\"}]},{\"@type\":\"WebSite\",\"@id\":\"https:\/\/www.erresse-shop.it\/es\/#website\",\"url\":\"https:\/\/www.erresse-shop.it\/es\/\",\"name\":\"Erresse Shop\",\"description\":\"Articoli di qualit\u00e0 per la casa\",\"potentialAction\":[{\"@type\":\"SearchAction\",\"target\":{\"@type\":\"EntryPoint\",\"urlTemplate\":\"https:\/\/www.erresse-shop.it\/es\/?s={search_term_string}\"},\"query-input\":\"required name=search_term_string\"}],\"inLanguage\":\"es\"}]}<\/script>\n<!-- \/ Yoast SEO Premium plugin. -->","yoast_head_json":{"title":"CARLO MORETTI Vaso Bora de Cristal de Murano - Erresse Shop","description":"Vasos de secci\u00f3n ovalada irregular, inclinados, en cristal de Murano, soplados a boca y acabados a mano alzada en diversos motivos decorativos aplicados","robots":{"index":"index","follow":"follow","max-snippet":"max-snippet:-1","max-image-preview":"max-image-preview:large","max-video-preview":"max-video-preview:-1"},"canonical":"https:\/\/www.erresse-shop.it\/es\/shop\/tabla\/vasos\/carlo-moretti-vaso-bora-de-cristal-de-murano-13-6\/","og_locale":"es_ES","og_type":"article","og_title":"CARLO MORETTI Vaso Bora de Cristal de Murano","og_description":"Vasos de secci\u00f3n ovalada irregular, inclinados, en cristal de Murano, soplados a boca y acabados a mano alzada en diversos motivos decorativos aplicados","og_url":"https:\/\/www.erresse-shop.it\/es\/shop\/tabla\/vasos\/carlo-moretti-vaso-bora-de-cristal-de-murano-13-6\/","og_site_name":"Erresse Shop","article_modified_time":"2024-11-11T00:00:21+00:00","og_image":[{"width":1000,"height":1000,"url":"https:\/\/www.erresse-shop.it\/wp-content\/uploads\/2021\/06\/15.997.6.jpg","type":"image\/jpeg"}],"twitter_card":"summary_large_image","schema":{"@context":"https:\/\/schema.org","@graph":[{"@type":"WebPage","@id":"https:\/\/www.erresse-shop.it\/es\/shop\/tabla\/vasos\/carlo-moretti-vaso-bora-de-cristal-de-murano-13-6\/","url":"https:\/\/www.erresse-shop.it\/es\/shop\/tabla\/vasos\/carlo-moretti-vaso-bora-de-cristal-de-murano-13-6\/","name":"CARLO MORETTI Vaso Bora de Cristal de Murano - Erresse Shop","isPartOf":{"@id":"https:\/\/www.erresse-shop.it\/es\/#website"},"datePublished":"2021-06-23T10:50:19+00:00","dateModified":"2024-11-11T00:00:21+00:00","description":"Vasos de secci\u00f3n ovalada irregular, inclinados, en cristal de Murano, soplados a boca y acabados a mano alzada en diversos motivos decorativos aplicados","breadcrumb":{"@id":"https:\/\/www.erresse-shop.it\/es\/shop\/tabla\/vasos\/carlo-moretti-vaso-bora-de-cristal-de-murano-13-6\/#breadcrumb"},"inLanguage":"es","potentialAction":[{"@type":"ReadAction","target":["https:\/\/www.erresse-shop.it\/es\/shop\/tabla\/vasos\/carlo-moretti-vaso-bora-de-cristal-de-murano-13-6\/"]}]},{"@type":"BreadcrumbList","@id":"https:\/\/www.erresse-shop.it\/es\/shop\/tabla\/vasos\/carlo-moretti-vaso-bora-de-cristal-de-murano-13-6\/#breadcrumb","itemListElement":[{"@type":"ListItem","position":1,"name":"Home","item":"https:\/\/www.erresse-shop.it\/es\/"},{"@type":"ListItem","position":2,"name":"Shop","item":"https:\/\/www.erresse-shop.it\/es\/shop\/"},{"@type":"ListItem","position":3,"name":"CARLO MORETTI Vaso Bora de Cristal de Murano"}]},{"@type":"WebSite","@id":"https:\/\/www.erresse-shop.it\/es\/#website","url":"https:\/\/www.erresse-shop.it\/es\/","name":"Erresse Shop","description":"Articoli di qualit\u00e0 per la casa","potentialAction":[{"@type":"SearchAction","target":{"@type":"EntryPoint","urlTemplate":"https:\/\/www.erresse-shop.it\/es\/?s={search_term_string}"},"query-input":"required name=search_term_string"}],"inLanguage":"es"}]}},"df_price":70.95,"df_sale_price":70.95,"df_regular_price":129,"df_image_link":"https:\/\/www.erresse-shop.it\/wp-content\/uploads\/2021\/06\/15.997.6-300x300.jpg","_links":{"self":[{"href":"https:\/\/www.erresse-shop.it\/es\/wp-json\/wp\/v2\/product\/112779"}],"collection":[{"href":"https:\/\/www.erresse-shop.it\/es\/wp-json\/wp\/v2\/product"}],"about":[{"href":"https:\/\/www.erresse-shop.it\/es\/wp-json\/wp\/v2\/types\/product"}],"wp:featuredmedia":[{"embeddable":true,"href":"https:\/\/www.erresse-shop.it\/es\/wp-json\/wp\/v2\/media\/112780"}],"wp:attachment":[{"href":"https:\/\/www.erresse-shop.it\/es\/wp-json\/wp\/v2\/media?parent=112779"}],"wp:term":[{"taxonomy":"product_cat","embeddable":true,"href":"https:\/\/www.erresse-shop.it\/es\/wp-json\/wp\/v2\/product_cat?post=112779"},{"taxonomy":"product_tag","embeddable":true,"href":"https:\/\/www.erresse-shop.it\/es\/wp-json\/wp\/v2\/product_tag?post=112779"}],"curies":[{"name":"wp","href":"https:\/\/api.w.org\/{rel}","templated":true}]}}