{"id":500694,"date":"2025-05-22T14:25:22","date_gmt":"2025-05-22T14:25:22","guid":{"rendered":"https:\/\/www.erresse-shop.it\/proyecto-de-internacionalizacion\/"},"modified":"2025-05-22T14:25:23","modified_gmt":"2025-05-22T14:25:23","slug":"proyecto-de-internacionalizacion","status":"publish","type":"page","link":"https:\/\/www.erresse-shop.it\/es\/proyecto-de-internacionalizacion\/","title":{"rendered":"Proyecto de internacionalizaci\u00f3n"},"content":{"rendered":"\t\t<div data-elementor-type=\"wp-page\" data-elementor-id=\"500694\" class=\"elementor elementor-500694 elementor-500676\">\n\t\t\t\t\t\t\t\t\t<section class=\"elementor-section elementor-top-section elementor-element elementor-element-7cce321 elementor-section-full_width elementor-section-stretched elementor-section-height-default elementor-section-height-default\" data-id=\"7cce321\" data-element_type=\"section\" data-settings=\"{&quot;stretch_section&quot;:&quot;section-stretched&quot;}\">\n\t\t\t\t\t\t<div class=\"elementor-container elementor-column-gap-default\">\n\t\t\t\t\t<div class=\"elementor-column elementor-col-100 elementor-top-column elementor-element elementor-element-431db13\" data-id=\"431db13\" data-element_type=\"column\">\n\t\t\t<div class=\"elementor-widget-wrap elementor-element-populated\">\n\t\t\t\t\t\t\t\t<div class=\"elementor-element elementor-element-0994aa6 elementor-widget elementor-widget-heading\" data-id=\"0994aa6\" data-element_type=\"widget\" data-widget_type=\"heading.default\">\n\t\t\t\t<div class=\"elementor-widget-container\">\n\t\t\t<style>\/*! elementor - v3.12.2 - 23-04-2023 *\/\n.elementor-heading-title{padding:0;margin:0;line-height:1}.elementor-widget-heading .elementor-heading-title[class*=elementor-size-]>a{color:inherit;font-size:inherit;line-height:inherit}.elementor-widget-heading .elementor-heading-title.elementor-size-small{font-size:15px}.elementor-widget-heading .elementor-heading-title.elementor-size-medium{font-size:19px}.elementor-widget-heading .elementor-heading-title.elementor-size-large{font-size:29px}.elementor-widget-heading .elementor-heading-title.elementor-size-xl{font-size:39px}.elementor-widget-heading .elementor-heading-title.elementor-size-xxl{font-size:59px}<\/style><h2 class=\"elementor-heading-title elementor-size-default\">PROYECTO DE INTERNACIONALIZACI\u00d3N DE LA TIENDA ERRESSE MEDIANTE LA CREACI\u00d3N DE UN NUEVO SITIO MULTILING\u00dcE DE COMERCIO ELECTR\u00d3NICO Y ACTIVIDADES INTERNACIONALES DE MARKETING DIGITAL<\/h2>\t\t<\/div>\n\t\t\t\t<\/div>\n\t\t\t\t<div class=\"elementor-element elementor-element-5360da3 elementor-widget elementor-widget-image\" data-id=\"5360da3\" data-element_type=\"widget\" data-widget_type=\"image.default\">\n\t\t\t\t<div class=\"elementor-widget-container\">\n\t\t\t<style>\/*! elementor - v3.12.2 - 23-04-2023 *\/\n.elementor-widget-image{text-align:center}.elementor-widget-image a{display:inline-block}.elementor-widget-image a img[src$=\".svg\"]{width:48px}.elementor-widget-image img{vertical-align:middle;display:inline-block}<\/style>\t\t\t\t\t\t\t\t\t\t\t\t<img decoding=\"async\" width=\"2000\" height=\"200\" src=\"https:\/\/www.erresse-shop.it\/wp-content\/uploads\/2025\/05\/bando.jpg\" class=\"attachment-full size-full wp-image-500649\" alt=\"\" \/>\t\t\t\t\t\t\t\t\t\t\t\t\t\t\t<\/div>\n\t\t\t\t<\/div>\n\t\t\t\t\t<\/div>\n\t\t<\/div>\n\t\t\t\t\t\t\t<\/div>\n\t\t<\/section>\n\t\t\t\t<section class=\"elementor-section elementor-top-section elementor-element elementor-element-e4241f1 elementor-section-boxed elementor-section-height-default elementor-section-height-default\" data-id=\"e4241f1\" data-element_type=\"section\">\n\t\t\t\t\t\t<div class=\"elementor-container elementor-column-gap-default\">\n\t\t\t\t\t<div class=\"elementor-column elementor-col-100 elementor-top-column elementor-element elementor-element-edc1a27\" data-id=\"edc1a27\" data-element_type=\"column\">\n\t\t\t<div class=\"elementor-widget-wrap elementor-element-populated\">\n\t\t\t\t\t\t\t\t<div class=\"elementor-element elementor-element-efb967c elementor-widget elementor-widget-text-editor\" data-id=\"efb967c\" data-element_type=\"widget\" data-widget_type=\"text-editor.default\">\n\t\t\t\t<div class=\"elementor-widget-container\">\n\t\t\t<style>\/*! elementor - v3.12.2 - 23-04-2023 *\/\n.elementor-widget-text-editor.elementor-drop-cap-view-stacked .elementor-drop-cap{background-color:#69727d;color:#fff}.elementor-widget-text-editor.elementor-drop-cap-view-framed .elementor-drop-cap{color:#69727d;border:3px solid;background-color:transparent}.elementor-widget-text-editor:not(.elementor-drop-cap-view-default) .elementor-drop-cap{margin-top:8px}.elementor-widget-text-editor:not(.elementor-drop-cap-view-default) .elementor-drop-cap-letter{width:1em;height:1em}.elementor-widget-text-editor .elementor-drop-cap{float:left;text-align:center;line-height:1;font-size:50px}.elementor-widget-text-editor .elementor-drop-cap-letter{display:inline-block}<\/style>\t\t\t\t<p><strong>ERRESSE DI ERRANI STEFANO<\/strong> es una empresa unipersonal, cuya actividad principal es la venta al por menor de cualquier tipo de producto a trav\u00e9s de Internet. Es una tienda online de productos para el hogar que ofrece art\u00edculos \u00fanicos para la casa y la cocina, una s\u00edntesis de dise\u00f1o y funcionalidad, fruto de una cuidadosa investigaci\u00f3n con el objetivo de combinar estilo y belleza, novedad y tendencia.<\/p>\n\t\t\t\t\t\t<\/div>\n\t\t\t\t<\/div>\n\t\t\t\t<div class=\"elementor-element elementor-element-5086c2a elementor-widget elementor-widget-text-editor\" data-id=\"5086c2a\" data-element_type=\"widget\" data-widget_type=\"text-editor.default\">\n\t\t\t\t<div class=\"elementor-widget-container\">\n\t\t\t\t\t\t\t<p>La empresa puso en marcha un proyecto para <strong>internacionalizar su tienda en l\u00ednea<\/strong> \u00abERRESSE SHOP\u00bb mediante la creaci\u00f3n de un nuevo sitio web (en lugar del antiguo, anticuado y limitador) de un sistema de comercio electr\u00f3nico multiling\u00fce y la realizaci\u00f3n de actividades de marketing digital internacional. Esta \u00faltima actividad para reforzar la presencia en los mercados extranjeros, especialmente <strong>Francia, B\u00e9lgica, Alemania, Espa\u00f1a, Austria, Pa\u00edses Bajos y Reino Unido.<\/strong><\/p>\n<p>Este proyecto se realiza mediante:<\/p>\n<ul>\n<li>la adquisici\u00f3n de una \u00abplataforma de comercio electr\u00f3nico\u00bb;<\/li>\n<li>la puesta en marcha de un \u00abnuevo sitio multiling\u00fce de comercio electr\u00f3nico\u00bb;<\/li>\n<li>\u00abactividades internacionales de marketing digital\u00bb.<\/li>\n<\/ul>\n<p>Mejorar la calidad de su sitio de comercio electr\u00f3nico significa aumentar su rendimiento y revisar la eficacia de su estrategia de ventas en l\u00ednea para poder activar palancas de mejora para la internacionalizaci\u00f3n de sus ventas.<\/p>\n<p>La puesta en marcha del nuevo sitio multiling\u00fce permiti\u00f3 a ERRESSE lograr:<\/p>\n<ol>\n<li>Ventas directas (cantidad y descuento medio);<\/li>\n<li>Ventas en el mercado (calidad, variabilidad y variedad de la oferta);<\/li>\n<li>satisfacci\u00f3n de los clientes y clientes que vuelven;<\/li>\n<li>eficiencia operativa tanto en aspectos log\u00edsticos como de backoffice interno (integraci\u00f3n con el ERP de la empresa).<\/li>\n<\/ol>\n<p>La implementaci\u00f3n del nuevo sitio web multiling\u00fce se realiza mediante el uso de 4 componentes diferentes:<\/p>\n<ul>\n<li>An\u00e1lisis: Mapeo de necesidades a trav\u00e9s de encuesta \u00abDigital Commerce model Canvas\u00bb y an\u00e1lisis de dependencias a construir hacia servicios de terceros y SaaS externos.<\/li>\n<li>Ecom Setup: Activaci\u00f3n de un sitio de comercio electr\u00f3nico construido sobre la plataforma SaaS BigCommerce a trav\u00e9s de actividades de: setup, configuraci\u00f3n, integraci\u00f3n con servicios de terceros externos y middleware de integraci\u00f3n interno.<\/li>\n<li>Middleware: Implementaci\u00f3n del middleware de integraci\u00f3n entre BigCommerce y el ERP de Erresse (Zucchetti AdHocGlamourWeb).<\/li>\n<li>Test y Golive: Pruebas, correcci\u00f3n de errores y fase GoLive de todos los sistemas involucrados.<\/li>\n<\/ul>\n\t\t\t\t\t\t<\/div>\n\t\t\t\t<\/div>\n\t\t\t\t<div class=\"elementor-element elementor-element-88a3426 elementor-widget elementor-widget-text-editor\" data-id=\"88a3426\" data-element_type=\"widget\" data-widget_type=\"text-editor.default\">\n\t\t\t\t<div class=\"elementor-widget-container\">\n\t\t\t\t\t\t\t<p><strong>OBJETIVOS:<\/strong><\/p>\n<p>El nuevo sitio de comercio electr\u00f3nico multiling\u00fce revisa la eficacia de su estrategia de ventas en l\u00ednea para alcanzar los siguientes objetivos:<\/p>\n<ol>\n<li>Aumentar la expansi\u00f3n en mercados extranjeros;<\/li>\n<li>Aumentar las ventas en los marketplaces;<\/li>\n<li>Mejorar la satisfacci\u00f3n de los clientes y la calidad de los clientes que vuelven;<\/li>\n<li>Lograr una mayor eficacia operativa tanto en aspectos log\u00edsticos como de back-office interno.<\/li>\n<\/ol>\n<p>Este proyecto incluye:<\/p>\n<ul>\n<li>promoci\u00f3n de nuevos servicios y modelos de comercio electr\u00f3nico (nuevo sitio de comercio electr\u00f3nico multiling\u00fce) y promoci\u00f3n basada en el uso de tecnolog\u00edas digitales para desarrollar y reforzar su posici\u00f3n en el mercado internacional (principalmente Francia, B\u00e9lgica, Alemania, Espa\u00f1a, Austria, Pa\u00edses Bajos y Reino Unido);<\/li>\n<li>servicios para la promoci\u00f3n de las exportaciones (por ejemplo, consultor\u00eda SEO para Francia y B\u00e9lgica), servicios para invertir en actividades de marketing digital que ampl\u00eden las perspectivas y el impacto de la empresa en el mercado digital internacional a trav\u00e9s de la creatividad, la segmentaci\u00f3n y las ofertas. Adem\u00e1s, a trav\u00e9s de campa\u00f1as full funnel para una estrategia de branding performance, es posible conseguir resultados que lleven a la empresa a aumentar las ventas y la fidelizaci\u00f3n de los clientes.<\/li>\n<\/ul>\n\t\t\t\t\t\t<\/div>\n\t\t\t\t<\/div>\n\t\t\t\t<div class=\"elementor-element elementor-element-8f0f44a elementor-widget elementor-widget-text-editor\" data-id=\"8f0f44a\" data-element_type=\"widget\" data-widget_type=\"text-editor.default\">\n\t\t\t\t<div class=\"elementor-widget-container\">\n\t\t\t\t\t\t\t<p><strong>RESULTADOS OBTENIDOS:<\/strong><\/p>\n<p>La actividad presupuestada de Marketing Digital Internacional aporta a la empresa ERRESSE una mayor visibilidad en el sector de las ventas en el mercado digital internacional, a trav\u00e9s de dos elementos principales: el <strong>rendimiento y la notoriedad de marca.<\/strong> El resultado se refiere a la definici\u00f3n de un plan de publicidad en los medios de comunicaci\u00f3n. A trav\u00e9s de la activaci\u00f3n de campa\u00f1as continuas de cat\u00e1logo en prospecto amplio y retargeting (Meta), Campa\u00f1as Publicitarias en la plataforma Google y Plan Editorial (Meta), Campa\u00f1as Full Funnel (Meta) desde la fase de conocimiento de marca hasta la fase de fidelizaci\u00f3n del cliente.<\/p>\n<p>Este plan preve\u00eda el aumento y la proyecci\u00f3n de la empresa en el mercado europeo, tanto en t\u00e9rminos de facturaci\u00f3n como de captaci\u00f3n de nuevos clientes europeos.<\/p>\n\t\t\t\t\t\t<\/div>\n\t\t\t\t<\/div>\n\t\t\t\t\t<\/div>\n\t\t<\/div>\n\t\t\t\t\t\t\t<\/div>\n\t\t<\/section>\n\t\t\t\t\t\t\t<\/div>\n\t\t","protected":false},"excerpt":{"rendered":"<p>PROYECTO DE INTERNACIONALIZACI\u00d3N DE LA TIENDA ERRESSE MEDIANTE LA CREACI\u00d3N DE UN NUEVO SITIO MULTILING\u00dcE DE COMERCIO ELECTR\u00d3NICO Y ACTIVIDADES<\/p>\n","protected":false},"author":7475,"featured_media":0,"parent":0,"menu_order":0,"comment_status":"closed","ping_status":"closed","template":"","meta":{"_acf_changed":false,"inline_featured_image":false,"footnotes":""},"acf":[],"yoast_head":"<!-- This site is optimized with the Yoast SEO Premium plugin v18.6 (Yoast SEO v19.13) - https:\/\/yoast.com\/wordpress\/plugins\/seo\/ -->\n<title>Proyecto de internacionalizaci\u00f3n - Erresse Shop<\/title>\n<meta name=\"robots\" content=\"index, follow, max-snippet:-1, max-image-preview:large, max-video-preview:-1\" \/>\n<link rel=\"canonical\" href=\"https:\/\/www.erresse-shop.it\/es\/proyecto-de-internacionalizacion\/\" \/>\n<meta property=\"og:locale\" content=\"es_ES\" \/>\n<meta property=\"og:type\" content=\"article\" \/>\n<meta property=\"og:title\" content=\"Proyecto de internacionalizaci\u00f3n\" \/>\n<meta property=\"og:description\" content=\"PROYECTO DE INTERNACIONALIZACI\u00d3N DE LA TIENDA ERRESSE MEDIANTE LA CREACI\u00d3N DE UN NUEVO SITIO MULTILING\u00dcE DE COMERCIO ELECTR\u00d3NICO Y ACTIVIDADES\" \/>\n<meta property=\"og:url\" content=\"https:\/\/www.erresse-shop.it\/es\/proyecto-de-internacionalizacion\/\" \/>\n<meta property=\"og:site_name\" content=\"Erresse Shop\" \/>\n<meta property=\"article:modified_time\" content=\"2025-05-22T14:25:23+00:00\" \/>\n<meta property=\"og:image\" content=\"https:\/\/www.erresse-shop.it\/wp-content\/uploads\/2025\/05\/bando.jpg\" \/>\n<meta name=\"twitter:card\" content=\"summary_large_image\" \/>\n<script type=\"application\/ld+json\" class=\"yoast-schema-graph\">{\"@context\":\"https:\/\/schema.org\",\"@graph\":[{\"@type\":\"WebPage\",\"@id\":\"https:\/\/www.erresse-shop.it\/es\/proyecto-de-internacionalizacion\/\",\"url\":\"https:\/\/www.erresse-shop.it\/es\/proyecto-de-internacionalizacion\/\",\"name\":\"Proyecto de internacionalizaci\u00f3n - Erresse Shop\",\"isPartOf\":{\"@id\":\"https:\/\/www.erresse-shop.it\/es\/#website\"},\"datePublished\":\"2025-05-22T14:25:22+00:00\",\"dateModified\":\"2025-05-22T14:25:23+00:00\",\"breadcrumb\":{\"@id\":\"https:\/\/www.erresse-shop.it\/es\/proyecto-de-internacionalizacion\/#breadcrumb\"},\"inLanguage\":\"es\",\"potentialAction\":[{\"@type\":\"ReadAction\",\"target\":[\"https:\/\/www.erresse-shop.it\/es\/proyecto-de-internacionalizacion\/\"]}]},{\"@type\":\"BreadcrumbList\",\"@id\":\"https:\/\/www.erresse-shop.it\/es\/proyecto-de-internacionalizacion\/#breadcrumb\",\"itemListElement\":[{\"@type\":\"ListItem\",\"position\":1,\"name\":\"Home\",\"item\":\"https:\/\/www.erresse-shop.it\/es\/\"},{\"@type\":\"ListItem\",\"position\":2,\"name\":\"Proyecto de internacionalizaci\u00f3n\"}]},{\"@type\":\"WebSite\",\"@id\":\"https:\/\/www.erresse-shop.it\/es\/#website\",\"url\":\"https:\/\/www.erresse-shop.it\/es\/\",\"name\":\"Erresse Shop\",\"description\":\"Articoli di qualit\u00e0 per la casa\",\"potentialAction\":[{\"@type\":\"SearchAction\",\"target\":{\"@type\":\"EntryPoint\",\"urlTemplate\":\"https:\/\/www.erresse-shop.it\/es\/?s={search_term_string}\"},\"query-input\":\"required name=search_term_string\"}],\"inLanguage\":\"es\"}]}<\/script>\n<!-- \/ Yoast SEO Premium plugin. -->","yoast_head_json":{"title":"Proyecto de internacionalizaci\u00f3n - Erresse Shop","robots":{"index":"index","follow":"follow","max-snippet":"max-snippet:-1","max-image-preview":"max-image-preview:large","max-video-preview":"max-video-preview:-1"},"canonical":"https:\/\/www.erresse-shop.it\/es\/proyecto-de-internacionalizacion\/","og_locale":"es_ES","og_type":"article","og_title":"Proyecto de internacionalizaci\u00f3n","og_description":"PROYECTO DE INTERNACIONALIZACI\u00d3N DE LA TIENDA ERRESSE MEDIANTE LA CREACI\u00d3N DE UN NUEVO SITIO MULTILING\u00dcE DE COMERCIO ELECTR\u00d3NICO Y ACTIVIDADES","og_url":"https:\/\/www.erresse-shop.it\/es\/proyecto-de-internacionalizacion\/","og_site_name":"Erresse Shop","article_modified_time":"2025-05-22T14:25:23+00:00","og_image":[{"url":"https:\/\/www.erresse-shop.it\/wp-content\/uploads\/2025\/05\/bando.jpg"}],"twitter_card":"summary_large_image","schema":{"@context":"https:\/\/schema.org","@graph":[{"@type":"WebPage","@id":"https:\/\/www.erresse-shop.it\/es\/proyecto-de-internacionalizacion\/","url":"https:\/\/www.erresse-shop.it\/es\/proyecto-de-internacionalizacion\/","name":"Proyecto de internacionalizaci\u00f3n - Erresse Shop","isPartOf":{"@id":"https:\/\/www.erresse-shop.it\/es\/#website"},"datePublished":"2025-05-22T14:25:22+00:00","dateModified":"2025-05-22T14:25:23+00:00","breadcrumb":{"@id":"https:\/\/www.erresse-shop.it\/es\/proyecto-de-internacionalizacion\/#breadcrumb"},"inLanguage":"es","potentialAction":[{"@type":"ReadAction","target":["https:\/\/www.erresse-shop.it\/es\/proyecto-de-internacionalizacion\/"]}]},{"@type":"BreadcrumbList","@id":"https:\/\/www.erresse-shop.it\/es\/proyecto-de-internacionalizacion\/#breadcrumb","itemListElement":[{"@type":"ListItem","position":1,"name":"Home","item":"https:\/\/www.erresse-shop.it\/es\/"},{"@type":"ListItem","position":2,"name":"Proyecto de internacionalizaci\u00f3n"}]},{"@type":"WebSite","@id":"https:\/\/www.erresse-shop.it\/es\/#website","url":"https:\/\/www.erresse-shop.it\/es\/","name":"Erresse Shop","description":"Articoli di qualit\u00e0 per la casa","potentialAction":[{"@type":"SearchAction","target":{"@type":"EntryPoint","urlTemplate":"https:\/\/www.erresse-shop.it\/es\/?s={search_term_string}"},"query-input":"required name=search_term_string"}],"inLanguage":"es"}]}},"_links":{"self":[{"href":"https:\/\/www.erresse-shop.it\/es\/wp-json\/wp\/v2\/pages\/500694"}],"collection":[{"href":"https:\/\/www.erresse-shop.it\/es\/wp-json\/wp\/v2\/pages"}],"about":[{"href":"https:\/\/www.erresse-shop.it\/es\/wp-json\/wp\/v2\/types\/page"}],"author":[{"embeddable":true,"href":"https:\/\/www.erresse-shop.it\/es\/wp-json\/wp\/v2\/users\/7475"}],"replies":[{"embeddable":true,"href":"https:\/\/www.erresse-shop.it\/es\/wp-json\/wp\/v2\/comments?post=500694"}],"version-history":[{"count":1,"href":"https:\/\/www.erresse-shop.it\/es\/wp-json\/wp\/v2\/pages\/500694\/revisions"}],"predecessor-version":[{"id":500695,"href":"https:\/\/www.erresse-shop.it\/es\/wp-json\/wp\/v2\/pages\/500694\/revisions\/500695"}],"wp:attachment":[{"href":"https:\/\/www.erresse-shop.it\/es\/wp-json\/wp\/v2\/media?parent=500694"}],"curies":[{"name":"wp","href":"https:\/\/api.w.org\/{rel}","templated":true}]}}