{"id":173466,"date":"2022-08-04T09:23:13","date_gmt":"2022-08-04T09:23:13","guid":{"rendered":"https:\/\/www.erresse-shop.it\/sage-pavoni-manifatture-di-venezia-maquina-de-cafe\/"},"modified":"2022-08-04T10:05:45","modified_gmt":"2022-08-04T10:05:45","slug":"sage-pavoni-manifatture-di-venezia-maquina-de-cafe","status":"publish","type":"page","link":"https:\/\/www.erresse-shop.it\/es\/sage-pavoni-manifatture-di-venezia-maquina-de-cafe\/","title":{"rendered":"Sage Pavoni Manifatture di Venezia M\u00e1quina de Caf\u00e9"},"content":{"rendered":"\t\t<div data-elementor-type=\"wp-page\" data-elementor-id=\"173466\" class=\"elementor elementor-173466 elementor-173439\">\n\t\t\t\t\t\t\t\t\t<section class=\"elementor-section elementor-top-section elementor-element elementor-element-d7dbbc2 elementor-section-full_width elementor-section-stretched elementor-section-height-default elementor-section-height-default\" data-id=\"d7dbbc2\" data-element_type=\"section\" data-settings=\"{&quot;stretch_section&quot;:&quot;section-stretched&quot;}\">\n\t\t\t\t\t\t<div class=\"elementor-container elementor-column-gap-default\">\n\t\t\t\t\t<div class=\"elementor-column elementor-col-100 elementor-top-column elementor-element elementor-element-e366739\" data-id=\"e366739\" data-element_type=\"column\">\n\t\t\t<div class=\"elementor-widget-wrap elementor-element-populated\">\n\t\t\t\t\t\t\t\t<div class=\"elementor-element elementor-element-a9e2594 elementor-widget elementor-widget-heading\" data-id=\"a9e2594\" data-element_type=\"widget\" data-widget_type=\"heading.default\">\n\t\t\t\t<div class=\"elementor-widget-container\">\n\t\t\t<style>\/*! elementor - v3.12.2 - 23-04-2023 *\/\n.elementor-heading-title{padding:0;margin:0;line-height:1}.elementor-widget-heading .elementor-heading-title[class*=elementor-size-]>a{color:inherit;font-size:inherit;line-height:inherit}.elementor-widget-heading .elementor-heading-title.elementor-size-small{font-size:15px}.elementor-widget-heading .elementor-heading-title.elementor-size-medium{font-size:19px}.elementor-widget-heading .elementor-heading-title.elementor-size-large{font-size:29px}.elementor-widget-heading .elementor-heading-title.elementor-size-xl{font-size:39px}.elementor-widget-heading .elementor-heading-title.elementor-size-xxl{font-size:59px}<\/style><h1 class=\"elementor-heading-title elementor-size-default\">SAGE Y LA PAVONI <br>te regala 4 tazas de caf\u00e9<br>MANIFATTURE DI VENEZIA<\/h1>\t\t<\/div>\n\t\t\t\t<\/div>\n\t\t\t\t\t<\/div>\n\t\t<\/div>\n\t\t\t\t\t\t\t<\/div>\n\t\t<\/section>\n\t\t\t\t<section class=\"elementor-section elementor-top-section elementor-element elementor-element-6ca8ffd elementor-section-boxed elementor-section-height-default elementor-section-height-default\" data-id=\"6ca8ffd\" data-element_type=\"section\">\n\t\t\t\t\t\t<div class=\"elementor-container elementor-column-gap-default\">\n\t\t\t\t\t<div class=\"elementor-column elementor-col-100 elementor-top-column elementor-element elementor-element-4912794\" data-id=\"4912794\" data-element_type=\"column\">\n\t\t\t<div class=\"elementor-widget-wrap elementor-element-populated\">\n\t\t\t\t\t\t\t\t<div class=\"elementor-element elementor-element-33a63c2 elementor-grid-3 elementor-grid-tablet-3 elementor-grid-mobile-2 elementor-products-grid elementor-wc-products elementor-widget elementor-widget-woocommerce-products\" data-id=\"33a63c2\" data-element_type=\"widget\" data-widget_type=\"woocommerce-products.default\">\n\t\t\t\t<div class=\"elementor-widget-container\">\n\t\t\t<link rel=\"stylesheet\" href=\"https:\/\/www.erresse-shop.it\/wp-content\/plugins\/elementor-pro\/assets\/css\/widget-woocommerce.min.css\"><div class=\"woocommerce columns-3 \">\n<div class=\"products elements-grid align-items-start wd-products-holder  wd-spacing-30 pagination-pagination title-line-two row grid-columns-3\" data-source=\"main_loop\" data-min_price=\"\" data-max_price=\"\" data-columns=\"3\">\n<div class=\"product-grid-item wd-with-labels product wd-hover-quick  col-md-4 col-6 first  type-product post-149969 status-publish outofstock product_cat-automatico product_cat-maquinas-de-cafe product_cat-pequenos-electrodomesticos product_tag-bambino-es product_tag-barista-es product_tag-coffee-day-es-2 product_tag-maquina-automatica-de-cafe product_tag-oracle-es has-post-thumbnail taxable shipping-taxable purchasable product-type-simple\" data-loop=\"1\" data-id=\"149969\">\n\n\t\n<div class=\"product-element-top\">\n\t<a href=\"https:\/\/www.erresse-shop.it\/es\/shop\/pequenos-electrodomesticos\/maquinas-de-cafe\/automatico\/sage-the-oracle-touch\/\" class=\"product-image-link\">\n\t\t<img decoding=\"async\" width=\"600\" height=\"600\" src=\"https:\/\/www.erresse-shop.it\/wp-content\/uploads\/2022\/04\/SAGE-The-Oracle-Touch-600x600.jpg\" class=\"attachment-woocommerce_thumbnail size-woocommerce_thumbnail\" alt=\"SAGE The Oracle Touch\" \/>\t<\/a>\n\t\t<div class=\"wd-buttons wd-pos-r-t\">\n\t\t\t\t\t\t\t\t\t<\/div>\n\n\t<div class=\"wd-add-btn wd-add-btn-replace\">\n\t\t\n\t\t\t<\/div>\n\t\t\t\t<div class=\"quick-shop-wrapper wd-fill wd-scroll\">\n\t\t\t\t<div class=\"quick-shop-close wd-action-btn wd-style-text wd-cross-icon\"><a href=\"#\" rel=\"nofollow noopener\">Cerrar<\/a><\/div>\n\t\t\t\t<div class=\"quick-shop-form wd-scroll-content\">\n\t\t\t\t<\/div>\n\t\t\t<\/div>\n\t\t<\/div>\n\n\n\n\n\n<\/div><div class=\"product-grid-item wd-with-labels product wd-hover-quick  col-md-4 col-6 type-product post-121659 status-publish last outofstock product_cat-automatico product_cat-maquinas-de-cafe product_cat-pequenos-electrodomesticos product_tag-coffee-day-es-2 product_tag-made-in-italy-es product_tag-maquina-automatica-de-cafe product_tag-maquina-de-cafe has-post-thumbnail taxable shipping-taxable purchasable product-type-simple\" data-loop=\"2\" data-id=\"121659\">\n\n\t\n<div class=\"product-element-top\">\n\t<a href=\"https:\/\/www.erresse-shop.it\/es\/shop\/pequenos-electrodomesticos\/maquinas-de-cafe\/automatico\/sage-the-barista-touch\/\" class=\"product-image-link\">\n\t\t<img decoding=\"async\" width=\"600\" height=\"600\" src=\"https:\/\/www.erresse-shop.it\/wp-content\/uploads\/2021\/09\/SAGE-The-Barista-Touch-600x600.jpg\" class=\"attachment-woocommerce_thumbnail size-woocommerce_thumbnail\" alt=\"SAGE The Barista Touch\" \/>\t<\/a>\n\t\t<div class=\"wd-buttons wd-pos-r-t\">\n\t\t\t\t\t\t\t\t\t<\/div>\n\n\t<div class=\"wd-add-btn wd-add-btn-replace\">\n\t\t\n\t\t\t<\/div>\n\t\t\t\t<div class=\"quick-shop-wrapper wd-fill wd-scroll\">\n\t\t\t\t<div class=\"quick-shop-close wd-action-btn wd-style-text wd-cross-icon\"><a href=\"#\" rel=\"nofollow noopener\">Cerrar<\/a><\/div>\n\t\t\t\t<div class=\"quick-shop-form wd-scroll-content\">\n\t\t\t\t<\/div>\n\t\t\t<\/div>\n\t\t<\/div>\n\n\n\n\n\n<\/div><div class=\"product-grid-item wd-with-labels product wd-hover-quick  col-md-4 col-6 last  type-product post-121683 status-publish first outofstock product_cat-automatico product_cat-maquinas-de-cafe product_cat-pequenos-electrodomesticos product_tag-coffee-day-es-2 product_tag-made-in-italy-es product_tag-maquina-automatica-de-cafe product_tag-maquina-de-cafe has-post-thumbnail sale taxable shipping-taxable purchasable product-type-simple\" data-loop=\"3\" data-id=\"121683\">\n\n\t\n<div class=\"product-element-top\">\n\t<a href=\"https:\/\/www.erresse-shop.it\/es\/shop\/pequenos-electrodomesticos\/maquinas-de-cafe\/automatico\/sage-the-barista-pro\/\" class=\"product-image-link\">\n\t\t<img decoding=\"async\" width=\"600\" height=\"600\" src=\"https:\/\/www.erresse-shop.it\/wp-content\/uploads\/2021\/09\/SAGE-The-Barista-Pro-600x600.jpg\" class=\"attachment-woocommerce_thumbnail size-woocommerce_thumbnail\" alt=\"SAGE The Barista Pro\" \/>\t<\/a>\n\t\t<div class=\"wd-buttons wd-pos-r-t\">\n\t\t\t\t\t\t\t\t\t<\/div>\n\n\t<div class=\"wd-add-btn wd-add-btn-replace\">\n\t\t\n\t\t\t<\/div>\n\t\t\t\t<div class=\"quick-shop-wrapper wd-fill wd-scroll\">\n\t\t\t\t<div class=\"quick-shop-close wd-action-btn wd-style-text wd-cross-icon\"><a href=\"#\" rel=\"nofollow noopener\">Cerrar<\/a><\/div>\n\t\t\t\t<div class=\"quick-shop-form wd-scroll-content\">\n\t\t\t\t<\/div>\n\t\t\t<\/div>\n\t\t<\/div>\n\n\n\n\n\n<\/div><div class=\"product-grid-item wd-with-labels product wd-hover-quick  col-md-4 col-6 first  type-product post-121701 status-publish outofstock product_cat-automatico product_cat-maquinas-de-cafe product_cat-pequenos-electrodomesticos product_tag-coffee-day-es-2 product_tag-made-in-italy-es product_tag-maquina-automatica-de-cafe has-post-thumbnail sale taxable shipping-taxable purchasable product-type-simple\" data-loop=\"4\" data-id=\"121701\">\n\n\t\n<div class=\"product-element-top\">\n\t<a href=\"https:\/\/www.erresse-shop.it\/es\/shop\/pequenos-electrodomesticos\/maquinas-de-cafe\/automatico\/sage-el-barista-express\/\" class=\"product-image-link\">\n\t\t<img decoding=\"async\" width=\"600\" height=\"600\" src=\"https:\/\/www.erresse-shop.it\/wp-content\/uploads\/2021\/09\/SAGE-The-Bambino-Express-600x600.jpg\" class=\"attachment-woocommerce_thumbnail size-woocommerce_thumbnail\" alt=\"SAGE El Barista Express\" \/>\t<\/a>\n\t\t<div class=\"wd-buttons wd-pos-r-t\">\n\t\t\t\t\t\t\t\t\t<\/div>\n\n\t<div class=\"wd-add-btn wd-add-btn-replace\">\n\t\t\n\t\t\t<\/div>\n\t\t\t\t<div class=\"quick-shop-wrapper wd-fill wd-scroll\">\n\t\t\t\t<div class=\"quick-shop-close wd-action-btn wd-style-text wd-cross-icon\"><a href=\"#\" rel=\"nofollow noopener\">Cerrar<\/a><\/div>\n\t\t\t\t<div class=\"quick-shop-form wd-scroll-content\">\n\t\t\t\t<\/div>\n\t\t\t<\/div>\n\t\t<\/div>\n\n\n\n\n\n<\/div><div class=\"product-grid-item wd-with-labels product wd-hover-quick  col-md-4 col-6 type-product post-150960 status-publish last outofstock product_cat-capsulas product_cat-maquinas-de-cafe product_cat-pequenos-electrodomesticos product_tag-coffee-day-es-2 product_tag-creatista-es product_tag-maquina-de-cafe product_tag-maquina-de-cafe-en-capsulas has-post-thumbnail sale taxable shipping-taxable purchasable product-type-simple\" data-loop=\"5\" data-id=\"150960\">\n\n\t\n<div class=\"product-element-top\">\n\t<a href=\"https:\/\/www.erresse-shop.it\/es\/shop\/pequenos-electrodomesticos\/maquinas-de-cafe\/capsulas\/sage-creatista-pro\/\" class=\"product-image-link\">\n\t\t<img decoding=\"async\" width=\"600\" height=\"600\" src=\"https:\/\/www.erresse-shop.it\/wp-content\/uploads\/2022\/04\/Creatista-Pro-600x600.jpg\" class=\"attachment-woocommerce_thumbnail size-woocommerce_thumbnail\" alt=\"Creatista Pro\" \/>\t<\/a>\n\t\t<div class=\"wd-buttons wd-pos-r-t\">\n\t\t\t\t\t\t\t\t\t<\/div>\n\n\t<div class=\"wd-add-btn wd-add-btn-replace\">\n\t\t\n\t\t\t<\/div>\n\t\t\t\t<div class=\"quick-shop-wrapper wd-fill wd-scroll\">\n\t\t\t\t<div class=\"quick-shop-close wd-action-btn wd-style-text wd-cross-icon\"><a href=\"#\" rel=\"nofollow noopener\">Cerrar<\/a><\/div>\n\t\t\t\t<div class=\"quick-shop-form wd-scroll-content\">\n\t\t\t\t<\/div>\n\t\t\t<\/div>\n\t\t<\/div>\n\n\n\n\n\n<\/div><div class=\"product-grid-item wd-with-labels product wd-hover-quick  col-md-4 col-6 last  type-product post-118297 status-publish first outofstock product_cat-maquinas-de-cafe product_cat-palanca product_cat-pequenos-electrodomesticos product_tag-coffee-day-es-2 product_tag-made-in-italy-es product_tag-maquina-de-cafe product_tag-maquina-de-cafe-de-palanca product_tag-maquina-de-palanca has-post-thumbnail sale taxable shipping-taxable purchasable product-type-simple\" data-loop=\"6\" data-id=\"118297\">\n\n\t\n<div class=\"product-element-top\">\n\t<a href=\"https:\/\/www.erresse-shop.it\/es\/shop\/pequenos-electrodomesticos\/maquinas-de-cafe\/palanca\/la-pavoni-maquina-de-cafe-stradivari-europiccola-asas-de-madera\/\" class=\"product-image-link\">\n\t\t<img decoding=\"async\" width=\"600\" height=\"600\" src=\"https:\/\/www.erresse-shop.it\/wp-content\/uploads\/2021\/03\/La-Pavoni-Stradivari-Europiccola-con-Manici-in-Legno-600x600.jpg\" class=\"attachment-woocommerce_thumbnail size-woocommerce_thumbnail\" alt=\"LA PAVONI M\u00e1quina de Caf\u00e9 Stradivari Europiccola Asas de Madera\" \/>\t<\/a>\n\t\t<div class=\"wd-buttons wd-pos-r-t\">\n\t\t\t\t\t\t\t\t\t<\/div>\n\n\t<div class=\"wd-add-btn wd-add-btn-replace\">\n\t\t\n\t\t\t<\/div>\n\t\t\t\t<div class=\"quick-shop-wrapper wd-fill wd-scroll\">\n\t\t\t\t<div class=\"quick-shop-close wd-action-btn wd-style-text wd-cross-icon\"><a href=\"#\" rel=\"nofollow noopener\">Cerrar<\/a><\/div>\n\t\t\t\t<div class=\"quick-shop-form wd-scroll-content\">\n\t\t\t\t<\/div>\n\t\t\t<\/div>\n\t\t<\/div>\n\n\n\n\n\n<\/div><div class=\"product-grid-item wd-with-labels product wd-hover-quick  col-md-4 col-6 first  type-product post-118307 status-publish outofstock product_cat-maquinas-de-cafe product_cat-palanca product_cat-pequenos-electrodomesticos product_tag-coffee-day-es-2 product_tag-made-in-italy-es product_tag-maquina-de-cafe product_tag-maquina-de-cafe-de-palanca has-post-thumbnail sale taxable shipping-taxable purchasable product-type-simple\" data-loop=\"7\" data-id=\"118307\">\n\n\t\n<div class=\"product-element-top\">\n\t<a href=\"https:\/\/www.erresse-shop.it\/es\/shop\/pequenos-electrodomesticos\/maquinas-de-cafe\/palanca\/la-pavoni-maquina-de-cafe-professional-professional-lusso-asas-de-madera\/\" class=\"product-image-link\">\n\t\t<img decoding=\"async\" width=\"600\" height=\"600\" src=\"https:\/\/www.erresse-shop.it\/wp-content\/uploads\/2021\/03\/La-Pavoni-Professional-Lusso-con-Manici-in-Legno-600x600.jpg\" class=\"attachment-woocommerce_thumbnail size-woocommerce_thumbnail\" alt=\"LA PAVONI M\u00e1quina de Caf\u00e9 Professional Professional Lusso Asas de Madera\" \/>\t<\/a>\n\t\t<div class=\"wd-buttons wd-pos-r-t\">\n\t\t\t\t\t\t\t\t\t<\/div>\n\n\t<div class=\"wd-add-btn wd-add-btn-replace\">\n\t\t\n\t\t\t<\/div>\n\t\t\t\t<div class=\"quick-shop-wrapper wd-fill wd-scroll\">\n\t\t\t\t<div class=\"quick-shop-close wd-action-btn wd-style-text wd-cross-icon\"><a href=\"#\" rel=\"nofollow noopener\">Cerrar<\/a><\/div>\n\t\t\t\t<div class=\"quick-shop-form wd-scroll-content\">\n\t\t\t\t<\/div>\n\t\t\t<\/div>\n\t\t<\/div>\n\n\n\n\n\n<\/div><div class=\"product-grid-item wd-with-labels product wd-hover-quick  col-md-4 col-6 type-product post-118293 status-publish last outofstock product_cat-maquinas-de-cafe product_cat-palanca product_cat-pequenos-electrodomesticos product_tag-made-in-italy-es product_tag-maquina-de-cafe product_tag-maquina-de-cafe-de-palanca product_tag-maquina-de-palanca has-post-thumbnail sale taxable shipping-taxable purchasable product-type-simple\" data-loop=\"8\" data-id=\"118293\">\n\n\t\n<div class=\"product-element-top\">\n\t<a href=\"https:\/\/www.erresse-shop.it\/es\/shop\/pequenos-electrodomesticos\/maquinas-de-cafe\/palanca\/la-pavoni-maquina-de-cafe-espresso-stradivari-professional\/\" class=\"product-image-link\">\n\t\t<img decoding=\"async\" width=\"600\" height=\"600\" src=\"https:\/\/www.erresse-shop.it\/wp-content\/uploads\/2021\/03\/La-Pavoni-Stradivari-Professional-600x600.jpg\" class=\"attachment-woocommerce_thumbnail size-woocommerce_thumbnail\" alt=\"LA PAVONI M\u00e1quina de Caf\u00e9 Espresso Stradivari Professional\" \/>\t<\/a>\n\t\t<div class=\"wd-buttons wd-pos-r-t\">\n\t\t\t\t\t\t\t\t\t<\/div>\n\n\t<div class=\"wd-add-btn wd-add-btn-replace\">\n\t\t\n\t\t\t<\/div>\n\t\t\t\t<div class=\"quick-shop-wrapper wd-fill wd-scroll\">\n\t\t\t\t<div class=\"quick-shop-close wd-action-btn wd-style-text wd-cross-icon\"><a href=\"#\" rel=\"nofollow noopener\">Cerrar<\/a><\/div>\n\t\t\t\t<div class=\"quick-shop-form wd-scroll-content\">\n\t\t\t\t<\/div>\n\t\t\t<\/div>\n\t\t<\/div>\n\n\n\n\n\n<\/div><div class=\"product-grid-item wd-with-labels product wd-hover-quick  col-md-4 col-6 last  type-product post-118285 status-publish first outofstock product_cat-maquinas-de-cafe product_cat-palanca product_cat-pequenos-electrodomesticos product_tag-10-es product_tag-coffee-day-es-2 product_tag-extra10-es product_tag-made-in-italy-es product_tag-maquina-de-cafe product_tag-maquina-de-cafe-de-palanca product_tag-maquina-de-palanca product_tag-verano has-post-thumbnail sale taxable shipping-taxable purchasable product-type-simple\" data-loop=\"9\" data-id=\"118285\">\n\n\t\n<div class=\"product-element-top\">\n\t<a href=\"https:\/\/www.erresse-shop.it\/es\/shop\/pequenos-electrodomesticos\/maquinas-de-cafe\/palanca\/la-pavoni-maquina-de-cafe-espresso-expo-2015\/\" class=\"product-image-link\">\n\t\t<img decoding=\"async\" width=\"600\" height=\"600\" src=\"https:\/\/www.erresse-shop.it\/wp-content\/uploads\/2021\/03\/La-Pavoni-Expo-2015-600x600.jpg\" class=\"attachment-woocommerce_thumbnail size-woocommerce_thumbnail\" alt=\"LA PAVONI M\u00e1quina de Caf\u00e9 Espresso Expo 2015\" \/>\t<\/a>\n\t\t<div class=\"wd-buttons wd-pos-r-t\">\n\t\t\t\t\t\t\t\t\t<\/div>\n\n\t<div class=\"wd-add-btn wd-add-btn-replace\">\n\t\t\n\t\t\t<\/div>\n\t\t\t\t<div class=\"quick-shop-wrapper wd-fill wd-scroll\">\n\t\t\t\t<div class=\"quick-shop-close wd-action-btn wd-style-text wd-cross-icon\"><a href=\"#\" rel=\"nofollow noopener\">Cerrar<\/a><\/div>\n\t\t\t\t<div class=\"quick-shop-form wd-scroll-content\">\n\t\t\t\t<\/div>\n\t\t\t<\/div>\n\t\t<\/div>\n\n\n\n\n\n<\/div><div class=\"product-grid-item wd-with-labels product wd-hover-quick  col-md-4 col-6 first  type-product post-118277 status-publish outofstock product_cat-maquinas-de-cafe product_cat-palanca product_cat-pequenos-electrodomesticos product_tag-coffee-day-es-2 product_tag-luxury-es-2 product_tag-made-in-italy-es product_tag-maquina-de-cafe product_tag-maquina-de-cafe-de-palanca product_tag-maquina-de-palanca has-post-thumbnail sale taxable shipping-taxable purchasable product-type-simple\" data-loop=\"10\" data-id=\"118277\">\n\n\t\n<div class=\"product-element-top\">\n\t<a href=\"https:\/\/www.erresse-shop.it\/es\/shop\/pequenos-electrodomesticos\/maquinas-de-cafe\/palanca\/la-pavoni-maquina-de-cafe-espresso-esperto-competente\/\" class=\"product-image-link\">\n\t\t<img decoding=\"async\" width=\"600\" height=\"600\" src=\"https:\/\/www.erresse-shop.it\/wp-content\/uploads\/2021\/02\/La-Pavoni-Esperto-Competente-600x600.jpg\" class=\"attachment-woocommerce_thumbnail size-woocommerce_thumbnail\" alt=\"LA PAVONI M\u00e1quina de Caf\u00e9 Espresso Esperto Competente\" \/>\t<\/a>\n\t\t<div class=\"wd-buttons wd-pos-r-t\">\n\t\t\t\t\t\t\t\t\t<\/div>\n\n\t<div class=\"wd-add-btn wd-add-btn-replace\">\n\t\t\n\t\t\t<\/div>\n\t\t\t\t<div class=\"quick-shop-wrapper wd-fill wd-scroll\">\n\t\t\t\t<div class=\"quick-shop-close wd-action-btn wd-style-text wd-cross-icon\"><a href=\"#\" rel=\"nofollow noopener\">Cerrar<\/a><\/div>\n\t\t\t\t<div class=\"quick-shop-form wd-scroll-content\">\n\t\t\t\t<\/div>\n\t\t\t<\/div>\n\t\t<\/div>\n\n\n\n\n\n<\/div><div class=\"product-grid-item wd-with-labels product wd-hover-quick  col-md-4 col-6 type-product post-118281 status-publish last outofstock product_cat-maquinas-de-cafe product_cat-palanca product_cat-pequenos-electrodomesticos product_tag-10-es product_tag-coffee-day-es-2 product_tag-extra10-es product_tag-made-in-italy-es product_tag-maquina-de-cafe product_tag-maquina-de-cafe-de-palanca product_tag-verano has-post-thumbnail sale taxable shipping-taxable purchasable product-type-simple\" data-loop=\"11\" data-id=\"118281\">\n\n\t\n<div class=\"product-element-top\">\n\t<a href=\"https:\/\/www.erresse-shop.it\/es\/shop\/pequenos-electrodomesticos\/maquinas-de-cafe\/palanca\/la-pavoni-maquina-de-cafe-espresso-esperto-abile\/\" class=\"product-image-link\">\n\t\t<img decoding=\"async\" width=\"600\" height=\"600\" src=\"https:\/\/www.erresse-shop.it\/wp-content\/uploads\/2021\/02\/La-Pavoni-Esperto-Abile-600x600.jpg\" class=\"attachment-woocommerce_thumbnail size-woocommerce_thumbnail\" alt=\"LA PAVONI M\u00e1quina de Caf\u00e9 Espresso Esperto Abile\" \/>\t<\/a>\n\t\t<div class=\"wd-buttons wd-pos-r-t\">\n\t\t\t\t\t\t\t\t\t<\/div>\n\n\t<div class=\"wd-add-btn wd-add-btn-replace\">\n\t\t\n\t\t\t<\/div>\n\t\t\t\t<div class=\"quick-shop-wrapper wd-fill wd-scroll\">\n\t\t\t\t<div class=\"quick-shop-close wd-action-btn wd-style-text wd-cross-icon\"><a href=\"#\" rel=\"nofollow noopener\">Cerrar<\/a><\/div>\n\t\t\t\t<div class=\"quick-shop-form wd-scroll-content\">\n\t\t\t\t<\/div>\n\t\t\t<\/div>\n\t\t<\/div>\n\n\n\n\n\n<\/div><\/div><\/div>\t\t<\/div>\n\t\t\t\t<\/div>\n\t\t\t\t\t<\/div>\n\t\t<\/div>\n\t\t\t\t\t\t\t<\/div>\n\t\t<\/section>\n\t\t\t\t\t\t\t<\/div>\n\t\t","protected":false},"excerpt":{"rendered":"<p>SAGE Y LA PAVONI te regala 4 tazas de caf\u00e9 MANIFATTURE DI VENEZIA<\/p>\n","protected":false},"author":9021,"featured_media":0,"parent":0,"menu_order":8,"comment_status":"closed","ping_status":"closed","template":"","meta":{"_acf_changed":false,"inline_featured_image":false,"footnotes":""},"acf":[],"yoast_head":"<!-- This site is optimized with the Yoast SEO Premium plugin v18.6 (Yoast SEO v19.13) - https:\/\/yoast.com\/wordpress\/plugins\/seo\/ -->\n<title>Sage Pavoni Manifatture di Venezia M\u00e1quina de Caf\u00e9 - Erresse Shop<\/title>\n<meta name=\"robots\" content=\"index, follow, max-snippet:-1, max-image-preview:large, max-video-preview:-1\" \/>\n<link rel=\"canonical\" href=\"https:\/\/www.erresse-shop.it\/es\/sage-pavoni-manifatture-di-venezia-maquina-de-cafe\/\" \/>\n<meta property=\"og:locale\" content=\"es_ES\" \/>\n<meta property=\"og:type\" content=\"article\" \/>\n<meta property=\"og:title\" content=\"Sage Pavoni Manifatture di Venezia M\u00e1quina de Caf\u00e9\" \/>\n<meta property=\"og:description\" content=\"SAGE Y LA PAVONI te regala 4 tazas de caf\u00e9 MANIFATTURE DI VENEZIA\" \/>\n<meta property=\"og:url\" content=\"https:\/\/www.erresse-shop.it\/es\/sage-pavoni-manifatture-di-venezia-maquina-de-cafe\/\" \/>\n<meta property=\"og:site_name\" content=\"Erresse Shop\" \/>\n<meta property=\"article:modified_time\" content=\"2022-08-04T10:05:45+00:00\" \/>\n<meta name=\"twitter:card\" content=\"summary_large_image\" \/>\n<script type=\"application\/ld+json\" class=\"yoast-schema-graph\">{\"@context\":\"https:\/\/schema.org\",\"@graph\":[{\"@type\":\"WebPage\",\"@id\":\"https:\/\/www.erresse-shop.it\/es\/sage-pavoni-manifatture-di-venezia-maquina-de-cafe\/\",\"url\":\"https:\/\/www.erresse-shop.it\/es\/sage-pavoni-manifatture-di-venezia-maquina-de-cafe\/\",\"name\":\"Sage Pavoni Manifatture di Venezia M\u00e1quina de Caf\u00e9 - Erresse Shop\",\"isPartOf\":{\"@id\":\"https:\/\/www.erresse-shop.it\/es\/#website\"},\"datePublished\":\"2022-08-04T09:23:13+00:00\",\"dateModified\":\"2022-08-04T10:05:45+00:00\",\"breadcrumb\":{\"@id\":\"https:\/\/www.erresse-shop.it\/es\/sage-pavoni-manifatture-di-venezia-maquina-de-cafe\/#breadcrumb\"},\"inLanguage\":\"es\",\"potentialAction\":[{\"@type\":\"ReadAction\",\"target\":[\"https:\/\/www.erresse-shop.it\/es\/sage-pavoni-manifatture-di-venezia-maquina-de-cafe\/\"]}]},{\"@type\":\"BreadcrumbList\",\"@id\":\"https:\/\/www.erresse-shop.it\/es\/sage-pavoni-manifatture-di-venezia-maquina-de-cafe\/#breadcrumb\",\"itemListElement\":[{\"@type\":\"ListItem\",\"position\":1,\"name\":\"Home\",\"item\":\"https:\/\/www.erresse-shop.it\/es\/\"},{\"@type\":\"ListItem\",\"position\":2,\"name\":\"Sage Pavoni Manifatture di Venezia M\u00e1quina de Caf\u00e9\"}]},{\"@type\":\"WebSite\",\"@id\":\"https:\/\/www.erresse-shop.it\/es\/#website\",\"url\":\"https:\/\/www.erresse-shop.it\/es\/\",\"name\":\"Erresse Shop\",\"description\":\"Articoli di qualit\u00e0 per la casa\",\"potentialAction\":[{\"@type\":\"SearchAction\",\"target\":{\"@type\":\"EntryPoint\",\"urlTemplate\":\"https:\/\/www.erresse-shop.it\/es\/?s={search_term_string}\"},\"query-input\":\"required name=search_term_string\"}],\"inLanguage\":\"es\"}]}<\/script>\n<!-- \/ Yoast SEO Premium plugin. -->","yoast_head_json":{"title":"Sage Pavoni Manifatture di Venezia M\u00e1quina de Caf\u00e9 - Erresse Shop","robots":{"index":"index","follow":"follow","max-snippet":"max-snippet:-1","max-image-preview":"max-image-preview:large","max-video-preview":"max-video-preview:-1"},"canonical":"https:\/\/www.erresse-shop.it\/es\/sage-pavoni-manifatture-di-venezia-maquina-de-cafe\/","og_locale":"es_ES","og_type":"article","og_title":"Sage Pavoni Manifatture di Venezia M\u00e1quina de Caf\u00e9","og_description":"SAGE Y LA PAVONI te regala 4 tazas de caf\u00e9 MANIFATTURE DI VENEZIA","og_url":"https:\/\/www.erresse-shop.it\/es\/sage-pavoni-manifatture-di-venezia-maquina-de-cafe\/","og_site_name":"Erresse Shop","article_modified_time":"2022-08-04T10:05:45+00:00","twitter_card":"summary_large_image","schema":{"@context":"https:\/\/schema.org","@graph":[{"@type":"WebPage","@id":"https:\/\/www.erresse-shop.it\/es\/sage-pavoni-manifatture-di-venezia-maquina-de-cafe\/","url":"https:\/\/www.erresse-shop.it\/es\/sage-pavoni-manifatture-di-venezia-maquina-de-cafe\/","name":"Sage Pavoni Manifatture di Venezia M\u00e1quina de Caf\u00e9 - Erresse Shop","isPartOf":{"@id":"https:\/\/www.erresse-shop.it\/es\/#website"},"datePublished":"2022-08-04T09:23:13+00:00","dateModified":"2022-08-04T10:05:45+00:00","breadcrumb":{"@id":"https:\/\/www.erresse-shop.it\/es\/sage-pavoni-manifatture-di-venezia-maquina-de-cafe\/#breadcrumb"},"inLanguage":"es","potentialAction":[{"@type":"ReadAction","target":["https:\/\/www.erresse-shop.it\/es\/sage-pavoni-manifatture-di-venezia-maquina-de-cafe\/"]}]},{"@type":"BreadcrumbList","@id":"https:\/\/www.erresse-shop.it\/es\/sage-pavoni-manifatture-di-venezia-maquina-de-cafe\/#breadcrumb","itemListElement":[{"@type":"ListItem","position":1,"name":"Home","item":"https:\/\/www.erresse-shop.it\/es\/"},{"@type":"ListItem","position":2,"name":"Sage Pavoni Manifatture di Venezia M\u00e1quina de Caf\u00e9"}]},{"@type":"WebSite","@id":"https:\/\/www.erresse-shop.it\/es\/#website","url":"https:\/\/www.erresse-shop.it\/es\/","name":"Erresse Shop","description":"Articoli di qualit\u00e0 per la casa","potentialAction":[{"@type":"SearchAction","target":{"@type":"EntryPoint","urlTemplate":"https:\/\/www.erresse-shop.it\/es\/?s={search_term_string}"},"query-input":"required name=search_term_string"}],"inLanguage":"es"}]}},"_links":{"self":[{"href":"https:\/\/www.erresse-shop.it\/es\/wp-json\/wp\/v2\/pages\/173466"}],"collection":[{"href":"https:\/\/www.erresse-shop.it\/es\/wp-json\/wp\/v2\/pages"}],"about":[{"href":"https:\/\/www.erresse-shop.it\/es\/wp-json\/wp\/v2\/types\/page"}],"author":[{"embeddable":true,"href":"https:\/\/www.erresse-shop.it\/es\/wp-json\/wp\/v2\/users\/9021"}],"replies":[{"embeddable":true,"href":"https:\/\/www.erresse-shop.it\/es\/wp-json\/wp\/v2\/comments?post=173466"}],"version-history":[{"count":2,"href":"https:\/\/www.erresse-shop.it\/es\/wp-json\/wp\/v2\/pages\/173466\/revisions"}],"predecessor-version":[{"id":173492,"href":"https:\/\/www.erresse-shop.it\/es\/wp-json\/wp\/v2\/pages\/173466\/revisions\/173492"}],"wp:attachment":[{"href":"https:\/\/www.erresse-shop.it\/es\/wp-json\/wp\/v2\/media?parent=173466"}],"curies":[{"name":"wp","href":"https:\/\/api.w.org\/{rel}","templated":true}]}}