{"id":516511,"date":"2025-11-12T13:31:50","date_gmt":"2025-11-12T13:31:53","guid":{"rendered":"https:\/\/www.erresse-shop.it\/?post_type=product&#038;p=516511"},"modified":"2025-11-12T14:09:43","modified_gmt":"2025-11-12T14:09:43","slug":"jura-coffee-machine-c9-piano-black","status":"publish","type":"product","link":"https:\/\/www.erresse-shop.it\/en\/shop\/small-appliances\/coffee-machines\/automatic\/jura-coffee-machine-c9-piano-black\/","title":{"rendered":"JURA Coffee Machine C9 Piano Black"},"content":{"rendered":"<div class=\"page-subtitle\">\n<div class=\"page-subtitle\">\n<div class=\"page-subtitle\">\n<div class=\"page-subtitle\">\n<div class=\"page-subtitle\">\n<div class=\"page-subtitle\">\n<div class=\"page-subtitle\">\n<div class=\"page-subtitle\">\n<div class=\"page-subtitle\">\n<div class=\"page-subtitle\"><\/div>\n<\/div>\n<\/div>\n<\/div>\n<\/div>\n<\/div>\n<\/div>\n<\/div>\n<\/div>\n<\/div>\n<div class=\"page-info\">\n<h3>Two worlds of pleasure in one compact format<\/h3>\n<p>It convinces with a warm, light infusion and delivers full-bodied to light and airy coffee aromas in the cup. Thanks to the professional Aroma Grinder, three brewing methods, and a large brewing unit, the C9 masters 17 coffee specialties.<br \/>\nThe selection includes popular classics and the trendy specialties Flat White, Cortado, and Espresso Macchiato. It offers maximum ready-to-drink enjoyment with light, delicate, and aromatic specialties.<\/p>\n<p>The C9&#8217;s innovative technologies allow you to individually adjust the aroma, coffee and milk quantity, and temperature. The powder compartment, easily activated via the menu, is ideal for enjoying decaffeinated coffee.<br \/>\nEquipped with optional Wi-Fi Connect, the automatic coffee machine is compatible with J.O.E.\u00ae. The app simplifies personalized settings and offers additional functions.<br \/>\nThe design of the compact C9 is inspired by JURA&#8217;s premium machines. Both the water tank and the chrome-plated cup grid feature wave-shaped structures.<br \/>\nThe concave-convex front exudes elegance and class and harmoniously integrates the 2.8-inch color display into the overall design.<\/p>\n<h3>Coffee variety in two worlds of pleasure<\/h3>\n<p>The C9 presents a clear selection of specialties in two worlds of pleasure, one classic and one avant-garde.<br \/>\nIt masters pure coffee with its full range of aromas and creates a light brew for the ultimate, light pleasure, ready to drink.<br \/>\nWith espresso macchiato, cortado, and flat white, this compact machine expands its range of specialty coffees and delights coffee lovers who appreciate the intense flavors of coffee with milk foam or milk alternatives.<\/p>\n<h3>Light extraction and hot extraction for ever-changing moments of pleasure<\/h3>\n<p>Double your choice and coffee enjoyment with two worlds of pleasure: the C9 prepares classic hot drinks and innovative light drinks.<br \/>\nThanks to the light extraction process, it offers ready-to-drink pleasure with aromatic and delicate coffee flavors.<br \/>\nBrewed at approximately 60\u00b0C and prepared with less coffee, the gentle extraction develops a unique flavor profile, at a pleasant, ready-to-drink temperature.<br \/>\nThe C9&#8217;s specialty coffees also benefit from the standard brewing unit and, in addition to the standard extraction process, the pulse extraction process (P.E.P.\u00ae).<\/p>\n<h3>Elegant and compact design<\/h3>\n<p>Inspired by high-end machines, the C9 stands out with its classic yet modern design. The concave-convex front invites you to savor the coffee, creating space to present the result in the cup.<br \/>\nBoth the water tank and the chrome-plated cup rack feature a wave-shaped design that emphasizes the harmonious interplay between details and the overall appearance.<br \/>\nThe C9 combines elegance and simplicity, packing exceptional performance into a compact format: minimalist, timeless, and unmistakable.<\/p>\n<\/div>\n<h3><strong>Main Features<\/strong><\/h3>\n<ul>\n<li>Main Features<\/li>\n<li>17 coffee specialties, including: Espresso, Caff\u00e8, Cortado, Cappuccino, Flat White, Latte Macchiato, and Light Brew versions<\/li>\n<li>JURA Technologies:\n<ul>\n<li>P.E.P.\u00ae Pulsed Extraction Process for an intense aroma<\/li>\n<li>Light Brew Process for lighter drinks<\/li>\n<li>Professional Aroma Grinder (P.A.G.) with 7 grinding settings<\/li>\n<li>Thermoblock for rapid and constant heating<\/li>\n<li>Variable brewing unit from 5 to 16 g<\/li>\n<li>Interchangeable HP1\/CX1 milk system<\/li>\n<\/ul>\n<\/li>\n<li>Color display 2.8&#8243; with intuitive buttons<\/li>\n<li>Full customization:\n<ul>\n<li>Coffee strength (10 levels)<\/li>\n<li>Temperature (3 levels)<\/li>\n<li>Adjustable water and milk quantities<\/li>\n<\/ul>\n<\/li>\n<li>Compatible with the J.O.E.\u00ae app via Wi-Fi<\/li>\n<\/ul>\n<h3>Energy efficiency<\/h3>\n<ul>\n<li>Energy Save Mode (E.S.M.\u00a9)<\/li>\n<li>Zero-Energy Switch and programmable shutdown<\/li>\n<li>Standby consumption &lt;0.5 W<\/li>\n<\/ul>\n<h3>Technical specifications<\/h3>\n<ul>\n<li>Water tank: 1.6 L<\/li>\n<li>Bean hopper: 200 g<\/li>\n<li>Grounds container: 16 portions<\/li>\n<li>Pump pressure: 15 bar<\/li>\n<li>Dimensions (W \u00d7 H \u00d7 D): 26 \u00d7 32.5 \u00d7 43.7 cm<\/li>\n<li>Weight: 9.5 kg<\/li>\n<li>Voltage\/Power: 230 V ~ \/ 1450 W<\/li>\n<\/ul>\n<p><strong>Made in Portugal<\/strong><\/p>\n","protected":false},"excerpt":{"rendered":"<p>Two worlds of pleasure in one compact format It convinces with a warm, light infusion and delivers full-bodied to light<\/p>\n","protected":false},"featured_media":516535,"template":"","meta":{"_acf_changed":false,"inline_featured_image":false},"product_cat":[6732,6702,25359],"product_tag":[23567,23562,13965,20776],"acf":[],"yoast_head":"<!-- This site is optimized with the Yoast SEO Premium plugin v18.6 (Yoast SEO v19.13) - https:\/\/yoast.com\/wordpress\/plugins\/seo\/ -->\n<title>JURA Coffee Machine C9 Piano Black - Erresse Shop<\/title>\n<meta name=\"description\" content=\"Two worlds of pleasure in one compact format It convinces with a warm, light infusion and delivers full-bodied to light and airy coffee aromas in the cup.\" \/>\n<meta name=\"robots\" content=\"index, follow, max-snippet:-1, max-image-preview:large, max-video-preview:-1\" \/>\n<link rel=\"canonical\" href=\"https:\/\/www.erresse-shop.it\/en\/shop\/small-appliances\/coffee-machines\/automatic\/jura-coffee-machine-c9-piano-black\/\" \/>\n<meta property=\"og:locale\" content=\"en_US\" \/>\n<meta property=\"og:type\" content=\"article\" \/>\n<meta property=\"og:title\" content=\"JURA Coffee Machine C9 Piano Black\" \/>\n<meta property=\"og:description\" content=\"Two worlds of pleasure in one compact format It convinces with a warm, light infusion and delivers full-bodied to light and airy coffee aromas in the cup.\" \/>\n<meta property=\"og:url\" content=\"https:\/\/www.erresse-shop.it\/en\/shop\/small-appliances\/coffee-machines\/automatic\/jura-coffee-machine-c9-piano-black\/\" \/>\n<meta property=\"og:site_name\" content=\"Erresse Shop\" \/>\n<meta property=\"article:modified_time\" content=\"2025-11-12T14:09:43+00:00\" \/>\n<meta property=\"og:image\" content=\"https:\/\/www.erresse-shop.it\/wp-content\/uploads\/2025\/11\/JURA-Macchina-Da-Caffe-C9-Piano-Black.jpg\" \/>\n\t<meta property=\"og:image:width\" content=\"1200\" \/>\n\t<meta property=\"og:image:height\" content=\"1200\" \/>\n\t<meta property=\"og:image:type\" content=\"image\/jpeg\" \/>\n<meta name=\"twitter:card\" content=\"summary_large_image\" \/>\n<script type=\"application\/ld+json\" class=\"yoast-schema-graph\">{\"@context\":\"https:\/\/schema.org\",\"@graph\":[{\"@type\":\"WebPage\",\"@id\":\"https:\/\/www.erresse-shop.it\/en\/shop\/small-appliances\/coffee-machines\/automatic\/jura-coffee-machine-c9-piano-black\/\",\"url\":\"https:\/\/www.erresse-shop.it\/en\/shop\/small-appliances\/coffee-machines\/automatic\/jura-coffee-machine-c9-piano-black\/\",\"name\":\"JURA Coffee Machine C9 Piano Black - Erresse Shop\",\"isPartOf\":{\"@id\":\"https:\/\/www.erresse-shop.it\/en\/#website\"},\"datePublished\":\"2025-11-12T13:31:53+00:00\",\"dateModified\":\"2025-11-12T14:09:43+00:00\",\"description\":\"Two worlds of pleasure in one compact format It convinces with a warm, light infusion and delivers full-bodied to light and airy coffee aromas in the cup.\",\"breadcrumb\":{\"@id\":\"https:\/\/www.erresse-shop.it\/en\/shop\/small-appliances\/coffee-machines\/automatic\/jura-coffee-machine-c9-piano-black\/#breadcrumb\"},\"inLanguage\":\"en-EN\",\"potentialAction\":[{\"@type\":\"ReadAction\",\"target\":[\"https:\/\/www.erresse-shop.it\/en\/shop\/small-appliances\/coffee-machines\/automatic\/jura-coffee-machine-c9-piano-black\/\"]}]},{\"@type\":\"BreadcrumbList\",\"@id\":\"https:\/\/www.erresse-shop.it\/en\/shop\/small-appliances\/coffee-machines\/automatic\/jura-coffee-machine-c9-piano-black\/#breadcrumb\",\"itemListElement\":[{\"@type\":\"ListItem\",\"position\":1,\"name\":\"Home\",\"item\":\"https:\/\/www.erresse-shop.it\/en\/\"},{\"@type\":\"ListItem\",\"position\":2,\"name\":\"Shop\",\"item\":\"https:\/\/www.erresse-shop.com\/en\/shop\/\"},{\"@type\":\"ListItem\",\"position\":3,\"name\":\"JURA Coffee Machine C9 Piano Black\"}]},{\"@type\":\"WebSite\",\"@id\":\"https:\/\/www.erresse-shop.it\/en\/#website\",\"url\":\"https:\/\/www.erresse-shop.it\/en\/\",\"name\":\"Erresse Shop\",\"description\":\"Articoli di qualit\u00e0 per la casa\",\"potentialAction\":[{\"@type\":\"SearchAction\",\"target\":{\"@type\":\"EntryPoint\",\"urlTemplate\":\"https:\/\/www.erresse-shop.it\/en\/?s={search_term_string}\"},\"query-input\":\"required name=search_term_string\"}],\"inLanguage\":\"en-EN\"}]}<\/script>\n<!-- \/ Yoast SEO Premium plugin. -->","yoast_head_json":{"title":"JURA Coffee Machine C9 Piano Black - Erresse Shop","description":"Two worlds of pleasure in one compact format It convinces with a warm, light infusion and delivers full-bodied to light and airy coffee aromas in the cup.","robots":{"index":"index","follow":"follow","max-snippet":"max-snippet:-1","max-image-preview":"max-image-preview:large","max-video-preview":"max-video-preview:-1"},"canonical":"https:\/\/www.erresse-shop.it\/en\/shop\/small-appliances\/coffee-machines\/automatic\/jura-coffee-machine-c9-piano-black\/","og_locale":"en_US","og_type":"article","og_title":"JURA Coffee Machine C9 Piano Black","og_description":"Two worlds of pleasure in one compact format It convinces with a warm, light infusion and delivers full-bodied to light and airy coffee aromas in the cup.","og_url":"https:\/\/www.erresse-shop.it\/en\/shop\/small-appliances\/coffee-machines\/automatic\/jura-coffee-machine-c9-piano-black\/","og_site_name":"Erresse Shop","article_modified_time":"2025-11-12T14:09:43+00:00","og_image":[{"width":1200,"height":1200,"url":"https:\/\/www.erresse-shop.it\/wp-content\/uploads\/2025\/11\/JURA-Macchina-Da-Caffe-C9-Piano-Black.jpg","type":"image\/jpeg"}],"twitter_card":"summary_large_image","schema":{"@context":"https:\/\/schema.org","@graph":[{"@type":"WebPage","@id":"https:\/\/www.erresse-shop.it\/en\/shop\/small-appliances\/coffee-machines\/automatic\/jura-coffee-machine-c9-piano-black\/","url":"https:\/\/www.erresse-shop.it\/en\/shop\/small-appliances\/coffee-machines\/automatic\/jura-coffee-machine-c9-piano-black\/","name":"JURA Coffee Machine C9 Piano Black - Erresse Shop","isPartOf":{"@id":"https:\/\/www.erresse-shop.it\/en\/#website"},"datePublished":"2025-11-12T13:31:53+00:00","dateModified":"2025-11-12T14:09:43+00:00","description":"Two worlds of pleasure in one compact format It convinces with a warm, light infusion and delivers full-bodied to light and airy coffee aromas in the cup.","breadcrumb":{"@id":"https:\/\/www.erresse-shop.it\/en\/shop\/small-appliances\/coffee-machines\/automatic\/jura-coffee-machine-c9-piano-black\/#breadcrumb"},"inLanguage":"en-EN","potentialAction":[{"@type":"ReadAction","target":["https:\/\/www.erresse-shop.it\/en\/shop\/small-appliances\/coffee-machines\/automatic\/jura-coffee-machine-c9-piano-black\/"]}]},{"@type":"BreadcrumbList","@id":"https:\/\/www.erresse-shop.it\/en\/shop\/small-appliances\/coffee-machines\/automatic\/jura-coffee-machine-c9-piano-black\/#breadcrumb","itemListElement":[{"@type":"ListItem","position":1,"name":"Home","item":"https:\/\/www.erresse-shop.it\/en\/"},{"@type":"ListItem","position":2,"name":"Shop","item":"https:\/\/www.erresse-shop.com\/en\/shop\/"},{"@type":"ListItem","position":3,"name":"JURA Coffee Machine C9 Piano Black"}]},{"@type":"WebSite","@id":"https:\/\/www.erresse-shop.it\/en\/#website","url":"https:\/\/www.erresse-shop.it\/en\/","name":"Erresse Shop","description":"Articoli di qualit\u00e0 per la casa","potentialAction":[{"@type":"SearchAction","target":{"@type":"EntryPoint","urlTemplate":"https:\/\/www.erresse-shop.it\/en\/?s={search_term_string}"},"query-input":"required name=search_term_string"}],"inLanguage":"en-EN"}]}},"df_price":854.1,"df_sale_price":854.1,"df_regular_price":949,"df_image_link":"https:\/\/www.erresse-shop.it\/wp-content\/uploads\/2025\/11\/JURA-Macchina-Da-Caffe-C9-Piano-Black-300x300.jpg","_links":{"self":[{"href":"https:\/\/www.erresse-shop.it\/en\/wp-json\/wp\/v2\/product\/516511"}],"collection":[{"href":"https:\/\/www.erresse-shop.it\/en\/wp-json\/wp\/v2\/product"}],"about":[{"href":"https:\/\/www.erresse-shop.it\/en\/wp-json\/wp\/v2\/types\/product"}],"wp:featuredmedia":[{"embeddable":true,"href":"https:\/\/www.erresse-shop.it\/en\/wp-json\/wp\/v2\/media\/516535"}],"wp:attachment":[{"href":"https:\/\/www.erresse-shop.it\/en\/wp-json\/wp\/v2\/media?parent=516511"}],"wp:term":[{"taxonomy":"product_cat","embeddable":true,"href":"https:\/\/www.erresse-shop.it\/en\/wp-json\/wp\/v2\/product_cat?post=516511"},{"taxonomy":"product_tag","embeddable":true,"href":"https:\/\/www.erresse-shop.it\/en\/wp-json\/wp\/v2\/product_tag?post=516511"}],"curies":[{"name":"wp","href":"https:\/\/api.w.org\/{rel}","templated":true}]}}