{"id":516469,"date":"2025-11-12T13:06:56","date_gmt":"2025-11-12T13:06:58","guid":{"rendered":"https:\/\/www.erresse-shop.it\/?post_type=product&#038;p=516469"},"modified":"2025-11-12T13:25:36","modified_gmt":"2025-11-12T13:25:36","slug":"jura-coffee-machine-w8-dark-inox","status":"publish","type":"product","link":"https:\/\/www.erresse-shop.it\/en\/shop\/small-appliances\/coffee-machines\/automatic\/jura-coffee-machine-w8-dark-inox\/","title":{"rendered":"JURA Coffee Machine W8 Dark Inox"},"content":{"rendered":"<div class=\"page-subtitle\">\n<div class=\"page-subtitle\">\n<div class=\"page-subtitle\">\n<div class=\"page-subtitle\">\n<div class=\"page-subtitle\">\n<div class=\"page-subtitle\">\n<div class=\"page-subtitle\">\n<div class=\"page-subtitle\">\n<div class=\"page-subtitle\">\n<div class=\"page-subtitle\">\n<div class=\"page-subtitle\">\n<h3 class=\"page-subtitle\">The compact and versatile professional<\/h3>\n<p>The compact W8 stands out for its versatility: its menu features 17 coffee specialties, all prepared with the utmost care. The professional Aroma coffee grinder (P.A.G. 2) and fine foam technology round out the W8&#8217;s exceptional performance.<\/p>\n<p>Its ease of use is matched by its functionality: the W8&#8217;s menu is clearly designed, navigation is intuitive, and the Coffee Eye smart cup sensor ensures safe use for all coffee lovers.<br \/>This professional automatic machine offers numerous advantages to operators, including automatic milk system cleaning, a locking coffee bean container and water tank, customizable programs, and the ability to connect to various payment systems.<\/p>\n<p>The W8 unleashes its full power in offices, retail outlets, and commercial spaces where a daily capacity of up to 50 coffee specialties is required.<\/p>\n<\/div>\n<\/div>\n<\/div>\n<\/div>\n<\/div>\n<\/div>\n<\/div>\n<\/div>\n<\/div>\n<div class=\"page-info\">\n<h3>Exquisitely Superlative Coffee Specialties<\/h3>\n<p>The P.A.G.2 grinder raises the bar for quality and the coffee experience of the W8, ensuring perfect grinding and remaining in standby mode after brewing to increase its longevity.<br \/>All-round coffee quality is also achieved through other key JURA technologies: the P.E.P.\u00ae Pulse Extraction Process for an intense espresso, the One-Touch Lungo function for a delicate Americano, and the microfoam technology for a creamy cappuccino.<br \/>This trilogy of technologies provides truly rounded coffee flavor.<\/p>\n<h3>Simple and safe handling<\/h3>\n<p>The W8 guides users through the selection of their favorite specialties via a 3.5-inch display with buttons, while the integrated Coffee Eye helps guide them through the correct cup placement.<br \/>Numerous customization options are available. Thanks to the locking functions, operators can easily customize the W8&#8217;s accessibility at different locations.<br \/>The water tank, removable from the front, and the easily accessible bean container facilitate maintenance and are equipped with a lock to protect them from unauthorized access.<\/p>\n<h3>Timeless design for any environment<\/h3>\n<p>With its compact design, linear shapes, and Dark Inox color, the W8 is compact, timeless, and elegant. Chrome elements complete the look and style.<br \/>The W8 integrates harmoniously into any interior, creating an exemplary combination of aesthetics and functionality that will win everyone&#8217;s admiration.<\/p>\n<h3>Supported Payment Systems<\/h3>\n<p>Thanks to the MDB standard, the W8 is perfectly equipped for use in a commercial environment.<br \/>It can be connected to standard payment systems via the optional MDB 2.0 interface and offers the option of using Pocket Pilot 2.0, JURA&#8217;s free software that combines contactless payment with an invoicing and administration system to create an easy-to-use, web-based tool.<\/p>\n<\/div>\n<\/div>\n<\/div>\n<h3><strong>Main Features<\/strong><\/h3>\n<ul>\n<li><strong>17 coffee specialties:<\/strong> Espresso, 2 x Espresso, Caff\u00e8, 2 x Caff\u00e8, Americano, Lungo, Special Coffee, Cortado, Espresso Macchiato, Cappuccino, Cappuccino Extra Shot, Flat White, Flat White Extra Shot, Latte Macchiato, Latte Macchiato Extra Shot, Milk Froth, and Hot Water<\/li>\n<li>Hourly output: up to 83 espressos or 74 coffees per hour<\/li>\n<li>JURA technologies:\n<ul>\n<li>P.E.P.\u00ae pulse extraction process<\/li>\n<li>High-performance P.A.G.2 grinder<\/li>\n<li>Thermoblock for rapid heating<\/li>\n<li>Coffee Eye: automatic cup position recognition<\/li>\n<li>Variable brewing group 5\u201316 g<\/li>\n<li>Replaceable HP3\/CX3 milk system<\/li>\n<li>Active bean control<\/li>\n<\/ul>\n<\/li>\n<\/ul>\n<h3>Display and customization<\/h3>\n<ul>\n<li>3.5&#8243; color display with intuitive buttons<\/li>\n<li>10-level adjustable coffee strength<\/li>\n<li>3-level programmable brewing and water temperature<\/li>\n<li>Resettable daily counter and statistics for each drink<\/li>\n<\/ul>\n<h3>Energy efficiency<\/h3>\n<ul>\n<li>Energy Save Mode (E.S.M.\u00a9)<\/li>\n<li>Zero-Energy Switch and programmable shutdown<\/li>\n<li>Standby consumption &lt;0.5 W<\/li>\n<\/ul>\n<h3>Technical Specifications<\/h3>\n<ul>\n<li>Water Tank: 3 L<\/li>\n<li>Bean Container: 500 g<\/li>\n<li>Coffee Grounds: 25 Servings<\/li>\n<li>Pump: 15 bar<\/li>\n<li>Dimensions (W \u00d7 H \u00d7 D): 29.5 \u00d7 44.3 \u00d7 44.6 cm<\/li>\n<li>Weight: 12.7 kg<\/li>\n<li>Voltage \/ Power: 230 V ~ \/ 1450 W<\/li>\n<li>Standby Power Consumption: 2 W<\/li>\n<\/ul>\n<p><strong>Made in Portugal<\/strong><\/p>\n","protected":false},"excerpt":{"rendered":"<p><br data-mce-bogus=\"1\"><\/p>\n","protected":false},"featured_media":516498,"template":"","meta":{"_acf_changed":false,"inline_featured_image":false},"product_cat":[6732,6702,25359],"product_tag":[23567,23562,13965,20776],"acf":[],"yoast_head":"<!-- This site is optimized with the Yoast SEO Premium plugin v18.6 (Yoast SEO v19.13) - https:\/\/yoast.com\/wordpress\/plugins\/seo\/ -->\n<title>JURA Coffee Machine W8 Dark Inox - Erresse Shop<\/title>\n<meta name=\"robots\" content=\"index, follow, max-snippet:-1, max-image-preview:large, max-video-preview:-1\" \/>\n<link rel=\"canonical\" href=\"https:\/\/www.erresse-shop.it\/en\/shop\/small-appliances\/coffee-machines\/automatic\/jura-coffee-machine-w8-dark-inox\/\" \/>\n<meta property=\"og:locale\" content=\"en_US\" \/>\n<meta property=\"og:type\" content=\"article\" \/>\n<meta property=\"og:title\" content=\"JURA Coffee Machine W8 Dark Inox\" \/>\n<meta property=\"og:url\" content=\"https:\/\/www.erresse-shop.it\/en\/shop\/small-appliances\/coffee-machines\/automatic\/jura-coffee-machine-w8-dark-inox\/\" \/>\n<meta property=\"og:site_name\" content=\"Erresse Shop\" \/>\n<meta property=\"article:modified_time\" content=\"2025-11-12T13:25:36+00:00\" \/>\n<meta property=\"og:image\" content=\"https:\/\/www.erresse-shop.it\/wp-content\/uploads\/2025\/11\/JURA-Macchina-Da-Caffe-W8-Dark-Inox.jpg\" \/>\n\t<meta property=\"og:image:width\" content=\"1200\" \/>\n\t<meta property=\"og:image:height\" content=\"1200\" \/>\n\t<meta property=\"og:image:type\" content=\"image\/jpeg\" \/>\n<meta name=\"twitter:card\" content=\"summary_large_image\" \/>\n<script type=\"application\/ld+json\" class=\"yoast-schema-graph\">{\"@context\":\"https:\/\/schema.org\",\"@graph\":[{\"@type\":\"WebPage\",\"@id\":\"https:\/\/www.erresse-shop.it\/en\/shop\/small-appliances\/coffee-machines\/automatic\/jura-coffee-machine-w8-dark-inox\/\",\"url\":\"https:\/\/www.erresse-shop.it\/en\/shop\/small-appliances\/coffee-machines\/automatic\/jura-coffee-machine-w8-dark-inox\/\",\"name\":\"JURA Coffee Machine W8 Dark Inox - Erresse Shop\",\"isPartOf\":{\"@id\":\"https:\/\/www.erresse-shop.it\/en\/#website\"},\"datePublished\":\"2025-11-12T13:06:58+00:00\",\"dateModified\":\"2025-11-12T13:25:36+00:00\",\"breadcrumb\":{\"@id\":\"https:\/\/www.erresse-shop.it\/en\/shop\/small-appliances\/coffee-machines\/automatic\/jura-coffee-machine-w8-dark-inox\/#breadcrumb\"},\"inLanguage\":\"en-EN\",\"potentialAction\":[{\"@type\":\"ReadAction\",\"target\":[\"https:\/\/www.erresse-shop.it\/en\/shop\/small-appliances\/coffee-machines\/automatic\/jura-coffee-machine-w8-dark-inox\/\"]}]},{\"@type\":\"BreadcrumbList\",\"@id\":\"https:\/\/www.erresse-shop.it\/en\/shop\/small-appliances\/coffee-machines\/automatic\/jura-coffee-machine-w8-dark-inox\/#breadcrumb\",\"itemListElement\":[{\"@type\":\"ListItem\",\"position\":1,\"name\":\"Home\",\"item\":\"https:\/\/www.erresse-shop.it\/en\/\"},{\"@type\":\"ListItem\",\"position\":2,\"name\":\"Shop\",\"item\":\"https:\/\/www.erresse-shop.com\/en\/shop\/\"},{\"@type\":\"ListItem\",\"position\":3,\"name\":\"JURA Coffee Machine W8 Dark Inox\"}]},{\"@type\":\"WebSite\",\"@id\":\"https:\/\/www.erresse-shop.it\/en\/#website\",\"url\":\"https:\/\/www.erresse-shop.it\/en\/\",\"name\":\"Erresse Shop\",\"description\":\"Articoli di qualit\u00e0 per la casa\",\"potentialAction\":[{\"@type\":\"SearchAction\",\"target\":{\"@type\":\"EntryPoint\",\"urlTemplate\":\"https:\/\/www.erresse-shop.it\/en\/?s={search_term_string}\"},\"query-input\":\"required name=search_term_string\"}],\"inLanguage\":\"en-EN\"}]}<\/script>\n<!-- \/ Yoast SEO Premium plugin. -->","yoast_head_json":{"title":"JURA Coffee Machine W8 Dark Inox - Erresse Shop","robots":{"index":"index","follow":"follow","max-snippet":"max-snippet:-1","max-image-preview":"max-image-preview:large","max-video-preview":"max-video-preview:-1"},"canonical":"https:\/\/www.erresse-shop.it\/en\/shop\/small-appliances\/coffee-machines\/automatic\/jura-coffee-machine-w8-dark-inox\/","og_locale":"en_US","og_type":"article","og_title":"JURA Coffee Machine W8 Dark Inox","og_url":"https:\/\/www.erresse-shop.it\/en\/shop\/small-appliances\/coffee-machines\/automatic\/jura-coffee-machine-w8-dark-inox\/","og_site_name":"Erresse Shop","article_modified_time":"2025-11-12T13:25:36+00:00","og_image":[{"width":1200,"height":1200,"url":"https:\/\/www.erresse-shop.it\/wp-content\/uploads\/2025\/11\/JURA-Macchina-Da-Caffe-W8-Dark-Inox.jpg","type":"image\/jpeg"}],"twitter_card":"summary_large_image","schema":{"@context":"https:\/\/schema.org","@graph":[{"@type":"WebPage","@id":"https:\/\/www.erresse-shop.it\/en\/shop\/small-appliances\/coffee-machines\/automatic\/jura-coffee-machine-w8-dark-inox\/","url":"https:\/\/www.erresse-shop.it\/en\/shop\/small-appliances\/coffee-machines\/automatic\/jura-coffee-machine-w8-dark-inox\/","name":"JURA Coffee Machine W8 Dark Inox - Erresse Shop","isPartOf":{"@id":"https:\/\/www.erresse-shop.it\/en\/#website"},"datePublished":"2025-11-12T13:06:58+00:00","dateModified":"2025-11-12T13:25:36+00:00","breadcrumb":{"@id":"https:\/\/www.erresse-shop.it\/en\/shop\/small-appliances\/coffee-machines\/automatic\/jura-coffee-machine-w8-dark-inox\/#breadcrumb"},"inLanguage":"en-EN","potentialAction":[{"@type":"ReadAction","target":["https:\/\/www.erresse-shop.it\/en\/shop\/small-appliances\/coffee-machines\/automatic\/jura-coffee-machine-w8-dark-inox\/"]}]},{"@type":"BreadcrumbList","@id":"https:\/\/www.erresse-shop.it\/en\/shop\/small-appliances\/coffee-machines\/automatic\/jura-coffee-machine-w8-dark-inox\/#breadcrumb","itemListElement":[{"@type":"ListItem","position":1,"name":"Home","item":"https:\/\/www.erresse-shop.it\/en\/"},{"@type":"ListItem","position":2,"name":"Shop","item":"https:\/\/www.erresse-shop.com\/en\/shop\/"},{"@type":"ListItem","position":3,"name":"JURA Coffee Machine W8 Dark Inox"}]},{"@type":"WebSite","@id":"https:\/\/www.erresse-shop.it\/en\/#website","url":"https:\/\/www.erresse-shop.it\/en\/","name":"Erresse Shop","description":"Articoli di qualit\u00e0 per la casa","potentialAction":[{"@type":"SearchAction","target":{"@type":"EntryPoint","urlTemplate":"https:\/\/www.erresse-shop.it\/en\/?s={search_term_string}"},"query-input":"required name=search_term_string"}],"inLanguage":"en-EN"}]}},"df_price":1998,"df_sale_price":1998,"df_regular_price":2299,"df_image_link":"https:\/\/www.erresse-shop.it\/wp-content\/uploads\/2025\/11\/JURA-Macchina-Da-Caffe-W8-Dark-Inox-300x300.jpg","_links":{"self":[{"href":"https:\/\/www.erresse-shop.it\/en\/wp-json\/wp\/v2\/product\/516469"}],"collection":[{"href":"https:\/\/www.erresse-shop.it\/en\/wp-json\/wp\/v2\/product"}],"about":[{"href":"https:\/\/www.erresse-shop.it\/en\/wp-json\/wp\/v2\/types\/product"}],"wp:featuredmedia":[{"embeddable":true,"href":"https:\/\/www.erresse-shop.it\/en\/wp-json\/wp\/v2\/media\/516498"}],"wp:attachment":[{"href":"https:\/\/www.erresse-shop.it\/en\/wp-json\/wp\/v2\/media?parent=516469"}],"wp:term":[{"taxonomy":"product_cat","embeddable":true,"href":"https:\/\/www.erresse-shop.it\/en\/wp-json\/wp\/v2\/product_cat?post=516469"},{"taxonomy":"product_tag","embeddable":true,"href":"https:\/\/www.erresse-shop.it\/en\/wp-json\/wp\/v2\/product_tag?post=516469"}],"curies":[{"name":"wp","href":"https:\/\/api.w.org\/{rel}","templated":true}]}}