{"id":516427,"date":"2025-11-12T11:21:09","date_gmt":"2025-11-12T11:21:12","guid":{"rendered":"https:\/\/www.erresse-shop.it\/?post_type=product&#038;p=516427"},"modified":"2025-11-12T11:45:12","modified_gmt":"2025-11-12T11:45:12","slug":"jura-coffee-machine-w4-dark-inox","status":"publish","type":"product","link":"https:\/\/www.erresse-shop.it\/en\/shop\/small-appliances\/coffee-machines\/automatic\/jura-coffee-machine-w4-dark-inox\/","title":{"rendered":"JURA Coffee Machine W4 Dark Inox"},"content":{"rendered":"<div class=\"page-subtitle\">\n<div class=\"page-subtitle\">\n<div class=\"page-subtitle\">\n<div class=\"page-subtitle\">\n<div class=\"page-subtitle\">\n<div class=\"page-subtitle\">\n<div class=\"page-subtitle\">\n<div class=\"page-subtitle\">\n<div class=\"page-subtitle\">\n<div class=\"page-subtitle\">\n<h3 class=\"page-subtitle\">Automatic coffee-only machine in a compact business format<\/h3>\n<p class=\"page-subtitle\">Compact and equipped with all the comforts you could want in a work environment: the W4 is a professional automatic coffee-only machine, robust and extremely easy to use. use.<\/p>\n<\/div>\n<\/div>\n<\/div>\n<\/div>\n<\/div>\n<\/div>\n<\/div>\n<\/div>\n<\/div>\n<\/div>\n<div class=\"page-info\">\n<h3>Exceptional coffee quality<\/h3>\n<p>The Professional Aroma Grinder (P.A.G.2) ensures consistently perfect coffee results and brings the full complexity of aromas to the cup.<br \/>\nAfter each preparation, the P.A.G.2 rotates back to its original position, ensuring not only perfection but also a consistent grind thanks to its long life.<br \/>\nThe highest-quality coffee results are also guaranteed by three different brewing processes that automatically give the selected specialty its distinctive character at the touch of a button\u2014be it espresso, caff\u00e8, or lungo.<\/p>\n<h3>Complete ease of use<\/h3>\n<p>Professional in every respect, the W4 takes into account the needs of both the operator and the coffee drinker.<br \/>\nWith a 3.5-inch color display and six buttons, it offers convenient menu access. From an operational standpoint, it impresses with its extensive configuration and locking options.<br \/>\nThanks to the lockable water tank and bean container, it is protected from external tampering and offers easy handling in everyday use thanks to ergonomic components such as the drip tray and coffee grounds container.<\/p>\n<h3>Linear Design<\/h3>\n<p>With its linear design, the W4 exudes a superior calm. It enhances solidity in a dynamic environment and integrates harmoniously into an orderly environment.<br \/>\nIts functionality and intuitive operating concept complete its profile as a professional, easy-to-use automatic coffee machine.<\/p>\n<h3>Supported Payment Systems<\/h3>\n<p>The W4 is equipped with an MDB interface, ideal for use in a business environment: in combination with the optional MDB interface, it can connect to common payment systems and also enables the use of Pocket Pilot 2.0.<br \/>\nAs a free web-based software, Pocket Pilot 2.0 also simplifies contactless payments for startups and small businesses. The software also includes a flexible invoicing and administration system.<\/p>\n<\/div>\n<h3><strong>Main features<\/strong><\/h3>\n<ul>\n<li><strong>10 coffee specialties<\/strong>: Espresso, 2 x Espresso, Caff\u00e8, 2 x Caff\u00e8, Americano, Lungo, Double Espresso, Special Coffee, Hot Water and Water for Green Tea<\/li>\n<li><strong>Hourly output<\/strong>: Up to 75 espressos or 73 coffees per hour<\/li>\n<li><strong>JURA technologies<\/strong>:\n<ul>\n<li>P.E.P.\u00ae Pulse Extraction Process<\/li>\n<li>P.A.G.2 Grinder<\/li>\n<li>Thermoblock for rapid heating<\/li>\n<li>5\u201316 g brewing group<\/li>\n<li>Active bean control<\/li>\n<\/ul>\n<\/li>\n<li><strong>Color display 3.5&#8243;<\/strong> with customizable buttons and settings:\n<ul>\n<li>Coffee strength (10 levels)<\/li>\n<li>Brewing and water temperature (3 levels each)<\/li>\n<\/ul>\n<\/li>\n<li><strong>Advanced connectivity<\/strong>: Smart Connect, Wi-Fi Connect, Payment Connect, MDB Connect<\/li>\n<li>Compatible with payment and telemetry systems (Pocket Pilot 2.0, Data Communicator, MDB Interface 2.0)<\/li>\n<\/ul>\n<h3>Energy efficiency<\/h3>\n<ul>\n<li>Energy Save Mode (E.S.M.\u00a9)<\/li>\n<li>Zero-Energy Switch and programmable shutdown<\/li>\n<li>Standby consumption &lt;0.5 W<\/li>\n<\/ul>\n<h3>Technical specifications<\/h3>\n<ul>\n<li>Water tank Water: 3 L<\/li>\n<li>Bean container: 500 g<\/li>\n<li>Coffee grounds: 25 servings<\/li>\n<li>Pump pressure: 15 bar<\/li>\n<li>Dimensions (W \u00d7 H \u00d7 D): 29.5 \u00d7 44.3 \u00d7 44.6 cm<\/li>\n<li>Weight: 10.4 kg<\/li>\n<li>Voltage \/ Power: 230 V ~ \/ 1450 W<\/li>\n<\/ul>\n<p><strong>Made in Portugal<\/strong><\/p>\n","protected":false},"excerpt":{"rendered":"<p>Automatic coffee-only machine in a compact business format Compact and equipped with all the comforts you could want in a<\/p>\n","protected":false},"featured_media":516456,"template":"","meta":{"_acf_changed":false,"inline_featured_image":false},"product_cat":[6732,6702,25359],"product_tag":[23567,23562,13965,20776],"acf":[],"yoast_head":"<!-- This site is optimized with the Yoast SEO Premium plugin v18.6 (Yoast SEO v19.13) - https:\/\/yoast.com\/wordpress\/plugins\/seo\/ -->\n<title>JURA Coffee Machine W4 Dark Inox - Erresse Shop<\/title>\n<meta name=\"description\" content=\"Automatic coffee-only machine in a compact business format Compact and equipped with all the comforts you could want in a work environment: the W4 is a\" \/>\n<meta name=\"robots\" content=\"index, follow, max-snippet:-1, max-image-preview:large, max-video-preview:-1\" \/>\n<link rel=\"canonical\" href=\"https:\/\/www.erresse-shop.it\/en\/shop\/small-appliances\/coffee-machines\/automatic\/jura-coffee-machine-w4-dark-inox\/\" \/>\n<meta property=\"og:locale\" content=\"en_US\" \/>\n<meta property=\"og:type\" content=\"article\" \/>\n<meta property=\"og:title\" content=\"JURA Coffee Machine W4 Dark Inox\" \/>\n<meta property=\"og:description\" content=\"Automatic coffee-only machine in a compact business format Compact and equipped with all the comforts you could want in a work environment: the W4 is a\" \/>\n<meta property=\"og:url\" content=\"https:\/\/www.erresse-shop.it\/en\/shop\/small-appliances\/coffee-machines\/automatic\/jura-coffee-machine-w4-dark-inox\/\" \/>\n<meta property=\"og:site_name\" content=\"Erresse Shop\" \/>\n<meta property=\"article:modified_time\" content=\"2025-11-12T11:45:12+00:00\" \/>\n<meta property=\"og:image\" content=\"https:\/\/www.erresse-shop.it\/wp-content\/uploads\/2025\/11\/JURA-Macchina-Da-Caffe-W4-Dark-Inox.jpg\" \/>\n\t<meta property=\"og:image:width\" content=\"1200\" \/>\n\t<meta property=\"og:image:height\" content=\"1200\" \/>\n\t<meta property=\"og:image:type\" content=\"image\/jpeg\" \/>\n<meta name=\"twitter:card\" content=\"summary_large_image\" \/>\n<script type=\"application\/ld+json\" class=\"yoast-schema-graph\">{\"@context\":\"https:\/\/schema.org\",\"@graph\":[{\"@type\":\"WebPage\",\"@id\":\"https:\/\/www.erresse-shop.it\/en\/shop\/small-appliances\/coffee-machines\/automatic\/jura-coffee-machine-w4-dark-inox\/\",\"url\":\"https:\/\/www.erresse-shop.it\/en\/shop\/small-appliances\/coffee-machines\/automatic\/jura-coffee-machine-w4-dark-inox\/\",\"name\":\"JURA Coffee Machine W4 Dark Inox - Erresse Shop\",\"isPartOf\":{\"@id\":\"https:\/\/www.erresse-shop.it\/en\/#website\"},\"datePublished\":\"2025-11-12T11:21:12+00:00\",\"dateModified\":\"2025-11-12T11:45:12+00:00\",\"description\":\"Automatic coffee-only machine in a compact business format Compact and equipped with all the comforts you could want in a work environment: the W4 is a\",\"breadcrumb\":{\"@id\":\"https:\/\/www.erresse-shop.it\/en\/shop\/small-appliances\/coffee-machines\/automatic\/jura-coffee-machine-w4-dark-inox\/#breadcrumb\"},\"inLanguage\":\"en-EN\",\"potentialAction\":[{\"@type\":\"ReadAction\",\"target\":[\"https:\/\/www.erresse-shop.it\/en\/shop\/small-appliances\/coffee-machines\/automatic\/jura-coffee-machine-w4-dark-inox\/\"]}]},{\"@type\":\"BreadcrumbList\",\"@id\":\"https:\/\/www.erresse-shop.it\/en\/shop\/small-appliances\/coffee-machines\/automatic\/jura-coffee-machine-w4-dark-inox\/#breadcrumb\",\"itemListElement\":[{\"@type\":\"ListItem\",\"position\":1,\"name\":\"Home\",\"item\":\"https:\/\/www.erresse-shop.it\/en\/\"},{\"@type\":\"ListItem\",\"position\":2,\"name\":\"Shop\",\"item\":\"https:\/\/www.erresse-shop.com\/en\/shop\/\"},{\"@type\":\"ListItem\",\"position\":3,\"name\":\"JURA Coffee Machine W4 Dark Inox\"}]},{\"@type\":\"WebSite\",\"@id\":\"https:\/\/www.erresse-shop.it\/en\/#website\",\"url\":\"https:\/\/www.erresse-shop.it\/en\/\",\"name\":\"Erresse Shop\",\"description\":\"Articoli di qualit\u00e0 per la casa\",\"potentialAction\":[{\"@type\":\"SearchAction\",\"target\":{\"@type\":\"EntryPoint\",\"urlTemplate\":\"https:\/\/www.erresse-shop.it\/en\/?s={search_term_string}\"},\"query-input\":\"required name=search_term_string\"}],\"inLanguage\":\"en-EN\"}]}<\/script>\n<!-- \/ Yoast SEO Premium plugin. -->","yoast_head_json":{"title":"JURA Coffee Machine W4 Dark Inox - Erresse Shop","description":"Automatic coffee-only machine in a compact business format Compact and equipped with all the comforts you could want in a work environment: the W4 is a","robots":{"index":"index","follow":"follow","max-snippet":"max-snippet:-1","max-image-preview":"max-image-preview:large","max-video-preview":"max-video-preview:-1"},"canonical":"https:\/\/www.erresse-shop.it\/en\/shop\/small-appliances\/coffee-machines\/automatic\/jura-coffee-machine-w4-dark-inox\/","og_locale":"en_US","og_type":"article","og_title":"JURA Coffee Machine W4 Dark Inox","og_description":"Automatic coffee-only machine in a compact business format Compact and equipped with all the comforts you could want in a work environment: the W4 is a","og_url":"https:\/\/www.erresse-shop.it\/en\/shop\/small-appliances\/coffee-machines\/automatic\/jura-coffee-machine-w4-dark-inox\/","og_site_name":"Erresse Shop","article_modified_time":"2025-11-12T11:45:12+00:00","og_image":[{"width":1200,"height":1200,"url":"https:\/\/www.erresse-shop.it\/wp-content\/uploads\/2025\/11\/JURA-Macchina-Da-Caffe-W4-Dark-Inox.jpg","type":"image\/jpeg"}],"twitter_card":"summary_large_image","schema":{"@context":"https:\/\/schema.org","@graph":[{"@type":"WebPage","@id":"https:\/\/www.erresse-shop.it\/en\/shop\/small-appliances\/coffee-machines\/automatic\/jura-coffee-machine-w4-dark-inox\/","url":"https:\/\/www.erresse-shop.it\/en\/shop\/small-appliances\/coffee-machines\/automatic\/jura-coffee-machine-w4-dark-inox\/","name":"JURA Coffee Machine W4 Dark Inox - Erresse Shop","isPartOf":{"@id":"https:\/\/www.erresse-shop.it\/en\/#website"},"datePublished":"2025-11-12T11:21:12+00:00","dateModified":"2025-11-12T11:45:12+00:00","description":"Automatic coffee-only machine in a compact business format Compact and equipped with all the comforts you could want in a work environment: the W4 is a","breadcrumb":{"@id":"https:\/\/www.erresse-shop.it\/en\/shop\/small-appliances\/coffee-machines\/automatic\/jura-coffee-machine-w4-dark-inox\/#breadcrumb"},"inLanguage":"en-EN","potentialAction":[{"@type":"ReadAction","target":["https:\/\/www.erresse-shop.it\/en\/shop\/small-appliances\/coffee-machines\/automatic\/jura-coffee-machine-w4-dark-inox\/"]}]},{"@type":"BreadcrumbList","@id":"https:\/\/www.erresse-shop.it\/en\/shop\/small-appliances\/coffee-machines\/automatic\/jura-coffee-machine-w4-dark-inox\/#breadcrumb","itemListElement":[{"@type":"ListItem","position":1,"name":"Home","item":"https:\/\/www.erresse-shop.it\/en\/"},{"@type":"ListItem","position":2,"name":"Shop","item":"https:\/\/www.erresse-shop.com\/en\/shop\/"},{"@type":"ListItem","position":3,"name":"JURA Coffee Machine W4 Dark Inox"}]},{"@type":"WebSite","@id":"https:\/\/www.erresse-shop.it\/en\/#website","url":"https:\/\/www.erresse-shop.it\/en\/","name":"Erresse Shop","description":"Articoli di qualit\u00e0 per la casa","potentialAction":[{"@type":"SearchAction","target":{"@type":"EntryPoint","urlTemplate":"https:\/\/www.erresse-shop.it\/en\/?s={search_term_string}"},"query-input":"required name=search_term_string"}],"inLanguage":"en-EN"}]}},"df_price":1649.95,"df_sale_price":1649.95,"df_regular_price":1899,"df_image_link":"https:\/\/www.erresse-shop.it\/wp-content\/uploads\/2025\/11\/JURA-Macchina-Da-Caffe-W4-Dark-Inox-300x300.jpg","_links":{"self":[{"href":"https:\/\/www.erresse-shop.it\/en\/wp-json\/wp\/v2\/product\/516427"}],"collection":[{"href":"https:\/\/www.erresse-shop.it\/en\/wp-json\/wp\/v2\/product"}],"about":[{"href":"https:\/\/www.erresse-shop.it\/en\/wp-json\/wp\/v2\/types\/product"}],"wp:featuredmedia":[{"embeddable":true,"href":"https:\/\/www.erresse-shop.it\/en\/wp-json\/wp\/v2\/media\/516456"}],"wp:attachment":[{"href":"https:\/\/www.erresse-shop.it\/en\/wp-json\/wp\/v2\/media?parent=516427"}],"wp:term":[{"taxonomy":"product_cat","embeddable":true,"href":"https:\/\/www.erresse-shop.it\/en\/wp-json\/wp\/v2\/product_cat?post=516427"},{"taxonomy":"product_tag","embeddable":true,"href":"https:\/\/www.erresse-shop.it\/en\/wp-json\/wp\/v2\/product_tag?post=516427"}],"curies":[{"name":"wp","href":"https:\/\/api.w.org\/{rel}","templated":true}]}}