{"id":501187,"date":"2025-05-29T06:01:05","date_gmt":"2025-05-29T06:01:08","guid":{"rendered":"https:\/\/www.erresse-shop.it\/?post_type=product&#038;p=501187"},"modified":"2025-05-29T06:52:48","modified_gmt":"2025-05-29T06:52:48","slug":"jura-coffee-machine-j8-piano-white","status":"publish","type":"product","link":"https:\/\/www.erresse-shop.it\/en\/shop\/small-appliances\/coffee-machines\/automatic\/jura-coffee-machine-j8-piano-white\/","title":{"rendered":"JURA Coffee Machine J8 Piano White"},"content":{"rendered":"<h3><span style=\"font-size: 14pt;\">J8 for coffee specialties \u2013 also with sweetened milk foam<\/span><\/h3>\n<p>The new generation of the world-famous J line includes a series of technological innovations for even more perfect coffee enjoyment. In addition to the entire range of classic coffees, the J8 now offers even more specialties.<\/p>\n<h3><span style=\"font-size: 14pt;\">Sweet Foam function \u2013 the new frontier of enjoyment<\/span><\/h3>\n<p>The secret of haute cuisine lies in the use of fresh, pure ingredients, masterfully prepared. The same applies to extraordinary coffee specialties. The new Sweet Foam function flavors the milk foam during preparation with the corresponding syrup attachment, offering completely new dimensions of enjoyment. By selecting and dosing the syrup used, the flavor and intensity can be precisely adjusted to individual preferences. This means that the J8 also prepares delicious trend specialties such as Sweet Latte at the touch of a button.<\/p>\n<h3><span style=\"font-size: 14pt;\">Coffee Eye \u2013 an intelligent cup sensor<\/span><\/h3>\n<p>Whether you want to prepare a classic from the central coffee spout or prefer a specialty enriched with milk and milk foam from the cappuccino spout, the Coffee Eye makes things easier for you. The intelligent sensor detects the positioning of the cup and automatically adjusts the range of selectable specialties on the display to its position. For even easier and more intuitive operation.<\/p>\n<h3><span style=\"font-size: 14pt;\">P.A.G.2+ \u2013 high-tech for an exceptional aroma<\/span><\/h3>\n<p>The P.A.G.2+ coffee grinder is in a class of its own. This is demonstrated by the sound design inspired by Formula 1. The so-called aroma control is an active control of the grinding degree that guarantees a consistently excellent result. Depending on the product selected, the automatic machine recommends a grinding degree setting of &#8220;medium&#8221; or &#8220;strong&#8221;. This controls the aroma in the cup. The grinding levels can be changed at any time, but before and after preparation the P.A.G.2+ remains in standby, which means it is protected for its entire service life. This way, the fully automatic coffee machine for specialty coffees will guarantee perfect enjoyment in the premium class for even longer.<\/p>\n<h3><span style=\"font-size: 14pt;\">All-round design \u2013 an expression of maximum expertise<\/span><\/h3>\n<p>The J8&#8217;s aesthetics are characterised by clear, symmetrical lines. The highest level of construction standards and the utmost precision in workmanship are an expression of quality and expertise. The new interpretation of the internationally awarded all-round design impresses with its attention to detail. The emphasis on fresh coffee beans, the attractive user interface, the clever illumination of the fragrant specialty \u2013 everything blends into a harmonious whole, expressing the superiority of this high-quality fully automatic machine.<\/p>\n<h3><span style=\"font-size: 14pt;\">Specialties available (31 in total)<\/span><\/h3>\n<ul>\n<li>Espresso, 2\u00d7 Espresso, Caff\u00e8, 2\u00d7 Caff\u00e8, Americano, Lungo<\/li>\n<li>Cortado, Sweet Cortado, Espresso macchiato, Sweet Espresso macchiato<\/li>\n<li>Cappuccino, Sweet Cappuccino, Cappuccino Extra Shot<\/li>\n<li>Flat White (also Sweet and Extra Shot)<\/li>\n<li>Caffelatte, Latte macchiato, Sweet versions, Extra Shot<\/li>\n<li>Milk portion or foam (also in Sweet version)<\/li>\n<li>Hot water and for green tea<\/li>\n<\/ul>\n<h3><span style=\"font-size: 14pt;\">Technology &amp; Advanced Functions<\/span><\/h3>\n<ul>\n<li>P.A.G.2+ coffee grinder: precise, silent grinding<\/li>\n<li>Pulse Extraction Process (P.E.P.\u00ae): enhances aromas<\/li>\n<li>Sweet Foam Function: creates sweet flavored foam<\/li>\n<li>Active bean control + Coffee Eye: recognizes the cup<\/li>\n<li>Built-in Wi-Fi + Compatible with J.O.E.\u00ae app<\/li>\n<li>Color touchscreen from 4.3\u201d<\/li>\n<li>Customized programming: intensity (10 levels), temperature (3 levels), quantity of milk and coffee<\/li>\n<\/ul>\n<h3><span style=\"font-size: 14pt;\">Technical data<\/span><\/h3>\n<ul>\n<li>Water capacity: 1.9 L<\/li>\n<li>Bean capacity: 280 g<\/li>\n<li>Grounds container: 16 portions<\/li>\n<li>Dimensions: 31.8 \u00d7 34.8 \u00d7 44.6 cm<\/li>\n<li>Weight: 10.2 kg<\/li>\n<li>Power: 1450 W (230 V)<\/li>\n<\/ul>\n<p><strong>Made in Switzerland<\/strong><br \/>\n<strong>Model year:<\/strong> 2022<\/p>\n","protected":false},"excerpt":{"rendered":"<p>J8 for coffee specialties \u2013 also with sweetened milk foam The new generation of the world-famous J line includes a<\/p>\n","protected":false},"featured_media":501251,"template":"","meta":{"_acf_changed":false,"inline_featured_image":false},"product_cat":[6732,6702,25359],"product_tag":[23567,23562,13965,20776],"acf":[],"yoast_head":"<!-- This site is optimized with the Yoast SEO Premium plugin v18.6 (Yoast SEO v19.13) - https:\/\/yoast.com\/wordpress\/plugins\/seo\/ -->\n<title>JURA Coffee Machine J8 Piano White - Erresse Shop<\/title>\n<meta name=\"description\" content=\"J8 for coffee specialties \u2013 also with sweetened milk foam The new generation of the world-famous J line includes a series of technological innovations for\" \/>\n<meta name=\"robots\" content=\"index, follow, max-snippet:-1, max-image-preview:large, max-video-preview:-1\" \/>\n<link rel=\"canonical\" href=\"https:\/\/www.erresse-shop.it\/en\/shop\/small-appliances\/coffee-machines\/automatic\/jura-coffee-machine-j8-piano-white\/\" \/>\n<meta property=\"og:locale\" content=\"en_US\" \/>\n<meta property=\"og:type\" content=\"article\" \/>\n<meta property=\"og:title\" content=\"JURA Coffee Machine J8 Piano White\" \/>\n<meta property=\"og:description\" content=\"J8 for coffee specialties \u2013 also with sweetened milk foam The new generation of the world-famous J line includes a series of technological innovations for\" \/>\n<meta property=\"og:url\" content=\"https:\/\/www.erresse-shop.it\/en\/shop\/small-appliances\/coffee-machines\/automatic\/jura-coffee-machine-j8-piano-white\/\" \/>\n<meta property=\"og:site_name\" content=\"Erresse Shop\" \/>\n<meta property=\"article:modified_time\" content=\"2025-05-29T06:52:48+00:00\" \/>\n<meta property=\"og:image\" content=\"https:\/\/www.erresse-shop.it\/wp-content\/uploads\/2025\/05\/JURA-Macchina-Da-Caffe-J8-Piano-White.jpg\" \/>\n\t<meta property=\"og:image:width\" content=\"1200\" \/>\n\t<meta property=\"og:image:height\" content=\"1200\" \/>\n\t<meta property=\"og:image:type\" content=\"image\/jpeg\" \/>\n<meta name=\"twitter:card\" content=\"summary_large_image\" \/>\n<script type=\"application\/ld+json\" class=\"yoast-schema-graph\">{\"@context\":\"https:\/\/schema.org\",\"@graph\":[{\"@type\":\"WebPage\",\"@id\":\"https:\/\/www.erresse-shop.it\/en\/shop\/small-appliances\/coffee-machines\/automatic\/jura-coffee-machine-j8-piano-white\/\",\"url\":\"https:\/\/www.erresse-shop.it\/en\/shop\/small-appliances\/coffee-machines\/automatic\/jura-coffee-machine-j8-piano-white\/\",\"name\":\"JURA Coffee Machine J8 Piano White - Erresse Shop\",\"isPartOf\":{\"@id\":\"https:\/\/www.erresse-shop.it\/en\/#website\"},\"datePublished\":\"2025-05-29T06:01:08+00:00\",\"dateModified\":\"2025-05-29T06:52:48+00:00\",\"description\":\"J8 for coffee specialties \u2013 also with sweetened milk foam The new generation of the world-famous J line includes a series of technological innovations for\",\"breadcrumb\":{\"@id\":\"https:\/\/www.erresse-shop.it\/en\/shop\/small-appliances\/coffee-machines\/automatic\/jura-coffee-machine-j8-piano-white\/#breadcrumb\"},\"inLanguage\":\"en-EN\",\"potentialAction\":[{\"@type\":\"ReadAction\",\"target\":[\"https:\/\/www.erresse-shop.it\/en\/shop\/small-appliances\/coffee-machines\/automatic\/jura-coffee-machine-j8-piano-white\/\"]}]},{\"@type\":\"BreadcrumbList\",\"@id\":\"https:\/\/www.erresse-shop.it\/en\/shop\/small-appliances\/coffee-machines\/automatic\/jura-coffee-machine-j8-piano-white\/#breadcrumb\",\"itemListElement\":[{\"@type\":\"ListItem\",\"position\":1,\"name\":\"Home\",\"item\":\"https:\/\/www.erresse-shop.it\/en\/\"},{\"@type\":\"ListItem\",\"position\":2,\"name\":\"Shop\",\"item\":\"https:\/\/www.erresse-shop.com\/en\/shop\/\"},{\"@type\":\"ListItem\",\"position\":3,\"name\":\"JURA Coffee Machine J8 Piano White\"}]},{\"@type\":\"WebSite\",\"@id\":\"https:\/\/www.erresse-shop.it\/en\/#website\",\"url\":\"https:\/\/www.erresse-shop.it\/en\/\",\"name\":\"Erresse Shop\",\"description\":\"Articoli di qualit\u00e0 per la casa\",\"potentialAction\":[{\"@type\":\"SearchAction\",\"target\":{\"@type\":\"EntryPoint\",\"urlTemplate\":\"https:\/\/www.erresse-shop.it\/en\/?s={search_term_string}\"},\"query-input\":\"required name=search_term_string\"}],\"inLanguage\":\"en-EN\"}]}<\/script>\n<!-- \/ Yoast SEO Premium plugin. -->","yoast_head_json":{"title":"JURA Coffee Machine J8 Piano White - Erresse Shop","description":"J8 for coffee specialties \u2013 also with sweetened milk foam The new generation of the world-famous J line includes a series of technological innovations for","robots":{"index":"index","follow":"follow","max-snippet":"max-snippet:-1","max-image-preview":"max-image-preview:large","max-video-preview":"max-video-preview:-1"},"canonical":"https:\/\/www.erresse-shop.it\/en\/shop\/small-appliances\/coffee-machines\/automatic\/jura-coffee-machine-j8-piano-white\/","og_locale":"en_US","og_type":"article","og_title":"JURA Coffee Machine J8 Piano White","og_description":"J8 for coffee specialties \u2013 also with sweetened milk foam The new generation of the world-famous J line includes a series of technological innovations for","og_url":"https:\/\/www.erresse-shop.it\/en\/shop\/small-appliances\/coffee-machines\/automatic\/jura-coffee-machine-j8-piano-white\/","og_site_name":"Erresse Shop","article_modified_time":"2025-05-29T06:52:48+00:00","og_image":[{"width":1200,"height":1200,"url":"https:\/\/www.erresse-shop.it\/wp-content\/uploads\/2025\/05\/JURA-Macchina-Da-Caffe-J8-Piano-White.jpg","type":"image\/jpeg"}],"twitter_card":"summary_large_image","schema":{"@context":"https:\/\/schema.org","@graph":[{"@type":"WebPage","@id":"https:\/\/www.erresse-shop.it\/en\/shop\/small-appliances\/coffee-machines\/automatic\/jura-coffee-machine-j8-piano-white\/","url":"https:\/\/www.erresse-shop.it\/en\/shop\/small-appliances\/coffee-machines\/automatic\/jura-coffee-machine-j8-piano-white\/","name":"JURA Coffee Machine J8 Piano White - Erresse Shop","isPartOf":{"@id":"https:\/\/www.erresse-shop.it\/en\/#website"},"datePublished":"2025-05-29T06:01:08+00:00","dateModified":"2025-05-29T06:52:48+00:00","description":"J8 for coffee specialties \u2013 also with sweetened milk foam The new generation of the world-famous J line includes a series of technological innovations for","breadcrumb":{"@id":"https:\/\/www.erresse-shop.it\/en\/shop\/small-appliances\/coffee-machines\/automatic\/jura-coffee-machine-j8-piano-white\/#breadcrumb"},"inLanguage":"en-EN","potentialAction":[{"@type":"ReadAction","target":["https:\/\/www.erresse-shop.it\/en\/shop\/small-appliances\/coffee-machines\/automatic\/jura-coffee-machine-j8-piano-white\/"]}]},{"@type":"BreadcrumbList","@id":"https:\/\/www.erresse-shop.it\/en\/shop\/small-appliances\/coffee-machines\/automatic\/jura-coffee-machine-j8-piano-white\/#breadcrumb","itemListElement":[{"@type":"ListItem","position":1,"name":"Home","item":"https:\/\/www.erresse-shop.it\/en\/"},{"@type":"ListItem","position":2,"name":"Shop","item":"https:\/\/www.erresse-shop.com\/en\/shop\/"},{"@type":"ListItem","position":3,"name":"JURA Coffee Machine J8 Piano White"}]},{"@type":"WebSite","@id":"https:\/\/www.erresse-shop.it\/en\/#website","url":"https:\/\/www.erresse-shop.it\/en\/","name":"Erresse Shop","description":"Articoli di qualit\u00e0 per la casa","potentialAction":[{"@type":"SearchAction","target":{"@type":"EntryPoint","urlTemplate":"https:\/\/www.erresse-shop.it\/en\/?s={search_term_string}"},"query-input":"required name=search_term_string"}],"inLanguage":"en-EN"}]}},"df_price":1844.1000000000001,"df_sale_price":1844.1000000000001,"df_regular_price":2049,"df_image_link":"https:\/\/www.erresse-shop.it\/wp-content\/uploads\/2025\/05\/JURA-Macchina-Da-Caffe-J8-Piano-White-300x300.jpg","_links":{"self":[{"href":"https:\/\/www.erresse-shop.it\/en\/wp-json\/wp\/v2\/product\/501187"}],"collection":[{"href":"https:\/\/www.erresse-shop.it\/en\/wp-json\/wp\/v2\/product"}],"about":[{"href":"https:\/\/www.erresse-shop.it\/en\/wp-json\/wp\/v2\/types\/product"}],"wp:featuredmedia":[{"embeddable":true,"href":"https:\/\/www.erresse-shop.it\/en\/wp-json\/wp\/v2\/media\/501251"}],"wp:attachment":[{"href":"https:\/\/www.erresse-shop.it\/en\/wp-json\/wp\/v2\/media?parent=501187"}],"wp:term":[{"taxonomy":"product_cat","embeddable":true,"href":"https:\/\/www.erresse-shop.it\/en\/wp-json\/wp\/v2\/product_cat?post=501187"},{"taxonomy":"product_tag","embeddable":true,"href":"https:\/\/www.erresse-shop.it\/en\/wp-json\/wp\/v2\/product_tag?post=501187"}],"curies":[{"name":"wp","href":"https:\/\/api.w.org\/{rel}","templated":true}]}}