{"id":485965,"date":"2025-03-31T07:50:23","date_gmt":"2025-03-31T07:50:25","guid":{"rendered":"https:\/\/www.erresse-shop.it\/?post_type=product&#038;p=485965"},"modified":"2025-03-31T08:13:53","modified_gmt":"2025-03-31T08:13:53","slug":"jura-coffee-machine-e8-platinum-copia","status":"publish","type":"product","link":"https:\/\/www.erresse-shop.it\/en\/shop\/small-appliances\/coffee-machines\/automatic\/jura-coffee-machine-e8-platinum-copia\/","title":{"rendered":"JURA Coffee Machine GIGA 10 Diamond Black"},"content":{"rendered":"<div class=\"page-subtitle\">\n<div class=\"page-subtitle\">\n<div class=\"page-subtitle\">\n<div class=\"page-subtitle\">\n<div class=\"page-subtitle\">\n<p class=\"\" data-start=\"55\" data-end=\"108\"><strong data-start=\"55\" data-end=\"108\">The embodiment of an unparalleled coffee pleasure<\/strong><\/p>\n<p class=\"\" data-start=\"110\" data-end=\"231\">The GIGA 10, the ultimate in automatic coffee machines, reaches new heights in performance and authentic coffee pleasure.<\/p>\n<p class=\"\" data-start=\"238\" data-end=\"282\"><strong data-start=\"238\" data-end=\"282\">More choices, more customization options<\/strong><\/p>\n<p class=\"\" data-start=\"284\" data-end=\"932\">With its 35 coffee specialties, the GIGA 10 offers the widest selection among all JURA automatic machines. But that\u2019s not all: the innovative machine controls provide endless customization options to tailor the GIGA 10 to individual preferences. For example, enjoy a particularly intense flat white by activating the Extra Shot function. The revolutionary Cold Extraction Process doubles the variety of flavors, allowing all coffee specialties to be made with cold water. Thanks to the new cold water bypass, it\u2019s also possible to prepare long Barista specialties. Enjoy a coffee in the pure Barista tradition, turning your home into a trendy caf\u00e9.<\/p>\n<p class=\"\" data-start=\"939\" data-end=\"1015\"><strong data-start=\"939\" data-end=\"1015\">Two coffee grinders with ceramic burrs for an even more intense pleasure<\/strong><\/p>\n<p class=\"\" data-start=\"1017\" data-end=\"1486\">To ensure maximum professionalism, the GIGA 10 is equipped with not one, but two precision coffee grinders made from high-quality, long-lasting ceramic. Two coffee bean containers in an elegant turbine design, each connected to a grinder, allow you to select the ideal coffee blend or your favorite mix for each cup. For example, enjoy an aromatic espresso made with a darker, more intense roast, or long, delicate coffee specialties with milk made with a medium roast.<\/p>\n<p class=\"\" data-start=\"1493\" data-end=\"1555\"><strong data-start=\"1493\" data-end=\"1555\">Panorama Coffee Panel for a completely new user experience<\/strong><\/p>\n<p class=\"\" data-start=\"1557\" data-end=\"2141\">To provide a complete overview of all the setting options and ensure an even more intuitive use of the GIGA 10, the automatic machine features a new, large Panorama Panel with touch technology. The new Panorama Panel of the GIGA 10 offers a full view and the intuitive interface lets you easily navigate through the many setting options. To prepare your favorite specialty and customize it entirely to your personal preferences, simply touch or swipe the touchscreen. Set the cup size, coffee intensity, or the ratio of coffee to milk and foam\u2014everything is possible with the GIGA 10.<\/p>\n<p class=\"\" data-start=\"2148\" data-end=\"2191\"><strong data-start=\"2148\" data-end=\"2191\">Great performance, extraordinary design<\/strong><\/p>\n<p class=\"\" data-start=\"2193\" data-end=\"2752\">The impressive performance and concentrated power of the GIGA 10 are reflected in its striking design. The front panel in refined Diamond Black with chrome elements and the prominent Panorama Coffee Panel exude a quiet superiority. The two coffee bean containers in a turbine design resemble the powerful engine of a sports car, synthesizing luxury and excellent performance. The new cup rest completes the ensemble harmoniously. With its spectacular design and the authentic prestige it radiates, the GIGA 10 skillfully showcases the perfect coffee pleasure.<\/p>\n<p class=\"\" data-start=\"2759\" data-end=\"2785\"><strong data-start=\"2759\" data-end=\"2785\">Available Specialties:<\/strong><\/p>\n<p class=\"\" data-start=\"2787\" data-end=\"3398\">35 options: Espresso, Cold Brew Espresso, 2\u00d7 Espresso, Coffee, Cold Brew Coffee, 2\u00d7 Coffee, Americano, Cold Brew Americano, 2\u00d7 Americano, Lungo, Cold Brew Lungo, 2\u00d7 Lungo, Double Espresso, Cold Brew Double Espresso, Cortado, Cold Brew Cortado, Espresso Macchiato, Cold Brew Espresso Macchiato, Caffelatte, Cold Brew Caffelatte, Caffelatte Extra Shot, Cappuccino, Cold Brew Cappuccino, Cappuccino Extra Shot, Flat White, Flat White Cold Brew, Flat White Extra Shot, Latte Macchiato, Cold Brew Latte Macchiato, Latte Macchiato Extra Shot, Portion of Milk Foam, Portion of Milk, Hot Water, Hot Water for Green Tea.<\/p>\n<p class=\"\" data-start=\"3405\" data-end=\"3434\"><strong data-start=\"3405\" data-end=\"3434\">Technical Specifications:<\/strong><\/p>\n<ul data-start=\"3436\" data-end=\"3612\">\n<li class=\"\" data-start=\"3436\" data-end=\"3464\">\n<p class=\"\" data-start=\"3438\" data-end=\"3464\">Water tank capacity: 2.6 l<\/p>\n<\/li>\n<li class=\"\" data-start=\"3465\" data-end=\"3506\">\n<p class=\"\" data-start=\"3467\" data-end=\"3506\">Coffee bean container capacity: 2\u00d7280 g<\/p>\n<\/li>\n<li class=\"\" data-start=\"3507\" data-end=\"3546\">\n<p class=\"\" data-start=\"3509\" data-end=\"3546\">Coffee grounds container: 20 servings<\/p>\n<\/li>\n<li class=\"\" data-start=\"3547\" data-end=\"3562\">\n<p class=\"\" data-start=\"3549\" data-end=\"3562\">Weight: 18 kg<\/p>\n<\/li>\n<li class=\"\" data-start=\"3563\" data-end=\"3596\">\n<p class=\"\" data-start=\"3565\" data-end=\"3596\">Dimensions: 32 \u00d7 41.5 \u00d7 49.6 cm<\/p>\n<\/li>\n<li class=\"\" data-start=\"3597\" data-end=\"3612\">\n<p class=\"\" data-start=\"3599\" data-end=\"3612\">Power: 2300 W<\/p>\n<\/li>\n<\/ul>\n<p class=\"\" data-start=\"3619\" data-end=\"3637\"><strong data-start=\"3619\" data-end=\"3637\">Other Details:<\/strong><\/p>\n<ul data-start=\"3639\" data-end=\"3695\">\n<li class=\"\" data-start=\"3639\" data-end=\"3676\">\n<p class=\"\" data-start=\"3641\" data-end=\"3676\">Country of manufacture: Switzerland<\/p>\n<\/li>\n<li class=\"\" data-start=\"3677\" data-end=\"3695\">\n<p class=\"\" data-start=\"3679\" data-end=\"3695\">Model year: 2022<\/p>\n<\/li>\n<\/ul>\n<\/div>\n<\/div>\n<\/div>\n<\/div>\n<\/div>\n","protected":false},"excerpt":{"rendered":"<p>The embodiment of an unparalleled coffee pleasure The GIGA 10, the ultimate in automatic coffee machines, reaches new heights in<\/p>\n","protected":false},"featured_media":485994,"template":"","meta":{"_acf_changed":false,"inline_featured_image":false},"product_cat":[6732,6702,25359],"product_tag":[23567,23562,13965,20776],"acf":[],"yoast_head":"<!-- This site is optimized with the Yoast SEO Premium plugin v18.6 (Yoast SEO v19.13) - https:\/\/yoast.com\/wordpress\/plugins\/seo\/ -->\n<title>JURA Coffee Machine GIGA 10 Diamond Black - Erresse Shop<\/title>\n<meta name=\"description\" content=\"The embodiment of an unparalleled coffee pleasure The GIGA 10, the ultimate in automatic coffee machines, reaches new heights in performance and authentic\" \/>\n<meta name=\"robots\" content=\"index, follow, max-snippet:-1, max-image-preview:large, max-video-preview:-1\" \/>\n<link rel=\"canonical\" href=\"https:\/\/www.erresse-shop.it\/en\/shop\/small-appliances\/coffee-machines\/automatic\/jura-coffee-machine-e8-platinum-copia\/\" \/>\n<meta property=\"og:locale\" content=\"en_US\" \/>\n<meta property=\"og:type\" content=\"article\" \/>\n<meta property=\"og:title\" content=\"JURA Coffee Machine GIGA 10 Diamond Black\" \/>\n<meta property=\"og:description\" content=\"The embodiment of an unparalleled coffee pleasure The GIGA 10, the ultimate in automatic coffee machines, reaches new heights in performance and authentic\" \/>\n<meta property=\"og:url\" content=\"https:\/\/www.erresse-shop.it\/en\/shop\/small-appliances\/coffee-machines\/automatic\/jura-coffee-machine-e8-platinum-copia\/\" \/>\n<meta property=\"og:site_name\" content=\"Erresse Shop\" \/>\n<meta property=\"article:modified_time\" content=\"2025-03-31T08:13:53+00:00\" \/>\n<meta property=\"og:image\" content=\"https:\/\/www.erresse-shop.it\/wp-content\/uploads\/2025\/03\/JURA-Macchina-Da-Caffe-GIGA-10-Diamond-Black.jpg\" \/>\n\t<meta property=\"og:image:width\" content=\"1200\" \/>\n\t<meta property=\"og:image:height\" content=\"1200\" \/>\n\t<meta property=\"og:image:type\" content=\"image\/jpeg\" \/>\n<meta name=\"twitter:card\" content=\"summary_large_image\" \/>\n<script type=\"application\/ld+json\" class=\"yoast-schema-graph\">{\"@context\":\"https:\/\/schema.org\",\"@graph\":[{\"@type\":\"WebPage\",\"@id\":\"https:\/\/www.erresse-shop.it\/en\/shop\/small-appliances\/coffee-machines\/automatic\/jura-coffee-machine-e8-platinum-copia\/\",\"url\":\"https:\/\/www.erresse-shop.it\/en\/shop\/small-appliances\/coffee-machines\/automatic\/jura-coffee-machine-e8-platinum-copia\/\",\"name\":\"JURA Coffee Machine GIGA 10 Diamond Black - Erresse Shop\",\"isPartOf\":{\"@id\":\"https:\/\/www.erresse-shop.it\/en\/#website\"},\"datePublished\":\"2025-03-31T07:50:25+00:00\",\"dateModified\":\"2025-03-31T08:13:53+00:00\",\"description\":\"The embodiment of an unparalleled coffee pleasure The GIGA 10, the ultimate in automatic coffee machines, reaches new heights in performance and authentic\",\"breadcrumb\":{\"@id\":\"https:\/\/www.erresse-shop.it\/en\/shop\/small-appliances\/coffee-machines\/automatic\/jura-coffee-machine-e8-platinum-copia\/#breadcrumb\"},\"inLanguage\":\"en-EN\",\"potentialAction\":[{\"@type\":\"ReadAction\",\"target\":[\"https:\/\/www.erresse-shop.it\/en\/shop\/small-appliances\/coffee-machines\/automatic\/jura-coffee-machine-e8-platinum-copia\/\"]}]},{\"@type\":\"BreadcrumbList\",\"@id\":\"https:\/\/www.erresse-shop.it\/en\/shop\/small-appliances\/coffee-machines\/automatic\/jura-coffee-machine-e8-platinum-copia\/#breadcrumb\",\"itemListElement\":[{\"@type\":\"ListItem\",\"position\":1,\"name\":\"Home\",\"item\":\"https:\/\/www.erresse-shop.it\/en\/\"},{\"@type\":\"ListItem\",\"position\":2,\"name\":\"Shop\",\"item\":\"https:\/\/www.erresse-shop.com\/en\/shop\/\"},{\"@type\":\"ListItem\",\"position\":3,\"name\":\"JURA Coffee Machine GIGA 10 Diamond Black\"}]},{\"@type\":\"WebSite\",\"@id\":\"https:\/\/www.erresse-shop.it\/en\/#website\",\"url\":\"https:\/\/www.erresse-shop.it\/en\/\",\"name\":\"Erresse Shop\",\"description\":\"Articoli di qualit\u00e0 per la casa\",\"potentialAction\":[{\"@type\":\"SearchAction\",\"target\":{\"@type\":\"EntryPoint\",\"urlTemplate\":\"https:\/\/www.erresse-shop.it\/en\/?s={search_term_string}\"},\"query-input\":\"required name=search_term_string\"}],\"inLanguage\":\"en-EN\"}]}<\/script>\n<!-- \/ Yoast SEO Premium plugin. -->","yoast_head_json":{"title":"JURA Coffee Machine GIGA 10 Diamond Black - Erresse Shop","description":"The embodiment of an unparalleled coffee pleasure The GIGA 10, the ultimate in automatic coffee machines, reaches new heights in performance and authentic","robots":{"index":"index","follow":"follow","max-snippet":"max-snippet:-1","max-image-preview":"max-image-preview:large","max-video-preview":"max-video-preview:-1"},"canonical":"https:\/\/www.erresse-shop.it\/en\/shop\/small-appliances\/coffee-machines\/automatic\/jura-coffee-machine-e8-platinum-copia\/","og_locale":"en_US","og_type":"article","og_title":"JURA Coffee Machine GIGA 10 Diamond Black","og_description":"The embodiment of an unparalleled coffee pleasure The GIGA 10, the ultimate in automatic coffee machines, reaches new heights in performance and authentic","og_url":"https:\/\/www.erresse-shop.it\/en\/shop\/small-appliances\/coffee-machines\/automatic\/jura-coffee-machine-e8-platinum-copia\/","og_site_name":"Erresse Shop","article_modified_time":"2025-03-31T08:13:53+00:00","og_image":[{"width":1200,"height":1200,"url":"https:\/\/www.erresse-shop.it\/wp-content\/uploads\/2025\/03\/JURA-Macchina-Da-Caffe-GIGA-10-Diamond-Black.jpg","type":"image\/jpeg"}],"twitter_card":"summary_large_image","schema":{"@context":"https:\/\/schema.org","@graph":[{"@type":"WebPage","@id":"https:\/\/www.erresse-shop.it\/en\/shop\/small-appliances\/coffee-machines\/automatic\/jura-coffee-machine-e8-platinum-copia\/","url":"https:\/\/www.erresse-shop.it\/en\/shop\/small-appliances\/coffee-machines\/automatic\/jura-coffee-machine-e8-platinum-copia\/","name":"JURA Coffee Machine GIGA 10 Diamond Black - Erresse Shop","isPartOf":{"@id":"https:\/\/www.erresse-shop.it\/en\/#website"},"datePublished":"2025-03-31T07:50:25+00:00","dateModified":"2025-03-31T08:13:53+00:00","description":"The embodiment of an unparalleled coffee pleasure The GIGA 10, the ultimate in automatic coffee machines, reaches new heights in performance and authentic","breadcrumb":{"@id":"https:\/\/www.erresse-shop.it\/en\/shop\/small-appliances\/coffee-machines\/automatic\/jura-coffee-machine-e8-platinum-copia\/#breadcrumb"},"inLanguage":"en-EN","potentialAction":[{"@type":"ReadAction","target":["https:\/\/www.erresse-shop.it\/en\/shop\/small-appliances\/coffee-machines\/automatic\/jura-coffee-machine-e8-platinum-copia\/"]}]},{"@type":"BreadcrumbList","@id":"https:\/\/www.erresse-shop.it\/en\/shop\/small-appliances\/coffee-machines\/automatic\/jura-coffee-machine-e8-platinum-copia\/#breadcrumb","itemListElement":[{"@type":"ListItem","position":1,"name":"Home","item":"https:\/\/www.erresse-shop.it\/en\/"},{"@type":"ListItem","position":2,"name":"Shop","item":"https:\/\/www.erresse-shop.com\/en\/shop\/"},{"@type":"ListItem","position":3,"name":"JURA Coffee Machine GIGA 10 Diamond Black"}]},{"@type":"WebSite","@id":"https:\/\/www.erresse-shop.it\/en\/#website","url":"https:\/\/www.erresse-shop.it\/en\/","name":"Erresse Shop","description":"Articoli di qualit\u00e0 per la casa","potentialAction":[{"@type":"SearchAction","target":{"@type":"EntryPoint","urlTemplate":"https:\/\/www.erresse-shop.it\/en\/?s={search_term_string}"},"query-input":"required name=search_term_string"}],"inLanguage":"en-EN"}]}},"df_price":2849.95,"df_sale_price":2849.95,"df_regular_price":3779,"df_image_link":"https:\/\/www.erresse-shop.it\/wp-content\/uploads\/2025\/03\/JURA-Macchina-Da-Caffe-GIGA-10-Diamond-Black-300x300.jpg","_links":{"self":[{"href":"https:\/\/www.erresse-shop.it\/en\/wp-json\/wp\/v2\/product\/485965"}],"collection":[{"href":"https:\/\/www.erresse-shop.it\/en\/wp-json\/wp\/v2\/product"}],"about":[{"href":"https:\/\/www.erresse-shop.it\/en\/wp-json\/wp\/v2\/types\/product"}],"wp:featuredmedia":[{"embeddable":true,"href":"https:\/\/www.erresse-shop.it\/en\/wp-json\/wp\/v2\/media\/485994"}],"wp:attachment":[{"href":"https:\/\/www.erresse-shop.it\/en\/wp-json\/wp\/v2\/media?parent=485965"}],"wp:term":[{"taxonomy":"product_cat","embeddable":true,"href":"https:\/\/www.erresse-shop.it\/en\/wp-json\/wp\/v2\/product_cat?post=485965"},{"taxonomy":"product_tag","embeddable":true,"href":"https:\/\/www.erresse-shop.it\/en\/wp-json\/wp\/v2\/product_tag?post=485965"}],"curies":[{"name":"wp","href":"https:\/\/api.w.org\/{rel}","templated":true}]}}