{"id":422133,"date":"2024-07-17T10:55:40","date_gmt":"2024-07-17T10:55:40","guid":{"rendered":"https:\/\/www.erresse-shop.it\/?post_type=product&#038;p=422133"},"modified":"2024-10-25T09:37:47","modified_gmt":"2024-10-25T09:37:47","slug":"borbone-100-respresso-blue-capsules","status":"publish","type":"product","link":"https:\/\/www.erresse-shop.it\/en\/shop\/coffee\/coffee-pods-and-capsules\/borbone-100-respresso-blue-capsules\/","title":{"rendered":"BORBONE 100 REspresso Blue Capsules"},"content":{"rendered":"<p><strong>100 Caff\u00e8 Borbone Respresso BLUE blend capsules, compatible with Nespresso home machines.<\/strong><\/p>\n<p>Only with Respresso Blue blend compatible capsules you can enjoy a coffee that expresses the perfect balance between body, persistence and sweetness.<br \/>\nAs noble as the finest blends that gave birth to it, as vigorous as the flavour and charge of the most authentic espresso: impossible not to fall in love with it at first sip.<\/p>\n<p><strong>Product details<\/strong><\/p>\n<ul>\n<li>Roasted and ground coffee<\/li>\n<li>Packaged in a protective atmosphere<\/li>\n<li>Balanced blend of Arabica and Robusta.<\/li>\n<\/ul>\n<p>&nbsp;<\/p>\n<p><strong>*Nespresso\u00ae and *Nescaf\u00e9\u00ae *Dolce Gusto\u00ae are registered trademarks of Societ\u00e8 des Produits Nestl\u00e8\u00ae S.A. Caff\u00e8 Borbone Srl is an independent manufacturer not related to Societ\u00e8 des Produits Nestl\u00e8\u00ae S.A. The compatibility of Caff\u00e8 Borbone capsules is for use with Nespresso\u00ae &#8211; Nescaf\u00e9\u00ae Dolce Gusto\u00ae home coffee machines.<\/strong><\/p>\n","protected":false},"excerpt":{"rendered":"<p>100 Caff\u00e8 Borbone Respresso BLUE blend capsules, compatible with Nespresso home machines. Only with Respresso Blue blend compatible capsules you<\/p>\n","protected":false},"featured_media":467025,"template":"","meta":{"_acf_changed":false,"inline_featured_image":false},"product_cat":[25349,25390],"product_tag":[11637,23562,23298,23220],"acf":[],"yoast_head":"<!-- This site is optimized with the Yoast SEO Premium plugin v18.6 (Yoast SEO v19.13) - https:\/\/yoast.com\/wordpress\/plugins\/seo\/ -->\n<title>BORBONE 100 REspresso Blue Capsules - Erresse Shop<\/title>\n<meta name=\"description\" content=\"100 Caff\u00e8 Borbone Respresso BLUE blend capsules, compatible with Nespresso home machines. Only with Respresso Blue blend compatible capsules you can enjoy\" \/>\n<meta name=\"robots\" content=\"index, follow, max-snippet:-1, max-image-preview:large, max-video-preview:-1\" \/>\n<link rel=\"canonical\" href=\"https:\/\/www.erresse-shop.it\/en\/shop\/coffee\/coffee-pods-and-capsules\/borbone-100-respresso-blue-capsules\/\" \/>\n<meta property=\"og:locale\" content=\"en_US\" \/>\n<meta property=\"og:type\" content=\"article\" \/>\n<meta property=\"og:title\" content=\"BORBONE 100 REspresso Blue Capsules\" \/>\n<meta property=\"og:description\" content=\"100 Caff\u00e8 Borbone Respresso BLUE blend capsules, compatible with Nespresso home machines. Only with Respresso Blue blend compatible capsules you can enjoy\" \/>\n<meta property=\"og:url\" content=\"https:\/\/www.erresse-shop.it\/en\/shop\/coffee\/coffee-pods-and-capsules\/borbone-100-respresso-blue-capsules\/\" \/>\n<meta property=\"og:site_name\" content=\"Erresse Shop\" \/>\n<meta property=\"article:modified_time\" content=\"2024-10-25T09:37:47+00:00\" \/>\n<meta property=\"og:image\" content=\"https:\/\/www.erresse-shop.it\/wp-content\/uploads\/2024\/07\/BORBONE-2-Confezioni-da-100-Capsule-REspresso-Blu-1.png\" \/>\n\t<meta property=\"og:image:width\" content=\"800\" \/>\n\t<meta property=\"og:image:height\" content=\"800\" \/>\n\t<meta property=\"og:image:type\" content=\"image\/png\" \/>\n<meta name=\"twitter:card\" content=\"summary_large_image\" \/>\n<script type=\"application\/ld+json\" class=\"yoast-schema-graph\">{\"@context\":\"https:\/\/schema.org\",\"@graph\":[{\"@type\":\"WebPage\",\"@id\":\"https:\/\/www.erresse-shop.it\/en\/shop\/coffee\/coffee-pods-and-capsules\/borbone-100-respresso-blue-capsules\/\",\"url\":\"https:\/\/www.erresse-shop.it\/en\/shop\/coffee\/coffee-pods-and-capsules\/borbone-100-respresso-blue-capsules\/\",\"name\":\"BORBONE 100 REspresso Blue Capsules - Erresse Shop\",\"isPartOf\":{\"@id\":\"https:\/\/www.erresse-shop.it\/en\/#website\"},\"datePublished\":\"2024-07-17T10:55:40+00:00\",\"dateModified\":\"2024-10-25T09:37:47+00:00\",\"description\":\"100 Caff\u00e8 Borbone Respresso BLUE blend capsules, compatible with Nespresso home machines. Only with Respresso Blue blend compatible capsules you can enjoy\",\"breadcrumb\":{\"@id\":\"https:\/\/www.erresse-shop.it\/en\/shop\/coffee\/coffee-pods-and-capsules\/borbone-100-respresso-blue-capsules\/#breadcrumb\"},\"inLanguage\":\"en-EN\",\"potentialAction\":[{\"@type\":\"ReadAction\",\"target\":[\"https:\/\/www.erresse-shop.it\/en\/shop\/coffee\/coffee-pods-and-capsules\/borbone-100-respresso-blue-capsules\/\"]}]},{\"@type\":\"BreadcrumbList\",\"@id\":\"https:\/\/www.erresse-shop.it\/en\/shop\/coffee\/coffee-pods-and-capsules\/borbone-100-respresso-blue-capsules\/#breadcrumb\",\"itemListElement\":[{\"@type\":\"ListItem\",\"position\":1,\"name\":\"Home\",\"item\":\"https:\/\/www.erresse-shop.it\/en\/\"},{\"@type\":\"ListItem\",\"position\":2,\"name\":\"Shop\",\"item\":\"https:\/\/www.erresse-shop.com\/en\/shop\/\"},{\"@type\":\"ListItem\",\"position\":3,\"name\":\"BORBONE 100 REspresso Blue Capsules\"}]},{\"@type\":\"WebSite\",\"@id\":\"https:\/\/www.erresse-shop.it\/en\/#website\",\"url\":\"https:\/\/www.erresse-shop.it\/en\/\",\"name\":\"Erresse Shop\",\"description\":\"Articoli di qualit\u00e0 per la casa\",\"potentialAction\":[{\"@type\":\"SearchAction\",\"target\":{\"@type\":\"EntryPoint\",\"urlTemplate\":\"https:\/\/www.erresse-shop.it\/en\/?s={search_term_string}\"},\"query-input\":\"required name=search_term_string\"}],\"inLanguage\":\"en-EN\"}]}<\/script>\n<!-- \/ Yoast SEO Premium plugin. -->","yoast_head_json":{"title":"BORBONE 100 REspresso Blue Capsules - Erresse Shop","description":"100 Caff\u00e8 Borbone Respresso BLUE blend capsules, compatible with Nespresso home machines. Only with Respresso Blue blend compatible capsules you can enjoy","robots":{"index":"index","follow":"follow","max-snippet":"max-snippet:-1","max-image-preview":"max-image-preview:large","max-video-preview":"max-video-preview:-1"},"canonical":"https:\/\/www.erresse-shop.it\/en\/shop\/coffee\/coffee-pods-and-capsules\/borbone-100-respresso-blue-capsules\/","og_locale":"en_US","og_type":"article","og_title":"BORBONE 100 REspresso Blue Capsules","og_description":"100 Caff\u00e8 Borbone Respresso BLUE blend capsules, compatible with Nespresso home machines. Only with Respresso Blue blend compatible capsules you can enjoy","og_url":"https:\/\/www.erresse-shop.it\/en\/shop\/coffee\/coffee-pods-and-capsules\/borbone-100-respresso-blue-capsules\/","og_site_name":"Erresse Shop","article_modified_time":"2024-10-25T09:37:47+00:00","og_image":[{"width":800,"height":800,"url":"https:\/\/www.erresse-shop.it\/wp-content\/uploads\/2024\/07\/BORBONE-2-Confezioni-da-100-Capsule-REspresso-Blu-1.png","type":"image\/png"}],"twitter_card":"summary_large_image","schema":{"@context":"https:\/\/schema.org","@graph":[{"@type":"WebPage","@id":"https:\/\/www.erresse-shop.it\/en\/shop\/coffee\/coffee-pods-and-capsules\/borbone-100-respresso-blue-capsules\/","url":"https:\/\/www.erresse-shop.it\/en\/shop\/coffee\/coffee-pods-and-capsules\/borbone-100-respresso-blue-capsules\/","name":"BORBONE 100 REspresso Blue Capsules - Erresse Shop","isPartOf":{"@id":"https:\/\/www.erresse-shop.it\/en\/#website"},"datePublished":"2024-07-17T10:55:40+00:00","dateModified":"2024-10-25T09:37:47+00:00","description":"100 Caff\u00e8 Borbone Respresso BLUE blend capsules, compatible with Nespresso home machines. Only with Respresso Blue blend compatible capsules you can enjoy","breadcrumb":{"@id":"https:\/\/www.erresse-shop.it\/en\/shop\/coffee\/coffee-pods-and-capsules\/borbone-100-respresso-blue-capsules\/#breadcrumb"},"inLanguage":"en-EN","potentialAction":[{"@type":"ReadAction","target":["https:\/\/www.erresse-shop.it\/en\/shop\/coffee\/coffee-pods-and-capsules\/borbone-100-respresso-blue-capsules\/"]}]},{"@type":"BreadcrumbList","@id":"https:\/\/www.erresse-shop.it\/en\/shop\/coffee\/coffee-pods-and-capsules\/borbone-100-respresso-blue-capsules\/#breadcrumb","itemListElement":[{"@type":"ListItem","position":1,"name":"Home","item":"https:\/\/www.erresse-shop.it\/en\/"},{"@type":"ListItem","position":2,"name":"Shop","item":"https:\/\/www.erresse-shop.com\/en\/shop\/"},{"@type":"ListItem","position":3,"name":"BORBONE 100 REspresso Blue Capsules"}]},{"@type":"WebSite","@id":"https:\/\/www.erresse-shop.it\/en\/#website","url":"https:\/\/www.erresse-shop.it\/en\/","name":"Erresse Shop","description":"Articoli di qualit\u00e0 per la casa","potentialAction":[{"@type":"SearchAction","target":{"@type":"EntryPoint","urlTemplate":"https:\/\/www.erresse-shop.it\/en\/?s={search_term_string}"},"query-input":"required name=search_term_string"}],"inLanguage":"en-EN"}]}},"df_price":23.9,"df_sale_price":23.9,"df_regular_price":23.9,"df_image_link":"https:\/\/www.erresse-shop.it\/wp-content\/uploads\/2024\/07\/BORBONE-100-Capsule-REspresso-Blu-300x300.jpg","_links":{"self":[{"href":"https:\/\/www.erresse-shop.it\/en\/wp-json\/wp\/v2\/product\/422133"}],"collection":[{"href":"https:\/\/www.erresse-shop.it\/en\/wp-json\/wp\/v2\/product"}],"about":[{"href":"https:\/\/www.erresse-shop.it\/en\/wp-json\/wp\/v2\/types\/product"}],"wp:featuredmedia":[{"embeddable":true,"href":"https:\/\/www.erresse-shop.it\/en\/wp-json\/wp\/v2\/media\/467025"}],"wp:attachment":[{"href":"https:\/\/www.erresse-shop.it\/en\/wp-json\/wp\/v2\/media?parent=422133"}],"wp:term":[{"taxonomy":"product_cat","embeddable":true,"href":"https:\/\/www.erresse-shop.it\/en\/wp-json\/wp\/v2\/product_cat?post=422133"},{"taxonomy":"product_tag","embeddable":true,"href":"https:\/\/www.erresse-shop.it\/en\/wp-json\/wp\/v2\/product_tag?post=422133"}],"curies":[{"name":"wp","href":"https:\/\/api.w.org\/{rel}","templated":true}]}}