{"id":422108,"date":"2024-07-17T10:12:20","date_gmt":"2024-07-17T10:12:21","guid":{"rendered":"https:\/\/www.erresse-shop.it\/?post_type=product&#038;p=422108"},"modified":"2024-10-25T09:39:49","modified_gmt":"2024-10-25T09:39:49","slug":"borbone-2-packs-of-100-respresso-red-capsules","status":"publish","type":"product","link":"https:\/\/www.erresse-shop.it\/en\/shop\/coffee\/coffee-pods-and-capsules\/borbone-2-packs-of-100-respresso-red-capsules\/","title":{"rendered":"BORBONE 100 REspresso Red Capsules"},"content":{"rendered":"<p><strong>100 capsules Caff\u00e8 Borbone Respresso blend red, compatible with Nespresso home machines.<\/strong><\/p>\n<p>With Respresso Red Blend compatible capsules you can enjoy a coffee with a strong and decisive character that is pure energy in taste.<br \/>\nGive your palate an intense pleasure and choose a creamy espresso with a deliciously persistent flavour, impossible to forget.<\/p>\n<p><strong>Product details<\/strong><\/p>\n<ul>\n<li>Roasted and ground coffee<\/li>\n<li>Packaged in a protective atmosphere<\/li>\n<li>100% selected Robusta<\/li>\n<\/ul>\n<p>&nbsp;<\/p>\n<p><strong>*Nespresso\u00ae and *Nescaf\u00e9\u00ae *Dolce Gusto\u00ae are registered trademarks of Societ\u00e8 des Produits Nestl\u00e8\u00ae S.A. Caff\u00e8 Borbone Srl is an independent manufacturer not related to Societ\u00e8 des Produits Nestl\u00e8\u00ae S.A. The compatibility of Caff\u00e8 Borbone capsules is for use with Nespresso\u00ae &#8211; Nescaf\u00e9\u00ae Dolce Gusto\u00ae home coffee machines.<\/strong><\/p>\n","protected":false},"excerpt":{"rendered":"<p>100 capsules Caff\u00e8 Borbone Respresso blend red, compatible with Nespresso home machines. With Respresso Red Blend compatible capsules you can<\/p>\n","protected":false},"featured_media":465765,"template":"","meta":{"_acf_changed":false,"inline_featured_image":false},"product_cat":[25349,25390],"product_tag":[11637,23562,23298],"acf":[],"yoast_head":"<!-- This site is optimized with the Yoast SEO Premium plugin v18.6 (Yoast SEO v19.13) - https:\/\/yoast.com\/wordpress\/plugins\/seo\/ -->\n<title>BORBONE 100 REspresso Red Capsules - Erresse Shop<\/title>\n<meta name=\"description\" content=\"100 capsules Caff\u00e8 Borbone Respresso blend red, compatible with Nespresso home machines. With Respresso Red Blend compatible capsules you can enjoy a\" \/>\n<meta name=\"robots\" content=\"index, follow, max-snippet:-1, max-image-preview:large, max-video-preview:-1\" \/>\n<link rel=\"canonical\" href=\"https:\/\/www.erresse-shop.it\/en\/shop\/coffee\/coffee-pods-and-capsules\/borbone-2-packs-of-100-respresso-red-capsules\/\" \/>\n<meta property=\"og:locale\" content=\"en_US\" \/>\n<meta property=\"og:type\" content=\"article\" \/>\n<meta property=\"og:title\" content=\"BORBONE 100 REspresso Red Capsules\" \/>\n<meta property=\"og:description\" content=\"100 capsules Caff\u00e8 Borbone Respresso blend red, compatible with Nespresso home machines. With Respresso Red Blend compatible capsules you can enjoy a\" \/>\n<meta property=\"og:url\" content=\"https:\/\/www.erresse-shop.it\/en\/shop\/coffee\/coffee-pods-and-capsules\/borbone-2-packs-of-100-respresso-red-capsules\/\" \/>\n<meta property=\"og:site_name\" content=\"Erresse Shop\" \/>\n<meta property=\"article:modified_time\" content=\"2024-10-25T09:39:49+00:00\" \/>\n<meta property=\"og:image\" content=\"https:\/\/www.erresse-shop.it\/wp-content\/uploads\/2024\/07\/BORBONE-2-Confezioni-da-100-Capsule-REspresso-Rossa.png\" \/>\n\t<meta property=\"og:image:width\" content=\"800\" \/>\n\t<meta property=\"og:image:height\" content=\"800\" \/>\n\t<meta property=\"og:image:type\" content=\"image\/png\" \/>\n<meta name=\"twitter:card\" content=\"summary_large_image\" \/>\n<script type=\"application\/ld+json\" class=\"yoast-schema-graph\">{\"@context\":\"https:\/\/schema.org\",\"@graph\":[{\"@type\":\"WebPage\",\"@id\":\"https:\/\/www.erresse-shop.it\/en\/shop\/coffee\/coffee-pods-and-capsules\/borbone-2-packs-of-100-respresso-red-capsules\/\",\"url\":\"https:\/\/www.erresse-shop.it\/en\/shop\/coffee\/coffee-pods-and-capsules\/borbone-2-packs-of-100-respresso-red-capsules\/\",\"name\":\"BORBONE 100 REspresso Red Capsules - Erresse Shop\",\"isPartOf\":{\"@id\":\"https:\/\/www.erresse-shop.it\/en\/#website\"},\"datePublished\":\"2024-07-17T10:12:21+00:00\",\"dateModified\":\"2024-10-25T09:39:49+00:00\",\"description\":\"100 capsules Caff\u00e8 Borbone Respresso blend red, compatible with Nespresso home machines. With Respresso Red Blend compatible capsules you can enjoy a\",\"breadcrumb\":{\"@id\":\"https:\/\/www.erresse-shop.it\/en\/shop\/coffee\/coffee-pods-and-capsules\/borbone-2-packs-of-100-respresso-red-capsules\/#breadcrumb\"},\"inLanguage\":\"en-EN\",\"potentialAction\":[{\"@type\":\"ReadAction\",\"target\":[\"https:\/\/www.erresse-shop.it\/en\/shop\/coffee\/coffee-pods-and-capsules\/borbone-2-packs-of-100-respresso-red-capsules\/\"]}]},{\"@type\":\"BreadcrumbList\",\"@id\":\"https:\/\/www.erresse-shop.it\/en\/shop\/coffee\/coffee-pods-and-capsules\/borbone-2-packs-of-100-respresso-red-capsules\/#breadcrumb\",\"itemListElement\":[{\"@type\":\"ListItem\",\"position\":1,\"name\":\"Home\",\"item\":\"https:\/\/www.erresse-shop.it\/en\/\"},{\"@type\":\"ListItem\",\"position\":2,\"name\":\"Shop\",\"item\":\"https:\/\/www.erresse-shop.com\/en\/shop\/\"},{\"@type\":\"ListItem\",\"position\":3,\"name\":\"BORBONE 100 REspresso Red Capsules\"}]},{\"@type\":\"WebSite\",\"@id\":\"https:\/\/www.erresse-shop.it\/en\/#website\",\"url\":\"https:\/\/www.erresse-shop.it\/en\/\",\"name\":\"Erresse Shop\",\"description\":\"Articoli di qualit\u00e0 per la casa\",\"potentialAction\":[{\"@type\":\"SearchAction\",\"target\":{\"@type\":\"EntryPoint\",\"urlTemplate\":\"https:\/\/www.erresse-shop.it\/en\/?s={search_term_string}\"},\"query-input\":\"required name=search_term_string\"}],\"inLanguage\":\"en-EN\"}]}<\/script>\n<!-- \/ Yoast SEO Premium plugin. -->","yoast_head_json":{"title":"BORBONE 100 REspresso Red Capsules - Erresse Shop","description":"100 capsules Caff\u00e8 Borbone Respresso blend red, compatible with Nespresso home machines. With Respresso Red Blend compatible capsules you can enjoy a","robots":{"index":"index","follow":"follow","max-snippet":"max-snippet:-1","max-image-preview":"max-image-preview:large","max-video-preview":"max-video-preview:-1"},"canonical":"https:\/\/www.erresse-shop.it\/en\/shop\/coffee\/coffee-pods-and-capsules\/borbone-2-packs-of-100-respresso-red-capsules\/","og_locale":"en_US","og_type":"article","og_title":"BORBONE 100 REspresso Red Capsules","og_description":"100 capsules Caff\u00e8 Borbone Respresso blend red, compatible with Nespresso home machines. With Respresso Red Blend compatible capsules you can enjoy a","og_url":"https:\/\/www.erresse-shop.it\/en\/shop\/coffee\/coffee-pods-and-capsules\/borbone-2-packs-of-100-respresso-red-capsules\/","og_site_name":"Erresse Shop","article_modified_time":"2024-10-25T09:39:49+00:00","og_image":[{"width":800,"height":800,"url":"https:\/\/www.erresse-shop.it\/wp-content\/uploads\/2024\/07\/BORBONE-2-Confezioni-da-100-Capsule-REspresso-Rossa.png","type":"image\/png"}],"twitter_card":"summary_large_image","schema":{"@context":"https:\/\/schema.org","@graph":[{"@type":"WebPage","@id":"https:\/\/www.erresse-shop.it\/en\/shop\/coffee\/coffee-pods-and-capsules\/borbone-2-packs-of-100-respresso-red-capsules\/","url":"https:\/\/www.erresse-shop.it\/en\/shop\/coffee\/coffee-pods-and-capsules\/borbone-2-packs-of-100-respresso-red-capsules\/","name":"BORBONE 100 REspresso Red Capsules - Erresse Shop","isPartOf":{"@id":"https:\/\/www.erresse-shop.it\/en\/#website"},"datePublished":"2024-07-17T10:12:21+00:00","dateModified":"2024-10-25T09:39:49+00:00","description":"100 capsules Caff\u00e8 Borbone Respresso blend red, compatible with Nespresso home machines. With Respresso Red Blend compatible capsules you can enjoy a","breadcrumb":{"@id":"https:\/\/www.erresse-shop.it\/en\/shop\/coffee\/coffee-pods-and-capsules\/borbone-2-packs-of-100-respresso-red-capsules\/#breadcrumb"},"inLanguage":"en-EN","potentialAction":[{"@type":"ReadAction","target":["https:\/\/www.erresse-shop.it\/en\/shop\/coffee\/coffee-pods-and-capsules\/borbone-2-packs-of-100-respresso-red-capsules\/"]}]},{"@type":"BreadcrumbList","@id":"https:\/\/www.erresse-shop.it\/en\/shop\/coffee\/coffee-pods-and-capsules\/borbone-2-packs-of-100-respresso-red-capsules\/#breadcrumb","itemListElement":[{"@type":"ListItem","position":1,"name":"Home","item":"https:\/\/www.erresse-shop.it\/en\/"},{"@type":"ListItem","position":2,"name":"Shop","item":"https:\/\/www.erresse-shop.com\/en\/shop\/"},{"@type":"ListItem","position":3,"name":"BORBONE 100 REspresso Red Capsules"}]},{"@type":"WebSite","@id":"https:\/\/www.erresse-shop.it\/en\/#website","url":"https:\/\/www.erresse-shop.it\/en\/","name":"Erresse Shop","description":"Articoli di qualit\u00e0 per la casa","potentialAction":[{"@type":"SearchAction","target":{"@type":"EntryPoint","urlTemplate":"https:\/\/www.erresse-shop.it\/en\/?s={search_term_string}"},"query-input":"required name=search_term_string"}],"inLanguage":"en-EN"}]}},"df_price":17.95,"df_sale_price":17.95,"df_regular_price":22.6,"df_image_link":"https:\/\/www.erresse-shop.it\/wp-content\/uploads\/2024\/07\/BORBONE-100-Capsule-REspresso-Rossa-300x300.jpg","_links":{"self":[{"href":"https:\/\/www.erresse-shop.it\/en\/wp-json\/wp\/v2\/product\/422108"}],"collection":[{"href":"https:\/\/www.erresse-shop.it\/en\/wp-json\/wp\/v2\/product"}],"about":[{"href":"https:\/\/www.erresse-shop.it\/en\/wp-json\/wp\/v2\/types\/product"}],"wp:featuredmedia":[{"embeddable":true,"href":"https:\/\/www.erresse-shop.it\/en\/wp-json\/wp\/v2\/media\/465765"}],"wp:attachment":[{"href":"https:\/\/www.erresse-shop.it\/en\/wp-json\/wp\/v2\/media?parent=422108"}],"wp:term":[{"taxonomy":"product_cat","embeddable":true,"href":"https:\/\/www.erresse-shop.it\/en\/wp-json\/wp\/v2\/product_cat?post=422108"},{"taxonomy":"product_tag","embeddable":true,"href":"https:\/\/www.erresse-shop.it\/en\/wp-json\/wp\/v2\/product_tag?post=422108"}],"curies":[{"name":"wp","href":"https:\/\/api.w.org\/{rel}","templated":true}]}}