{"id":263659,"date":"2023-04-26T10:49:37","date_gmt":"2023-04-26T10:49:40","guid":{"rendered":"https:\/\/www.erresse-shop.it\/?post_type=product&#038;p=263659"},"modified":"2024-06-11T00:01:19","modified_gmt":"2024-06-11T00:01:19","slug":"riedel-ayam-decanter","status":"publish","type":"product","link":"https:\/\/www.erresse-shop.it\/en\/shop\/table\/wine-bar-corkscrew\/decanters\/riedel-ayam-decanter\/","title":{"rendered":"RIEDEL Ayam Decanter"},"content":{"rendered":"<p><strong>RIEDEL<\/strong> offers a wide range of elegant blown-glass decanters to suit every lifestyle. A decanter is a must-have item for any wine lover, and all RIEDEL decanters are made of fine crystal to give quality wines the treatment they deserve. Aged and young wines can benefit from decanting, whether it is to remove sediment or to make them softer and rounder.<\/p>\n<p>The <strong>Ayam<\/strong> decanter is inspired by and named after a rare breed of Indonesian hen. This functional wine-tasting instrument makes a unique centrepiece.<br \/>\nModelled freehand, the decanter has a wide mouth for filling and pouring wine, which opens into a wider base that allows oxygen exchange between the air stream and the wine. The curved, tapered end doubles as an elegant handle for the Ayam.Mod\u00e9lis\u00e9e \u00e0 main lev\u00e9e, la carafe poss\u00e8de un large goulot pour remplir et verser le vin, qui s&#8217;ouvre sur une base plus large permettant l&#8217;\u00e9change d&#8217;oxyg\u00e8ne entre le courant d&#8217;air et le vin. L&#8217;extr\u00e9mit\u00e9 courb\u00e9e et effil\u00e9e sert de poign\u00e9e \u00e9l\u00e9gante pour l&#8217;Ayam.<\/p>\n<p>This decanter can hold a standard bottle of wine.<\/p>\n<p>Handmade. Hand wash only.<\/p>\n<p>Height: 325.0 mm<br \/>\nVolume: 1500.0 ccm<br \/>\nHeight: 350.0 mm<\/p>\n","protected":false},"excerpt":{"rendered":"<p>RIEDEL offers a wide range of elegant blown-glass decanters to suit every lifestyle. A decanter is a must-have item for<\/p>\n","protected":false},"featured_media":263665,"template":"","meta":{"_acf_changed":false,"inline_featured_image":false},"product_cat":[6786,6849,18538],"product_tag":[25085,22549,25020,11488,23679],"acf":[],"yoast_head":"<!-- This site is optimized with the Yoast SEO Premium plugin v18.6 (Yoast SEO v19.13) - https:\/\/yoast.com\/wordpress\/plugins\/seo\/ -->\n<title>RIEDEL Ayam Decanter - Erresse Shop<\/title>\n<meta name=\"description\" content=\"RIEDEL offers a wide range of elegant blown-glass decanters to suit every lifestyle. A decanter is a must-have item for any wine lover, and all RIEDEL\" \/>\n<meta name=\"robots\" content=\"index, follow, max-snippet:-1, max-image-preview:large, max-video-preview:-1\" \/>\n<link rel=\"canonical\" href=\"https:\/\/www.erresse-shop.it\/en\/shop\/table\/wine-bar-corkscrew\/decanters\/riedel-ayam-decanter\/\" \/>\n<meta property=\"og:locale\" content=\"en_US\" \/>\n<meta property=\"og:type\" content=\"article\" \/>\n<meta property=\"og:title\" content=\"RIEDEL Ayam Decanter\" \/>\n<meta property=\"og:description\" content=\"RIEDEL offers a wide range of elegant blown-glass decanters to suit every lifestyle. A decanter is a must-have item for any wine lover, and all RIEDEL\" \/>\n<meta property=\"og:url\" content=\"https:\/\/www.erresse-shop.it\/en\/shop\/table\/wine-bar-corkscrew\/decanters\/riedel-ayam-decanter\/\" \/>\n<meta property=\"og:site_name\" content=\"Erresse Shop\" \/>\n<meta property=\"article:modified_time\" content=\"2024-06-11T00:01:19+00:00\" \/>\n<meta property=\"og:image\" content=\"https:\/\/www.erresse-shop.it\/wp-content\/uploads\/2023\/04\/RIEDEL-Ayam-Decanter.jpg\" \/>\n\t<meta property=\"og:image:width\" content=\"800\" \/>\n\t<meta property=\"og:image:height\" content=\"800\" \/>\n\t<meta property=\"og:image:type\" content=\"image\/jpeg\" \/>\n<meta name=\"twitter:card\" content=\"summary_large_image\" \/>\n<script type=\"application\/ld+json\" class=\"yoast-schema-graph\">{\"@context\":\"https:\/\/schema.org\",\"@graph\":[{\"@type\":\"WebPage\",\"@id\":\"https:\/\/www.erresse-shop.it\/en\/shop\/table\/wine-bar-corkscrew\/decanters\/riedel-ayam-decanter\/\",\"url\":\"https:\/\/www.erresse-shop.it\/en\/shop\/table\/wine-bar-corkscrew\/decanters\/riedel-ayam-decanter\/\",\"name\":\"RIEDEL Ayam Decanter - Erresse Shop\",\"isPartOf\":{\"@id\":\"https:\/\/www.erresse-shop.it\/en\/#website\"},\"datePublished\":\"2023-04-26T10:49:40+00:00\",\"dateModified\":\"2024-06-11T00:01:19+00:00\",\"description\":\"RIEDEL offers a wide range of elegant blown-glass decanters to suit every lifestyle. A decanter is a must-have item for any wine lover, and all RIEDEL\",\"breadcrumb\":{\"@id\":\"https:\/\/www.erresse-shop.it\/en\/shop\/table\/wine-bar-corkscrew\/decanters\/riedel-ayam-decanter\/#breadcrumb\"},\"inLanguage\":\"en-EN\",\"potentialAction\":[{\"@type\":\"ReadAction\",\"target\":[\"https:\/\/www.erresse-shop.it\/en\/shop\/table\/wine-bar-corkscrew\/decanters\/riedel-ayam-decanter\/\"]}]},{\"@type\":\"BreadcrumbList\",\"@id\":\"https:\/\/www.erresse-shop.it\/en\/shop\/table\/wine-bar-corkscrew\/decanters\/riedel-ayam-decanter\/#breadcrumb\",\"itemListElement\":[{\"@type\":\"ListItem\",\"position\":1,\"name\":\"Home\",\"item\":\"https:\/\/www.erresse-shop.it\/en\/\"},{\"@type\":\"ListItem\",\"position\":2,\"name\":\"Shop\",\"item\":\"https:\/\/www.erresse-shop.com\/en\/shop\/\"},{\"@type\":\"ListItem\",\"position\":3,\"name\":\"RIEDEL Ayam Decanter\"}]},{\"@type\":\"WebSite\",\"@id\":\"https:\/\/www.erresse-shop.it\/en\/#website\",\"url\":\"https:\/\/www.erresse-shop.it\/en\/\",\"name\":\"Erresse Shop\",\"description\":\"Articoli di qualit\u00e0 per la casa\",\"potentialAction\":[{\"@type\":\"SearchAction\",\"target\":{\"@type\":\"EntryPoint\",\"urlTemplate\":\"https:\/\/www.erresse-shop.it\/en\/?s={search_term_string}\"},\"query-input\":\"required name=search_term_string\"}],\"inLanguage\":\"en-EN\"}]}<\/script>\n<!-- \/ Yoast SEO Premium plugin. -->","yoast_head_json":{"title":"RIEDEL Ayam Decanter - Erresse Shop","description":"RIEDEL offers a wide range of elegant blown-glass decanters to suit every lifestyle. A decanter is a must-have item for any wine lover, and all RIEDEL","robots":{"index":"index","follow":"follow","max-snippet":"max-snippet:-1","max-image-preview":"max-image-preview:large","max-video-preview":"max-video-preview:-1"},"canonical":"https:\/\/www.erresse-shop.it\/en\/shop\/table\/wine-bar-corkscrew\/decanters\/riedel-ayam-decanter\/","og_locale":"en_US","og_type":"article","og_title":"RIEDEL Ayam Decanter","og_description":"RIEDEL offers a wide range of elegant blown-glass decanters to suit every lifestyle. A decanter is a must-have item for any wine lover, and all RIEDEL","og_url":"https:\/\/www.erresse-shop.it\/en\/shop\/table\/wine-bar-corkscrew\/decanters\/riedel-ayam-decanter\/","og_site_name":"Erresse Shop","article_modified_time":"2024-06-11T00:01:19+00:00","og_image":[{"width":800,"height":800,"url":"https:\/\/www.erresse-shop.it\/wp-content\/uploads\/2023\/04\/RIEDEL-Ayam-Decanter.jpg","type":"image\/jpeg"}],"twitter_card":"summary_large_image","schema":{"@context":"https:\/\/schema.org","@graph":[{"@type":"WebPage","@id":"https:\/\/www.erresse-shop.it\/en\/shop\/table\/wine-bar-corkscrew\/decanters\/riedel-ayam-decanter\/","url":"https:\/\/www.erresse-shop.it\/en\/shop\/table\/wine-bar-corkscrew\/decanters\/riedel-ayam-decanter\/","name":"RIEDEL Ayam Decanter - Erresse Shop","isPartOf":{"@id":"https:\/\/www.erresse-shop.it\/en\/#website"},"datePublished":"2023-04-26T10:49:40+00:00","dateModified":"2024-06-11T00:01:19+00:00","description":"RIEDEL offers a wide range of elegant blown-glass decanters to suit every lifestyle. A decanter is a must-have item for any wine lover, and all RIEDEL","breadcrumb":{"@id":"https:\/\/www.erresse-shop.it\/en\/shop\/table\/wine-bar-corkscrew\/decanters\/riedel-ayam-decanter\/#breadcrumb"},"inLanguage":"en-EN","potentialAction":[{"@type":"ReadAction","target":["https:\/\/www.erresse-shop.it\/en\/shop\/table\/wine-bar-corkscrew\/decanters\/riedel-ayam-decanter\/"]}]},{"@type":"BreadcrumbList","@id":"https:\/\/www.erresse-shop.it\/en\/shop\/table\/wine-bar-corkscrew\/decanters\/riedel-ayam-decanter\/#breadcrumb","itemListElement":[{"@type":"ListItem","position":1,"name":"Home","item":"https:\/\/www.erresse-shop.it\/en\/"},{"@type":"ListItem","position":2,"name":"Shop","item":"https:\/\/www.erresse-shop.com\/en\/shop\/"},{"@type":"ListItem","position":3,"name":"RIEDEL Ayam Decanter"}]},{"@type":"WebSite","@id":"https:\/\/www.erresse-shop.it\/en\/#website","url":"https:\/\/www.erresse-shop.it\/en\/","name":"Erresse Shop","description":"Articoli di qualit\u00e0 per la casa","potentialAction":[{"@type":"SearchAction","target":{"@type":"EntryPoint","urlTemplate":"https:\/\/www.erresse-shop.it\/en\/?s={search_term_string}"},"query-input":"required name=search_term_string"}],"inLanguage":"en-EN"}]}},"df_price":239.2,"df_sale_price":239.2,"df_regular_price":299,"df_image_link":"https:\/\/www.erresse-shop.it\/wp-content\/uploads\/2023\/04\/RIEDEL-Ayam-Decanter-300x300.jpg","_links":{"self":[{"href":"https:\/\/www.erresse-shop.it\/en\/wp-json\/wp\/v2\/product\/263659"}],"collection":[{"href":"https:\/\/www.erresse-shop.it\/en\/wp-json\/wp\/v2\/product"}],"about":[{"href":"https:\/\/www.erresse-shop.it\/en\/wp-json\/wp\/v2\/types\/product"}],"wp:featuredmedia":[{"embeddable":true,"href":"https:\/\/www.erresse-shop.it\/en\/wp-json\/wp\/v2\/media\/263665"}],"wp:attachment":[{"href":"https:\/\/www.erresse-shop.it\/en\/wp-json\/wp\/v2\/media?parent=263659"}],"wp:term":[{"taxonomy":"product_cat","embeddable":true,"href":"https:\/\/www.erresse-shop.it\/en\/wp-json\/wp\/v2\/product_cat?post=263659"},{"taxonomy":"product_tag","embeddable":true,"href":"https:\/\/www.erresse-shop.it\/en\/wp-json\/wp\/v2\/product_tag?post=263659"}],"curies":[{"name":"wp","href":"https:\/\/api.w.org\/{rel}","templated":true}]}}